{"id":232,"date":"2023-01-11T15:24:55","date_gmt":"2023-01-11T14:24:55","guid":{"rendered":"https:\/\/www.musikzeitung.ch\/?page_id=232"},"modified":"2026-02-10T15:20:24","modified_gmt":"2026-02-10T14:20:24","slug":"print-werbung","status":"publish","type":"page","link":"https:\/\/www.musikzeitung.ch\/en\/inserate\/print-werbung","title":{"rendered":"Print advertising"},"content":{"rendered":"<div class=\"text-section\">\n<p><strong>Classifieds<\/strong><\/p>\n<ul>\n<li>Jobs (advertisements and requests)<\/li>\n<li>Purchase and sale<\/li>\n<li>Courses and events<\/li>\n<li>Diversa<\/li>\n<\/ul>\n<p><strong><br \/>\nFormats and tariffs<\/strong><\/p>\n<p>Booklet size: 225 x 305 mm<br \/>\nType area: 205 x 284 mm<\/p>\n<p><img loading=\"lazy\" decoding=\"async\" class=\"alignnone size-full wp-image-251\" src=\"https:\/\/www.musikzeitung.ch\/wp-content\/uploads\/2023\/01\/Inseratenformate.jpg\" alt=\"\" width=\"8169\" height=\"3646\" srcset=\"https:\/\/www.musikzeitung.ch\/wp-content\/uploads\/2023\/01\/Inseratenformate.jpg 1400w, https:\/\/www.musikzeitung.ch\/wp-content\/uploads\/2023\/01\/Inseratenformate-300x134.jpg 300w, https:\/\/www.musikzeitung.ch\/wp-content\/uploads\/2023\/01\/Inseratenformate-1024x457.jpg 1024w, https:\/\/www.musikzeitung.ch\/wp-content\/uploads\/2023\/01\/Inseratenformate-768x343.jpg 768w, https:\/\/www.musikzeitung.ch\/wp-content\/uploads\/2023\/01\/Inseratenformate-1536x686.jpg 1536w, https:\/\/www.musikzeitung.ch\/wp-content\/uploads\/2023\/01\/Inseratenformate-2048x914.jpg 2048w, https:\/\/www.musikzeitung.ch\/wp-content\/uploads\/2023\/01\/Inseratenformate-375x167.jpg 375w, https:\/\/www.musikzeitung.ch\/wp-content\/uploads\/2023\/01\/Inseratenformate-760x339.jpg 760w, https:\/\/www.musikzeitung.ch\/wp-content\/uploads\/2023\/01\/Inseratenformate-1600x714.jpg 1600w, https:\/\/www.musikzeitung.ch\/wp-content\/uploads\/2023\/01\/Inseratenformate-920x411.jpg 920w\" sizes=\"auto, (max-width: 8169px) 100vw, 8169px\" \/><\/p>\n<p>Base price: black and white, excl. 8.1% VAT.<\/p>\n<p>Thickness of the ad border: 0.4 pt<\/p>\n<div class=\"text-section\"><strong><br \/>\nSurcharges<\/strong><\/div>\n<div class=\"text-section\">\n<p><em>Box number fee<\/em><br \/>\nCHF 30.00<\/p>\n<p><em>Color<br \/>\n<\/em>- 4-color scale = 50 percent surcharge on the base price<br \/>\n- Colored logo (only in the jobs section) = plus CHF 50.00<\/p>\n<p><em>Placement<br \/>\n<\/em>- 20 percent for desired placement<br \/>\n- 4th cover page = CHF 2700.00 black and white, CHF 4000.00 color<\/p>\n<p><strong><br \/>\nDiscounts<\/strong><\/p>\n<p>Repeat discounts can be granted for a one-off booking of several placements in the same format and in the same category. Subject and text changes are possible.<br \/>\n- 2 placements = 5 percent of the advertisement price incl. any surcharges<br \/>\n- 4 placements = 10 percent of the advertisement price incl. any surcharges<br \/>\n\u2013 6 placements = 15 percent off the advertising price, including any surcharges<\/p>\n<p><strong>Technical specifications<\/strong><\/p>\n<p>Offset newspaper printing, 4-color scale, white paper: newspaper printing improved paper quality 55 g\/m<sup>2<\/sup>, 52 lpcm, image resolution 200 dpi, area coverage 250 %.<\/p>\n<p><em>Ad limitation frame<\/em><br \/>\n0.4 pt, black<\/p>\n<p><em>Print documents <\/em><\/p>\n<p>Adobe Acrobat PDF High-Res PDF or PDF\/X-3<br \/>\nAdobe Indesign 2019 Open data, incl. fonts and images (JPG or TIFF, printable resolution)<br \/>\nAdobe Photoshop images as JPG or TIFF, separated in CMYK or grayscale For text elements, the minimum resolution must be 300 dpi<br \/>\nEmbed high-resolution logos in Office files (typeset advertisements).<\/p>\n<p>&nbsp;<\/p>\n<p><em>Data delivery<\/em><\/p>\n<p><a href=\"mailto:inserate@musikzeitung.ch\"><u>inserate@musikzeitung.ch<\/u><\/a><\/p>\n<p><em>Print <\/em><\/p>\n<p>CH Media Print AG, Im Feld 6, 9015 St. Gallen<\/p>\n<p><strong><br \/>\nSpecial forms of advertising<\/strong><\/p>\n<p>For further information please click on the respective offer<\/p>\n<p><a href=\"https:\/\/www.musikzeitung.ch\/inserate\/print-werbung\/publireportage-advertorial\/\">Publicity reports<\/a><\/p>\n<p><a href=\"https:\/\/www.musikzeitung.ch\/inserate\/print-werbung\/prospektbeilagen-und-sticky-notes\/\">Brochure inserts<\/a><\/p>\n<p><a href=\"https:\/\/www.musikzeitung.ch\/inserate\/print-werbung\/kurskalender-und-linkempfehlungen\/\">Link recommendations - Entry in the category \"Service\"<\/a><\/p>\n<p>&nbsp;<\/p>\n<p><strong>order<\/strong><\/p>\n<p>Via e-mail <a href=\"mailto:inserate@musikzeitung.ch?subject=Anzeigenbestellung\">inserate@musikzeitung.ch<\/a> or online<a href=\"https:\/\/www.musikzeitung.ch\/stelle-inserieren\" target=\"_blank\" rel=\"noopener\">Job advertisements directly via form<\/a><\/p>\n<p>Thank you very much!<\/p>\n<p><strong><br \/>\nContact us<\/strong><\/p>\n<p>We are happy to provide information:<br \/>\nTel. 044 928 56 11 (advertising management Z\u00fcrichsee Werbe AG)<br \/>\nTel. 058 344 97 83 (editorial office)<br \/>\nor by e-mail: <a href=\"mailto:inserate@musikzeitung.ch\">inserate@musikzeitung.ch<\/a><\/p>\n<p>The booking is subject to the General Terms and Conditions (<a href=\"http:\/\/de\/agb.html\">AGB\/Data protection<\/a>) and the General Terms and Conditions for Advertising Orders and Media (<a href=\"https:\/\/www.musikzeitung.ch\/de\/inserieren\/konditionen.html\">AGB Advertising<\/a>) of the Schweizer Musikzeitung.<\/p>\n<\/div>\n<\/div>","protected":false},"excerpt":{"rendered":"<p>Rubriken Stellen (Anzeigen und Gesuche) Kauf und Verkauf Kurse und Veranstaltungen Diversa Formate und Tarife Heftformat: 225 x 305 mm Satzspiegel: 205 x 284 mm Grundpreis: schwarz-weiss, exkl. 8.1% MWSt. St\u00e4rke des Inseratenbegrenzungsrahmens: 0,4 pt Zuschl\u00e4ge Chiffregeb\u00fchr CHF 30.00 Farbe &#8211; 4-Farben-Skala = 50 Prozent Zuschlag auf dem Grundpreis &#8211; Farbiges Logo (nur in der [&hellip;]<\/p>\n","protected":false},"author":23,"featured_media":0,"parent":128,"menu_order":0,"comment_status":"closed","ping_status":"closed","template":"","meta":{"_acf_changed":false,"_relevanssi_hide_post":"","_relevanssi_hide_content":"","_relevanssi_pin_for_all":"","_relevanssi_pin_keywords":"","_relevanssi_unpin_keywords":"","_relevanssi_related_keywords":"","_relevanssi_related_include_ids":"","_relevanssi_related_exclude_ids":"","_relevanssi_related_no_append":"","_relevanssi_related_not_related":"","_relevanssi_related_posts":"","_relevanssi_noindex_reason":"","pgc_sgb_lightbox_settings":"","footnotes":""},"class_list":["post-232","page","type-page","status-publish","hentry"],"acf":[],"yoast_head":"<!-- This site is optimized with the Yoast SEO plugin v27.4 - https:\/\/yoast.com\/product\/yoast-seo-wordpress\/ -->\n<title>Print-Werbung - Schweizer Musikzeitung<\/title>\n<meta name=\"description\" content=\"Printwerbung in der Schweizer Musikzeitung - Formate, Preise, Anlieferung\" \/>\n<meta name=\"robots\" content=\"index, follow, max-snippet:-1, max-image-preview:large, max-video-preview:-1\" \/>\n<link rel=\"canonical\" href=\"https:\/\/www.musikzeitung.ch\/en\/inserate\/print-werbung\/\" \/>\n<meta property=\"og:locale\" content=\"en_US\" \/>\n<meta property=\"og:type\" content=\"article\" \/>\n<meta property=\"og:title\" content=\"Print-Werbung - Schweizer Musikzeitung\" \/>\n<meta property=\"og:description\" content=\"Printwerbung in der Schweizer Musikzeitung - Formate, Preise, Anlieferung\" \/>\n<meta property=\"og:url\" content=\"https:\/\/www.musikzeitung.ch\/en\/inserate\/print-werbung\/\" \/>\n<meta property=\"og:site_name\" content=\"Schweizer Musikzeitung\" \/>\n<meta property=\"article:publisher\" content=\"https:\/\/www.facebook.com\/SchweizerMusikzeitung\/\" \/>\n<meta property=\"article:modified_time\" content=\"2026-02-10T14:20:24+00:00\" \/>\n<meta property=\"og:image\" content=\"https:\/\/www.musikzeitung.ch\/wp-content\/uploads\/2023\/01\/Inseratenformate.jpg\" \/>\n\t<meta property=\"og:image:width\" content=\"1400\" \/>\n\t<meta property=\"og:image:height\" content=\"625\" \/>\n\t<meta property=\"og:image:type\" content=\"image\/jpeg\" \/>\n<meta name=\"twitter:card\" content=\"summary_large_image\" \/>\n<meta name=\"twitter:site\" content=\"@smusikzeitung\" \/>\n<meta name=\"twitter:label1\" content=\"Est. reading time\" \/>\n\t<meta name=\"twitter:data1\" content=\"2 minutes\" \/>\n<script type=\"application\/ld+json\" class=\"yoast-schema-graph\">{\"@context\":\"https:\\\/\\\/schema.org\",\"@graph\":[{\"@type\":\"WebPage\",\"@id\":\"https:\\\/\\\/www.musikzeitung.ch\\\/inserate\\\/print-werbung\",\"url\":\"https:\\\/\\\/www.musikzeitung.ch\\\/inserate\\\/print-werbung\",\"name\":\"Print-Werbung - Schweizer Musikzeitung\",\"isPartOf\":{\"@id\":\"https:\\\/\\\/www.musikzeitung.ch\\\/#website\"},\"primaryImageOfPage\":{\"@id\":\"https:\\\/\\\/www.musikzeitung.ch\\\/inserate\\\/print-werbung#primaryimage\"},\"image\":{\"@id\":\"https:\\\/\\\/www.musikzeitung.ch\\\/inserate\\\/print-werbung#primaryimage\"},\"thumbnailUrl\":\"https:\\\/\\\/www.musikzeitung.ch\\\/wp-content\\\/uploads\\\/2023\\\/01\\\/Inseratenformate.jpg\",\"datePublished\":\"2023-01-11T14:24:55+00:00\",\"dateModified\":\"2026-02-10T14:20:24+00:00\",\"description\":\"Printwerbung in der Schweizer Musikzeitung - Formate, Preise, Anlieferung\",\"breadcrumb\":{\"@id\":\"https:\\\/\\\/www.musikzeitung.ch\\\/inserate\\\/print-werbung#breadcrumb\"},\"inLanguage\":\"en-US\",\"potentialAction\":[{\"@type\":\"ReadAction\",\"target\":[\"https:\\\/\\\/www.musikzeitung.ch\\\/inserate\\\/print-werbung\"]}]},{\"@type\":\"ImageObject\",\"inLanguage\":\"en-US\",\"@id\":\"https:\\\/\\\/www.musikzeitung.ch\\\/inserate\\\/print-werbung#primaryimage\",\"url\":\"https:\\\/\\\/www.musikzeitung.ch\\\/wp-content\\\/uploads\\\/2023\\\/01\\\/Inseratenformate.jpg\",\"contentUrl\":\"https:\\\/\\\/www.musikzeitung.ch\\\/wp-content\\\/uploads\\\/2023\\\/01\\\/Inseratenformate.jpg\"},{\"@type\":\"BreadcrumbList\",\"@id\":\"https:\\\/\\\/www.musikzeitung.ch\\\/inserate\\\/print-werbung#breadcrumb\",\"itemListElement\":[{\"@type\":\"ListItem\",\"position\":1,\"name\":\"Home\",\"item\":\"https:\\\/\\\/www.musikzeitung.ch\\\/\"},{\"@type\":\"ListItem\",\"position\":2,\"name\":\"Inserate aufgeben\",\"item\":\"https:\\\/\\\/www.musikzeitung.ch\\\/inserate\"},{\"@type\":\"ListItem\",\"position\":3,\"name\":\"Print-Werbung\"}]},{\"@type\":\"WebSite\",\"@id\":\"https:\\\/\\\/www.musikzeitung.ch\\\/#website\",\"url\":\"https:\\\/\\\/www.musikzeitung.ch\\\/\",\"name\":\"Schweizer Musikzeitung\",\"description\":\"Die f\u00fchrende sparten\u00fcbergreifende Monatszeitung in der Schweiz f\u00fcr musikalische Fragen.\",\"publisher\":{\"@id\":\"https:\\\/\\\/www.musikzeitung.ch\\\/#organization\"},\"potentialAction\":[{\"@type\":\"SearchAction\",\"target\":{\"@type\":\"EntryPoint\",\"urlTemplate\":\"https:\\\/\\\/www.musikzeitung.ch\\\/?s={search_term_string}\"},\"query-input\":{\"@type\":\"PropertyValueSpecification\",\"valueRequired\":true,\"valueName\":\"search_term_string\"}}],\"inLanguage\":\"en-US\"},{\"@type\":\"Organization\",\"@id\":\"https:\\\/\\\/www.musikzeitung.ch\\\/#organization\",\"name\":\"Schweizer Musikzeitung\",\"url\":\"https:\\\/\\\/www.musikzeitung.ch\\\/\",\"logo\":{\"@type\":\"ImageObject\",\"inLanguage\":\"en-US\",\"@id\":\"https:\\\/\\\/www.musikzeitung.ch\\\/#\\\/schema\\\/logo\\\/image\\\/\",\"url\":\"https:\\\/\\\/www.musikzeitung.ch\\\/wp-content\\\/uploads\\\/2023\\\/01\\\/SMZ_Schriftzug_Sprache.png\",\"contentUrl\":\"https:\\\/\\\/www.musikzeitung.ch\\\/wp-content\\\/uploads\\\/2023\\\/01\\\/SMZ_Schriftzug_Sprache.png\",\"width\":1400,\"height\":279,\"caption\":\"Schweizer Musikzeitung\"},\"image\":{\"@id\":\"https:\\\/\\\/www.musikzeitung.ch\\\/#\\\/schema\\\/logo\\\/image\\\/\"},\"sameAs\":[\"https:\\\/\\\/www.facebook.com\\\/SchweizerMusikzeitung\\\/\",\"https:\\\/\\\/x.com\\\/smusikzeitung\",\"https:\\\/\\\/www.instagram.com\\\/musikzeitung.ch\\\/\"]}]}<\/script>\n<!-- \/ Yoast SEO plugin. -->","yoast_head_json":{"title":"Print advertising - Schweizer Musikzeitung","description":"Print advertising in the Schweizer Musikzeitung - formats, prices, delivery","robots":{"index":"index","follow":"follow","max-snippet":"max-snippet:-1","max-image-preview":"max-image-preview:large","max-video-preview":"max-video-preview:-1"},"canonical":"https:\/\/www.musikzeitung.ch\/en\/inserate\/print-werbung\/","og_locale":"en_US","og_type":"article","og_title":"Print-Werbung - Schweizer Musikzeitung","og_description":"Printwerbung in der Schweizer Musikzeitung - Formate, Preise, Anlieferung","og_url":"https:\/\/www.musikzeitung.ch\/en\/inserate\/print-werbung\/","og_site_name":"Schweizer Musikzeitung","article_publisher":"https:\/\/www.facebook.com\/SchweizerMusikzeitung\/","article_modified_time":"2026-02-10T14:20:24+00:00","og_image":[{"width":1400,"height":625,"url":"https:\/\/www.musikzeitung.ch\/wp-content\/uploads\/2023\/01\/Inseratenformate.jpg","type":"image\/jpeg"}],"twitter_card":"summary_large_image","twitter_site":"@smusikzeitung","twitter_misc":{"Est. reading time":"2 minutes"},"schema":{"@context":"https:\/\/schema.org","@graph":[{"@type":"WebPage","@id":"https:\/\/www.musikzeitung.ch\/inserate\/print-werbung","url":"https:\/\/www.musikzeitung.ch\/inserate\/print-werbung","name":"Print advertising - Schweizer Musikzeitung","isPartOf":{"@id":"https:\/\/www.musikzeitung.ch\/#website"},"primaryImageOfPage":{"@id":"https:\/\/www.musikzeitung.ch\/inserate\/print-werbung#primaryimage"},"image":{"@id":"https:\/\/www.musikzeitung.ch\/inserate\/print-werbung#primaryimage"},"thumbnailUrl":"https:\/\/www.musikzeitung.ch\/wp-content\/uploads\/2023\/01\/Inseratenformate.jpg","datePublished":"2023-01-11T14:24:55+00:00","dateModified":"2026-02-10T14:20:24+00:00","description":"Print advertising in the Schweizer Musikzeitung - formats, prices, delivery","breadcrumb":{"@id":"https:\/\/www.musikzeitung.ch\/inserate\/print-werbung#breadcrumb"},"inLanguage":"en-US","potentialAction":[{"@type":"ReadAction","target":["https:\/\/www.musikzeitung.ch\/inserate\/print-werbung"]}]},{"@type":"ImageObject","inLanguage":"en-US","@id":"https:\/\/www.musikzeitung.ch\/inserate\/print-werbung#primaryimage","url":"https:\/\/www.musikzeitung.ch\/wp-content\/uploads\/2023\/01\/Inseratenformate.jpg","contentUrl":"https:\/\/www.musikzeitung.ch\/wp-content\/uploads\/2023\/01\/Inseratenformate.jpg"},{"@type":"BreadcrumbList","@id":"https:\/\/www.musikzeitung.ch\/inserate\/print-werbung#breadcrumb","itemListElement":[{"@type":"ListItem","position":1,"name":"Home","item":"https:\/\/www.musikzeitung.ch\/"},{"@type":"ListItem","position":2,"name":"Inserate aufgeben","item":"https:\/\/www.musikzeitung.ch\/inserate"},{"@type":"ListItem","position":3,"name":"Print-Werbung"}]},{"@type":"WebSite","@id":"https:\/\/www.musikzeitung.ch\/#website","url":"https:\/\/www.musikzeitung.ch\/","name":"Swiss Music Newspaper","description":"The leading interdisciplinary monthly newspaper in Switzerland for musical issues.","publisher":{"@id":"https:\/\/www.musikzeitung.ch\/#organization"},"potentialAction":[{"@type":"SearchAction","target":{"@type":"EntryPoint","urlTemplate":"https:\/\/www.musikzeitung.ch\/?s={search_term_string}"},"query-input":{"@type":"PropertyValueSpecification","valueRequired":true,"valueName":"search_term_string"}}],"inLanguage":"en-US"},{"@type":"Organization","@id":"https:\/\/www.musikzeitung.ch\/#organization","name":"Swiss Music Newspaper","url":"https:\/\/www.musikzeitung.ch\/","logo":{"@type":"ImageObject","inLanguage":"en-US","@id":"https:\/\/www.musikzeitung.ch\/#\/schema\/logo\/image\/","url":"https:\/\/www.musikzeitung.ch\/wp-content\/uploads\/2023\/01\/SMZ_Schriftzug_Sprache.png","contentUrl":"https:\/\/www.musikzeitung.ch\/wp-content\/uploads\/2023\/01\/SMZ_Schriftzug_Sprache.png","width":1400,"height":279,"caption":"Schweizer Musikzeitung"},"image":{"@id":"https:\/\/www.musikzeitung.ch\/#\/schema\/logo\/image\/"},"sameAs":["https:\/\/www.facebook.com\/SchweizerMusikzeitung\/","https:\/\/x.com\/smusikzeitung","https:\/\/www.instagram.com\/musikzeitung.ch\/"]}]}},"publishpress_future_workflow_manual_trigger":{"enabledWorkflows":[]},"_links":{"self":[{"href":"https:\/\/www.musikzeitung.ch\/en\/wp-json\/wp\/v2\/pages\/232","targetHints":{"allow":["GET"]}}],"collection":[{"href":"https:\/\/www.musikzeitung.ch\/en\/wp-json\/wp\/v2\/pages"}],"about":[{"href":"https:\/\/www.musikzeitung.ch\/en\/wp-json\/wp\/v2\/types\/page"}],"author":[{"embeddable":true,"href":"https:\/\/www.musikzeitung.ch\/en\/wp-json\/wp\/v2\/users\/23"}],"replies":[{"embeddable":true,"href":"https:\/\/www.musikzeitung.ch\/en\/wp-json\/wp\/v2\/comments?post=232"}],"version-history":[{"count":25,"href":"https:\/\/www.musikzeitung.ch\/en\/wp-json\/wp\/v2\/pages\/232\/revisions"}],"predecessor-version":[{"id":71011,"href":"https:\/\/www.musikzeitung.ch\/en\/wp-json\/wp\/v2\/pages\/232\/revisions\/71011"}],"up":[{"embeddable":true,"href":"https:\/\/www.musikzeitung.ch\/en\/wp-json\/wp\/v2\/pages\/128"}],"wp:attachment":[{"href":"https:\/\/www.musikzeitung.ch\/en\/wp-json\/wp\/v2\/media?parent=232"}],"curies":[{"name":"wp","href":"https:\/\/api.w.org\/{rel}","templated":true}]}}