{"id":239,"date":"2023-01-11T16:20:46","date_gmt":"2023-01-11T15:20:46","guid":{"rendered":"https:\/\/www.musikzeitung.ch\/?page_id=239"},"modified":"2024-11-22T11:39:40","modified_gmt":"2024-11-22T10:39:40","slug":"kmhs","status":"publish","type":"page","link":"https:\/\/www.musikzeitung.ch\/en\/basis\/kmhs","title":{"rendered":"KMHS"},"content":{"rendered":"<p>In the <strong>Swiss Conference of Music Universities (KMHS)<\/strong> is an association of recognized music universities in Switzerland. Currently, these are the FHNW University of Music, the Bern University of the Arts, the Haute \u00e9cole de Musique de Gen\u00e8ve, the Haute \u00e9cole de Musique de Lausanne, the Scuola Universitaria di Musica Lugano, the Lucerne University of Music, the Zurich University of the Arts and the Kalaidos University of Music.<\/p>\n<p>The aim of the KMHS is to promote professional music education and to coordinate it nationally. It is also committed to the broad recognition of university diplomas and defines corresponding quality standards. The KMHS maintains contact with professional music organizations in Switzerland, takes a stand on cultural and educational policy issues and promotes the entire stylistic breadth of music and music education.<\/p>\n<p>Around 3,500 students are currently enrolled in Bachelor's or Master's degree programs at Swiss music universities, with many more attending the many additional continuing education courses. The Bachelor's and Master's degree courses offered by KMHS members cover a broad stylistic (classical, jazz, popular music, opera, media art, theory, film music, folk music, etc.) and professional spectrum (concert, solo, orchestra, instrumental\/vocal pedagogy, school music, basic musical training, rhythmics, conducting, church music, sound engineer, etc.). The members of the KMHS develop comprehensive artistic and scientific research activities, which focus on practical musical and music education issues. The KMHS is networked nationally and internationally with various sister organizations.<\/p>\n<p><a href=\"http:\/\/www.kmhs.ch\" target=\"_blank\" rel=\"noopener\"><strong>www.kmhs.ch<\/strong><\/a><\/p>\n<p>&nbsp;<\/p>\n<p><strong>Presidium<br \/>\n<\/strong>Valentin Gloor (HSLU), President<br \/>\nRico Gubler (HKB), Vice President<br \/>\nB\u00e9atrice Zawodnik (HEM), Vice President<\/p>\n<p><strong>Administration<br \/>\n<\/strong>KMHS Conference of Swiss Music Universities<br \/>\nc\/o Lucerne University of Applied Sciences and Arts - Music<br \/>\nArsenalstrasse 28a<br \/>\n6010 Lucerne-Kriens<br \/>\n<a href=\"mailto:info@kmhs.ch\">info@kmhs.ch<\/a><\/p>\n<p>Viviane Caprez-Bregy | Milena Bucher<\/p>\n<p>&nbsp;<\/p>\n<p><strong>Members<\/strong><br \/>\nConservatorio della Svizzera italiana (CSI), Scuola Universitaria di Musica - Lugano<br \/>\nHaute Ecole de Musique de Gen\u00e8ve (HEM)<br \/>\nHaute Ecole de Musique de Lausanne (HEMU)Music Academy Basel \/ FHNW Academy of Music<br \/>\nBern University of the Arts (HKB)<br \/>\nLucerne University of Applied Sciences and Arts - Music (HSLU)<br \/>\nKalaidos University of Music<br \/>\nBasel Music Academy \/ FHNW Academy of Music<br \/>\nZurich University of the Arts (ZHdK)<\/p>","protected":false},"excerpt":{"rendered":"<p>In der Konferenz Musikhochschulen Schweiz (KMHS) sind die anerkannten Musikhochschulen der Schweiz zusammengeschlossen. Aktuell sind das die Musikhochschulen FHNW, die Hochschule der K\u00fcnste Bern, die Haute \u00e9cole de Musique de Gen\u00e8ve, die Haute \u00e9cole de Musique de Lausanne, die Scuola Universitaria di Musica Lugano, die Hochschule Luzern Musik, die Z\u00fcrcher Hochschule der K\u00fcnste sowie die [&hellip;]<\/p>\n","protected":false},"author":43668,"featured_media":9340,"parent":230,"menu_order":0,"comment_status":"closed","ping_status":"closed","template":"page_partner.php","meta":{"_acf_changed":false,"_relevanssi_hide_post":"","_relevanssi_hide_content":"","_relevanssi_pin_for_all":"","_relevanssi_pin_keywords":"","_relevanssi_unpin_keywords":"","_relevanssi_related_keywords":"","_relevanssi_related_include_ids":"","_relevanssi_related_exclude_ids":"","_relevanssi_related_no_append":"","_relevanssi_related_not_related":"","_relevanssi_related_posts":"","_relevanssi_noindex_reason":"","pgc_sgb_lightbox_settings":"","footnotes":""},"class_list":["post-239","page","type-page","status-publish","has-post-thumbnail","hentry"],"acf":[],"yoast_head":"<!-- This site is optimized with the Yoast SEO plugin v27.4 - https:\/\/yoast.com\/product\/yoast-seo-wordpress\/ -->\n<title>KMHS - Schweizer Musikzeitung<\/title>\n<meta name=\"description\" content=\"In der Konferenz Musikhochschulen Schweiz (KMHS) sind die anerkannten Musikhochschulen der Schweiz zusammengeschlossen.\" \/>\n<meta name=\"robots\" content=\"index, follow, max-snippet:-1, max-image-preview:large, max-video-preview:-1\" \/>\n<link rel=\"canonical\" href=\"https:\/\/www.musikzeitung.ch\/en\/basis\/kmhs\/\" \/>\n<meta property=\"og:locale\" content=\"en_US\" \/>\n<meta property=\"og:type\" content=\"article\" \/>\n<meta property=\"og:title\" content=\"KMHS - Schweizer Musikzeitung\" \/>\n<meta property=\"og:description\" content=\"In der Konferenz Musikhochschulen Schweiz (KMHS) sind die anerkannten Musikhochschulen der Schweiz zusammengeschlossen.\" \/>\n<meta property=\"og:url\" content=\"https:\/\/www.musikzeitung.ch\/en\/basis\/kmhs\/\" \/>\n<meta property=\"og:site_name\" content=\"Schweizer Musikzeitung\" \/>\n<meta property=\"article:publisher\" content=\"https:\/\/www.facebook.com\/SchweizerMusikzeitung\/\" \/>\n<meta property=\"article:modified_time\" content=\"2024-11-22T10:39:40+00:00\" \/>\n<meta property=\"og:image\" content=\"https:\/\/www.musikzeitung.ch\/wp-content\/uploads\/2023\/01\/kmhs_musikzeitung.jpg\" \/>\n\t<meta property=\"og:image:width\" content=\"1200\" \/>\n\t<meta property=\"og:image:height\" content=\"600\" \/>\n\t<meta property=\"og:image:type\" content=\"image\/jpeg\" \/>\n<meta name=\"twitter:card\" content=\"summary_large_image\" \/>\n<meta name=\"twitter:site\" content=\"@smusikzeitung\" \/>\n<meta name=\"twitter:label1\" content=\"Est. reading time\" \/>\n\t<meta name=\"twitter:data1\" content=\"2 minutes\" \/>\n<script type=\"application\/ld+json\" class=\"yoast-schema-graph\">{\"@context\":\"https:\\\/\\\/schema.org\",\"@graph\":[{\"@type\":\"WebPage\",\"@id\":\"https:\\\/\\\/www.musikzeitung.ch\\\/basis\\\/kmhs\",\"url\":\"https:\\\/\\\/www.musikzeitung.ch\\\/basis\\\/kmhs\",\"name\":\"KMHS - Schweizer Musikzeitung\",\"isPartOf\":{\"@id\":\"https:\\\/\\\/www.musikzeitung.ch\\\/#website\"},\"primaryImageOfPage\":{\"@id\":\"https:\\\/\\\/www.musikzeitung.ch\\\/basis\\\/kmhs#primaryimage\"},\"image\":{\"@id\":\"https:\\\/\\\/www.musikzeitung.ch\\\/basis\\\/kmhs#primaryimage\"},\"thumbnailUrl\":\"https:\\\/\\\/www.musikzeitung.ch\\\/wp-content\\\/uploads\\\/2023\\\/01\\\/kmhs_musikzeitung.jpg\",\"datePublished\":\"2023-01-11T15:20:46+00:00\",\"dateModified\":\"2024-11-22T10:39:40+00:00\",\"description\":\"In der Konferenz Musikhochschulen Schweiz (KMHS) sind die anerkannten Musikhochschulen der Schweiz zusammengeschlossen.\",\"breadcrumb\":{\"@id\":\"https:\\\/\\\/www.musikzeitung.ch\\\/basis\\\/kmhs#breadcrumb\"},\"inLanguage\":\"en-US\",\"potentialAction\":[{\"@type\":\"ReadAction\",\"target\":[\"https:\\\/\\\/www.musikzeitung.ch\\\/basis\\\/kmhs\"]}]},{\"@type\":\"ImageObject\",\"inLanguage\":\"en-US\",\"@id\":\"https:\\\/\\\/www.musikzeitung.ch\\\/basis\\\/kmhs#primaryimage\",\"url\":\"https:\\\/\\\/www.musikzeitung.ch\\\/wp-content\\\/uploads\\\/2023\\\/01\\\/kmhs_musikzeitung.jpg\",\"contentUrl\":\"https:\\\/\\\/www.musikzeitung.ch\\\/wp-content\\\/uploads\\\/2023\\\/01\\\/kmhs_musikzeitung.jpg\",\"width\":1200,\"height\":600},{\"@type\":\"BreadcrumbList\",\"@id\":\"https:\\\/\\\/www.musikzeitung.ch\\\/basis\\\/kmhs#breadcrumb\",\"itemListElement\":[{\"@type\":\"ListItem\",\"position\":1,\"name\":\"Home\",\"item\":\"https:\\\/\\\/www.musikzeitung.ch\\\/\"},{\"@type\":\"ListItem\",\"position\":2,\"name\":\"Basis\",\"item\":\"https:\\\/\\\/www.musikzeitung.ch\\\/basis\"},{\"@type\":\"ListItem\",\"position\":3,\"name\":\"KMHS\"}]},{\"@type\":\"WebSite\",\"@id\":\"https:\\\/\\\/www.musikzeitung.ch\\\/#website\",\"url\":\"https:\\\/\\\/www.musikzeitung.ch\\\/\",\"name\":\"Schweizer Musikzeitung\",\"description\":\"Die f\u00fchrende sparten\u00fcbergreifende Monatszeitung in der Schweiz f\u00fcr musikalische Fragen.\",\"publisher\":{\"@id\":\"https:\\\/\\\/www.musikzeitung.ch\\\/#organization\"},\"potentialAction\":[{\"@type\":\"SearchAction\",\"target\":{\"@type\":\"EntryPoint\",\"urlTemplate\":\"https:\\\/\\\/www.musikzeitung.ch\\\/?s={search_term_string}\"},\"query-input\":{\"@type\":\"PropertyValueSpecification\",\"valueRequired\":true,\"valueName\":\"search_term_string\"}}],\"inLanguage\":\"en-US\"},{\"@type\":\"Organization\",\"@id\":\"https:\\\/\\\/www.musikzeitung.ch\\\/#organization\",\"name\":\"Schweizer Musikzeitung\",\"url\":\"https:\\\/\\\/www.musikzeitung.ch\\\/\",\"logo\":{\"@type\":\"ImageObject\",\"inLanguage\":\"en-US\",\"@id\":\"https:\\\/\\\/www.musikzeitung.ch\\\/#\\\/schema\\\/logo\\\/image\\\/\",\"url\":\"https:\\\/\\\/www.musikzeitung.ch\\\/wp-content\\\/uploads\\\/2023\\\/01\\\/SMZ_Schriftzug_Sprache.png\",\"contentUrl\":\"https:\\\/\\\/www.musikzeitung.ch\\\/wp-content\\\/uploads\\\/2023\\\/01\\\/SMZ_Schriftzug_Sprache.png\",\"width\":1400,\"height\":279,\"caption\":\"Schweizer Musikzeitung\"},\"image\":{\"@id\":\"https:\\\/\\\/www.musikzeitung.ch\\\/#\\\/schema\\\/logo\\\/image\\\/\"},\"sameAs\":[\"https:\\\/\\\/www.facebook.com\\\/SchweizerMusikzeitung\\\/\",\"https:\\\/\\\/x.com\\\/smusikzeitung\",\"https:\\\/\\\/www.instagram.com\\\/musikzeitung.ch\\\/\"]}]}<\/script>\n<!-- \/ Yoast SEO plugin. -->","yoast_head_json":{"title":"KMHS - Swiss Music Journal","description":"The Conference of Swiss Music Academies (KMHS) brings together Switzerland's recognized music academies.","robots":{"index":"index","follow":"follow","max-snippet":"max-snippet:-1","max-image-preview":"max-image-preview:large","max-video-preview":"max-video-preview:-1"},"canonical":"https:\/\/www.musikzeitung.ch\/en\/basis\/kmhs\/","og_locale":"en_US","og_type":"article","og_title":"KMHS - Schweizer Musikzeitung","og_description":"In der Konferenz Musikhochschulen Schweiz (KMHS) sind die anerkannten Musikhochschulen der Schweiz zusammengeschlossen.","og_url":"https:\/\/www.musikzeitung.ch\/en\/basis\/kmhs\/","og_site_name":"Schweizer Musikzeitung","article_publisher":"https:\/\/www.facebook.com\/SchweizerMusikzeitung\/","article_modified_time":"2024-11-22T10:39:40+00:00","og_image":[{"width":1200,"height":600,"url":"https:\/\/www.musikzeitung.ch\/wp-content\/uploads\/2023\/01\/kmhs_musikzeitung.jpg","type":"image\/jpeg"}],"twitter_card":"summary_large_image","twitter_site":"@smusikzeitung","twitter_misc":{"Est. reading time":"2 minutes"},"schema":{"@context":"https:\/\/schema.org","@graph":[{"@type":"WebPage","@id":"https:\/\/www.musikzeitung.ch\/basis\/kmhs","url":"https:\/\/www.musikzeitung.ch\/basis\/kmhs","name":"KMHS - Swiss Music Journal","isPartOf":{"@id":"https:\/\/www.musikzeitung.ch\/#website"},"primaryImageOfPage":{"@id":"https:\/\/www.musikzeitung.ch\/basis\/kmhs#primaryimage"},"image":{"@id":"https:\/\/www.musikzeitung.ch\/basis\/kmhs#primaryimage"},"thumbnailUrl":"https:\/\/www.musikzeitung.ch\/wp-content\/uploads\/2023\/01\/kmhs_musikzeitung.jpg","datePublished":"2023-01-11T15:20:46+00:00","dateModified":"2024-11-22T10:39:40+00:00","description":"The Conference of Swiss Music Academies (KMHS) brings together Switzerland's recognized music academies.","breadcrumb":{"@id":"https:\/\/www.musikzeitung.ch\/basis\/kmhs#breadcrumb"},"inLanguage":"en-US","potentialAction":[{"@type":"ReadAction","target":["https:\/\/www.musikzeitung.ch\/basis\/kmhs"]}]},{"@type":"ImageObject","inLanguage":"en-US","@id":"https:\/\/www.musikzeitung.ch\/basis\/kmhs#primaryimage","url":"https:\/\/www.musikzeitung.ch\/wp-content\/uploads\/2023\/01\/kmhs_musikzeitung.jpg","contentUrl":"https:\/\/www.musikzeitung.ch\/wp-content\/uploads\/2023\/01\/kmhs_musikzeitung.jpg","width":1200,"height":600},{"@type":"BreadcrumbList","@id":"https:\/\/www.musikzeitung.ch\/basis\/kmhs#breadcrumb","itemListElement":[{"@type":"ListItem","position":1,"name":"Home","item":"https:\/\/www.musikzeitung.ch\/"},{"@type":"ListItem","position":2,"name":"Basis","item":"https:\/\/www.musikzeitung.ch\/basis"},{"@type":"ListItem","position":3,"name":"KMHS"}]},{"@type":"WebSite","@id":"https:\/\/www.musikzeitung.ch\/#website","url":"https:\/\/www.musikzeitung.ch\/","name":"Swiss Music Newspaper","description":"The leading interdisciplinary monthly newspaper in Switzerland for musical issues.","publisher":{"@id":"https:\/\/www.musikzeitung.ch\/#organization"},"potentialAction":[{"@type":"SearchAction","target":{"@type":"EntryPoint","urlTemplate":"https:\/\/www.musikzeitung.ch\/?s={search_term_string}"},"query-input":{"@type":"PropertyValueSpecification","valueRequired":true,"valueName":"search_term_string"}}],"inLanguage":"en-US"},{"@type":"Organization","@id":"https:\/\/www.musikzeitung.ch\/#organization","name":"Swiss Music Newspaper","url":"https:\/\/www.musikzeitung.ch\/","logo":{"@type":"ImageObject","inLanguage":"en-US","@id":"https:\/\/www.musikzeitung.ch\/#\/schema\/logo\/image\/","url":"https:\/\/www.musikzeitung.ch\/wp-content\/uploads\/2023\/01\/SMZ_Schriftzug_Sprache.png","contentUrl":"https:\/\/www.musikzeitung.ch\/wp-content\/uploads\/2023\/01\/SMZ_Schriftzug_Sprache.png","width":1400,"height":279,"caption":"Schweizer Musikzeitung"},"image":{"@id":"https:\/\/www.musikzeitung.ch\/#\/schema\/logo\/image\/"},"sameAs":["https:\/\/www.facebook.com\/SchweizerMusikzeitung\/","https:\/\/x.com\/smusikzeitung","https:\/\/www.instagram.com\/musikzeitung.ch\/"]}]}},"publishpress_future_workflow_manual_trigger":{"enabledWorkflows":[]},"_links":{"self":[{"href":"https:\/\/www.musikzeitung.ch\/en\/wp-json\/wp\/v2\/pages\/239","targetHints":{"allow":["GET"]}}],"collection":[{"href":"https:\/\/www.musikzeitung.ch\/en\/wp-json\/wp\/v2\/pages"}],"about":[{"href":"https:\/\/www.musikzeitung.ch\/en\/wp-json\/wp\/v2\/types\/page"}],"author":[{"embeddable":true,"href":"https:\/\/www.musikzeitung.ch\/en\/wp-json\/wp\/v2\/users\/43668"}],"replies":[{"embeddable":true,"href":"https:\/\/www.musikzeitung.ch\/en\/wp-json\/wp\/v2\/comments?post=239"}],"version-history":[{"count":16,"href":"https:\/\/www.musikzeitung.ch\/en\/wp-json\/wp\/v2\/pages\/239\/revisions"}],"predecessor-version":[{"id":60660,"href":"https:\/\/www.musikzeitung.ch\/en\/wp-json\/wp\/v2\/pages\/239\/revisions\/60660"}],"up":[{"embeddable":true,"href":"https:\/\/www.musikzeitung.ch\/en\/wp-json\/wp\/v2\/pages\/230"}],"wp:featuredmedia":[{"embeddable":true,"href":"https:\/\/www.musikzeitung.ch\/en\/wp-json\/wp\/v2\/media\/9340"}],"wp:attachment":[{"href":"https:\/\/www.musikzeitung.ch\/en\/wp-json\/wp\/v2\/media?parent=239"}],"curies":[{"name":"wp","href":"https:\/\/api.w.org\/{rel}","templated":true}]}}