{"id":44,"date":"2022-05-18T12:33:27","date_gmt":"2022-05-18T11:33:27","guid":{"rendered":"https:\/\/www.musikzeitung.ch\/?page_id=44"},"modified":"2026-02-10T15:13:25","modified_gmt":"2026-02-10T14:13:25","slug":"impressum","status":"publish","type":"page","link":"https:\/\/www.musikzeitung.ch\/en\/impressum","title":{"rendered":"Imprint"},"content":{"rendered":"<p><strong>Swiss Music Newspaper \/ Revue Musicale Suisse \/ Rivista Musicale Svizzera<\/strong><\/p>\n<p>www.musikzeitung.ch \/ www.revuemusicale.ch<br \/>\nISSN 1422-4674<\/p>\n<p>29th year<\/p>\n<p><strong>Edition printed edition<\/strong><br \/>\n15,523 copies (WEMF-certified 2025)<\/p>\n<p>&nbsp;<\/p>\n<p><strong>Publisher<\/strong><br \/>\nGalledia Fachmedien AG<br \/>\nMaihofstrasse 76, 6006 Lucerne<a href=\"https:\/\/www.musikzeitung.ch\/dms\/pdf\/Publizistische-Leitlinien_D\/Publizistische%20Leitlinien_D.pdf\"><br \/>\n<\/a><a href=\"https:\/\/www.musikzeitung.ch\/impressum\/publizistische-leitlinien\" target=\"_blank\" rel=\"noopener\"><strong>Journalistic guidelines<\/strong><\/a><\/p>\n<p>&nbsp;<\/p>\n<p><strong>Official organ for<\/strong><\/p>\n<p>- Conference of Swiss Music Universities (KMHS) \/<br \/>\nConf\u00e9rence des Hautes Ecoles de Musique Suisse (CHEMS)<br \/>\n- Swiss Music Council (SMR) \/ Conseil Suisse de la Musique (CSM)<br \/>\n- Swiss Society for Music Medicine (SMM) \/<br \/>\nAssociation suisse de M\u00e9decine de la Musique (SMM)<br \/>\n- Swiss Music Research Society (SMG) \/<br \/>\nSoci\u00e9t\u00e9 Suisse de Musicologie (SSM)<br \/>\n- Swiss Musicians' Association (SMV) \/ Union Suisse des Artistes Musiciens (USDAM)<br \/>\n- Swiss Music Pedagogical Association (SMPV) \/<br \/>\nSoci\u00e9t\u00e9 Suisse de P\u00e9dagogie Musicale (SSPM)<br \/>\n- SONART - Musicians Switzerland<br \/>\n- Swiss Youth Music Competition Foundation and Arosa Culture<br \/>\n- Swiss Association of Music Schools (VMS) \/ Association Suisse des \u00c9coles de Musique (ASEM)<\/p>\n<p>&nbsp;<\/p>\n<p><strong>Other partners<\/strong><br \/>\n- SUISA - Cooperative Society of Authors and Publishers of Music<\/p>\n<p>&nbsp;<\/p>\n<p><strong>Editorial office<\/strong><br \/>\nSwiss Music Newspaper, Dammstrasse 2, 6440 Ingenbohl-Brunnen<br \/>\n+ 41 58 344 97 83<\/p>\n<p>Katrin Spelinova (Editor-in-Chief)<br \/>\n<a href=\"mailto:contact@musikzeitung.ch\">contact@musikzeitung.ch<\/a><\/p>\n<p>Pia Schwab (Editor, Reviews)<br \/>\n<a href=\"mailto:rezensionen@musikzeitung.ch\">rezensionen@musikzeitung.ch<\/a><\/p>\n<p>Jean-Damien Humair (r\u00e9daction romande, coordination of association pages)<br \/>\nRevue Musicale Suisse, ch. du Champ Jacquenoux 8, 1063 Chapelle-sur-Moudon<br \/>\n+ 41 79 391 91 28<br \/>\n<a href=\"mailto:redaction@revuemusicale.ch\">redaction@revuemusicale.ch<\/a><\/p>\n<p><em>News<\/em><br \/>\nWolfgang B\u00f6hler (WB)<br \/>\n<a href=\"mailto:pressemeldungen@musikzeitung.ch\">pressemeldungen@musikzeitung.ch <\/a><\/p>\n<p><em>Editorial committee<\/em><br \/>\nWolfgang B\u00f6hler, Christine Fischer, Rico Gubler, Jean-Damien Humair, Dominic Iseli, Johannes Knapp, Anicia Kohler, Manu Leuenberger, Daniel Lienhard, Laurent Mettraux, Thomas Meyer, Talete Pelloni, Niklaus R\u00fcegg, Miriam Schild, Pia Schwab, Katrin Spelinova, Luc Vallat, Marianne W\u00e4lchli, Thomas U. Wiederkehr<\/p>\n<p>&nbsp;<\/p>\n<p><strong>Advertisements <\/strong><br \/>\n<a href=\"mailto:inserate@musikzeitung.ch\">inserate@musikzeitung.ch<\/a><\/p>\n<p><em>Display disposition<\/em><\/p>\n<p>Z\u00fcrichsee Werbe AG<br \/>\nTiefenaustrasse 2<br \/>\n8640 Rapperswil<br \/>\nPhone: +41 44 928 56 11<\/p>\n<p>&nbsp;<\/p>\n<p><strong>Subscription service and address changes <\/strong><br \/>\nGalledia Fachmedien AG, Burgauerstrasse 50, 9230 Flawil<br \/>\nPhone: +41 58 344 95 50<br \/>\n<a href=\"mailto:abo.schweizer-musikzeitung@galledia.ch\">abo.schweizer-musikzeitung@galledia.ch<\/a><\/p>\n<p>&nbsp;<\/p>\n<p><strong>Layout printed edition<br \/>\n<\/strong>Harriet Messing<strong><br \/>\n<\/strong><\/p>\n<p><strong>Print <\/strong><br \/>\nCH Media Print AG, Im Feld 6, 9015 St. Gallen<\/p>\n<p>&nbsp;<\/p>\n<p><strong>Secondary publication rights for authors of articles in \"Schweizer Musikzeitung\"<\/strong><\/p>\n<p>Open Access promotes the visibility of publications. This is in the interests of both authors and publishers and is in line with the requirements of Swiss universities and the <a href=\"https:\/\/www.swissuniversities.ch\/fileadmin\/swissuniversities\/Dokumente\/Hochschulpolitik\/Open_Access\/Open_Access__strategy_final_DE.pdf\" target=\"_blank\" rel=\"noopener\">national Open Access strategy of swissuniversities<\/a>.<\/p>\n<p>Authors of articles published in \"Schweizer Musikzeitung\" have the right to make the final version of their publication available as a PDF after official publication in \"Schweizer Musikzeitung\", after an embargo period of one year, as follows:<\/p>\n<ul>\n<li>The publications may be made available online in compliance with the publisher's terms and conditions, which grant rights of use in accordance with the Swiss Copyright Act (URG).<\/li>\n<li>The fully revised, typeset and formatted version in the published form may be used.<\/li>\n<li>The original publication must be referred to in a clearly visible place, including the full bibliographic details (title of the article, name of the journal, year of publication).<\/li>\n<\/ul>\n<p>Upon prior notification, the publisher will provide the authors with a copy\/version of their article for secondary publication. In the case of articles by authors who are affiliated with a Swiss university at the time of publication, the publisher Galledia Fachmedien AG guarantees the university concerned the non-exclusive right to deposit a copy of the article in its Open Access repository in accordance with the terms of this policy. This policy applies to all articles published on or after January 1, 1998.<\/p>","protected":false},"excerpt":{"rendered":"<p>Schweizer Musikzeitung \/ Revue Musicale Suisse \/ Rivista Musicale Svizzera www.musikzeitung.ch \/ www.revuemusicale.ch ISSN 1422-4674 29. Jahrgang Auflage gedruckte Ausgabe 15 523 Exemplare (WEMF-beglaubigt 2025) &nbsp; Verlag Galledia Fachmedien AG Maihofstrasse 76, 6006 Luzern Publizistische Leitlinien &nbsp; Offizielles Organ f\u00fcr \u2013 Konferenz Musikhochschulen Schweiz (KMHS) \/ Conf\u00e9rence des Hautes Ecoles de Musique Suisse (CHEMS) \u2013 [&hellip;]<\/p>\n","protected":false},"author":1,"featured_media":0,"parent":0,"menu_order":0,"comment_status":"closed","ping_status":"closed","template":"","meta":{"_acf_changed":false,"_relevanssi_hide_post":"","_relevanssi_hide_content":"","_relevanssi_pin_for_all":"","_relevanssi_pin_keywords":"","_relevanssi_unpin_keywords":"","_relevanssi_related_keywords":"","_relevanssi_related_include_ids":"","_relevanssi_related_exclude_ids":"","_relevanssi_related_no_append":"","_relevanssi_related_not_related":"","_relevanssi_related_posts":"","_relevanssi_noindex_reason":"","pgc_sgb_lightbox_settings":"","footnotes":""},"class_list":["post-44","page","type-page","status-publish","hentry"],"acf":[],"yoast_head":"<!-- This site is optimized with the Yoast SEO plugin v27.5 - https:\/\/yoast.com\/product\/yoast-seo-wordpress\/ -->\n<title>Impressum - Schweizer Musikzeitung<\/title>\n<meta name=\"robots\" content=\"index, follow, max-snippet:-1, max-image-preview:large, max-video-preview:-1\" \/>\n<link rel=\"canonical\" href=\"https:\/\/www.musikzeitung.ch\/en\/impressum\/\" \/>\n<meta property=\"og:locale\" content=\"en_US\" \/>\n<meta property=\"og:type\" content=\"article\" \/>\n<meta property=\"og:title\" content=\"Impressum - Schweizer Musikzeitung\" \/>\n<meta property=\"og:description\" content=\"Schweizer Musikzeitung \/ Revue Musicale Suisse \/ Rivista Musicale Svizzera www.musikzeitung.ch \/ www.revuemusicale.ch ISSN 1422-4674 29. Jahrgang Auflage gedruckte Ausgabe 15 523 Exemplare (WEMF-beglaubigt 2025) &nbsp; Verlag Galledia Fachmedien AG Maihofstrasse 76, 6006 Luzern Publizistische Leitlinien &nbsp; Offizielles Organ f\u00fcr \u2013 Konferenz Musikhochschulen Schweiz (KMHS) \/ Conf\u00e9rence des Hautes Ecoles de Musique Suisse (CHEMS) \u2013 [&hellip;]\" \/>\n<meta property=\"og:url\" content=\"https:\/\/www.musikzeitung.ch\/en\/impressum\/\" \/>\n<meta property=\"og:site_name\" content=\"Schweizer Musikzeitung\" \/>\n<meta property=\"article:publisher\" content=\"https:\/\/www.facebook.com\/SchweizerMusikzeitung\/\" \/>\n<meta property=\"article:modified_time\" content=\"2026-02-10T14:13:25+00:00\" \/>\n<meta name=\"twitter:card\" content=\"summary_large_image\" \/>\n<meta name=\"twitter:site\" content=\"@smusikzeitung\" \/>\n<meta name=\"twitter:label1\" content=\"Est. reading time\" \/>\n\t<meta name=\"twitter:data1\" content=\"3 minutes\" \/>\n<script type=\"application\/ld+json\" class=\"yoast-schema-graph\">{\"@context\":\"https:\\\/\\\/schema.org\",\"@graph\":[{\"@type\":\"WebPage\",\"@id\":\"https:\\\/\\\/www.musikzeitung.ch\\\/impressum\",\"url\":\"https:\\\/\\\/www.musikzeitung.ch\\\/impressum\",\"name\":\"Impressum - Schweizer Musikzeitung\",\"isPartOf\":{\"@id\":\"https:\\\/\\\/www.musikzeitung.ch\\\/#website\"},\"datePublished\":\"2022-05-18T11:33:27+00:00\",\"dateModified\":\"2026-02-10T14:13:25+00:00\",\"breadcrumb\":{\"@id\":\"https:\\\/\\\/www.musikzeitung.ch\\\/impressum#breadcrumb\"},\"inLanguage\":\"en-US\",\"potentialAction\":[{\"@type\":\"ReadAction\",\"target\":[\"https:\\\/\\\/www.musikzeitung.ch\\\/impressum\"]}]},{\"@type\":\"BreadcrumbList\",\"@id\":\"https:\\\/\\\/www.musikzeitung.ch\\\/impressum#breadcrumb\",\"itemListElement\":[{\"@type\":\"ListItem\",\"position\":1,\"name\":\"Home\",\"item\":\"https:\\\/\\\/www.musikzeitung.ch\\\/\"},{\"@type\":\"ListItem\",\"position\":2,\"name\":\"Impressum\"}]},{\"@type\":\"WebSite\",\"@id\":\"https:\\\/\\\/www.musikzeitung.ch\\\/#website\",\"url\":\"https:\\\/\\\/www.musikzeitung.ch\\\/\",\"name\":\"Schweizer Musikzeitung\",\"description\":\"Die f\u00fchrende sparten\u00fcbergreifende Monatszeitung in der Schweiz f\u00fcr musikalische Fragen.\",\"publisher\":{\"@id\":\"https:\\\/\\\/www.musikzeitung.ch\\\/#organization\"},\"potentialAction\":[{\"@type\":\"SearchAction\",\"target\":{\"@type\":\"EntryPoint\",\"urlTemplate\":\"https:\\\/\\\/www.musikzeitung.ch\\\/?s={search_term_string}\"},\"query-input\":{\"@type\":\"PropertyValueSpecification\",\"valueRequired\":true,\"valueName\":\"search_term_string\"}}],\"inLanguage\":\"en-US\"},{\"@type\":\"Organization\",\"@id\":\"https:\\\/\\\/www.musikzeitung.ch\\\/#organization\",\"name\":\"Schweizer Musikzeitung\",\"url\":\"https:\\\/\\\/www.musikzeitung.ch\\\/\",\"logo\":{\"@type\":\"ImageObject\",\"inLanguage\":\"en-US\",\"@id\":\"https:\\\/\\\/www.musikzeitung.ch\\\/#\\\/schema\\\/logo\\\/image\\\/\",\"url\":\"https:\\\/\\\/www.musikzeitung.ch\\\/wp-content\\\/uploads\\\/2023\\\/01\\\/SMZ_Schriftzug_Sprache.png\",\"contentUrl\":\"https:\\\/\\\/www.musikzeitung.ch\\\/wp-content\\\/uploads\\\/2023\\\/01\\\/SMZ_Schriftzug_Sprache.png\",\"width\":1400,\"height\":279,\"caption\":\"Schweizer Musikzeitung\"},\"image\":{\"@id\":\"https:\\\/\\\/www.musikzeitung.ch\\\/#\\\/schema\\\/logo\\\/image\\\/\"},\"sameAs\":[\"https:\\\/\\\/www.facebook.com\\\/SchweizerMusikzeitung\\\/\",\"https:\\\/\\\/x.com\\\/smusikzeitung\",\"https:\\\/\\\/www.instagram.com\\\/musikzeitung.ch\\\/\"]}]}<\/script>\n<!-- \/ Yoast SEO plugin. -->","yoast_head_json":{"title":"Impressum - Schweizer Musikzeitung","robots":{"index":"index","follow":"follow","max-snippet":"max-snippet:-1","max-image-preview":"max-image-preview:large","max-video-preview":"max-video-preview:-1"},"canonical":"https:\/\/www.musikzeitung.ch\/en\/impressum\/","og_locale":"en_US","og_type":"article","og_title":"Impressum - Schweizer Musikzeitung","og_description":"Schweizer Musikzeitung \/ Revue Musicale Suisse \/ Rivista Musicale Svizzera www.musikzeitung.ch \/ www.revuemusicale.ch ISSN 1422-4674 29. Jahrgang Auflage gedruckte Ausgabe 15 523 Exemplare (WEMF-beglaubigt 2025) &nbsp; Verlag Galledia Fachmedien AG Maihofstrasse 76, 6006 Luzern Publizistische Leitlinien &nbsp; Offizielles Organ f\u00fcr \u2013 Konferenz Musikhochschulen Schweiz (KMHS) \/ Conf\u00e9rence des Hautes Ecoles de Musique Suisse (CHEMS) \u2013 [&hellip;]","og_url":"https:\/\/www.musikzeitung.ch\/en\/impressum\/","og_site_name":"Schweizer Musikzeitung","article_publisher":"https:\/\/www.facebook.com\/SchweizerMusikzeitung\/","article_modified_time":"2026-02-10T14:13:25+00:00","twitter_card":"summary_large_image","twitter_site":"@smusikzeitung","twitter_misc":{"Est. reading time":"3 minutes"},"schema":{"@context":"https:\/\/schema.org","@graph":[{"@type":"WebPage","@id":"https:\/\/www.musikzeitung.ch\/impressum","url":"https:\/\/www.musikzeitung.ch\/impressum","name":"Impressum - Schweizer Musikzeitung","isPartOf":{"@id":"https:\/\/www.musikzeitung.ch\/#website"},"datePublished":"2022-05-18T11:33:27+00:00","dateModified":"2026-02-10T14:13:25+00:00","breadcrumb":{"@id":"https:\/\/www.musikzeitung.ch\/impressum#breadcrumb"},"inLanguage":"en-US","potentialAction":[{"@type":"ReadAction","target":["https:\/\/www.musikzeitung.ch\/impressum"]}]},{"@type":"BreadcrumbList","@id":"https:\/\/www.musikzeitung.ch\/impressum#breadcrumb","itemListElement":[{"@type":"ListItem","position":1,"name":"Home","item":"https:\/\/www.musikzeitung.ch\/"},{"@type":"ListItem","position":2,"name":"Impressum"}]},{"@type":"WebSite","@id":"https:\/\/www.musikzeitung.ch\/#website","url":"https:\/\/www.musikzeitung.ch\/","name":"Swiss Music Newspaper","description":"The leading interdisciplinary monthly newspaper in Switzerland for musical issues.","publisher":{"@id":"https:\/\/www.musikzeitung.ch\/#organization"},"potentialAction":[{"@type":"SearchAction","target":{"@type":"EntryPoint","urlTemplate":"https:\/\/www.musikzeitung.ch\/?s={search_term_string}"},"query-input":{"@type":"PropertyValueSpecification","valueRequired":true,"valueName":"search_term_string"}}],"inLanguage":"en-US"},{"@type":"Organization","@id":"https:\/\/www.musikzeitung.ch\/#organization","name":"Swiss Music Newspaper","url":"https:\/\/www.musikzeitung.ch\/","logo":{"@type":"ImageObject","inLanguage":"en-US","@id":"https:\/\/www.musikzeitung.ch\/#\/schema\/logo\/image\/","url":"https:\/\/www.musikzeitung.ch\/wp-content\/uploads\/2023\/01\/SMZ_Schriftzug_Sprache.png","contentUrl":"https:\/\/www.musikzeitung.ch\/wp-content\/uploads\/2023\/01\/SMZ_Schriftzug_Sprache.png","width":1400,"height":279,"caption":"Schweizer Musikzeitung"},"image":{"@id":"https:\/\/www.musikzeitung.ch\/#\/schema\/logo\/image\/"},"sameAs":["https:\/\/www.facebook.com\/SchweizerMusikzeitung\/","https:\/\/x.com\/smusikzeitung","https:\/\/www.instagram.com\/musikzeitung.ch\/"]}]}},"publishpress_future_workflow_manual_trigger":{"enabledWorkflows":[]},"_links":{"self":[{"href":"https:\/\/www.musikzeitung.ch\/en\/wp-json\/wp\/v2\/pages\/44","targetHints":{"allow":["GET"]}}],"collection":[{"href":"https:\/\/www.musikzeitung.ch\/en\/wp-json\/wp\/v2\/pages"}],"about":[{"href":"https:\/\/www.musikzeitung.ch\/en\/wp-json\/wp\/v2\/types\/page"}],"author":[{"embeddable":true,"href":"https:\/\/www.musikzeitung.ch\/en\/wp-json\/wp\/v2\/users\/1"}],"replies":[{"embeddable":true,"href":"https:\/\/www.musikzeitung.ch\/en\/wp-json\/wp\/v2\/comments?post=44"}],"version-history":[{"count":32,"href":"https:\/\/www.musikzeitung.ch\/en\/wp-json\/wp\/v2\/pages\/44\/revisions"}],"predecessor-version":[{"id":71008,"href":"https:\/\/www.musikzeitung.ch\/en\/wp-json\/wp\/v2\/pages\/44\/revisions\/71008"}],"wp:attachment":[{"href":"https:\/\/www.musikzeitung.ch\/en\/wp-json\/wp\/v2\/media?parent=44"}],"curies":[{"name":"wp","href":"https:\/\/api.w.org\/{rel}","templated":true}]}}