{"id":47507,"date":"2023-09-14T15:04:39","date_gmt":"2023-09-14T13:04:39","guid":{"rendered":"https:\/\/www.musikzeitung.ch\/?page_id=47507"},"modified":"2023-09-14T15:08:47","modified_gmt":"2023-09-14T13:08:47","slug":"publizistische-leitlinien","status":"publish","type":"page","link":"https:\/\/www.musikzeitung.ch\/en\/impressum\/publizistische-leitlinien","title":{"rendered":"Journalistic guidelines"},"content":{"rendered":"<p>The Schweizer Musikzeitung is the country's leading interdisciplinary specialist newspaper for musical, cultural and educational policy issues. It is aimed at all musically active and interested parties and, as an official or informal publication organ of musical associations and organizations, at their members. In contrast to other media, which concentrate on certain aspects of musical life, it presents it in its entirety.<\/p>\n<h3>Posture<\/h3>\n<p>The Swiss Music Newspaper provides its audience with relevant information and services. It is independent of political, economic, ideological, religious or other interest groups.<\/p>\n<h3>Editorial offices<\/h3>\n<p>Responsibility for the content is borne by several editorial teams, by an independent main editorial team and by the various association editorial teams.<\/p>\n<p>The editorial offices of the musical associations work independently of the main editorial office and take into account the concerns of their organizations. They are employed by the respective association. The associations conclude a contract with the publisher\/editor of the Schweizer Musikzeitung that regulates the cooperation.<\/p>\n<p>The main editorial team reports independently and bases its work on the <em>Declaration of the duties and rights of journalists <\/em>and the Charter <em>Quality in journalism<\/em>.<\/p>\n<p>The members of the main editorial team are employed by the publisher\/editor of the Schweizer Musikzeitung.<\/p>\n<h3>Editorial committee<\/h3>\n<p>The editorial committee is an informal advisory body. Each association with which a cooperation agreement exists has the right to delegate a person to the editorial committee. The main editorial office or the publisher\/editor may appoint independent persons to the editorial committee.<\/p>\n<h3>Publication channels<\/h3>\n<p>The Schweizer Musikzeitung publishes its content in printed form and on the Internet.<\/p>\n<h3>Languages<\/h3>\n<p>The Schweizer Musikzeitung publishes in German, French and Italian. The weighting of the languages is roughly based on the linguistic regional origin of the readers.<\/p>\n<h3>Financial resources<\/h3>\n<p>The Schweizer Musikzeitung is financed by advertising, subscriptions, services and patronage contributions.<\/p>\n<p><em>July 2, 2018<\/em><\/p>","protected":false},"excerpt":{"rendered":"<p>Die Schweizer Musikzeitung ist die landesweit tonangebende sparten\u00fcbergreifende Fachzeitung f\u00fcr musikalische, kultur- und bildungspolitische Fragen. Sie richtet sich an alle musikalisch Aktiven und Interessierten sowie als offizielles oder informelles Publikationsorgan musikalischer Verb\u00e4nde und Organisationen an deren Mitglieder. In Abgrenzung zu andern Medien, die sich auf bestimmte Aspekte des Musiklebens konzentrieren, bildet sie dieses in seiner [&hellip;]<\/p>\n","protected":false},"author":23,"featured_media":0,"parent":44,"menu_order":0,"comment_status":"closed","ping_status":"closed","template":"","meta":{"_acf_changed":false,"_relevanssi_hide_post":"","_relevanssi_hide_content":"","_relevanssi_pin_for_all":"","_relevanssi_pin_keywords":"","_relevanssi_unpin_keywords":"","_relevanssi_related_keywords":"","_relevanssi_related_include_ids":"","_relevanssi_related_exclude_ids":"","_relevanssi_related_no_append":"","_relevanssi_related_not_related":"","_relevanssi_related_posts":"","_relevanssi_noindex_reason":"","pgc_sgb_lightbox_settings":"","footnotes":""},"class_list":["post-47507","page","type-page","status-publish","hentry"],"acf":[],"yoast_head":"<!-- This site is optimized with the Yoast SEO plugin v27.5 - https:\/\/yoast.com\/product\/yoast-seo-wordpress\/ -->\n<title>Publizistische Leitlinien - Schweizer Musikzeitung<\/title>\n<meta name=\"description\" content=\"Publizistische Leitlinien\" \/>\n<meta name=\"robots\" content=\"index, follow, max-snippet:-1, max-image-preview:large, max-video-preview:-1\" \/>\n<link rel=\"canonical\" href=\"https:\/\/www.musikzeitung.ch\/en\/impressum\/publizistische-leitlinien\/\" \/>\n<meta property=\"og:locale\" content=\"en_US\" \/>\n<meta property=\"og:type\" content=\"article\" \/>\n<meta property=\"og:title\" content=\"Publizistische Leitlinien - Schweizer Musikzeitung\" \/>\n<meta property=\"og:description\" content=\"Publizistische Leitlinien\" \/>\n<meta property=\"og:url\" content=\"https:\/\/www.musikzeitung.ch\/en\/impressum\/publizistische-leitlinien\/\" \/>\n<meta property=\"og:site_name\" content=\"Schweizer Musikzeitung\" \/>\n<meta property=\"article:publisher\" content=\"https:\/\/www.facebook.com\/SchweizerMusikzeitung\/\" \/>\n<meta property=\"article:modified_time\" content=\"2023-09-14T13:08:47+00:00\" \/>\n<meta name=\"twitter:card\" content=\"summary_large_image\" \/>\n<meta name=\"twitter:site\" content=\"@smusikzeitung\" \/>\n<meta name=\"twitter:label1\" content=\"Est. reading time\" \/>\n\t<meta name=\"twitter:data1\" content=\"2 minutes\" \/>\n<script type=\"application\/ld+json\" class=\"yoast-schema-graph\">{\"@context\":\"https:\\\/\\\/schema.org\",\"@graph\":[{\"@type\":\"WebPage\",\"@id\":\"https:\\\/\\\/www.musikzeitung.ch\\\/impressum\\\/publizistische-leitlinien\",\"url\":\"https:\\\/\\\/www.musikzeitung.ch\\\/impressum\\\/publizistische-leitlinien\",\"name\":\"Publizistische Leitlinien - Schweizer Musikzeitung\",\"isPartOf\":{\"@id\":\"https:\\\/\\\/www.musikzeitung.ch\\\/#website\"},\"datePublished\":\"2023-09-14T13:04:39+00:00\",\"dateModified\":\"2023-09-14T13:08:47+00:00\",\"description\":\"Publizistische Leitlinien\",\"breadcrumb\":{\"@id\":\"https:\\\/\\\/www.musikzeitung.ch\\\/impressum\\\/publizistische-leitlinien#breadcrumb\"},\"inLanguage\":\"en-US\",\"potentialAction\":[{\"@type\":\"ReadAction\",\"target\":[\"https:\\\/\\\/www.musikzeitung.ch\\\/impressum\\\/publizistische-leitlinien\"]}]},{\"@type\":\"BreadcrumbList\",\"@id\":\"https:\\\/\\\/www.musikzeitung.ch\\\/impressum\\\/publizistische-leitlinien#breadcrumb\",\"itemListElement\":[{\"@type\":\"ListItem\",\"position\":1,\"name\":\"Home\",\"item\":\"https:\\\/\\\/www.musikzeitung.ch\\\/\"},{\"@type\":\"ListItem\",\"position\":2,\"name\":\"Impressum\",\"item\":\"https:\\\/\\\/www.musikzeitung.ch\\\/impressum\"},{\"@type\":\"ListItem\",\"position\":3,\"name\":\"Publizistische Leitlinien\"}]},{\"@type\":\"WebSite\",\"@id\":\"https:\\\/\\\/www.musikzeitung.ch\\\/#website\",\"url\":\"https:\\\/\\\/www.musikzeitung.ch\\\/\",\"name\":\"Schweizer Musikzeitung\",\"description\":\"Die f\u00fchrende sparten\u00fcbergreifende Monatszeitung in der Schweiz f\u00fcr musikalische Fragen.\",\"publisher\":{\"@id\":\"https:\\\/\\\/www.musikzeitung.ch\\\/#organization\"},\"potentialAction\":[{\"@type\":\"SearchAction\",\"target\":{\"@type\":\"EntryPoint\",\"urlTemplate\":\"https:\\\/\\\/www.musikzeitung.ch\\\/?s={search_term_string}\"},\"query-input\":{\"@type\":\"PropertyValueSpecification\",\"valueRequired\":true,\"valueName\":\"search_term_string\"}}],\"inLanguage\":\"en-US\"},{\"@type\":\"Organization\",\"@id\":\"https:\\\/\\\/www.musikzeitung.ch\\\/#organization\",\"name\":\"Schweizer Musikzeitung\",\"url\":\"https:\\\/\\\/www.musikzeitung.ch\\\/\",\"logo\":{\"@type\":\"ImageObject\",\"inLanguage\":\"en-US\",\"@id\":\"https:\\\/\\\/www.musikzeitung.ch\\\/#\\\/schema\\\/logo\\\/image\\\/\",\"url\":\"https:\\\/\\\/www.musikzeitung.ch\\\/wp-content\\\/uploads\\\/2023\\\/01\\\/SMZ_Schriftzug_Sprache.png\",\"contentUrl\":\"https:\\\/\\\/www.musikzeitung.ch\\\/wp-content\\\/uploads\\\/2023\\\/01\\\/SMZ_Schriftzug_Sprache.png\",\"width\":1400,\"height\":279,\"caption\":\"Schweizer Musikzeitung\"},\"image\":{\"@id\":\"https:\\\/\\\/www.musikzeitung.ch\\\/#\\\/schema\\\/logo\\\/image\\\/\"},\"sameAs\":[\"https:\\\/\\\/www.facebook.com\\\/SchweizerMusikzeitung\\\/\",\"https:\\\/\\\/x.com\\\/smusikzeitung\",\"https:\\\/\\\/www.instagram.com\\\/musikzeitung.ch\\\/\"]}]}<\/script>\n<!-- \/ Yoast SEO plugin. -->","yoast_head_json":{"title":"Publizistische Leitlinien - Schweizer Musikzeitung","description":"Journalistic guidelines","robots":{"index":"index","follow":"follow","max-snippet":"max-snippet:-1","max-image-preview":"max-image-preview:large","max-video-preview":"max-video-preview:-1"},"canonical":"https:\/\/www.musikzeitung.ch\/en\/impressum\/publizistische-leitlinien\/","og_locale":"en_US","og_type":"article","og_title":"Publizistische Leitlinien - Schweizer Musikzeitung","og_description":"Publizistische Leitlinien","og_url":"https:\/\/www.musikzeitung.ch\/en\/impressum\/publizistische-leitlinien\/","og_site_name":"Schweizer Musikzeitung","article_publisher":"https:\/\/www.facebook.com\/SchweizerMusikzeitung\/","article_modified_time":"2023-09-14T13:08:47+00:00","twitter_card":"summary_large_image","twitter_site":"@smusikzeitung","twitter_misc":{"Est. reading time":"2 minutes"},"schema":{"@context":"https:\/\/schema.org","@graph":[{"@type":"WebPage","@id":"https:\/\/www.musikzeitung.ch\/impressum\/publizistische-leitlinien","url":"https:\/\/www.musikzeitung.ch\/impressum\/publizistische-leitlinien","name":"Publizistische Leitlinien - Schweizer Musikzeitung","isPartOf":{"@id":"https:\/\/www.musikzeitung.ch\/#website"},"datePublished":"2023-09-14T13:04:39+00:00","dateModified":"2023-09-14T13:08:47+00:00","description":"Journalistic guidelines","breadcrumb":{"@id":"https:\/\/www.musikzeitung.ch\/impressum\/publizistische-leitlinien#breadcrumb"},"inLanguage":"en-US","potentialAction":[{"@type":"ReadAction","target":["https:\/\/www.musikzeitung.ch\/impressum\/publizistische-leitlinien"]}]},{"@type":"BreadcrumbList","@id":"https:\/\/www.musikzeitung.ch\/impressum\/publizistische-leitlinien#breadcrumb","itemListElement":[{"@type":"ListItem","position":1,"name":"Home","item":"https:\/\/www.musikzeitung.ch\/"},{"@type":"ListItem","position":2,"name":"Impressum","item":"https:\/\/www.musikzeitung.ch\/impressum"},{"@type":"ListItem","position":3,"name":"Publizistische Leitlinien"}]},{"@type":"WebSite","@id":"https:\/\/www.musikzeitung.ch\/#website","url":"https:\/\/www.musikzeitung.ch\/","name":"Swiss Music Newspaper","description":"The leading interdisciplinary monthly newspaper in Switzerland for musical issues.","publisher":{"@id":"https:\/\/www.musikzeitung.ch\/#organization"},"potentialAction":[{"@type":"SearchAction","target":{"@type":"EntryPoint","urlTemplate":"https:\/\/www.musikzeitung.ch\/?s={search_term_string}"},"query-input":{"@type":"PropertyValueSpecification","valueRequired":true,"valueName":"search_term_string"}}],"inLanguage":"en-US"},{"@type":"Organization","@id":"https:\/\/www.musikzeitung.ch\/#organization","name":"Swiss Music Newspaper","url":"https:\/\/www.musikzeitung.ch\/","logo":{"@type":"ImageObject","inLanguage":"en-US","@id":"https:\/\/www.musikzeitung.ch\/#\/schema\/logo\/image\/","url":"https:\/\/www.musikzeitung.ch\/wp-content\/uploads\/2023\/01\/SMZ_Schriftzug_Sprache.png","contentUrl":"https:\/\/www.musikzeitung.ch\/wp-content\/uploads\/2023\/01\/SMZ_Schriftzug_Sprache.png","width":1400,"height":279,"caption":"Schweizer Musikzeitung"},"image":{"@id":"https:\/\/www.musikzeitung.ch\/#\/schema\/logo\/image\/"},"sameAs":["https:\/\/www.facebook.com\/SchweizerMusikzeitung\/","https:\/\/x.com\/smusikzeitung","https:\/\/www.instagram.com\/musikzeitung.ch\/"]}]}},"publishpress_future_workflow_manual_trigger":{"enabledWorkflows":[]},"_links":{"self":[{"href":"https:\/\/www.musikzeitung.ch\/en\/wp-json\/wp\/v2\/pages\/47507","targetHints":{"allow":["GET"]}}],"collection":[{"href":"https:\/\/www.musikzeitung.ch\/en\/wp-json\/wp\/v2\/pages"}],"about":[{"href":"https:\/\/www.musikzeitung.ch\/en\/wp-json\/wp\/v2\/types\/page"}],"author":[{"embeddable":true,"href":"https:\/\/www.musikzeitung.ch\/en\/wp-json\/wp\/v2\/users\/23"}],"replies":[{"embeddable":true,"href":"https:\/\/www.musikzeitung.ch\/en\/wp-json\/wp\/v2\/comments?post=47507"}],"version-history":[{"count":3,"href":"https:\/\/www.musikzeitung.ch\/en\/wp-json\/wp\/v2\/pages\/47507\/revisions"}],"predecessor-version":[{"id":47511,"href":"https:\/\/www.musikzeitung.ch\/en\/wp-json\/wp\/v2\/pages\/47507\/revisions\/47511"}],"up":[{"embeddable":true,"href":"https:\/\/www.musikzeitung.ch\/en\/wp-json\/wp\/v2\/pages\/44"}],"wp:attachment":[{"href":"https:\/\/www.musikzeitung.ch\/en\/wp-json\/wp\/v2\/media?parent=47507"}],"curies":[{"name":"wp","href":"https:\/\/api.w.org\/{rel}","templated":true}]}}