{"id":9244,"date":"2023-01-13T09:11:56","date_gmt":"2023-01-13T08:11:56","guid":{"rendered":"https:\/\/www.musikzeitung.ch\/?page_id=9244"},"modified":"2026-02-10T15:23:29","modified_gmt":"2026-02-10T14:23:29","slug":"publireportage-advertorial","status":"publish","type":"page","link":"https:\/\/www.musikzeitung.ch\/en\/inserate\/print-werbung\/publireportage-advertorial","title":{"rendered":"Publicity report\/advertorial"},"content":{"rendered":"<h3>Company product and service presentations<\/h3>\n<p>In some cases, a success-oriented advertising presence requires a more complex form of communication. This requirement is met with the option of a publicity report embedded in the editorial environment.<\/p>\n<ul>\n<li>Clearly marked graphically.<\/li>\n<li>Clearly visible.<\/li>\n<\/ul>\n<p>The design is specified by the publisher. One correction run is included in the price.<\/p>\n<p><strong>Formats and prices (excl. 8.1% VAT)<\/strong><\/p>\n<p><img loading=\"lazy\" decoding=\"async\" class=\"alignnone wp-image-9245\" src=\"https:\/\/www.musikzeitung.ch\/wp-content\/uploads\/2023\/01\/PR_Formate.jpg\" alt=\"\" width=\"940\" height=\"626\" srcset=\"https:\/\/www.musikzeitung.ch\/wp-content\/uploads\/2023\/01\/PR_Formate.jpg 1400w, https:\/\/www.musikzeitung.ch\/wp-content\/uploads\/2023\/01\/PR_Formate-300x200.jpg 300w, https:\/\/www.musikzeitung.ch\/wp-content\/uploads\/2023\/01\/PR_Formate-1024x682.jpg 1024w, https:\/\/www.musikzeitung.ch\/wp-content\/uploads\/2023\/01\/PR_Formate-600x400.jpg 600w, https:\/\/www.musikzeitung.ch\/wp-content\/uploads\/2023\/01\/PR_Formate-768x511.jpg 768w, https:\/\/www.musikzeitung.ch\/wp-content\/uploads\/2023\/01\/PR_Formate-1536x1023.jpg 1536w, https:\/\/www.musikzeitung.ch\/wp-content\/uploads\/2023\/01\/PR_Formate-2048x1364.jpg 2048w, https:\/\/www.musikzeitung.ch\/wp-content\/uploads\/2023\/01\/PR_Formate-263x175.jpg 263w, https:\/\/www.musikzeitung.ch\/wp-content\/uploads\/2023\/01\/PR_Formate-526x350.jpg 526w, https:\/\/www.musikzeitung.ch\/wp-content\/uploads\/2023\/01\/PR_Formate-1201x800.jpg 1201w, https:\/\/www.musikzeitung.ch\/wp-content\/uploads\/2023\/01\/PR_Formate-920x613.jpg 920w\" sizes=\"auto, (max-width: 940px) 100vw, 940px\" \/><\/p>\n<p><strong>order<br \/>\n<\/strong>Via e-mail\u00a0<a href=\"mailto:inserate@musikzeitung.ch\">inserate@musikzeitung.ch<\/a><\/p>\n<p><strong>Consulting<\/strong><br \/>\nPhone 058 344 97 83 (editorial office)<\/p>\n<p>Prices excl. 8.1% VAT.<br \/>\nSubject to change without notice<\/p>","protected":false},"excerpt":{"rendered":"<p>Produkte- und Dienstleistungsvorstellungen von Unternehmen In manchen F\u00e4llen bedarf ein erfolgsorientierter Werbeauftritt einer komplexeren Kommunikationsform. Diesem Begehren wird mit der M\u00f6glichkeit einer Publireportage, eingebettet im redaktionellen Umfeld, Rechnung getragen. Grafisch klar gekennzeichnet. Optisch klar wahrnehmbar. Die Gestaltung durch den Verlag ist vorgegeben. Ein Korrekturlauf ist jeweils im Preis inkludiert. Formate und Preise (exkl. 8.1% MWSt.) [&hellip;]<\/p>\n","protected":false},"author":23,"featured_media":0,"parent":232,"menu_order":0,"comment_status":"closed","ping_status":"closed","template":"","meta":{"_acf_changed":false,"_relevanssi_hide_post":"","_relevanssi_hide_content":"","_relevanssi_pin_for_all":"","_relevanssi_pin_keywords":"","_relevanssi_unpin_keywords":"","_relevanssi_related_keywords":"","_relevanssi_related_include_ids":"","_relevanssi_related_exclude_ids":"","_relevanssi_related_no_append":"","_relevanssi_related_not_related":"","_relevanssi_related_posts":"","_relevanssi_noindex_reason":"","pgc_sgb_lightbox_settings":"","footnotes":""},"class_list":["post-9244","page","type-page","status-publish","hentry"],"acf":[],"yoast_head":"<!-- This site is optimized with the Yoast SEO plugin v27.4 - https:\/\/yoast.com\/product\/yoast-seo-wordpress\/ -->\n<title>Publireportage\/Advertorial - Schweizer Musikzeitung<\/title>\n<meta name=\"description\" content=\"Publireportagen (Advertorials): Produkte- und Dienstleistungsvorstellungen von Unternehmen\" \/>\n<meta name=\"robots\" content=\"index, follow, max-snippet:-1, max-image-preview:large, max-video-preview:-1\" \/>\n<link rel=\"canonical\" href=\"https:\/\/www.musikzeitung.ch\/en\/inserate\/print-werbung\/publireportage-advertorial\/\" \/>\n<meta property=\"og:locale\" content=\"en_US\" \/>\n<meta property=\"og:type\" content=\"article\" \/>\n<meta property=\"og:title\" content=\"Publireportage\/Advertorial - Schweizer Musikzeitung\" \/>\n<meta property=\"og:description\" content=\"Publireportagen (Advertorials): Produkte- und Dienstleistungsvorstellungen von Unternehmen\" \/>\n<meta property=\"og:url\" content=\"https:\/\/www.musikzeitung.ch\/en\/inserate\/print-werbung\/publireportage-advertorial\/\" \/>\n<meta property=\"og:site_name\" content=\"Schweizer Musikzeitung\" \/>\n<meta property=\"article:publisher\" content=\"https:\/\/www.facebook.com\/SchweizerMusikzeitung\/\" \/>\n<meta property=\"article:modified_time\" content=\"2026-02-10T14:23:29+00:00\" \/>\n<meta property=\"og:image\" content=\"https:\/\/www.musikzeitung.ch\/wp-content\/uploads\/2023\/01\/PR_Formate.jpg\" \/>\n\t<meta property=\"og:image:width\" content=\"1400\" \/>\n\t<meta property=\"og:image:height\" content=\"932\" \/>\n\t<meta property=\"og:image:type\" content=\"image\/jpeg\" \/>\n<meta name=\"twitter:card\" content=\"summary_large_image\" \/>\n<meta name=\"twitter:site\" content=\"@smusikzeitung\" \/>\n<meta name=\"twitter:label1\" content=\"Est. reading time\" \/>\n\t<meta name=\"twitter:data1\" content=\"1 minute\" \/>\n<script type=\"application\/ld+json\" class=\"yoast-schema-graph\">{\"@context\":\"https:\\\/\\\/schema.org\",\"@graph\":[{\"@type\":\"WebPage\",\"@id\":\"https:\\\/\\\/www.musikzeitung.ch\\\/inserate\\\/print-werbung\\\/publireportage-advertorial\",\"url\":\"https:\\\/\\\/www.musikzeitung.ch\\\/inserate\\\/print-werbung\\\/publireportage-advertorial\",\"name\":\"Publireportage\\\/Advertorial - Schweizer Musikzeitung\",\"isPartOf\":{\"@id\":\"https:\\\/\\\/www.musikzeitung.ch\\\/#website\"},\"primaryImageOfPage\":{\"@id\":\"https:\\\/\\\/www.musikzeitung.ch\\\/inserate\\\/print-werbung\\\/publireportage-advertorial#primaryimage\"},\"image\":{\"@id\":\"https:\\\/\\\/www.musikzeitung.ch\\\/inserate\\\/print-werbung\\\/publireportage-advertorial#primaryimage\"},\"thumbnailUrl\":\"https:\\\/\\\/www.musikzeitung.ch\\\/wp-content\\\/uploads\\\/2023\\\/01\\\/PR_Formate.jpg\",\"datePublished\":\"2023-01-13T08:11:56+00:00\",\"dateModified\":\"2026-02-10T14:23:29+00:00\",\"description\":\"Publireportagen (Advertorials): Produkte- und Dienstleistungsvorstellungen von Unternehmen\",\"breadcrumb\":{\"@id\":\"https:\\\/\\\/www.musikzeitung.ch\\\/inserate\\\/print-werbung\\\/publireportage-advertorial#breadcrumb\"},\"inLanguage\":\"en-US\",\"potentialAction\":[{\"@type\":\"ReadAction\",\"target\":[\"https:\\\/\\\/www.musikzeitung.ch\\\/inserate\\\/print-werbung\\\/publireportage-advertorial\"]}]},{\"@type\":\"ImageObject\",\"inLanguage\":\"en-US\",\"@id\":\"https:\\\/\\\/www.musikzeitung.ch\\\/inserate\\\/print-werbung\\\/publireportage-advertorial#primaryimage\",\"url\":\"https:\\\/\\\/www.musikzeitung.ch\\\/wp-content\\\/uploads\\\/2023\\\/01\\\/PR_Formate.jpg\",\"contentUrl\":\"https:\\\/\\\/www.musikzeitung.ch\\\/wp-content\\\/uploads\\\/2023\\\/01\\\/PR_Formate.jpg\"},{\"@type\":\"BreadcrumbList\",\"@id\":\"https:\\\/\\\/www.musikzeitung.ch\\\/inserate\\\/print-werbung\\\/publireportage-advertorial#breadcrumb\",\"itemListElement\":[{\"@type\":\"ListItem\",\"position\":1,\"name\":\"Home\",\"item\":\"https:\\\/\\\/www.musikzeitung.ch\\\/\"},{\"@type\":\"ListItem\",\"position\":2,\"name\":\"Inserate aufgeben\",\"item\":\"https:\\\/\\\/www.musikzeitung.ch\\\/inserate\"},{\"@type\":\"ListItem\",\"position\":3,\"name\":\"Print-Werbung\",\"item\":\"https:\\\/\\\/www.musikzeitung.ch\\\/inserate\\\/print-werbung\"},{\"@type\":\"ListItem\",\"position\":4,\"name\":\"Publireportage\\\/Advertorial\"}]},{\"@type\":\"WebSite\",\"@id\":\"https:\\\/\\\/www.musikzeitung.ch\\\/#website\",\"url\":\"https:\\\/\\\/www.musikzeitung.ch\\\/\",\"name\":\"Schweizer Musikzeitung\",\"description\":\"Die f\u00fchrende sparten\u00fcbergreifende Monatszeitung in der Schweiz f\u00fcr musikalische Fragen.\",\"publisher\":{\"@id\":\"https:\\\/\\\/www.musikzeitung.ch\\\/#organization\"},\"potentialAction\":[{\"@type\":\"SearchAction\",\"target\":{\"@type\":\"EntryPoint\",\"urlTemplate\":\"https:\\\/\\\/www.musikzeitung.ch\\\/?s={search_term_string}\"},\"query-input\":{\"@type\":\"PropertyValueSpecification\",\"valueRequired\":true,\"valueName\":\"search_term_string\"}}],\"inLanguage\":\"en-US\"},{\"@type\":\"Organization\",\"@id\":\"https:\\\/\\\/www.musikzeitung.ch\\\/#organization\",\"name\":\"Schweizer Musikzeitung\",\"url\":\"https:\\\/\\\/www.musikzeitung.ch\\\/\",\"logo\":{\"@type\":\"ImageObject\",\"inLanguage\":\"en-US\",\"@id\":\"https:\\\/\\\/www.musikzeitung.ch\\\/#\\\/schema\\\/logo\\\/image\\\/\",\"url\":\"https:\\\/\\\/www.musikzeitung.ch\\\/wp-content\\\/uploads\\\/2023\\\/01\\\/SMZ_Schriftzug_Sprache.png\",\"contentUrl\":\"https:\\\/\\\/www.musikzeitung.ch\\\/wp-content\\\/uploads\\\/2023\\\/01\\\/SMZ_Schriftzug_Sprache.png\",\"width\":1400,\"height\":279,\"caption\":\"Schweizer Musikzeitung\"},\"image\":{\"@id\":\"https:\\\/\\\/www.musikzeitung.ch\\\/#\\\/schema\\\/logo\\\/image\\\/\"},\"sameAs\":[\"https:\\\/\\\/www.facebook.com\\\/SchweizerMusikzeitung\\\/\",\"https:\\\/\\\/x.com\\\/smusikzeitung\",\"https:\\\/\\\/www.instagram.com\\\/musikzeitung.ch\\\/\"]}]}<\/script>\n<!-- \/ Yoast SEO plugin. -->","yoast_head_json":{"title":"Publireportage\/Advertorial - Schweizer Musikzeitung","description":"Publicity reports (advertorials): Product and service presentations of companies","robots":{"index":"index","follow":"follow","max-snippet":"max-snippet:-1","max-image-preview":"max-image-preview:large","max-video-preview":"max-video-preview:-1"},"canonical":"https:\/\/www.musikzeitung.ch\/en\/inserate\/print-werbung\/publireportage-advertorial\/","og_locale":"en_US","og_type":"article","og_title":"Publireportage\/Advertorial - Schweizer Musikzeitung","og_description":"Publireportagen (Advertorials): Produkte- und Dienstleistungsvorstellungen von Unternehmen","og_url":"https:\/\/www.musikzeitung.ch\/en\/inserate\/print-werbung\/publireportage-advertorial\/","og_site_name":"Schweizer Musikzeitung","article_publisher":"https:\/\/www.facebook.com\/SchweizerMusikzeitung\/","article_modified_time":"2026-02-10T14:23:29+00:00","og_image":[{"width":1400,"height":932,"url":"https:\/\/www.musikzeitung.ch\/wp-content\/uploads\/2023\/01\/PR_Formate.jpg","type":"image\/jpeg"}],"twitter_card":"summary_large_image","twitter_site":"@smusikzeitung","twitter_misc":{"Est. reading time":"1 minute"},"schema":{"@context":"https:\/\/schema.org","@graph":[{"@type":"WebPage","@id":"https:\/\/www.musikzeitung.ch\/inserate\/print-werbung\/publireportage-advertorial","url":"https:\/\/www.musikzeitung.ch\/inserate\/print-werbung\/publireportage-advertorial","name":"Publireportage\/Advertorial - Schweizer Musikzeitung","isPartOf":{"@id":"https:\/\/www.musikzeitung.ch\/#website"},"primaryImageOfPage":{"@id":"https:\/\/www.musikzeitung.ch\/inserate\/print-werbung\/publireportage-advertorial#primaryimage"},"image":{"@id":"https:\/\/www.musikzeitung.ch\/inserate\/print-werbung\/publireportage-advertorial#primaryimage"},"thumbnailUrl":"https:\/\/www.musikzeitung.ch\/wp-content\/uploads\/2023\/01\/PR_Formate.jpg","datePublished":"2023-01-13T08:11:56+00:00","dateModified":"2026-02-10T14:23:29+00:00","description":"Publicity reports (advertorials): Product and service presentations of companies","breadcrumb":{"@id":"https:\/\/www.musikzeitung.ch\/inserate\/print-werbung\/publireportage-advertorial#breadcrumb"},"inLanguage":"en-US","potentialAction":[{"@type":"ReadAction","target":["https:\/\/www.musikzeitung.ch\/inserate\/print-werbung\/publireportage-advertorial"]}]},{"@type":"ImageObject","inLanguage":"en-US","@id":"https:\/\/www.musikzeitung.ch\/inserate\/print-werbung\/publireportage-advertorial#primaryimage","url":"https:\/\/www.musikzeitung.ch\/wp-content\/uploads\/2023\/01\/PR_Formate.jpg","contentUrl":"https:\/\/www.musikzeitung.ch\/wp-content\/uploads\/2023\/01\/PR_Formate.jpg"},{"@type":"BreadcrumbList","@id":"https:\/\/www.musikzeitung.ch\/inserate\/print-werbung\/publireportage-advertorial#breadcrumb","itemListElement":[{"@type":"ListItem","position":1,"name":"Home","item":"https:\/\/www.musikzeitung.ch\/"},{"@type":"ListItem","position":2,"name":"Inserate aufgeben","item":"https:\/\/www.musikzeitung.ch\/inserate"},{"@type":"ListItem","position":3,"name":"Print-Werbung","item":"https:\/\/www.musikzeitung.ch\/inserate\/print-werbung"},{"@type":"ListItem","position":4,"name":"Publireportage\/Advertorial"}]},{"@type":"WebSite","@id":"https:\/\/www.musikzeitung.ch\/#website","url":"https:\/\/www.musikzeitung.ch\/","name":"Swiss Music Newspaper","description":"The leading interdisciplinary monthly newspaper in Switzerland for musical issues.","publisher":{"@id":"https:\/\/www.musikzeitung.ch\/#organization"},"potentialAction":[{"@type":"SearchAction","target":{"@type":"EntryPoint","urlTemplate":"https:\/\/www.musikzeitung.ch\/?s={search_term_string}"},"query-input":{"@type":"PropertyValueSpecification","valueRequired":true,"valueName":"search_term_string"}}],"inLanguage":"en-US"},{"@type":"Organization","@id":"https:\/\/www.musikzeitung.ch\/#organization","name":"Swiss Music Newspaper","url":"https:\/\/www.musikzeitung.ch\/","logo":{"@type":"ImageObject","inLanguage":"en-US","@id":"https:\/\/www.musikzeitung.ch\/#\/schema\/logo\/image\/","url":"https:\/\/www.musikzeitung.ch\/wp-content\/uploads\/2023\/01\/SMZ_Schriftzug_Sprache.png","contentUrl":"https:\/\/www.musikzeitung.ch\/wp-content\/uploads\/2023\/01\/SMZ_Schriftzug_Sprache.png","width":1400,"height":279,"caption":"Schweizer Musikzeitung"},"image":{"@id":"https:\/\/www.musikzeitung.ch\/#\/schema\/logo\/image\/"},"sameAs":["https:\/\/www.facebook.com\/SchweizerMusikzeitung\/","https:\/\/x.com\/smusikzeitung","https:\/\/www.instagram.com\/musikzeitung.ch\/"]}]}},"publishpress_future_workflow_manual_trigger":{"enabledWorkflows":[]},"_links":{"self":[{"href":"https:\/\/www.musikzeitung.ch\/en\/wp-json\/wp\/v2\/pages\/9244","targetHints":{"allow":["GET"]}}],"collection":[{"href":"https:\/\/www.musikzeitung.ch\/en\/wp-json\/wp\/v2\/pages"}],"about":[{"href":"https:\/\/www.musikzeitung.ch\/en\/wp-json\/wp\/v2\/types\/page"}],"author":[{"embeddable":true,"href":"https:\/\/www.musikzeitung.ch\/en\/wp-json\/wp\/v2\/users\/23"}],"replies":[{"embeddable":true,"href":"https:\/\/www.musikzeitung.ch\/en\/wp-json\/wp\/v2\/comments?post=9244"}],"version-history":[{"count":6,"href":"https:\/\/www.musikzeitung.ch\/en\/wp-json\/wp\/v2\/pages\/9244\/revisions"}],"predecessor-version":[{"id":71013,"href":"https:\/\/www.musikzeitung.ch\/en\/wp-json\/wp\/v2\/pages\/9244\/revisions\/71013"}],"up":[{"embeddable":true,"href":"https:\/\/www.musikzeitung.ch\/en\/wp-json\/wp\/v2\/pages\/232"}],"wp:attachment":[{"href":"https:\/\/www.musikzeitung.ch\/en\/wp-json\/wp\/v2\/media?parent=9244"}],"curies":[{"name":"wp","href":"https:\/\/api.w.org\/{rel}","templated":true}]}}