{"id":9248,"date":"2023-01-13T09:19:10","date_gmt":"2023-01-13T08:19:10","guid":{"rendered":"https:\/\/www.musikzeitung.ch\/?page_id=9248"},"modified":"2026-02-10T15:24:58","modified_gmt":"2026-02-10T14:24:58","slug":"prospektbeilagen-und-sticky-notes","status":"publish","type":"page","link":"https:\/\/www.musikzeitung.ch\/en\/inserate\/print-werbung\/prospektbeilagen-und-sticky-notes","title":{"rendered":"Brochure inserts"},"content":{"rendered":"<h3>Brochure inserts<\/h3>\n<p>Basic price up to 50g and 8 pages, per 1000 copies from (incl. postage) CHF 300.<\/p>\n<p>Please discuss the nature (format, weight, number of pages) of your insert and the delivery with us in good time. Partial print run possible, minimum 5000 copies.<\/p>\n<p>Consulting: <a href=\"mailto:contact@musikzeitung.ch\">contact@musikzeitung.ch<\/a> or phone 058 344 97 83<\/p>\n<p>&nbsp;<\/p>","protected":false},"excerpt":{"rendered":"<p>Prospektbeilagen Grundpreis bis 50g und 8 Seiten, pro 1000 Ex. ab (inkl. Porto) CHF 300.\u2013 Bitte sprechen Sie die Beschaffenheit (Format, Gewicht, Anzahl Seiten) Ihrer Beilage und die Anlieferung rechtzeitig mit uns ab. Teilauflage m\u00f6glich, mindestens 5000 Exemplare. Beratung: contact@musikzeitung.ch oder Telefon 058 344 97 83 &nbsp;<\/p>","protected":false},"author":23,"featured_media":0,"parent":232,"menu_order":0,"comment_status":"closed","ping_status":"closed","template":"","meta":{"_acf_changed":false,"_relevanssi_hide_post":"","_relevanssi_hide_content":"","_relevanssi_pin_for_all":"","_relevanssi_pin_keywords":"","_relevanssi_unpin_keywords":"","_relevanssi_related_keywords":"","_relevanssi_related_include_ids":"","_relevanssi_related_exclude_ids":"","_relevanssi_related_no_append":"","_relevanssi_related_not_related":"","_relevanssi_related_posts":"","_relevanssi_noindex_reason":"","pgc_sgb_lightbox_settings":"","footnotes":""},"class_list":["post-9248","page","type-page","status-publish","hentry"],"acf":[],"yoast_head":"<!-- This site is optimized with the Yoast SEO plugin v27.4 - https:\/\/yoast.com\/product\/yoast-seo-wordpress\/ -->\n<title>Prospektbeilagen - Schweizer Musikzeitung<\/title>\n<meta name=\"description\" content=\"Prospektbeilagen und Sticky Notes in der Schweizer Musikzeitung bestellen.\" \/>\n<meta name=\"robots\" content=\"index, follow, max-snippet:-1, max-image-preview:large, max-video-preview:-1\" \/>\n<link rel=\"canonical\" href=\"https:\/\/www.musikzeitung.ch\/en\/inserate\/print-werbung\/prospektbeilagen-und-sticky-notes\/\" \/>\n<meta property=\"og:locale\" content=\"en_US\" \/>\n<meta property=\"og:type\" content=\"article\" \/>\n<meta property=\"og:title\" content=\"Prospektbeilagen - Schweizer Musikzeitung\" \/>\n<meta property=\"og:description\" content=\"Prospektbeilagen und Sticky Notes in der Schweizer Musikzeitung bestellen.\" \/>\n<meta property=\"og:url\" content=\"https:\/\/www.musikzeitung.ch\/en\/inserate\/print-werbung\/prospektbeilagen-und-sticky-notes\/\" \/>\n<meta property=\"og:site_name\" content=\"Schweizer Musikzeitung\" \/>\n<meta property=\"article:publisher\" content=\"https:\/\/www.facebook.com\/SchweizerMusikzeitung\/\" \/>\n<meta property=\"article:modified_time\" content=\"2026-02-10T14:24:58+00:00\" \/>\n<meta name=\"twitter:card\" content=\"summary_large_image\" \/>\n<meta name=\"twitter:site\" content=\"@smusikzeitung\" \/>\n<meta name=\"twitter:label1\" content=\"Est. reading time\" \/>\n\t<meta name=\"twitter:data1\" content=\"1 minute\" \/>\n<script type=\"application\/ld+json\" class=\"yoast-schema-graph\">{\"@context\":\"https:\\\/\\\/schema.org\",\"@graph\":[{\"@type\":\"WebPage\",\"@id\":\"https:\\\/\\\/www.musikzeitung.ch\\\/inserate\\\/print-werbung\\\/prospektbeilagen-und-sticky-notes\",\"url\":\"https:\\\/\\\/www.musikzeitung.ch\\\/inserate\\\/print-werbung\\\/prospektbeilagen-und-sticky-notes\",\"name\":\"Prospektbeilagen - Schweizer Musikzeitung\",\"isPartOf\":{\"@id\":\"https:\\\/\\\/www.musikzeitung.ch\\\/#website\"},\"datePublished\":\"2023-01-13T08:19:10+00:00\",\"dateModified\":\"2026-02-10T14:24:58+00:00\",\"description\":\"Prospektbeilagen und Sticky Notes in der Schweizer Musikzeitung bestellen.\",\"breadcrumb\":{\"@id\":\"https:\\\/\\\/www.musikzeitung.ch\\\/inserate\\\/print-werbung\\\/prospektbeilagen-und-sticky-notes#breadcrumb\"},\"inLanguage\":\"en-US\",\"potentialAction\":[{\"@type\":\"ReadAction\",\"target\":[\"https:\\\/\\\/www.musikzeitung.ch\\\/inserate\\\/print-werbung\\\/prospektbeilagen-und-sticky-notes\"]}]},{\"@type\":\"BreadcrumbList\",\"@id\":\"https:\\\/\\\/www.musikzeitung.ch\\\/inserate\\\/print-werbung\\\/prospektbeilagen-und-sticky-notes#breadcrumb\",\"itemListElement\":[{\"@type\":\"ListItem\",\"position\":1,\"name\":\"Home\",\"item\":\"https:\\\/\\\/www.musikzeitung.ch\\\/\"},{\"@type\":\"ListItem\",\"position\":2,\"name\":\"Inserate aufgeben\",\"item\":\"https:\\\/\\\/www.musikzeitung.ch\\\/inserate\"},{\"@type\":\"ListItem\",\"position\":3,\"name\":\"Print-Werbung\",\"item\":\"https:\\\/\\\/www.musikzeitung.ch\\\/inserate\\\/print-werbung\"},{\"@type\":\"ListItem\",\"position\":4,\"name\":\"Prospektbeilagen\"}]},{\"@type\":\"WebSite\",\"@id\":\"https:\\\/\\\/www.musikzeitung.ch\\\/#website\",\"url\":\"https:\\\/\\\/www.musikzeitung.ch\\\/\",\"name\":\"Schweizer Musikzeitung\",\"description\":\"Die f\u00fchrende sparten\u00fcbergreifende Monatszeitung in der Schweiz f\u00fcr musikalische Fragen.\",\"publisher\":{\"@id\":\"https:\\\/\\\/www.musikzeitung.ch\\\/#organization\"},\"potentialAction\":[{\"@type\":\"SearchAction\",\"target\":{\"@type\":\"EntryPoint\",\"urlTemplate\":\"https:\\\/\\\/www.musikzeitung.ch\\\/?s={search_term_string}\"},\"query-input\":{\"@type\":\"PropertyValueSpecification\",\"valueRequired\":true,\"valueName\":\"search_term_string\"}}],\"inLanguage\":\"en-US\"},{\"@type\":\"Organization\",\"@id\":\"https:\\\/\\\/www.musikzeitung.ch\\\/#organization\",\"name\":\"Schweizer Musikzeitung\",\"url\":\"https:\\\/\\\/www.musikzeitung.ch\\\/\",\"logo\":{\"@type\":\"ImageObject\",\"inLanguage\":\"en-US\",\"@id\":\"https:\\\/\\\/www.musikzeitung.ch\\\/#\\\/schema\\\/logo\\\/image\\\/\",\"url\":\"https:\\\/\\\/www.musikzeitung.ch\\\/wp-content\\\/uploads\\\/2023\\\/01\\\/SMZ_Schriftzug_Sprache.png\",\"contentUrl\":\"https:\\\/\\\/www.musikzeitung.ch\\\/wp-content\\\/uploads\\\/2023\\\/01\\\/SMZ_Schriftzug_Sprache.png\",\"width\":1400,\"height\":279,\"caption\":\"Schweizer Musikzeitung\"},\"image\":{\"@id\":\"https:\\\/\\\/www.musikzeitung.ch\\\/#\\\/schema\\\/logo\\\/image\\\/\"},\"sameAs\":[\"https:\\\/\\\/www.facebook.com\\\/SchweizerMusikzeitung\\\/\",\"https:\\\/\\\/x.com\\\/smusikzeitung\",\"https:\\\/\\\/www.instagram.com\\\/musikzeitung.ch\\\/\"]}]}<\/script>\n<!-- \/ Yoast SEO plugin. -->","yoast_head_json":{"title":"Prospektbeilagen - Schweizer Musikzeitung","description":"Prospektbeilagen und Sticky Notes in der Schweizer Musikzeitung bestellen.","robots":{"index":"index","follow":"follow","max-snippet":"max-snippet:-1","max-image-preview":"max-image-preview:large","max-video-preview":"max-video-preview:-1"},"canonical":"https:\/\/www.musikzeitung.ch\/en\/inserate\/print-werbung\/prospektbeilagen-und-sticky-notes\/","og_locale":"en_US","og_type":"article","og_title":"Prospektbeilagen - Schweizer Musikzeitung","og_description":"Prospektbeilagen und Sticky Notes in der Schweizer Musikzeitung bestellen.","og_url":"https:\/\/www.musikzeitung.ch\/en\/inserate\/print-werbung\/prospektbeilagen-und-sticky-notes\/","og_site_name":"Schweizer Musikzeitung","article_publisher":"https:\/\/www.facebook.com\/SchweizerMusikzeitung\/","article_modified_time":"2026-02-10T14:24:58+00:00","twitter_card":"summary_large_image","twitter_site":"@smusikzeitung","twitter_misc":{"Est. reading time":"1 minute"},"schema":{"@context":"https:\/\/schema.org","@graph":[{"@type":"WebPage","@id":"https:\/\/www.musikzeitung.ch\/inserate\/print-werbung\/prospektbeilagen-und-sticky-notes","url":"https:\/\/www.musikzeitung.ch\/inserate\/print-werbung\/prospektbeilagen-und-sticky-notes","name":"Prospektbeilagen - Schweizer Musikzeitung","isPartOf":{"@id":"https:\/\/www.musikzeitung.ch\/#website"},"datePublished":"2023-01-13T08:19:10+00:00","dateModified":"2026-02-10T14:24:58+00:00","description":"Prospektbeilagen und Sticky Notes in der Schweizer Musikzeitung bestellen.","breadcrumb":{"@id":"https:\/\/www.musikzeitung.ch\/inserate\/print-werbung\/prospektbeilagen-und-sticky-notes#breadcrumb"},"inLanguage":"en-US","potentialAction":[{"@type":"ReadAction","target":["https:\/\/www.musikzeitung.ch\/inserate\/print-werbung\/prospektbeilagen-und-sticky-notes"]}]},{"@type":"BreadcrumbList","@id":"https:\/\/www.musikzeitung.ch\/inserate\/print-werbung\/prospektbeilagen-und-sticky-notes#breadcrumb","itemListElement":[{"@type":"ListItem","position":1,"name":"Home","item":"https:\/\/www.musikzeitung.ch\/"},{"@type":"ListItem","position":2,"name":"Inserate aufgeben","item":"https:\/\/www.musikzeitung.ch\/inserate"},{"@type":"ListItem","position":3,"name":"Print-Werbung","item":"https:\/\/www.musikzeitung.ch\/inserate\/print-werbung"},{"@type":"ListItem","position":4,"name":"Prospektbeilagen"}]},{"@type":"WebSite","@id":"https:\/\/www.musikzeitung.ch\/#website","url":"https:\/\/www.musikzeitung.ch\/","name":"Swiss Music Newspaper","description":"The leading interdisciplinary monthly newspaper in Switzerland for musical issues.","publisher":{"@id":"https:\/\/www.musikzeitung.ch\/#organization"},"potentialAction":[{"@type":"SearchAction","target":{"@type":"EntryPoint","urlTemplate":"https:\/\/www.musikzeitung.ch\/?s={search_term_string}"},"query-input":{"@type":"PropertyValueSpecification","valueRequired":true,"valueName":"search_term_string"}}],"inLanguage":"en-US"},{"@type":"Organization","@id":"https:\/\/www.musikzeitung.ch\/#organization","name":"Swiss Music Newspaper","url":"https:\/\/www.musikzeitung.ch\/","logo":{"@type":"ImageObject","inLanguage":"en-US","@id":"https:\/\/www.musikzeitung.ch\/#\/schema\/logo\/image\/","url":"https:\/\/www.musikzeitung.ch\/wp-content\/uploads\/2023\/01\/SMZ_Schriftzug_Sprache.png","contentUrl":"https:\/\/www.musikzeitung.ch\/wp-content\/uploads\/2023\/01\/SMZ_Schriftzug_Sprache.png","width":1400,"height":279,"caption":"Schweizer Musikzeitung"},"image":{"@id":"https:\/\/www.musikzeitung.ch\/#\/schema\/logo\/image\/"},"sameAs":["https:\/\/www.facebook.com\/SchweizerMusikzeitung\/","https:\/\/x.com\/smusikzeitung","https:\/\/www.instagram.com\/musikzeitung.ch\/"]}]}},"publishpress_future_workflow_manual_trigger":{"enabledWorkflows":[]},"_links":{"self":[{"href":"https:\/\/www.musikzeitung.ch\/en\/wp-json\/wp\/v2\/pages\/9248","targetHints":{"allow":["GET"]}}],"collection":[{"href":"https:\/\/www.musikzeitung.ch\/en\/wp-json\/wp\/v2\/pages"}],"about":[{"href":"https:\/\/www.musikzeitung.ch\/en\/wp-json\/wp\/v2\/types\/page"}],"author":[{"embeddable":true,"href":"https:\/\/www.musikzeitung.ch\/en\/wp-json\/wp\/v2\/users\/23"}],"replies":[{"embeddable":true,"href":"https:\/\/www.musikzeitung.ch\/en\/wp-json\/wp\/v2\/comments?post=9248"}],"version-history":[{"count":6,"href":"https:\/\/www.musikzeitung.ch\/en\/wp-json\/wp\/v2\/pages\/9248\/revisions"}],"predecessor-version":[{"id":71014,"href":"https:\/\/www.musikzeitung.ch\/en\/wp-json\/wp\/v2\/pages\/9248\/revisions\/71014"}],"up":[{"embeddable":true,"href":"https:\/\/www.musikzeitung.ch\/en\/wp-json\/wp\/v2\/pages\/232"}],"wp:attachment":[{"href":"https:\/\/www.musikzeitung.ch\/en\/wp-json\/wp\/v2\/media?parent=9248"}],"curies":[{"name":"wp","href":"https:\/\/api.w.org\/{rel}","templated":true}]}}