{"id":9251,"date":"2023-01-13T09:24:46","date_gmt":"2023-01-13T08:24:46","guid":{"rendered":"https:\/\/www.musikzeitung.ch\/?page_id=9251"},"modified":"2025-12-17T09:49:31","modified_gmt":"2025-12-17T08:49:31","slug":"kurskalender-und-linkempfehlungen","status":"publish","type":"page","link":"https:\/\/www.musikzeitung.ch\/en\/inserate\/print-werbung\/kurskalender-und-linkempfehlungen","title":{"rendered":"Course calendar and link recommendations"},"content":{"rendered":"<h3>Link recommendations and course calendar<\/h3>\n<p>Such entries are published in the printed edition as a \"Service\".<\/p>\n<p><strong>Offer 1<br \/>\n<\/strong>Up to approx. 500 characters (incl. spaces)<br \/>\nPer issue CHF 75.-<br \/>\nAnnual order (6 issues) CHF 425.<\/p>\n<p><strong>Offer 2<\/strong><br \/>\nUp to max. 3 lines (max. 150 characters incl. spaces)<br \/>\nPer issue CHF 30.<br \/>\nAnnual order (6 issues) CHF 170.<\/p>\n<p><strong>Discount<\/strong><br \/>\n10% from 5 simultaneous switching operations<br \/>\n15% from 10 simultaneous switching operations<\/p>\n<p>Prices excl. 8.1% VAT, subject to change.<\/p>\n<p><strong>order<\/strong><br \/>\nVia e-mail <a href=\"mailto:inserate@musikzeitung.ch\">inserate@musikzeitung.ch<\/a><\/p>\n<p><strong>Contact us<br \/>\n<\/strong>We are happy to provide information:<br \/>\nTel. 044 928 56 11 (Advertisement scheduling Z\u00fcrichsee Werbe AG)<br \/>\nTel. 044 281 23 21 (editorial office)<br \/>\nor by e-mail: <a href=\"mailto:inserate@musikzeitung.ch\">inserate@musikzeitung.ch<\/a><\/p>\n<p>The booking is subject to the General Terms and Conditions (<a href=\"http:\/\/de\/agb.html\">AGB\/Data protection<\/a>) and the General Terms and Conditions for Advertising Orders and Media (<a href=\"https:\/\/www.musikzeitung.ch\/de\/inserieren\/konditionen.html\">AGB Advertising<\/a>) of the Schweizer Musikzeitung.<\/p>","protected":false},"excerpt":{"rendered":"<p>Linkempfehlungen und Kurskalender Solche Eintr\u00e4ge werden in der gedruckten Ausgabe als \u00abService\u00bb publiziert. Angebot 1 Bis zirka 500 Zeichen (inkl. Leerzeichen) Pro Ausgabe CHF 75.- Jahresauftrag (6 Ausgaben) CHF 425.- Angebot 2 Bis max. 3 Zeilen (max. 150 Zeichen inkl. Leerschl\u00e4gen) Pro Ausgabe CHF 30.- Jahresauftrag (6 Ausgaben) CHF 170.- Rabatt 10% ab 5 gleichzeitigen [&hellip;]<\/p>\n","protected":false},"author":23,"featured_media":0,"parent":232,"menu_order":0,"comment_status":"closed","ping_status":"closed","template":"","meta":{"_acf_changed":false,"_relevanssi_hide_post":"","_relevanssi_hide_content":"","_relevanssi_pin_for_all":"","_relevanssi_pin_keywords":"","_relevanssi_unpin_keywords":"","_relevanssi_related_keywords":"","_relevanssi_related_include_ids":"","_relevanssi_related_exclude_ids":"","_relevanssi_related_no_append":"","_relevanssi_related_not_related":"","_relevanssi_related_posts":"","_relevanssi_noindex_reason":"","pgc_sgb_lightbox_settings":"","footnotes":""},"class_list":["post-9251","page","type-page","status-publish","hentry"],"acf":[],"yoast_head":"<!-- This site is optimized with the Yoast SEO plugin v27.4 - https:\/\/yoast.com\/product\/yoast-seo-wordpress\/ -->\n<title>Kurskalender und Linkempfehlungen - Schweizer Musikzeitung<\/title>\n<meta name=\"description\" content=\"Linkempfehlungen und Eintr\u00e4ge in den Kurskalender werden in der gedruckten Schweizer Musikzeitung unter der Rubrik \u00abService\u00bb publiziert.\" \/>\n<meta name=\"robots\" content=\"index, follow, max-snippet:-1, max-image-preview:large, max-video-preview:-1\" \/>\n<link rel=\"canonical\" href=\"https:\/\/www.musikzeitung.ch\/en\/inserate\/print-werbung\/kurskalender-und-linkempfehlungen\/\" \/>\n<meta property=\"og:locale\" content=\"en_US\" \/>\n<meta property=\"og:type\" content=\"article\" \/>\n<meta property=\"og:title\" content=\"Kurskalender und Linkempfehlungen - Schweizer Musikzeitung\" \/>\n<meta property=\"og:description\" content=\"Linkempfehlungen und Eintr\u00e4ge in den Kurskalender werden in der gedruckten Schweizer Musikzeitung unter der Rubrik \u00abService\u00bb publiziert.\" \/>\n<meta property=\"og:url\" content=\"https:\/\/www.musikzeitung.ch\/en\/inserate\/print-werbung\/kurskalender-und-linkempfehlungen\/\" \/>\n<meta property=\"og:site_name\" content=\"Schweizer Musikzeitung\" \/>\n<meta property=\"article:publisher\" content=\"https:\/\/www.facebook.com\/SchweizerMusikzeitung\/\" \/>\n<meta property=\"article:modified_time\" content=\"2025-12-17T08:49:31+00:00\" \/>\n<meta name=\"twitter:card\" content=\"summary_large_image\" \/>\n<meta name=\"twitter:site\" content=\"@smusikzeitung\" \/>\n<meta name=\"twitter:label1\" content=\"Est. reading time\" \/>\n\t<meta name=\"twitter:data1\" content=\"1 minute\" \/>\n<script type=\"application\/ld+json\" class=\"yoast-schema-graph\">{\"@context\":\"https:\\\/\\\/schema.org\",\"@graph\":[{\"@type\":\"WebPage\",\"@id\":\"https:\\\/\\\/www.musikzeitung.ch\\\/inserate\\\/print-werbung\\\/kurskalender-und-linkempfehlungen\",\"url\":\"https:\\\/\\\/www.musikzeitung.ch\\\/inserate\\\/print-werbung\\\/kurskalender-und-linkempfehlungen\",\"name\":\"Kurskalender und Linkempfehlungen - Schweizer Musikzeitung\",\"isPartOf\":{\"@id\":\"https:\\\/\\\/www.musikzeitung.ch\\\/#website\"},\"datePublished\":\"2023-01-13T08:24:46+00:00\",\"dateModified\":\"2025-12-17T08:49:31+00:00\",\"description\":\"Linkempfehlungen und Eintr\u00e4ge in den Kurskalender werden in der gedruckten Schweizer Musikzeitung unter der Rubrik \u00abService\u00bb publiziert.\",\"breadcrumb\":{\"@id\":\"https:\\\/\\\/www.musikzeitung.ch\\\/inserate\\\/print-werbung\\\/kurskalender-und-linkempfehlungen#breadcrumb\"},\"inLanguage\":\"en-US\",\"potentialAction\":[{\"@type\":\"ReadAction\",\"target\":[\"https:\\\/\\\/www.musikzeitung.ch\\\/inserate\\\/print-werbung\\\/kurskalender-und-linkempfehlungen\"]}]},{\"@type\":\"BreadcrumbList\",\"@id\":\"https:\\\/\\\/www.musikzeitung.ch\\\/inserate\\\/print-werbung\\\/kurskalender-und-linkempfehlungen#breadcrumb\",\"itemListElement\":[{\"@type\":\"ListItem\",\"position\":1,\"name\":\"Home\",\"item\":\"https:\\\/\\\/www.musikzeitung.ch\\\/\"},{\"@type\":\"ListItem\",\"position\":2,\"name\":\"Inserate aufgeben\",\"item\":\"https:\\\/\\\/www.musikzeitung.ch\\\/inserate\"},{\"@type\":\"ListItem\",\"position\":3,\"name\":\"Print-Werbung\",\"item\":\"https:\\\/\\\/www.musikzeitung.ch\\\/inserate\\\/print-werbung\"},{\"@type\":\"ListItem\",\"position\":4,\"name\":\"Kurskalender und Linkempfehlungen\"}]},{\"@type\":\"WebSite\",\"@id\":\"https:\\\/\\\/www.musikzeitung.ch\\\/#website\",\"url\":\"https:\\\/\\\/www.musikzeitung.ch\\\/\",\"name\":\"Schweizer Musikzeitung\",\"description\":\"Die f\u00fchrende sparten\u00fcbergreifende Monatszeitung in der Schweiz f\u00fcr musikalische Fragen.\",\"publisher\":{\"@id\":\"https:\\\/\\\/www.musikzeitung.ch\\\/#organization\"},\"potentialAction\":[{\"@type\":\"SearchAction\",\"target\":{\"@type\":\"EntryPoint\",\"urlTemplate\":\"https:\\\/\\\/www.musikzeitung.ch\\\/?s={search_term_string}\"},\"query-input\":{\"@type\":\"PropertyValueSpecification\",\"valueRequired\":true,\"valueName\":\"search_term_string\"}}],\"inLanguage\":\"en-US\"},{\"@type\":\"Organization\",\"@id\":\"https:\\\/\\\/www.musikzeitung.ch\\\/#organization\",\"name\":\"Schweizer Musikzeitung\",\"url\":\"https:\\\/\\\/www.musikzeitung.ch\\\/\",\"logo\":{\"@type\":\"ImageObject\",\"inLanguage\":\"en-US\",\"@id\":\"https:\\\/\\\/www.musikzeitung.ch\\\/#\\\/schema\\\/logo\\\/image\\\/\",\"url\":\"https:\\\/\\\/www.musikzeitung.ch\\\/wp-content\\\/uploads\\\/2023\\\/01\\\/SMZ_Schriftzug_Sprache.png\",\"contentUrl\":\"https:\\\/\\\/www.musikzeitung.ch\\\/wp-content\\\/uploads\\\/2023\\\/01\\\/SMZ_Schriftzug_Sprache.png\",\"width\":1400,\"height\":279,\"caption\":\"Schweizer Musikzeitung\"},\"image\":{\"@id\":\"https:\\\/\\\/www.musikzeitung.ch\\\/#\\\/schema\\\/logo\\\/image\\\/\"},\"sameAs\":[\"https:\\\/\\\/www.facebook.com\\\/SchweizerMusikzeitung\\\/\",\"https:\\\/\\\/x.com\\\/smusikzeitung\",\"https:\\\/\\\/www.instagram.com\\\/musikzeitung.ch\\\/\"]}]}<\/script>\n<!-- \/ Yoast SEO plugin. -->","yoast_head_json":{"title":"Course calendar and link recommendations - Schweizer Musikzeitung","description":"Link recommendations and entries in the course calendar are published in the printed Schweizer Musikzeitung under the heading \u00abService\u00bb.","robots":{"index":"index","follow":"follow","max-snippet":"max-snippet:-1","max-image-preview":"max-image-preview:large","max-video-preview":"max-video-preview:-1"},"canonical":"https:\/\/www.musikzeitung.ch\/en\/inserate\/print-werbung\/kurskalender-und-linkempfehlungen\/","og_locale":"en_US","og_type":"article","og_title":"Kurskalender und Linkempfehlungen - Schweizer Musikzeitung","og_description":"Linkempfehlungen und Eintr\u00e4ge in den Kurskalender werden in der gedruckten Schweizer Musikzeitung unter der Rubrik \u00abService\u00bb publiziert.","og_url":"https:\/\/www.musikzeitung.ch\/en\/inserate\/print-werbung\/kurskalender-und-linkempfehlungen\/","og_site_name":"Schweizer Musikzeitung","article_publisher":"https:\/\/www.facebook.com\/SchweizerMusikzeitung\/","article_modified_time":"2025-12-17T08:49:31+00:00","twitter_card":"summary_large_image","twitter_site":"@smusikzeitung","twitter_misc":{"Est. reading time":"1 minute"},"schema":{"@context":"https:\/\/schema.org","@graph":[{"@type":"WebPage","@id":"https:\/\/www.musikzeitung.ch\/inserate\/print-werbung\/kurskalender-und-linkempfehlungen","url":"https:\/\/www.musikzeitung.ch\/inserate\/print-werbung\/kurskalender-und-linkempfehlungen","name":"Course calendar and link recommendations - Schweizer Musikzeitung","isPartOf":{"@id":"https:\/\/www.musikzeitung.ch\/#website"},"datePublished":"2023-01-13T08:24:46+00:00","dateModified":"2025-12-17T08:49:31+00:00","description":"Link recommendations and entries in the course calendar are published in the printed Schweizer Musikzeitung under the heading \u00abService\u00bb.","breadcrumb":{"@id":"https:\/\/www.musikzeitung.ch\/inserate\/print-werbung\/kurskalender-und-linkempfehlungen#breadcrumb"},"inLanguage":"en-US","potentialAction":[{"@type":"ReadAction","target":["https:\/\/www.musikzeitung.ch\/inserate\/print-werbung\/kurskalender-und-linkempfehlungen"]}]},{"@type":"BreadcrumbList","@id":"https:\/\/www.musikzeitung.ch\/inserate\/print-werbung\/kurskalender-und-linkempfehlungen#breadcrumb","itemListElement":[{"@type":"ListItem","position":1,"name":"Home","item":"https:\/\/www.musikzeitung.ch\/"},{"@type":"ListItem","position":2,"name":"Inserate aufgeben","item":"https:\/\/www.musikzeitung.ch\/inserate"},{"@type":"ListItem","position":3,"name":"Print-Werbung","item":"https:\/\/www.musikzeitung.ch\/inserate\/print-werbung"},{"@type":"ListItem","position":4,"name":"Kurskalender und Linkempfehlungen"}]},{"@type":"WebSite","@id":"https:\/\/www.musikzeitung.ch\/#website","url":"https:\/\/www.musikzeitung.ch\/","name":"Swiss Music Newspaper","description":"The leading interdisciplinary monthly newspaper in Switzerland for musical issues.","publisher":{"@id":"https:\/\/www.musikzeitung.ch\/#organization"},"potentialAction":[{"@type":"SearchAction","target":{"@type":"EntryPoint","urlTemplate":"https:\/\/www.musikzeitung.ch\/?s={search_term_string}"},"query-input":{"@type":"PropertyValueSpecification","valueRequired":true,"valueName":"search_term_string"}}],"inLanguage":"en-US"},{"@type":"Organization","@id":"https:\/\/www.musikzeitung.ch\/#organization","name":"Swiss Music Newspaper","url":"https:\/\/www.musikzeitung.ch\/","logo":{"@type":"ImageObject","inLanguage":"en-US","@id":"https:\/\/www.musikzeitung.ch\/#\/schema\/logo\/image\/","url":"https:\/\/www.musikzeitung.ch\/wp-content\/uploads\/2023\/01\/SMZ_Schriftzug_Sprache.png","contentUrl":"https:\/\/www.musikzeitung.ch\/wp-content\/uploads\/2023\/01\/SMZ_Schriftzug_Sprache.png","width":1400,"height":279,"caption":"Schweizer Musikzeitung"},"image":{"@id":"https:\/\/www.musikzeitung.ch\/#\/schema\/logo\/image\/"},"sameAs":["https:\/\/www.facebook.com\/SchweizerMusikzeitung\/","https:\/\/x.com\/smusikzeitung","https:\/\/www.instagram.com\/musikzeitung.ch\/"]}]}},"publishpress_future_workflow_manual_trigger":{"enabledWorkflows":[]},"_links":{"self":[{"href":"https:\/\/www.musikzeitung.ch\/en\/wp-json\/wp\/v2\/pages\/9251","targetHints":{"allow":["GET"]}}],"collection":[{"href":"https:\/\/www.musikzeitung.ch\/en\/wp-json\/wp\/v2\/pages"}],"about":[{"href":"https:\/\/www.musikzeitung.ch\/en\/wp-json\/wp\/v2\/types\/page"}],"author":[{"embeddable":true,"href":"https:\/\/www.musikzeitung.ch\/en\/wp-json\/wp\/v2\/users\/23"}],"replies":[{"embeddable":true,"href":"https:\/\/www.musikzeitung.ch\/en\/wp-json\/wp\/v2\/comments?post=9251"}],"version-history":[{"count":7,"href":"https:\/\/www.musikzeitung.ch\/en\/wp-json\/wp\/v2\/pages\/9251\/revisions"}],"predecessor-version":[{"id":69707,"href":"https:\/\/www.musikzeitung.ch\/en\/wp-json\/wp\/v2\/pages\/9251\/revisions\/69707"}],"up":[{"embeddable":true,"href":"https:\/\/www.musikzeitung.ch\/en\/wp-json\/wp\/v2\/pages\/232"}],"wp:attachment":[{"href":"https:\/\/www.musikzeitung.ch\/en\/wp-json\/wp\/v2\/media?parent=9251"}],"curies":[{"name":"wp","href":"https:\/\/api.w.org\/{rel}","templated":true}]}}