{"id":9308,"date":"2023-01-13T14:47:15","date_gmt":"2023-01-13T13:47:15","guid":{"rendered":"https:\/\/www.musikzeitung.ch\/?page_id=9308"},"modified":"2026-01-29T09:10:39","modified_gmt":"2026-01-29T08:10:39","slug":"arosa-kultur","status":"publish","type":"page","link":"https:\/\/www.musikzeitung.ch\/en\/basis\/arosa-kultur","title":{"rendered":"Arosa Culture"},"content":{"rendered":"<p><strong>Arosa Culture<\/strong> is a non-profit and politically neutral association that organizes cultural events in Arosa (canton of Graub\u00fcnden), including the Arosa Music Course Weeks (broad-based promotion) and the Arosa Music Academy (top-level promotion). The association has over 600 members, around two thirds of whom are locals and one third vacation guests and other culture enthusiasts from Switzerland and abroad.<br \/>\nThe Arosa Music Course Weeks have been taking place since 1986. The program is aimed at amateurs, students and professional musicians of all ages. In total, over 100 courses are organized for a wide range of instruments as well as singing and dancing weeks. In addition, the Arosa Music Academy was launched in 2011. These are master classes in which young talents are strongly encouraged not only on their instrument, but also in chamber music.<br \/>\nArosa Culture works very closely with the SJMW on the Arosa Music Weeks, the Arosa Music Academy and an orchestra project with young soloists. Graduates of the SJMW receive a substantial discount on the courses in Arosa or, in some cases, a scholarship. And in the orchestra project with young soloists, two to three SJMW prizewinners can rehearse with a professional orchestra from Arosa Kultur and give several concerts each year.<\/p>\n<p><strong><a href=\"http:\/\/www.arosakultur.ch\">arosaculture.ch<\/a><\/strong><\/p>\n<p>&nbsp;<\/p>\n<p><strong>Contact us<br \/>\n<\/strong>AROSA CULTURE<br \/>\n7050 Arosa<br \/>\nT +41 81 353 87 47<br \/>\nF +41 81 353 87 50<br \/>\n<a href=\"mailto:info@arosakultur.ch\">info@arosakultur.ch<\/a><\/p>\n<p>&nbsp;<\/p>\n<p><strong>Office<\/strong><br \/>\nAngela Buxhofer, Managing Director<br \/>\nAndri Probst, Deputy Managing Director<br \/>\nFranco Mettler, Artistic Director<\/p>","protected":false},"excerpt":{"rendered":"<p>Arosa Kultur ist ein gemeinn\u00fctziger und politisch neutraler Verein, der in Arosa (Kanton Graub\u00fcnden) kulturelle Veranstaltungen, darunter die Musik-Kurswochen Arosa (Breitenf\u00f6rderung) und die Arosa Music Academy (Spitzenf\u00f6rderung) durchf\u00fchrt. Dem Verein geh\u00f6ren \u00fcber 600 Mitglieder an, etwa zwei Drittel Einheimische und ein Drittel Ferieng\u00e4ste und weitere kulturinteressierte Personen aus dem In- und Ausland. Die Musik-Kurswochen Arosa [&hellip;]<\/p>\n","protected":false},"author":43672,"featured_media":9336,"parent":230,"menu_order":0,"comment_status":"closed","ping_status":"closed","template":"page_partner.php","meta":{"_acf_changed":false,"_relevanssi_hide_post":"","_relevanssi_hide_content":"","_relevanssi_pin_for_all":"","_relevanssi_pin_keywords":"","_relevanssi_unpin_keywords":"","_relevanssi_related_keywords":"","_relevanssi_related_include_ids":"","_relevanssi_related_exclude_ids":"","_relevanssi_related_no_append":"","_relevanssi_related_not_related":"","_relevanssi_related_posts":"","_relevanssi_noindex_reason":"","pgc_sgb_lightbox_settings":"","footnotes":""},"class_list":["post-9308","page","type-page","status-publish","has-post-thumbnail","hentry"],"acf":[],"yoast_head":"<!-- This site is optimized with the Yoast SEO plugin v27.4 - https:\/\/yoast.com\/product\/yoast-seo-wordpress\/ -->\n<title>Arosa Kultur - Schweizer Musikzeitung<\/title>\n<meta name=\"robots\" content=\"index, follow, max-snippet:-1, max-image-preview:large, max-video-preview:-1\" \/>\n<link rel=\"canonical\" href=\"https:\/\/www.musikzeitung.ch\/en\/basis\/arosa-kultur\/\" \/>\n<meta property=\"og:locale\" content=\"en_US\" \/>\n<meta property=\"og:type\" content=\"article\" \/>\n<meta property=\"og:title\" content=\"Arosa Kultur - Schweizer Musikzeitung\" \/>\n<meta property=\"og:description\" content=\"Arosa Kultur ist ein gemeinn\u00fctziger und politisch neutraler Verein, der in Arosa (Kanton Graub\u00fcnden) kulturelle Veranstaltungen, darunter die Musik-Kurswochen Arosa (Breitenf\u00f6rderung) und die Arosa Music Academy (Spitzenf\u00f6rderung) durchf\u00fchrt. Dem Verein geh\u00f6ren \u00fcber 600 Mitglieder an, etwa zwei Drittel Einheimische und ein Drittel Ferieng\u00e4ste und weitere kulturinteressierte Personen aus dem In- und Ausland. Die Musik-Kurswochen Arosa [&hellip;]\" \/>\n<meta property=\"og:url\" content=\"https:\/\/www.musikzeitung.ch\/en\/basis\/arosa-kultur\/\" \/>\n<meta property=\"og:site_name\" content=\"Schweizer Musikzeitung\" \/>\n<meta property=\"article:publisher\" content=\"https:\/\/www.facebook.com\/SchweizerMusikzeitung\/\" \/>\n<meta property=\"article:modified_time\" content=\"2026-01-29T08:10:39+00:00\" \/>\n<meta property=\"og:image\" content=\"https:\/\/www.musikzeitung.ch\/wp-content\/uploads\/2023\/01\/arosa_musikzeitung.jpg\" \/>\n\t<meta property=\"og:image:width\" content=\"1200\" \/>\n\t<meta property=\"og:image:height\" content=\"600\" \/>\n\t<meta property=\"og:image:type\" content=\"image\/jpeg\" \/>\n<meta name=\"twitter:card\" content=\"summary_large_image\" \/>\n<meta name=\"twitter:site\" content=\"@smusikzeitung\" \/>\n<meta name=\"twitter:label1\" content=\"Est. reading time\" \/>\n\t<meta name=\"twitter:data1\" content=\"2 minutes\" \/>\n<script type=\"application\/ld+json\" class=\"yoast-schema-graph\">{\"@context\":\"https:\\\/\\\/schema.org\",\"@graph\":[{\"@type\":\"WebPage\",\"@id\":\"https:\\\/\\\/www.musikzeitung.ch\\\/basis\\\/arosa-kultur\",\"url\":\"https:\\\/\\\/www.musikzeitung.ch\\\/basis\\\/arosa-kultur\",\"name\":\"Arosa Kultur - Schweizer Musikzeitung\",\"isPartOf\":{\"@id\":\"https:\\\/\\\/www.musikzeitung.ch\\\/#website\"},\"primaryImageOfPage\":{\"@id\":\"https:\\\/\\\/www.musikzeitung.ch\\\/basis\\\/arosa-kultur#primaryimage\"},\"image\":{\"@id\":\"https:\\\/\\\/www.musikzeitung.ch\\\/basis\\\/arosa-kultur#primaryimage\"},\"thumbnailUrl\":\"https:\\\/\\\/www.musikzeitung.ch\\\/wp-content\\\/uploads\\\/2023\\\/01\\\/arosa_musikzeitung.jpg\",\"datePublished\":\"2023-01-13T13:47:15+00:00\",\"dateModified\":\"2026-01-29T08:10:39+00:00\",\"breadcrumb\":{\"@id\":\"https:\\\/\\\/www.musikzeitung.ch\\\/basis\\\/arosa-kultur#breadcrumb\"},\"inLanguage\":\"en-US\",\"potentialAction\":[{\"@type\":\"ReadAction\",\"target\":[\"https:\\\/\\\/www.musikzeitung.ch\\\/basis\\\/arosa-kultur\"]}]},{\"@type\":\"ImageObject\",\"inLanguage\":\"en-US\",\"@id\":\"https:\\\/\\\/www.musikzeitung.ch\\\/basis\\\/arosa-kultur#primaryimage\",\"url\":\"https:\\\/\\\/www.musikzeitung.ch\\\/wp-content\\\/uploads\\\/2023\\\/01\\\/arosa_musikzeitung.jpg\",\"contentUrl\":\"https:\\\/\\\/www.musikzeitung.ch\\\/wp-content\\\/uploads\\\/2023\\\/01\\\/arosa_musikzeitung.jpg\",\"width\":1200,\"height\":600},{\"@type\":\"BreadcrumbList\",\"@id\":\"https:\\\/\\\/www.musikzeitung.ch\\\/basis\\\/arosa-kultur#breadcrumb\",\"itemListElement\":[{\"@type\":\"ListItem\",\"position\":1,\"name\":\"Home\",\"item\":\"https:\\\/\\\/www.musikzeitung.ch\\\/\"},{\"@type\":\"ListItem\",\"position\":2,\"name\":\"Basis\",\"item\":\"https:\\\/\\\/www.musikzeitung.ch\\\/basis\"},{\"@type\":\"ListItem\",\"position\":3,\"name\":\"Arosa Kultur\"}]},{\"@type\":\"WebSite\",\"@id\":\"https:\\\/\\\/www.musikzeitung.ch\\\/#website\",\"url\":\"https:\\\/\\\/www.musikzeitung.ch\\\/\",\"name\":\"Schweizer Musikzeitung\",\"description\":\"Die f\u00fchrende sparten\u00fcbergreifende Monatszeitung in der Schweiz f\u00fcr musikalische Fragen.\",\"publisher\":{\"@id\":\"https:\\\/\\\/www.musikzeitung.ch\\\/#organization\"},\"potentialAction\":[{\"@type\":\"SearchAction\",\"target\":{\"@type\":\"EntryPoint\",\"urlTemplate\":\"https:\\\/\\\/www.musikzeitung.ch\\\/?s={search_term_string}\"},\"query-input\":{\"@type\":\"PropertyValueSpecification\",\"valueRequired\":true,\"valueName\":\"search_term_string\"}}],\"inLanguage\":\"en-US\"},{\"@type\":\"Organization\",\"@id\":\"https:\\\/\\\/www.musikzeitung.ch\\\/#organization\",\"name\":\"Schweizer Musikzeitung\",\"url\":\"https:\\\/\\\/www.musikzeitung.ch\\\/\",\"logo\":{\"@type\":\"ImageObject\",\"inLanguage\":\"en-US\",\"@id\":\"https:\\\/\\\/www.musikzeitung.ch\\\/#\\\/schema\\\/logo\\\/image\\\/\",\"url\":\"https:\\\/\\\/www.musikzeitung.ch\\\/wp-content\\\/uploads\\\/2023\\\/01\\\/SMZ_Schriftzug_Sprache.png\",\"contentUrl\":\"https:\\\/\\\/www.musikzeitung.ch\\\/wp-content\\\/uploads\\\/2023\\\/01\\\/SMZ_Schriftzug_Sprache.png\",\"width\":1400,\"height\":279,\"caption\":\"Schweizer Musikzeitung\"},\"image\":{\"@id\":\"https:\\\/\\\/www.musikzeitung.ch\\\/#\\\/schema\\\/logo\\\/image\\\/\"},\"sameAs\":[\"https:\\\/\\\/www.facebook.com\\\/SchweizerMusikzeitung\\\/\",\"https:\\\/\\\/x.com\\\/smusikzeitung\",\"https:\\\/\\\/www.instagram.com\\\/musikzeitung.ch\\\/\"]}]}<\/script>\n<!-- \/ Yoast SEO plugin. -->","yoast_head_json":{"title":"Arosa Culture - Swiss Music Journal","robots":{"index":"index","follow":"follow","max-snippet":"max-snippet:-1","max-image-preview":"max-image-preview:large","max-video-preview":"max-video-preview:-1"},"canonical":"https:\/\/www.musikzeitung.ch\/en\/basis\/arosa-kultur\/","og_locale":"en_US","og_type":"article","og_title":"Arosa Kultur - Schweizer Musikzeitung","og_description":"Arosa Kultur ist ein gemeinn\u00fctziger und politisch neutraler Verein, der in Arosa (Kanton Graub\u00fcnden) kulturelle Veranstaltungen, darunter die Musik-Kurswochen Arosa (Breitenf\u00f6rderung) und die Arosa Music Academy (Spitzenf\u00f6rderung) durchf\u00fchrt. Dem Verein geh\u00f6ren \u00fcber 600 Mitglieder an, etwa zwei Drittel Einheimische und ein Drittel Ferieng\u00e4ste und weitere kulturinteressierte Personen aus dem In- und Ausland. Die Musik-Kurswochen Arosa [&hellip;]","og_url":"https:\/\/www.musikzeitung.ch\/en\/basis\/arosa-kultur\/","og_site_name":"Schweizer Musikzeitung","article_publisher":"https:\/\/www.facebook.com\/SchweizerMusikzeitung\/","article_modified_time":"2026-01-29T08:10:39+00:00","og_image":[{"width":1200,"height":600,"url":"https:\/\/www.musikzeitung.ch\/wp-content\/uploads\/2023\/01\/arosa_musikzeitung.jpg","type":"image\/jpeg"}],"twitter_card":"summary_large_image","twitter_site":"@smusikzeitung","twitter_misc":{"Est. reading time":"2 minutes"},"schema":{"@context":"https:\/\/schema.org","@graph":[{"@type":"WebPage","@id":"https:\/\/www.musikzeitung.ch\/basis\/arosa-kultur","url":"https:\/\/www.musikzeitung.ch\/basis\/arosa-kultur","name":"Arosa Culture - Swiss Music Journal","isPartOf":{"@id":"https:\/\/www.musikzeitung.ch\/#website"},"primaryImageOfPage":{"@id":"https:\/\/www.musikzeitung.ch\/basis\/arosa-kultur#primaryimage"},"image":{"@id":"https:\/\/www.musikzeitung.ch\/basis\/arosa-kultur#primaryimage"},"thumbnailUrl":"https:\/\/www.musikzeitung.ch\/wp-content\/uploads\/2023\/01\/arosa_musikzeitung.jpg","datePublished":"2023-01-13T13:47:15+00:00","dateModified":"2026-01-29T08:10:39+00:00","breadcrumb":{"@id":"https:\/\/www.musikzeitung.ch\/basis\/arosa-kultur#breadcrumb"},"inLanguage":"en-US","potentialAction":[{"@type":"ReadAction","target":["https:\/\/www.musikzeitung.ch\/basis\/arosa-kultur"]}]},{"@type":"ImageObject","inLanguage":"en-US","@id":"https:\/\/www.musikzeitung.ch\/basis\/arosa-kultur#primaryimage","url":"https:\/\/www.musikzeitung.ch\/wp-content\/uploads\/2023\/01\/arosa_musikzeitung.jpg","contentUrl":"https:\/\/www.musikzeitung.ch\/wp-content\/uploads\/2023\/01\/arosa_musikzeitung.jpg","width":1200,"height":600},{"@type":"BreadcrumbList","@id":"https:\/\/www.musikzeitung.ch\/basis\/arosa-kultur#breadcrumb","itemListElement":[{"@type":"ListItem","position":1,"name":"Home","item":"https:\/\/www.musikzeitung.ch\/"},{"@type":"ListItem","position":2,"name":"Basis","item":"https:\/\/www.musikzeitung.ch\/basis"},{"@type":"ListItem","position":3,"name":"Arosa Kultur"}]},{"@type":"WebSite","@id":"https:\/\/www.musikzeitung.ch\/#website","url":"https:\/\/www.musikzeitung.ch\/","name":"Swiss Music Newspaper","description":"The leading interdisciplinary monthly newspaper in Switzerland for musical issues.","publisher":{"@id":"https:\/\/www.musikzeitung.ch\/#organization"},"potentialAction":[{"@type":"SearchAction","target":{"@type":"EntryPoint","urlTemplate":"https:\/\/www.musikzeitung.ch\/?s={search_term_string}"},"query-input":{"@type":"PropertyValueSpecification","valueRequired":true,"valueName":"search_term_string"}}],"inLanguage":"en-US"},{"@type":"Organization","@id":"https:\/\/www.musikzeitung.ch\/#organization","name":"Swiss Music Newspaper","url":"https:\/\/www.musikzeitung.ch\/","logo":{"@type":"ImageObject","inLanguage":"en-US","@id":"https:\/\/www.musikzeitung.ch\/#\/schema\/logo\/image\/","url":"https:\/\/www.musikzeitung.ch\/wp-content\/uploads\/2023\/01\/SMZ_Schriftzug_Sprache.png","contentUrl":"https:\/\/www.musikzeitung.ch\/wp-content\/uploads\/2023\/01\/SMZ_Schriftzug_Sprache.png","width":1400,"height":279,"caption":"Schweizer Musikzeitung"},"image":{"@id":"https:\/\/www.musikzeitung.ch\/#\/schema\/logo\/image\/"},"sameAs":["https:\/\/www.facebook.com\/SchweizerMusikzeitung\/","https:\/\/x.com\/smusikzeitung","https:\/\/www.instagram.com\/musikzeitung.ch\/"]}]}},"publishpress_future_workflow_manual_trigger":{"enabledWorkflows":[]},"_links":{"self":[{"href":"https:\/\/www.musikzeitung.ch\/en\/wp-json\/wp\/v2\/pages\/9308","targetHints":{"allow":["GET"]}}],"collection":[{"href":"https:\/\/www.musikzeitung.ch\/en\/wp-json\/wp\/v2\/pages"}],"about":[{"href":"https:\/\/www.musikzeitung.ch\/en\/wp-json\/wp\/v2\/types\/page"}],"author":[{"embeddable":true,"href":"https:\/\/www.musikzeitung.ch\/en\/wp-json\/wp\/v2\/users\/43672"}],"replies":[{"embeddable":true,"href":"https:\/\/www.musikzeitung.ch\/en\/wp-json\/wp\/v2\/comments?post=9308"}],"version-history":[{"count":8,"href":"https:\/\/www.musikzeitung.ch\/en\/wp-json\/wp\/v2\/pages\/9308\/revisions"}],"predecessor-version":[{"id":67260,"href":"https:\/\/www.musikzeitung.ch\/en\/wp-json\/wp\/v2\/pages\/9308\/revisions\/67260"}],"up":[{"embeddable":true,"href":"https:\/\/www.musikzeitung.ch\/en\/wp-json\/wp\/v2\/pages\/230"}],"wp:featuredmedia":[{"embeddable":true,"href":"https:\/\/www.musikzeitung.ch\/en\/wp-json\/wp\/v2\/media\/9336"}],"wp:attachment":[{"href":"https:\/\/www.musikzeitung.ch\/en\/wp-json\/wp\/v2\/media?parent=9308"}],"curies":[{"name":"wp","href":"https:\/\/api.w.org\/{rel}","templated":true}]}}