{"id":9310,"date":"2023-01-13T14:51:52","date_gmt":"2023-01-13T13:51:52","guid":{"rendered":"https:\/\/www.musikzeitung.ch\/?page_id=9310"},"modified":"2026-01-28T07:12:21","modified_gmt":"2026-01-28T06:12:21","slug":"smg","status":"publish","type":"page","link":"https:\/\/www.musikzeitung.ch\/en\/basis\/smg","title":{"rendered":"SMG"},"content":{"rendered":"<p>The <strong>Swiss Music Research Society (SMG - SSM)<\/strong><\/p>\n<p>...cultivates and promotes all endeavors that are in the interest of music research, especially Swiss music research. It serves as a forum for scientific contacts and the exchange of experiences, ideas and new research results, also for a broader public.<\/p>\n<div class=\"text-section\">\n<p>\u00a0...issues publications in which Swiss musicology has a special voice, fosters cooperation with similar associations in Switzerland and abroad and organizes lectures, conferences and congresses.<\/p>\n<p>...cultivates international relations: The Swiss office of the RISM (R\u00e9pertoire International des Sources Musicales) and the national representation of the RILM (R\u00e9pertoire International de Litt\u00e9rature Musicale) operate under its umbrella.<\/p>\n<p>...enables the association of all circles interested in music - musicologists, musicians and music lovers - also on a regional level. It maintains contacts with other cultural organizations in the region, supports significant regional music projects through scientific support and provides music lovers with a deeper understanding of the fascinating world of music.<\/p>\n<p>...consists of seven sections with a total of around 600 members.<\/p>\n<p>&nbsp;<\/p>\n<p><strong><a href=\"http:\/\/www.smg-ssm.ch\">www.smg-ssm.ch<\/a><\/strong><\/p>\n<p>&nbsp;<\/p>\n<p><strong>Central Presidium<\/strong><strong><br \/>\n<\/strong>Prof. Dr. Cristina Urchuegu\u00eda<br \/>\nInstitute for Musicology at the University of Bern<br \/>\nMittelstrasse 43, 3012 Berne<br \/>\n+41 (0)31 631 83 96<br \/>\n<a href=\"mailto:cristina.urchueguia@musik.unibe.ch\">cristina urchueguia (at) musik unibe ch<\/a><\/p>\n<p><strong>Office<\/strong><br \/>\nDr. Luc Vallat<br \/>\nInstitute for Musicology<br \/>\nMittelstrasse 43, 3012 Berne<br \/>\n+41 (0)31 631 84 35, <a href=\"mailto:info@smg-ssm.ch\">info (at) smg-ssm ch<\/a><\/p>\n<p><strong>Sections<\/strong><br \/>\n<strong>Basel:<\/strong>\u00a0PD Dr. Martin Kirnbauer<br \/>\nSwiss Music Research Society<br \/>\nBasel local group, 4000 Basel<br \/>\n<strong>Berne:<\/strong> Prof. Dr. Lena van der Hoven<br \/>\nInstitute for Musicology<br \/>\nMittelstrasse 43, 3012 Berne<br \/>\n<strong>Lucerne:<\/strong> Prof. Dr. Felix Diergarten<br \/>\n<a href=\"mailto:felixflorian.diergarten@hslu.ch\">felixflorian.diergarten (at) hslu.ch<\/a><br \/>\n<strong>St. Gallen\/Zurich:<\/strong> Dr. Michael Meyer<br \/>\n<a href=\"mailto:michael.meyer@mh-trossingen.de\">michael.meyer (at) mh-trossingen.de<\/a><br \/>\n<strong>Suisse romande:<\/strong> PD Dr. Ulrich Mosch<br \/>\nUniversit\u00e9 de Gen\u00e8ve, Facult\u00e9 des Lettres, Uni Bastions,<br \/>\nrue De-Candolle 5, 1211 Gen\u00e8ve 4<br \/>\n<strong>Svizzera italiana:<\/strong> Anna Ciocca-Rossi<br \/>\n(Associazione Ricerche musicali nella Svizzera italiana,\u00a0<a href=\"mailto:comitato@ricercamusica.ch\">comitato (at) ricercamusica.ch)<\/a><br \/>\n<strong>Zurich:<\/strong> Prof. Dr. Dominik Sackmann<br \/>\nZurich University of the Arts<br \/>\nPfingstweidstrasse 96, 8031 Zurich<\/p>\n<p><strong>Music lexicon:<\/strong> Pio Pellizzari<br \/>\n<a href=\"mailto:pio.pellizzari@outlook.com\">pio.pellizzari (at) outlook.com<\/a><\/p>\n<p>&nbsp;<\/p>\n<\/div>","protected":false},"excerpt":{"rendered":"<p>Die Schweizerische Musikforschende Gesellschaft (SMG \u2013 SSM) &#8230;pflegt und f\u00f6rdert alle Bestrebungen, die im Interesse der Musikforschung, insbesondere der schweizerischen, liegen. Sie dient als Forum f\u00fcr wissenschaftliche Kontakte und den Austausch von Erfahrungen, Ideen und neuen Forschungsergebnissen, auch f\u00fcr eine breitere \u00d6ffentlichkeit. \u00a0&#8230;gibt Publikationen heraus, in denen die schweizerische Musikwissenschaft besonders zu Wort kommt, pflegt [&hellip;]<\/p>\n","protected":false},"author":43688,"featured_media":9343,"parent":230,"menu_order":0,"comment_status":"closed","ping_status":"closed","template":"page_partner.php","meta":{"_acf_changed":false,"_relevanssi_hide_post":"","_relevanssi_hide_content":"","_relevanssi_pin_for_all":"","_relevanssi_pin_keywords":"","_relevanssi_unpin_keywords":"","_relevanssi_related_keywords":"","_relevanssi_related_include_ids":"","_relevanssi_related_exclude_ids":"","_relevanssi_related_no_append":"","_relevanssi_related_not_related":"","_relevanssi_related_posts":"","_relevanssi_noindex_reason":"","pgc_sgb_lightbox_settings":"","footnotes":""},"class_list":["post-9310","page","type-page","status-publish","has-post-thumbnail","hentry"],"acf":[],"yoast_head":"<!-- This site is optimized with the Yoast SEO plugin v27.4 - https:\/\/yoast.com\/product\/yoast-seo-wordpress\/ -->\n<title>SMG - Schweizer Musikzeitung<\/title>\n<meta name=\"robots\" content=\"index, follow, max-snippet:-1, max-image-preview:large, max-video-preview:-1\" \/>\n<link rel=\"canonical\" href=\"https:\/\/www.musikzeitung.ch\/en\/basis\/smg\/\" \/>\n<meta property=\"og:locale\" content=\"en_US\" \/>\n<meta property=\"og:type\" content=\"article\" \/>\n<meta property=\"og:title\" content=\"SMG - Schweizer Musikzeitung\" \/>\n<meta property=\"og:description\" content=\"Die Schweizerische Musikforschende Gesellschaft (SMG \u2013 SSM) &#8230;pflegt und f\u00f6rdert alle Bestrebungen, die im Interesse der Musikforschung, insbesondere der schweizerischen, liegen. Sie dient als Forum f\u00fcr wissenschaftliche Kontakte und den Austausch von Erfahrungen, Ideen und neuen Forschungsergebnissen, auch f\u00fcr eine breitere \u00d6ffentlichkeit. \u00a0&#8230;gibt Publikationen heraus, in denen die schweizerische Musikwissenschaft besonders zu Wort kommt, pflegt [&hellip;]\" \/>\n<meta property=\"og:url\" content=\"https:\/\/www.musikzeitung.ch\/en\/basis\/smg\/\" \/>\n<meta property=\"og:site_name\" content=\"Schweizer Musikzeitung\" \/>\n<meta property=\"article:publisher\" content=\"https:\/\/www.facebook.com\/SchweizerMusikzeitung\/\" \/>\n<meta property=\"article:modified_time\" content=\"2026-01-28T06:12:21+00:00\" \/>\n<meta property=\"og:image\" content=\"https:\/\/www.musikzeitung.ch\/wp-content\/uploads\/2023\/01\/smg_musikzeitung.jpg\" \/>\n\t<meta property=\"og:image:width\" content=\"1200\" \/>\n\t<meta property=\"og:image:height\" content=\"600\" \/>\n\t<meta property=\"og:image:type\" content=\"image\/jpeg\" \/>\n<meta name=\"twitter:card\" content=\"summary_large_image\" \/>\n<meta name=\"twitter:site\" content=\"@smusikzeitung\" \/>\n<meta name=\"twitter:label1\" content=\"Est. reading time\" \/>\n\t<meta name=\"twitter:data1\" content=\"2 minutes\" \/>\n<script type=\"application\/ld+json\" class=\"yoast-schema-graph\">{\"@context\":\"https:\\\/\\\/schema.org\",\"@graph\":[{\"@type\":\"WebPage\",\"@id\":\"https:\\\/\\\/www.musikzeitung.ch\\\/basis\\\/smg\",\"url\":\"https:\\\/\\\/www.musikzeitung.ch\\\/basis\\\/smg\",\"name\":\"SMG - Schweizer Musikzeitung\",\"isPartOf\":{\"@id\":\"https:\\\/\\\/www.musikzeitung.ch\\\/#website\"},\"primaryImageOfPage\":{\"@id\":\"https:\\\/\\\/www.musikzeitung.ch\\\/basis\\\/smg#primaryimage\"},\"image\":{\"@id\":\"https:\\\/\\\/www.musikzeitung.ch\\\/basis\\\/smg#primaryimage\"},\"thumbnailUrl\":\"https:\\\/\\\/www.musikzeitung.ch\\\/wp-content\\\/uploads\\\/2023\\\/01\\\/smg_musikzeitung.jpg\",\"datePublished\":\"2023-01-13T13:51:52+00:00\",\"dateModified\":\"2026-01-28T06:12:21+00:00\",\"breadcrumb\":{\"@id\":\"https:\\\/\\\/www.musikzeitung.ch\\\/basis\\\/smg#breadcrumb\"},\"inLanguage\":\"en-US\",\"potentialAction\":[{\"@type\":\"ReadAction\",\"target\":[\"https:\\\/\\\/www.musikzeitung.ch\\\/basis\\\/smg\"]}]},{\"@type\":\"ImageObject\",\"inLanguage\":\"en-US\",\"@id\":\"https:\\\/\\\/www.musikzeitung.ch\\\/basis\\\/smg#primaryimage\",\"url\":\"https:\\\/\\\/www.musikzeitung.ch\\\/wp-content\\\/uploads\\\/2023\\\/01\\\/smg_musikzeitung.jpg\",\"contentUrl\":\"https:\\\/\\\/www.musikzeitung.ch\\\/wp-content\\\/uploads\\\/2023\\\/01\\\/smg_musikzeitung.jpg\",\"width\":1200,\"height\":600},{\"@type\":\"BreadcrumbList\",\"@id\":\"https:\\\/\\\/www.musikzeitung.ch\\\/basis\\\/smg#breadcrumb\",\"itemListElement\":[{\"@type\":\"ListItem\",\"position\":1,\"name\":\"Home\",\"item\":\"https:\\\/\\\/www.musikzeitung.ch\\\/\"},{\"@type\":\"ListItem\",\"position\":2,\"name\":\"Basis\",\"item\":\"https:\\\/\\\/www.musikzeitung.ch\\\/basis\"},{\"@type\":\"ListItem\",\"position\":3,\"name\":\"SMG\"}]},{\"@type\":\"WebSite\",\"@id\":\"https:\\\/\\\/www.musikzeitung.ch\\\/#website\",\"url\":\"https:\\\/\\\/www.musikzeitung.ch\\\/\",\"name\":\"Schweizer Musikzeitung\",\"description\":\"Die f\u00fchrende sparten\u00fcbergreifende Monatszeitung in der Schweiz f\u00fcr musikalische Fragen.\",\"publisher\":{\"@id\":\"https:\\\/\\\/www.musikzeitung.ch\\\/#organization\"},\"potentialAction\":[{\"@type\":\"SearchAction\",\"target\":{\"@type\":\"EntryPoint\",\"urlTemplate\":\"https:\\\/\\\/www.musikzeitung.ch\\\/?s={search_term_string}\"},\"query-input\":{\"@type\":\"PropertyValueSpecification\",\"valueRequired\":true,\"valueName\":\"search_term_string\"}}],\"inLanguage\":\"en-US\"},{\"@type\":\"Organization\",\"@id\":\"https:\\\/\\\/www.musikzeitung.ch\\\/#organization\",\"name\":\"Schweizer Musikzeitung\",\"url\":\"https:\\\/\\\/www.musikzeitung.ch\\\/\",\"logo\":{\"@type\":\"ImageObject\",\"inLanguage\":\"en-US\",\"@id\":\"https:\\\/\\\/www.musikzeitung.ch\\\/#\\\/schema\\\/logo\\\/image\\\/\",\"url\":\"https:\\\/\\\/www.musikzeitung.ch\\\/wp-content\\\/uploads\\\/2023\\\/01\\\/SMZ_Schriftzug_Sprache.png\",\"contentUrl\":\"https:\\\/\\\/www.musikzeitung.ch\\\/wp-content\\\/uploads\\\/2023\\\/01\\\/SMZ_Schriftzug_Sprache.png\",\"width\":1400,\"height\":279,\"caption\":\"Schweizer Musikzeitung\"},\"image\":{\"@id\":\"https:\\\/\\\/www.musikzeitung.ch\\\/#\\\/schema\\\/logo\\\/image\\\/\"},\"sameAs\":[\"https:\\\/\\\/www.facebook.com\\\/SchweizerMusikzeitung\\\/\",\"https:\\\/\\\/x.com\\\/smusikzeitung\",\"https:\\\/\\\/www.instagram.com\\\/musikzeitung.ch\\\/\"]}]}<\/script>\n<!-- \/ Yoast SEO plugin. -->","yoast_head_json":{"title":"SMG - Swiss Music Journal","robots":{"index":"index","follow":"follow","max-snippet":"max-snippet:-1","max-image-preview":"max-image-preview:large","max-video-preview":"max-video-preview:-1"},"canonical":"https:\/\/www.musikzeitung.ch\/en\/basis\/smg\/","og_locale":"en_US","og_type":"article","og_title":"SMG - Schweizer Musikzeitung","og_description":"Die Schweizerische Musikforschende Gesellschaft (SMG \u2013 SSM) &#8230;pflegt und f\u00f6rdert alle Bestrebungen, die im Interesse der Musikforschung, insbesondere der schweizerischen, liegen. Sie dient als Forum f\u00fcr wissenschaftliche Kontakte und den Austausch von Erfahrungen, Ideen und neuen Forschungsergebnissen, auch f\u00fcr eine breitere \u00d6ffentlichkeit. \u00a0&#8230;gibt Publikationen heraus, in denen die schweizerische Musikwissenschaft besonders zu Wort kommt, pflegt [&hellip;]","og_url":"https:\/\/www.musikzeitung.ch\/en\/basis\/smg\/","og_site_name":"Schweizer Musikzeitung","article_publisher":"https:\/\/www.facebook.com\/SchweizerMusikzeitung\/","article_modified_time":"2026-01-28T06:12:21+00:00","og_image":[{"width":1200,"height":600,"url":"https:\/\/www.musikzeitung.ch\/wp-content\/uploads\/2023\/01\/smg_musikzeitung.jpg","type":"image\/jpeg"}],"twitter_card":"summary_large_image","twitter_site":"@smusikzeitung","twitter_misc":{"Est. reading time":"2 minutes"},"schema":{"@context":"https:\/\/schema.org","@graph":[{"@type":"WebPage","@id":"https:\/\/www.musikzeitung.ch\/basis\/smg","url":"https:\/\/www.musikzeitung.ch\/basis\/smg","name":"SMG - Swiss Music Journal","isPartOf":{"@id":"https:\/\/www.musikzeitung.ch\/#website"},"primaryImageOfPage":{"@id":"https:\/\/www.musikzeitung.ch\/basis\/smg#primaryimage"},"image":{"@id":"https:\/\/www.musikzeitung.ch\/basis\/smg#primaryimage"},"thumbnailUrl":"https:\/\/www.musikzeitung.ch\/wp-content\/uploads\/2023\/01\/smg_musikzeitung.jpg","datePublished":"2023-01-13T13:51:52+00:00","dateModified":"2026-01-28T06:12:21+00:00","breadcrumb":{"@id":"https:\/\/www.musikzeitung.ch\/basis\/smg#breadcrumb"},"inLanguage":"en-US","potentialAction":[{"@type":"ReadAction","target":["https:\/\/www.musikzeitung.ch\/basis\/smg"]}]},{"@type":"ImageObject","inLanguage":"en-US","@id":"https:\/\/www.musikzeitung.ch\/basis\/smg#primaryimage","url":"https:\/\/www.musikzeitung.ch\/wp-content\/uploads\/2023\/01\/smg_musikzeitung.jpg","contentUrl":"https:\/\/www.musikzeitung.ch\/wp-content\/uploads\/2023\/01\/smg_musikzeitung.jpg","width":1200,"height":600},{"@type":"BreadcrumbList","@id":"https:\/\/www.musikzeitung.ch\/basis\/smg#breadcrumb","itemListElement":[{"@type":"ListItem","position":1,"name":"Home","item":"https:\/\/www.musikzeitung.ch\/"},{"@type":"ListItem","position":2,"name":"Basis","item":"https:\/\/www.musikzeitung.ch\/basis"},{"@type":"ListItem","position":3,"name":"SMG"}]},{"@type":"WebSite","@id":"https:\/\/www.musikzeitung.ch\/#website","url":"https:\/\/www.musikzeitung.ch\/","name":"Swiss Music Newspaper","description":"The leading interdisciplinary monthly newspaper in Switzerland for musical issues.","publisher":{"@id":"https:\/\/www.musikzeitung.ch\/#organization"},"potentialAction":[{"@type":"SearchAction","target":{"@type":"EntryPoint","urlTemplate":"https:\/\/www.musikzeitung.ch\/?s={search_term_string}"},"query-input":{"@type":"PropertyValueSpecification","valueRequired":true,"valueName":"search_term_string"}}],"inLanguage":"en-US"},{"@type":"Organization","@id":"https:\/\/www.musikzeitung.ch\/#organization","name":"Swiss Music Newspaper","url":"https:\/\/www.musikzeitung.ch\/","logo":{"@type":"ImageObject","inLanguage":"en-US","@id":"https:\/\/www.musikzeitung.ch\/#\/schema\/logo\/image\/","url":"https:\/\/www.musikzeitung.ch\/wp-content\/uploads\/2023\/01\/SMZ_Schriftzug_Sprache.png","contentUrl":"https:\/\/www.musikzeitung.ch\/wp-content\/uploads\/2023\/01\/SMZ_Schriftzug_Sprache.png","width":1400,"height":279,"caption":"Schweizer Musikzeitung"},"image":{"@id":"https:\/\/www.musikzeitung.ch\/#\/schema\/logo\/image\/"},"sameAs":["https:\/\/www.facebook.com\/SchweizerMusikzeitung\/","https:\/\/x.com\/smusikzeitung","https:\/\/www.instagram.com\/musikzeitung.ch\/"]}]}},"publishpress_future_workflow_manual_trigger":{"enabledWorkflows":[]},"_links":{"self":[{"href":"https:\/\/www.musikzeitung.ch\/en\/wp-json\/wp\/v2\/pages\/9310","targetHints":{"allow":["GET"]}}],"collection":[{"href":"https:\/\/www.musikzeitung.ch\/en\/wp-json\/wp\/v2\/pages"}],"about":[{"href":"https:\/\/www.musikzeitung.ch\/en\/wp-json\/wp\/v2\/types\/page"}],"author":[{"embeddable":true,"href":"https:\/\/www.musikzeitung.ch\/en\/wp-json\/wp\/v2\/users\/43688"}],"replies":[{"embeddable":true,"href":"https:\/\/www.musikzeitung.ch\/en\/wp-json\/wp\/v2\/comments?post=9310"}],"version-history":[{"count":9,"href":"https:\/\/www.musikzeitung.ch\/en\/wp-json\/wp\/v2\/pages\/9310\/revisions"}],"predecessor-version":[{"id":67258,"href":"https:\/\/www.musikzeitung.ch\/en\/wp-json\/wp\/v2\/pages\/9310\/revisions\/67258"}],"up":[{"embeddable":true,"href":"https:\/\/www.musikzeitung.ch\/en\/wp-json\/wp\/v2\/pages\/230"}],"wp:featuredmedia":[{"embeddable":true,"href":"https:\/\/www.musikzeitung.ch\/en\/wp-json\/wp\/v2\/media\/9343"}],"wp:attachment":[{"href":"https:\/\/www.musikzeitung.ch\/en\/wp-json\/wp\/v2\/media?parent=9310"}],"curies":[{"name":"wp","href":"https:\/\/api.w.org\/{rel}","templated":true}]}}