{"id":9317,"date":"2023-01-13T15:30:22","date_gmt":"2023-01-13T14:30:22","guid":{"rendered":"https:\/\/www.musikzeitung.ch\/?page_id=9317"},"modified":"2026-01-28T07:13:28","modified_gmt":"2026-01-28T06:13:28","slug":"smr","status":"publish","type":"page","link":"https:\/\/www.musikzeitung.ch\/en\/basis\/smr","title":{"rendered":"SMR"},"content":{"rendered":"<p>The <strong>Swiss Music Council (SMR)<\/strong> is the umbrella organization for music in Switzerland and represents well over 600,000 active musicians in Switzerland through its member organizations. This makes it the largest and most influential representative of the interests of the entire music sector in Switzerland. In terms of content, the members are grouped into four areas: \"Professionals\", \"Amateurs\", \"Education\/Research\/Science\" and \"Music Industry\/Law\".<\/p>\n<p>The SMR is committed to improving the cultural and educational policy framework and to creating, communicating, disseminating and preserving music in all its diversity. By promoting this cultural diversity, the Swiss Music Council supports social cohesion in Switzerland.<\/p>\n<p>He is<\/p>\n<p>- the political representation of music interests at national level;<br \/>\n- the cross-regional information and contact center for the music sector; and<br \/>\n- the partner for international music policy exchange.<\/p>\n<p>In a joint effort with the member organizations, it aims in particular to promote<\/p>\n<p>- of music creation and the performing musicians;<br \/>\n- the variety of musical offerings;<br \/>\n- music education for all age groups as well as training and further education; and<br \/>\n- research in all aspects of musical life.<\/p>\n<p><a href=\"http:\/\/www.musikrat.ch\" target=\"_blank\" rel=\"noopener\"><strong>musikrat.ch<\/strong><\/a><\/p>\n<div class=\"body\">\n<div class=\"text-section\">\n<p><strong><br \/>\nAssociation address<br \/>\n<\/strong>Swiss Music Council SMR<br \/>\nHouse of Music<br \/>\nG\u00f6nhardweg 32, CH-5000 Aarau<br \/>\nT +41 62 822 94 23<br \/>\n<a href=\"mailto:info@musikrat.ch\">info@musikrat.ch<\/a><\/p>\n<p><strong>SMZ partner:<br \/>\n<\/strong><a href=\"http:\/\/www.accordeon.ch\" target=\"_blank\" rel=\"noopener\">accordeon.ch<\/a><br \/>\n<a href=\"http:\/\/www.epta.ch\" target=\"_blank\" rel=\"noopener\">epta.ch<\/a><br \/>\n<a href=\"http:\/\/www.estasuisse.ch\" target=\"_blank\" rel=\"noopener\">esta-suisse.ch<\/a><br \/>\n<a href=\"http:\/\/www.evta.ch\" target=\"_blank\" rel=\"noopener\">evta.ch<\/a><br \/>\n<a href=\"http:\/\/www.helvetiarockt.ch\" target=\"_blank\" rel=\"noopener\">helvetiarockt.c<\/a><a href=\"http:\/\/www.helvetiarockt.ch\">h<\/a><br \/>\n<a href=\"http:\/\/www.musikinsel.ch\" target=\"_blank\" rel=\"noopener\">musicisland.ch<\/a><br \/>\n<a href=\"http:\/\/www.rhythmik.ch\" target=\"_blank\" rel=\"noopener\">rhythmik.ch<\/a><br \/>\n<a href=\"http:\/\/www.sjso.ch\" target=\"_blank\" rel=\"noopener\">sjso.ch<\/a><br \/>\n<a href=\"http:\/\/www.verbandschweizerschulmusik.ch\" target=\"_blank\" rel=\"noopener\">swissschoolmusicassociation.ch<\/a><\/p>\n<\/div>\n<\/div>","protected":false},"excerpt":{"rendered":"<p>Der Schweizer Musikrat (SMR) ist die Dachorganisation der Musik in der Schweiz und vertritt \u00fcber seine Mitgliedsorganisationen weit \u00fcber 600&#8217;000 Aktive in der Schweiz. Er ist damit der gr\u00f6sste und einflussreichste Interessenvertreter f\u00fcr den gesamten Musiksektor in der Schweiz. Inhaltlich sind die Mitglieder in den vier Bereichen \u00abProfessionelle, \u00abLaien\u00bb, \u00abBildung\/Forschung\/Wissenschaft\u00bb und \u00abMusikwirtschaft\/Recht\u00bb zusammengefasst. Der SMR [&hellip;]<\/p>\n","protected":false},"author":43670,"featured_media":9344,"parent":230,"menu_order":0,"comment_status":"closed","ping_status":"closed","template":"page_partner.php","meta":{"_acf_changed":false,"_relevanssi_hide_post":"","_relevanssi_hide_content":"","_relevanssi_pin_for_all":"","_relevanssi_pin_keywords":"","_relevanssi_unpin_keywords":"","_relevanssi_related_keywords":"","_relevanssi_related_include_ids":"","_relevanssi_related_exclude_ids":"","_relevanssi_related_no_append":"","_relevanssi_related_not_related":"","_relevanssi_related_posts":"","_relevanssi_noindex_reason":"","pgc_sgb_lightbox_settings":"","footnotes":""},"class_list":["post-9317","page","type-page","status-publish","has-post-thumbnail","hentry"],"acf":[],"yoast_head":"<!-- This site is optimized with the Yoast SEO plugin v27.4 - https:\/\/yoast.com\/product\/yoast-seo-wordpress\/ -->\n<title>SMR - Schweizer Musikzeitung<\/title>\n<meta name=\"description\" content=\"Der Schweizer Musikrat (SMR) ist die Dachorganisation der Musik in der Schweiz und vertritt \u00fcber seine Mitgliedsorganisationen weit \u00fcber 600&#039;000 Aktive.\" \/>\n<meta name=\"robots\" content=\"index, follow, max-snippet:-1, max-image-preview:large, max-video-preview:-1\" \/>\n<link rel=\"canonical\" href=\"https:\/\/www.musikzeitung.ch\/en\/basis\/smr\/\" \/>\n<meta property=\"og:locale\" content=\"en_US\" \/>\n<meta property=\"og:type\" content=\"article\" \/>\n<meta property=\"og:title\" content=\"SMR - Schweizer Musikzeitung\" \/>\n<meta property=\"og:description\" content=\"Der Schweizer Musikrat (SMR) ist die Dachorganisation der Musik in der Schweiz und vertritt \u00fcber seine Mitgliedsorganisationen weit \u00fcber 600&#039;000 Aktive.\" \/>\n<meta property=\"og:url\" content=\"https:\/\/www.musikzeitung.ch\/en\/basis\/smr\/\" \/>\n<meta property=\"og:site_name\" content=\"Schweizer Musikzeitung\" \/>\n<meta property=\"article:publisher\" content=\"https:\/\/www.facebook.com\/SchweizerMusikzeitung\/\" \/>\n<meta property=\"article:modified_time\" content=\"2026-01-28T06:13:28+00:00\" \/>\n<meta property=\"og:image\" content=\"https:\/\/www.musikzeitung.ch\/wp-content\/uploads\/2023\/01\/smr-csm_musikzeitung.jpg\" \/>\n\t<meta property=\"og:image:width\" content=\"1200\" \/>\n\t<meta property=\"og:image:height\" content=\"600\" \/>\n\t<meta property=\"og:image:type\" content=\"image\/jpeg\" \/>\n<meta name=\"twitter:card\" content=\"summary_large_image\" \/>\n<meta name=\"twitter:site\" content=\"@smusikzeitung\" \/>\n<meta name=\"twitter:label1\" content=\"Est. reading time\" \/>\n\t<meta name=\"twitter:data1\" content=\"2 minutes\" \/>\n<script type=\"application\/ld+json\" class=\"yoast-schema-graph\">{\"@context\":\"https:\\\/\\\/schema.org\",\"@graph\":[{\"@type\":\"WebPage\",\"@id\":\"https:\\\/\\\/www.musikzeitung.ch\\\/basis\\\/smr\",\"url\":\"https:\\\/\\\/www.musikzeitung.ch\\\/basis\\\/smr\",\"name\":\"SMR - Schweizer Musikzeitung\",\"isPartOf\":{\"@id\":\"https:\\\/\\\/www.musikzeitung.ch\\\/#website\"},\"primaryImageOfPage\":{\"@id\":\"https:\\\/\\\/www.musikzeitung.ch\\\/basis\\\/smr#primaryimage\"},\"image\":{\"@id\":\"https:\\\/\\\/www.musikzeitung.ch\\\/basis\\\/smr#primaryimage\"},\"thumbnailUrl\":\"https:\\\/\\\/www.musikzeitung.ch\\\/wp-content\\\/uploads\\\/2023\\\/01\\\/smr-csm_musikzeitung.jpg\",\"datePublished\":\"2023-01-13T14:30:22+00:00\",\"dateModified\":\"2026-01-28T06:13:28+00:00\",\"description\":\"Der Schweizer Musikrat (SMR) ist die Dachorganisation der Musik in der Schweiz und vertritt \u00fcber seine Mitgliedsorganisationen weit \u00fcber 600'000 Aktive.\",\"breadcrumb\":{\"@id\":\"https:\\\/\\\/www.musikzeitung.ch\\\/basis\\\/smr#breadcrumb\"},\"inLanguage\":\"en-US\",\"potentialAction\":[{\"@type\":\"ReadAction\",\"target\":[\"https:\\\/\\\/www.musikzeitung.ch\\\/basis\\\/smr\"]}]},{\"@type\":\"ImageObject\",\"inLanguage\":\"en-US\",\"@id\":\"https:\\\/\\\/www.musikzeitung.ch\\\/basis\\\/smr#primaryimage\",\"url\":\"https:\\\/\\\/www.musikzeitung.ch\\\/wp-content\\\/uploads\\\/2023\\\/01\\\/smr-csm_musikzeitung.jpg\",\"contentUrl\":\"https:\\\/\\\/www.musikzeitung.ch\\\/wp-content\\\/uploads\\\/2023\\\/01\\\/smr-csm_musikzeitung.jpg\",\"width\":1200,\"height\":600},{\"@type\":\"BreadcrumbList\",\"@id\":\"https:\\\/\\\/www.musikzeitung.ch\\\/basis\\\/smr#breadcrumb\",\"itemListElement\":[{\"@type\":\"ListItem\",\"position\":1,\"name\":\"Home\",\"item\":\"https:\\\/\\\/www.musikzeitung.ch\\\/\"},{\"@type\":\"ListItem\",\"position\":2,\"name\":\"Basis\",\"item\":\"https:\\\/\\\/www.musikzeitung.ch\\\/basis\"},{\"@type\":\"ListItem\",\"position\":3,\"name\":\"SMR\"}]},{\"@type\":\"WebSite\",\"@id\":\"https:\\\/\\\/www.musikzeitung.ch\\\/#website\",\"url\":\"https:\\\/\\\/www.musikzeitung.ch\\\/\",\"name\":\"Schweizer Musikzeitung\",\"description\":\"Die f\u00fchrende sparten\u00fcbergreifende Monatszeitung in der Schweiz f\u00fcr musikalische Fragen.\",\"publisher\":{\"@id\":\"https:\\\/\\\/www.musikzeitung.ch\\\/#organization\"},\"potentialAction\":[{\"@type\":\"SearchAction\",\"target\":{\"@type\":\"EntryPoint\",\"urlTemplate\":\"https:\\\/\\\/www.musikzeitung.ch\\\/?s={search_term_string}\"},\"query-input\":{\"@type\":\"PropertyValueSpecification\",\"valueRequired\":true,\"valueName\":\"search_term_string\"}}],\"inLanguage\":\"en-US\"},{\"@type\":\"Organization\",\"@id\":\"https:\\\/\\\/www.musikzeitung.ch\\\/#organization\",\"name\":\"Schweizer Musikzeitung\",\"url\":\"https:\\\/\\\/www.musikzeitung.ch\\\/\",\"logo\":{\"@type\":\"ImageObject\",\"inLanguage\":\"en-US\",\"@id\":\"https:\\\/\\\/www.musikzeitung.ch\\\/#\\\/schema\\\/logo\\\/image\\\/\",\"url\":\"https:\\\/\\\/www.musikzeitung.ch\\\/wp-content\\\/uploads\\\/2023\\\/01\\\/SMZ_Schriftzug_Sprache.png\",\"contentUrl\":\"https:\\\/\\\/www.musikzeitung.ch\\\/wp-content\\\/uploads\\\/2023\\\/01\\\/SMZ_Schriftzug_Sprache.png\",\"width\":1400,\"height\":279,\"caption\":\"Schweizer Musikzeitung\"},\"image\":{\"@id\":\"https:\\\/\\\/www.musikzeitung.ch\\\/#\\\/schema\\\/logo\\\/image\\\/\"},\"sameAs\":[\"https:\\\/\\\/www.facebook.com\\\/SchweizerMusikzeitung\\\/\",\"https:\\\/\\\/x.com\\\/smusikzeitung\",\"https:\\\/\\\/www.instagram.com\\\/musikzeitung.ch\\\/\"]}]}<\/script>\n<!-- \/ Yoast SEO plugin. -->","yoast_head_json":{"title":"SMR - Swiss Music Journal","description":"The Swiss Music Council (SMR) is the umbrella organization for music in Switzerland and represents well over 600,000 active musicians through its member organizations.","robots":{"index":"index","follow":"follow","max-snippet":"max-snippet:-1","max-image-preview":"max-image-preview:large","max-video-preview":"max-video-preview:-1"},"canonical":"https:\/\/www.musikzeitung.ch\/en\/basis\/smr\/","og_locale":"en_US","og_type":"article","og_title":"SMR - Schweizer Musikzeitung","og_description":"Der Schweizer Musikrat (SMR) ist die Dachorganisation der Musik in der Schweiz und vertritt \u00fcber seine Mitgliedsorganisationen weit \u00fcber 600'000 Aktive.","og_url":"https:\/\/www.musikzeitung.ch\/en\/basis\/smr\/","og_site_name":"Schweizer Musikzeitung","article_publisher":"https:\/\/www.facebook.com\/SchweizerMusikzeitung\/","article_modified_time":"2026-01-28T06:13:28+00:00","og_image":[{"width":1200,"height":600,"url":"https:\/\/www.musikzeitung.ch\/wp-content\/uploads\/2023\/01\/smr-csm_musikzeitung.jpg","type":"image\/jpeg"}],"twitter_card":"summary_large_image","twitter_site":"@smusikzeitung","twitter_misc":{"Est. reading time":"2 minutes"},"schema":{"@context":"https:\/\/schema.org","@graph":[{"@type":"WebPage","@id":"https:\/\/www.musikzeitung.ch\/basis\/smr","url":"https:\/\/www.musikzeitung.ch\/basis\/smr","name":"SMR - Swiss Music Journal","isPartOf":{"@id":"https:\/\/www.musikzeitung.ch\/#website"},"primaryImageOfPage":{"@id":"https:\/\/www.musikzeitung.ch\/basis\/smr#primaryimage"},"image":{"@id":"https:\/\/www.musikzeitung.ch\/basis\/smr#primaryimage"},"thumbnailUrl":"https:\/\/www.musikzeitung.ch\/wp-content\/uploads\/2023\/01\/smr-csm_musikzeitung.jpg","datePublished":"2023-01-13T14:30:22+00:00","dateModified":"2026-01-28T06:13:28+00:00","description":"The Swiss Music Council (SMR) is the umbrella organization for music in Switzerland and represents well over 600,000 active musicians through its member organizations.","breadcrumb":{"@id":"https:\/\/www.musikzeitung.ch\/basis\/smr#breadcrumb"},"inLanguage":"en-US","potentialAction":[{"@type":"ReadAction","target":["https:\/\/www.musikzeitung.ch\/basis\/smr"]}]},{"@type":"ImageObject","inLanguage":"en-US","@id":"https:\/\/www.musikzeitung.ch\/basis\/smr#primaryimage","url":"https:\/\/www.musikzeitung.ch\/wp-content\/uploads\/2023\/01\/smr-csm_musikzeitung.jpg","contentUrl":"https:\/\/www.musikzeitung.ch\/wp-content\/uploads\/2023\/01\/smr-csm_musikzeitung.jpg","width":1200,"height":600},{"@type":"BreadcrumbList","@id":"https:\/\/www.musikzeitung.ch\/basis\/smr#breadcrumb","itemListElement":[{"@type":"ListItem","position":1,"name":"Home","item":"https:\/\/www.musikzeitung.ch\/"},{"@type":"ListItem","position":2,"name":"Basis","item":"https:\/\/www.musikzeitung.ch\/basis"},{"@type":"ListItem","position":3,"name":"SMR"}]},{"@type":"WebSite","@id":"https:\/\/www.musikzeitung.ch\/#website","url":"https:\/\/www.musikzeitung.ch\/","name":"Swiss Music Newspaper","description":"The leading interdisciplinary monthly newspaper in Switzerland for musical issues.","publisher":{"@id":"https:\/\/www.musikzeitung.ch\/#organization"},"potentialAction":[{"@type":"SearchAction","target":{"@type":"EntryPoint","urlTemplate":"https:\/\/www.musikzeitung.ch\/?s={search_term_string}"},"query-input":{"@type":"PropertyValueSpecification","valueRequired":true,"valueName":"search_term_string"}}],"inLanguage":"en-US"},{"@type":"Organization","@id":"https:\/\/www.musikzeitung.ch\/#organization","name":"Swiss Music Newspaper","url":"https:\/\/www.musikzeitung.ch\/","logo":{"@type":"ImageObject","inLanguage":"en-US","@id":"https:\/\/www.musikzeitung.ch\/#\/schema\/logo\/image\/","url":"https:\/\/www.musikzeitung.ch\/wp-content\/uploads\/2023\/01\/SMZ_Schriftzug_Sprache.png","contentUrl":"https:\/\/www.musikzeitung.ch\/wp-content\/uploads\/2023\/01\/SMZ_Schriftzug_Sprache.png","width":1400,"height":279,"caption":"Schweizer Musikzeitung"},"image":{"@id":"https:\/\/www.musikzeitung.ch\/#\/schema\/logo\/image\/"},"sameAs":["https:\/\/www.facebook.com\/SchweizerMusikzeitung\/","https:\/\/x.com\/smusikzeitung","https:\/\/www.instagram.com\/musikzeitung.ch\/"]}]}},"publishpress_future_workflow_manual_trigger":{"enabledWorkflows":[]},"_links":{"self":[{"href":"https:\/\/www.musikzeitung.ch\/en\/wp-json\/wp\/v2\/pages\/9317","targetHints":{"allow":["GET"]}}],"collection":[{"href":"https:\/\/www.musikzeitung.ch\/en\/wp-json\/wp\/v2\/pages"}],"about":[{"href":"https:\/\/www.musikzeitung.ch\/en\/wp-json\/wp\/v2\/types\/page"}],"author":[{"embeddable":true,"href":"https:\/\/www.musikzeitung.ch\/en\/wp-json\/wp\/v2\/users\/43670"}],"replies":[{"embeddable":true,"href":"https:\/\/www.musikzeitung.ch\/en\/wp-json\/wp\/v2\/comments?post=9317"}],"version-history":[{"count":8,"href":"https:\/\/www.musikzeitung.ch\/en\/wp-json\/wp\/v2\/pages\/9317\/revisions"}],"predecessor-version":[{"id":68109,"href":"https:\/\/www.musikzeitung.ch\/en\/wp-json\/wp\/v2\/pages\/9317\/revisions\/68109"}],"up":[{"embeddable":true,"href":"https:\/\/www.musikzeitung.ch\/en\/wp-json\/wp\/v2\/pages\/230"}],"wp:featuredmedia":[{"embeddable":true,"href":"https:\/\/www.musikzeitung.ch\/en\/wp-json\/wp\/v2\/media\/9344"}],"wp:attachment":[{"href":"https:\/\/www.musikzeitung.ch\/en\/wp-json\/wp\/v2\/media?parent=9317"}],"curies":[{"name":"wp","href":"https:\/\/api.w.org\/{rel}","templated":true}]}}