{"id":128,"date":"2022-12-22T09:41:07","date_gmt":"2022-12-22T08:41:07","guid":{"rendered":"https:\/\/www.musikzeitung.ch\/?page_id=128"},"modified":"2026-02-10T15:19:32","modified_gmt":"2026-02-10T14:19:32","slug":"inserate","status":"publish","type":"page","link":"https:\/\/www.musikzeitung.ch\/it\/inserate","title":{"rendered":"Pubblica annunci"},"content":{"rendered":"<div>\n<h3 class=\"\">Pubblicit\u00e0 sulla rivista musicale svizzera<\/h3>\n<\/div>\n<div class=\"text-section\">\n<p><strong><br \/>\nOpportunit\u00e0 pubblicitarie<\/strong><br \/>\n<a href=\"https:\/\/www.musikzeitung.ch\/inserate\/print-werbung\/\" target=\"_blank\" rel=\"noopener\">Stampa - edizione stampata<\/a><br \/>\n<a href=\"https:\/\/www.musikzeitung.ch\/inserate\/online-werbung\/\" target=\"_blank\" rel=\"noopener\">Online - Sito web<\/a><br \/>\n<a href=\"https:\/\/www.musikzeitung.ch\/inserate\/crossmedia\/\" target=\"_blank\" rel=\"noopener\">Crossmedia<\/a><\/p>\n<p>&nbsp;<\/p>\n<\/div>\n<div class=\"text-section\">\n<p><strong>Scarica il <a href=\"https:\/\/www.musikzeitung.ch\/wp-content\/uploads\/2025\/10\/SMZ_Mediadaten_2026_dt.pdf\" target=\"_blank\" rel=\"noopener\">Dati sui media 2026<\/a><\/strong><\/p>\n<\/div>\n<div class=\"text-section\">\n<p>&nbsp;<\/p>\n<div class=\"text-section\">\n<p><strong>Scadenza pubblicit\u00e0 2026<br \/>\n<\/strong>14.1. per l'edizione 1 dal 29.1.<br \/>\n11.3. per il numero 2 dal 26.3.<br \/>\n20,5. per il numero 3 da 4,6.<br \/>\n12,8. per il numero 4 dal 27,8.<br \/>\n30.9. per il numero 5 dal 15.10.<br \/>\n18.11. per il numero 6 dal 3.12.<\/p>\n<\/div>\n<div class=\"text-section\">\n<p><strong>Piano tematico Focus 2026<\/strong><br \/>\nN. 1 Patrimonio culturale - Patrimoine<br \/>\nN. 2 Atteggiamento - Opinione<br \/>\nN. 3 Felicit\u00e0 - Bonheur<br \/>\nN. 4 Generazioni - G\u00e9n\u00e9rations<br \/>\nN. 5 Incoraggiamento - Incoraggiamento<br \/>\nN. 6 Kessel&amp;K\u00fcbel - Casseruole<\/p>\n<p><strong>Piscina culturale<\/strong><\/p>\n<\/div>\n<p>Il Giornale Svizzero della Musica \u00e8 stato parte del <a href=\"https:\/\/www.kulturpool.com\/\" target=\"_blank\" rel=\"noopener\">Piscine culturali<\/a>. Questa associazione di importanti riviste culturali in Svizzera raggiunge un totale di 547.000 persone interessate alla cultura. Ulteriori informazioni sono disponibili nei dati dei media Kulturpool.<\/p>\n<p>Scarica il <a href=\"https:\/\/www.musikzeitung.ch\/wp-content\/uploads\/2025\/12\/Kulturpool-Mediadaten_2026-D-ES.pdf\" target=\"_blank\" rel=\"noopener\">Dati media 2026 del Kulturpool<\/a><\/p>\n<\/div>\n<div class=\"text-section\">\n<p><strong>Avete domande?<\/strong><br \/>\nPotete raggiungerci all'indirizzo<br \/>\nTel. 044 928 56 11 (gestione della pubblicit\u00e0 Z\u00fcrichsee Werbe AG)<br \/>\nTel. 058 344 97 83 (redazione, consulenza Kulturpool)<br \/>\no via e-mail: <a href=\"mailto:inserate@musikzeitung.ch?subject=Anfrage%20SMZ-Inserate\">inserate@musikzeitung.ch<\/a><\/p>\n<\/div>\n<div class=\"text-section\">\n<p>&nbsp;<\/p>\n<\/div>","protected":false},"excerpt":{"rendered":"<p>Werben und Inserieren in der Schweizer Musikzeitung Werbem\u00f6glichkeiten Print &#8211; gedruckte Ausgabe Online &#8211; Website Crossmedia &nbsp; Download der Mediadaten 2026 &nbsp; Anzeigenschluss 2026 14.1. f\u00fcr die Ausgabe 1 vom 29.1. 11.3. f\u00fcr die Ausgabe 2 vom 26.3. 20.5. f\u00fcr die Ausgabe 3 vom 4.6. 12.8. f\u00fcr die Ausgabe 4 vom 27.8. 30.9. f\u00fcr die [&hellip;]<\/p>\n","protected":false},"author":1,"featured_media":0,"parent":0,"menu_order":0,"comment_status":"closed","ping_status":"closed","template":"","meta":{"_acf_changed":false,"_relevanssi_hide_post":"","_relevanssi_hide_content":"","_relevanssi_pin_for_all":"","_relevanssi_pin_keywords":"","_relevanssi_unpin_keywords":"","_relevanssi_related_keywords":"","_relevanssi_related_include_ids":"","_relevanssi_related_exclude_ids":"","_relevanssi_related_no_append":"","_relevanssi_related_not_related":"","_relevanssi_related_posts":"","_relevanssi_noindex_reason":"","pgc_sgb_lightbox_settings":"","footnotes":""},"class_list":["post-128","page","type-page","status-publish","hentry"],"acf":[],"yoast_head":"<!-- This site is optimized with the Yoast SEO plugin v27.4 - https:\/\/yoast.com\/product\/yoast-seo-wordpress\/ -->\n<title>Inserate aufgeben - Schweizer Musikzeitung<\/title>\n<meta name=\"description\" content=\"Werbem\u00f6glichkeiten in der Schweizer Musikzeitung: Print, Online und Crossmedia\" \/>\n<meta name=\"robots\" content=\"index, follow, max-snippet:-1, max-image-preview:large, max-video-preview:-1\" \/>\n<link rel=\"canonical\" href=\"https:\/\/www.musikzeitung.ch\/it\/inserate\/\" \/>\n<meta property=\"og:locale\" content=\"it_IT\" \/>\n<meta property=\"og:type\" content=\"article\" \/>\n<meta property=\"og:title\" content=\"Inserate aufgeben - Schweizer Musikzeitung\" \/>\n<meta property=\"og:description\" content=\"Werbem\u00f6glichkeiten in der Schweizer Musikzeitung: Print, Online und Crossmedia\" \/>\n<meta property=\"og:url\" content=\"https:\/\/www.musikzeitung.ch\/it\/inserate\/\" \/>\n<meta property=\"og:site_name\" content=\"Schweizer Musikzeitung\" \/>\n<meta property=\"article:publisher\" content=\"https:\/\/www.facebook.com\/SchweizerMusikzeitung\/\" \/>\n<meta property=\"article:modified_time\" content=\"2026-02-10T14:19:32+00:00\" \/>\n<meta name=\"twitter:card\" content=\"summary_large_image\" \/>\n<meta name=\"twitter:site\" content=\"@smusikzeitung\" \/>\n<meta name=\"twitter:label1\" content=\"Tempo di lettura stimato\" \/>\n\t<meta name=\"twitter:data1\" content=\"1 minuto\" \/>\n<script type=\"application\/ld+json\" class=\"yoast-schema-graph\">{\"@context\":\"https:\\\/\\\/schema.org\",\"@graph\":[{\"@type\":\"WebPage\",\"@id\":\"https:\\\/\\\/www.musikzeitung.ch\\\/inserate\",\"url\":\"https:\\\/\\\/www.musikzeitung.ch\\\/inserate\",\"name\":\"Inserate aufgeben - Schweizer Musikzeitung\",\"isPartOf\":{\"@id\":\"https:\\\/\\\/www.musikzeitung.ch\\\/#website\"},\"datePublished\":\"2022-12-22T08:41:07+00:00\",\"dateModified\":\"2026-02-10T14:19:32+00:00\",\"description\":\"Werbem\u00f6glichkeiten in der Schweizer Musikzeitung: Print, Online und Crossmedia\",\"breadcrumb\":{\"@id\":\"https:\\\/\\\/www.musikzeitung.ch\\\/inserate#breadcrumb\"},\"inLanguage\":\"it-IT\",\"potentialAction\":[{\"@type\":\"ReadAction\",\"target\":[\"https:\\\/\\\/www.musikzeitung.ch\\\/inserate\"]}]},{\"@type\":\"BreadcrumbList\",\"@id\":\"https:\\\/\\\/www.musikzeitung.ch\\\/inserate#breadcrumb\",\"itemListElement\":[{\"@type\":\"ListItem\",\"position\":1,\"name\":\"Home\",\"item\":\"https:\\\/\\\/www.musikzeitung.ch\\\/\"},{\"@type\":\"ListItem\",\"position\":2,\"name\":\"Inserate aufgeben\"}]},{\"@type\":\"WebSite\",\"@id\":\"https:\\\/\\\/www.musikzeitung.ch\\\/#website\",\"url\":\"https:\\\/\\\/www.musikzeitung.ch\\\/\",\"name\":\"Schweizer Musikzeitung\",\"description\":\"Die f\u00fchrende sparten\u00fcbergreifende Monatszeitung in der Schweiz f\u00fcr musikalische Fragen.\",\"publisher\":{\"@id\":\"https:\\\/\\\/www.musikzeitung.ch\\\/#organization\"},\"potentialAction\":[{\"@type\":\"SearchAction\",\"target\":{\"@type\":\"EntryPoint\",\"urlTemplate\":\"https:\\\/\\\/www.musikzeitung.ch\\\/?s={search_term_string}\"},\"query-input\":{\"@type\":\"PropertyValueSpecification\",\"valueRequired\":true,\"valueName\":\"search_term_string\"}}],\"inLanguage\":\"it-IT\"},{\"@type\":\"Organization\",\"@id\":\"https:\\\/\\\/www.musikzeitung.ch\\\/#organization\",\"name\":\"Schweizer Musikzeitung\",\"url\":\"https:\\\/\\\/www.musikzeitung.ch\\\/\",\"logo\":{\"@type\":\"ImageObject\",\"inLanguage\":\"it-IT\",\"@id\":\"https:\\\/\\\/www.musikzeitung.ch\\\/#\\\/schema\\\/logo\\\/image\\\/\",\"url\":\"https:\\\/\\\/www.musikzeitung.ch\\\/wp-content\\\/uploads\\\/2023\\\/01\\\/SMZ_Schriftzug_Sprache.png\",\"contentUrl\":\"https:\\\/\\\/www.musikzeitung.ch\\\/wp-content\\\/uploads\\\/2023\\\/01\\\/SMZ_Schriftzug_Sprache.png\",\"width\":1400,\"height\":279,\"caption\":\"Schweizer Musikzeitung\"},\"image\":{\"@id\":\"https:\\\/\\\/www.musikzeitung.ch\\\/#\\\/schema\\\/logo\\\/image\\\/\"},\"sameAs\":[\"https:\\\/\\\/www.facebook.com\\\/SchweizerMusikzeitung\\\/\",\"https:\\\/\\\/x.com\\\/smusikzeitung\",\"https:\\\/\\\/www.instagram.com\\\/musikzeitung.ch\\\/\"]}]}<\/script>\n<!-- \/ Yoast SEO plugin. -->","yoast_head_json":{"title":"Pubblicare annunci - Rivista svizzera di musica","description":"Possibilit\u00e0 pubblicitarie nella Rivista musicale svizzera: stampa, online e crossmedia","robots":{"index":"index","follow":"follow","max-snippet":"max-snippet:-1","max-image-preview":"max-image-preview:large","max-video-preview":"max-video-preview:-1"},"canonical":"https:\/\/www.musikzeitung.ch\/it\/inserate\/","og_locale":"it_IT","og_type":"article","og_title":"Inserate aufgeben - Schweizer Musikzeitung","og_description":"Werbem\u00f6glichkeiten in der Schweizer Musikzeitung: Print, Online und Crossmedia","og_url":"https:\/\/www.musikzeitung.ch\/it\/inserate\/","og_site_name":"Schweizer Musikzeitung","article_publisher":"https:\/\/www.facebook.com\/SchweizerMusikzeitung\/","article_modified_time":"2026-02-10T14:19:32+00:00","twitter_card":"summary_large_image","twitter_site":"@smusikzeitung","twitter_misc":{"Tempo di lettura stimato":"1 minuto"},"schema":{"@context":"https:\/\/schema.org","@graph":[{"@type":"WebPage","@id":"https:\/\/www.musikzeitung.ch\/inserate","url":"https:\/\/www.musikzeitung.ch\/inserate","name":"Pubblicare annunci - Rivista svizzera di musica","isPartOf":{"@id":"https:\/\/www.musikzeitung.ch\/#website"},"datePublished":"2022-12-22T08:41:07+00:00","dateModified":"2026-02-10T14:19:32+00:00","description":"Possibilit\u00e0 pubblicitarie nella Rivista musicale svizzera: stampa, online e crossmedia","breadcrumb":{"@id":"https:\/\/www.musikzeitung.ch\/inserate#breadcrumb"},"inLanguage":"it-IT","potentialAction":[{"@type":"ReadAction","target":["https:\/\/www.musikzeitung.ch\/inserate"]}]},{"@type":"BreadcrumbList","@id":"https:\/\/www.musikzeitung.ch\/inserate#breadcrumb","itemListElement":[{"@type":"ListItem","position":1,"name":"Home","item":"https:\/\/www.musikzeitung.ch\/"},{"@type":"ListItem","position":2,"name":"Inserate aufgeben"}]},{"@type":"WebSite","@id":"https:\/\/www.musikzeitung.ch\/#website","url":"https:\/\/www.musikzeitung.ch\/","name":"Giornale musicale svizzero","description":"Il principale mensile interdisciplinare della Svizzera per le questioni musicali.","publisher":{"@id":"https:\/\/www.musikzeitung.ch\/#organization"},"potentialAction":[{"@type":"SearchAction","target":{"@type":"EntryPoint","urlTemplate":"https:\/\/www.musikzeitung.ch\/?s={search_term_string}"},"query-input":{"@type":"PropertyValueSpecification","valueRequired":true,"valueName":"search_term_string"}}],"inLanguage":"it-IT"},{"@type":"Organization","@id":"https:\/\/www.musikzeitung.ch\/#organization","name":"Giornale musicale svizzero","url":"https:\/\/www.musikzeitung.ch\/","logo":{"@type":"ImageObject","inLanguage":"it-IT","@id":"https:\/\/www.musikzeitung.ch\/#\/schema\/logo\/image\/","url":"https:\/\/www.musikzeitung.ch\/wp-content\/uploads\/2023\/01\/SMZ_Schriftzug_Sprache.png","contentUrl":"https:\/\/www.musikzeitung.ch\/wp-content\/uploads\/2023\/01\/SMZ_Schriftzug_Sprache.png","width":1400,"height":279,"caption":"Schweizer Musikzeitung"},"image":{"@id":"https:\/\/www.musikzeitung.ch\/#\/schema\/logo\/image\/"},"sameAs":["https:\/\/www.facebook.com\/SchweizerMusikzeitung\/","https:\/\/x.com\/smusikzeitung","https:\/\/www.instagram.com\/musikzeitung.ch\/"]}]}},"publishpress_future_workflow_manual_trigger":{"enabledWorkflows":[]},"_links":{"self":[{"href":"https:\/\/www.musikzeitung.ch\/it\/wp-json\/wp\/v2\/pages\/128","targetHints":{"allow":["GET"]}}],"collection":[{"href":"https:\/\/www.musikzeitung.ch\/it\/wp-json\/wp\/v2\/pages"}],"about":[{"href":"https:\/\/www.musikzeitung.ch\/it\/wp-json\/wp\/v2\/types\/page"}],"author":[{"embeddable":true,"href":"https:\/\/www.musikzeitung.ch\/it\/wp-json\/wp\/v2\/users\/1"}],"replies":[{"embeddable":true,"href":"https:\/\/www.musikzeitung.ch\/it\/wp-json\/wp\/v2\/comments?post=128"}],"version-history":[{"count":31,"href":"https:\/\/www.musikzeitung.ch\/it\/wp-json\/wp\/v2\/pages\/128\/revisions"}],"predecessor-version":[{"id":71010,"href":"https:\/\/www.musikzeitung.ch\/it\/wp-json\/wp\/v2\/pages\/128\/revisions\/71010"}],"wp:attachment":[{"href":"https:\/\/www.musikzeitung.ch\/it\/wp-json\/wp\/v2\/media?parent=128"}],"curies":[{"name":"wp","href":"https:\/\/api.w.org\/{rel}","templated":true}]}}