{"id":230,"date":"2023-01-11T14:07:52","date_gmt":"2023-01-11T13:07:52","guid":{"rendered":"https:\/\/www.musikzeitung.ch\/?page_id=230"},"modified":"2026-04-09T16:15:48","modified_gmt":"2026-04-09T14:15:48","slug":"basis","status":"publish","type":"page","link":"https:\/\/www.musikzeitung.ch\/it\/basis","title":{"rendered":"Base"},"content":{"rendered":"<p>Numerose organizzazioni e istituzioni hanno una propria pagina nella rivista musicale svizzera:<\/p>\n<div class='content-column one_third'><a href=\"\/basis\/kmhss\/\"><img loading=\"lazy\" decoding=\"async\" class=\"alignnone size-large wp-image-9340\" src=\"https:\/\/www.musikzeitung.ch\/wp-content\/uploads\/2023\/01\/kmhs_musikzeitung-1024x512.jpg\" alt=\"\" width=\"768\" height=\"384\" srcset=\"https:\/\/www.musikzeitung.ch\/wp-content\/uploads\/2023\/01\/kmhs_musikzeitung-1024x512.jpg 1024w, https:\/\/www.musikzeitung.ch\/wp-content\/uploads\/2023\/01\/kmhs_musikzeitung-300x150.jpg 300w, https:\/\/www.musikzeitung.ch\/wp-content\/uploads\/2023\/01\/kmhs_musikzeitung-768x384.jpg 768w, https:\/\/www.musikzeitung.ch\/wp-content\/uploads\/2023\/01\/kmhs_musikzeitung-350x175.jpg 350w, https:\/\/www.musikzeitung.ch\/wp-content\/uploads\/2023\/01\/kmhs_musikzeitung-700x350.jpg 700w, https:\/\/www.musikzeitung.ch\/wp-content\/uploads\/2023\/01\/kmhs_musikzeitung-920x460.jpg 920w, https:\/\/www.musikzeitung.ch\/wp-content\/uploads\/2023\/01\/kmhs_musikzeitung.jpg 1200w\" sizes=\"auto, (max-width: 768px) 100vw, 768px\" \/><\/a><\/p>\n<p style=\"text-align: center;\"><a href=\"\/basis\/kmhs\/\">KMHS<\/a><\/p><\/div>\n<div class='content-column one_third'><a href=\"\/basis\/sjmw\/\"><img loading=\"lazy\" decoding=\"async\" class=\"alignnone size-large wp-image-9342\" src=\"https:\/\/www.musikzeitung.ch\/wp-content\/uploads\/2023\/01\/sjmw_musikzeitung-1024x512.jpg\" alt=\"\" width=\"768\" height=\"384\" srcset=\"https:\/\/www.musikzeitung.ch\/wp-content\/uploads\/2023\/01\/sjmw_musikzeitung-1024x512.jpg 1024w, https:\/\/www.musikzeitung.ch\/wp-content\/uploads\/2023\/01\/sjmw_musikzeitung-300x150.jpg 300w, https:\/\/www.musikzeitung.ch\/wp-content\/uploads\/2023\/01\/sjmw_musikzeitung-768x384.jpg 768w, https:\/\/www.musikzeitung.ch\/wp-content\/uploads\/2023\/01\/sjmw_musikzeitung-350x175.jpg 350w, https:\/\/www.musikzeitung.ch\/wp-content\/uploads\/2023\/01\/sjmw_musikzeitung-700x350.jpg 700w, https:\/\/www.musikzeitung.ch\/wp-content\/uploads\/2023\/01\/sjmw_musikzeitung-920x460.jpg 920w, https:\/\/www.musikzeitung.ch\/wp-content\/uploads\/2023\/01\/sjmw_musikzeitung.jpg 1200w\" sizes=\"auto, (max-width: 768px) 100vw, 768px\" \/><\/a><\/p>\n<p style=\"text-align: center;\"><a href=\"\/basis\/sjmw\/\">SJMW<\/a><\/p><\/div>\n<div class='content-column one_third'><p><a href=\"\/basis\/smg\/\"><img loading=\"lazy\" decoding=\"async\" class=\"alignnone size-large wp-image-9343\" src=\"https:\/\/www.musikzeitung.ch\/wp-content\/uploads\/2023\/01\/smg_musikzeitung-1024x512.jpg\" alt=\"\" width=\"768\" height=\"384\" srcset=\"https:\/\/www.musikzeitung.ch\/wp-content\/uploads\/2023\/01\/smg_musikzeitung-1024x512.jpg 1024w, https:\/\/www.musikzeitung.ch\/wp-content\/uploads\/2023\/01\/smg_musikzeitung-300x150.jpg 300w, https:\/\/www.musikzeitung.ch\/wp-content\/uploads\/2023\/01\/smg_musikzeitung-768x384.jpg 768w, https:\/\/www.musikzeitung.ch\/wp-content\/uploads\/2023\/01\/smg_musikzeitung-350x175.jpg 350w, https:\/\/www.musikzeitung.ch\/wp-content\/uploads\/2023\/01\/smg_musikzeitung-700x350.jpg 700w, https:\/\/www.musikzeitung.ch\/wp-content\/uploads\/2023\/01\/smg_musikzeitung-920x460.jpg 920w, https:\/\/www.musikzeitung.ch\/wp-content\/uploads\/2023\/01\/smg_musikzeitung.jpg 1200w\" sizes=\"auto, (max-width: 768px) 100vw, 768px\" \/><\/a><\/p>\n<p style=\"text-align: center;\"><a href=\"\/basis\/smg\/\">SMG<\/a><\/p><\/div>\n<p>&nbsp;<\/p>\n<div class='content-column one_third'><p><a href=\"\/basis\/smm\/\"><img loading=\"lazy\" decoding=\"async\" class=\"alignnone wp-image-54628 size-full\" src=\"https:\/\/www.musikzeitung.ch\/wp-content\/uploads\/2024\/05\/Logo-Medmusica_200-1.jpeg\" alt=\"\" width=\"600\" height=\"300\" srcset=\"https:\/\/www.musikzeitung.ch\/wp-content\/uploads\/2024\/05\/Logo-Medmusica_200-1.jpeg 600w, https:\/\/www.musikzeitung.ch\/wp-content\/uploads\/2024\/05\/Logo-Medmusica_200-1-300x150.jpeg 300w, https:\/\/www.musikzeitung.ch\/wp-content\/uploads\/2024\/05\/Logo-Medmusica_200-1-350x175.jpeg 350w\" sizes=\"auto, (max-width: 600px) 100vw, 600px\" \/><\/a><\/p>\n<p style=\"text-align: center;\"><a href=\"\/basis\/smm\/\">SMM<\/a><\/p><\/div>\n<div class='content-column one_third'><p><a href=\"\/basis\/smpv\/\"><img loading=\"lazy\" decoding=\"async\" class=\"alignnone size-large wp-image-9347\" src=\"https:\/\/www.musikzeitung.ch\/wp-content\/uploads\/2023\/01\/sspm_musikzeitung-1024x512.jpg\" alt=\"\" width=\"768\" height=\"384\" srcset=\"https:\/\/www.musikzeitung.ch\/wp-content\/uploads\/2023\/01\/sspm_musikzeitung-1024x512.jpg 1024w, https:\/\/www.musikzeitung.ch\/wp-content\/uploads\/2023\/01\/sspm_musikzeitung-300x150.jpg 300w, https:\/\/www.musikzeitung.ch\/wp-content\/uploads\/2023\/01\/sspm_musikzeitung-768x384.jpg 768w, https:\/\/www.musikzeitung.ch\/wp-content\/uploads\/2023\/01\/sspm_musikzeitung-350x175.jpg 350w, https:\/\/www.musikzeitung.ch\/wp-content\/uploads\/2023\/01\/sspm_musikzeitung-700x350.jpg 700w, https:\/\/www.musikzeitung.ch\/wp-content\/uploads\/2023\/01\/sspm_musikzeitung-920x460.jpg 920w, https:\/\/www.musikzeitung.ch\/wp-content\/uploads\/2023\/01\/sspm_musikzeitung.jpg 1200w\" sizes=\"auto, (max-width: 768px) 100vw, 768px\" \/><\/a><\/p>\n<p style=\"text-align: center;\"><a href=\"\/basis\/smpv\/\">SSPM<\/a><\/p><\/div>\n<div class='content-column one_third'><p><a href=\"\/basis\/smr\/\"><img loading=\"lazy\" decoding=\"async\" class=\"alignnone size-large wp-image-9344\" src=\"https:\/\/www.musikzeitung.ch\/wp-content\/uploads\/2023\/01\/smr-csm_musikzeitung-1024x512.jpg\" alt=\"\" width=\"768\" height=\"384\" srcset=\"https:\/\/www.musikzeitung.ch\/wp-content\/uploads\/2023\/01\/smr-csm_musikzeitung-1024x512.jpg 1024w, https:\/\/www.musikzeitung.ch\/wp-content\/uploads\/2023\/01\/smr-csm_musikzeitung-300x150.jpg 300w, https:\/\/www.musikzeitung.ch\/wp-content\/uploads\/2023\/01\/smr-csm_musikzeitung-768x384.jpg 768w, https:\/\/www.musikzeitung.ch\/wp-content\/uploads\/2023\/01\/smr-csm_musikzeitung-350x175.jpg 350w, https:\/\/www.musikzeitung.ch\/wp-content\/uploads\/2023\/01\/smr-csm_musikzeitung-700x350.jpg 700w, https:\/\/www.musikzeitung.ch\/wp-content\/uploads\/2023\/01\/smr-csm_musikzeitung-920x460.jpg 920w, https:\/\/www.musikzeitung.ch\/wp-content\/uploads\/2023\/01\/smr-csm_musikzeitung.jpg 1200w\" sizes=\"auto, (max-width: 768px) 100vw, 768px\" \/><\/a><\/p>\n<p style=\"text-align: center;\"><a href=\"\/basis\/smr\/\">SMR<\/a><\/p><\/div>\n<p>&nbsp;<\/p>\n<div class='content-column one_third'><p><a href=\"\/basis\/smv\/\"><img loading=\"lazy\" decoding=\"async\" class=\"alignnone size-large wp-image-9345\" src=\"https:\/\/www.musikzeitung.ch\/wp-content\/uploads\/2023\/01\/smv_musikzeitung-1024x512.jpg\" alt=\"\" width=\"768\" height=\"384\" srcset=\"https:\/\/www.musikzeitung.ch\/wp-content\/uploads\/2023\/01\/smv_musikzeitung-1024x512.jpg 1024w, https:\/\/www.musikzeitung.ch\/wp-content\/uploads\/2023\/01\/smv_musikzeitung-300x150.jpg 300w, https:\/\/www.musikzeitung.ch\/wp-content\/uploads\/2023\/01\/smv_musikzeitung-768x384.jpg 768w, https:\/\/www.musikzeitung.ch\/wp-content\/uploads\/2023\/01\/smv_musikzeitung-350x175.jpg 350w, https:\/\/www.musikzeitung.ch\/wp-content\/uploads\/2023\/01\/smv_musikzeitung-700x350.jpg 700w, https:\/\/www.musikzeitung.ch\/wp-content\/uploads\/2023\/01\/smv_musikzeitung-920x460.jpg 920w, https:\/\/www.musikzeitung.ch\/wp-content\/uploads\/2023\/01\/smv_musikzeitung.jpg 1200w\" sizes=\"auto, (max-width: 768px) 100vw, 768px\" \/><\/a><\/p>\n<p style=\"text-align: center;\"><a href=\"\/basis\/smv\/\">SMV<\/a><\/p><\/div>\n<div class='content-column one_third'><p><img loading=\"lazy\" decoding=\"async\" class=\"alignnone size-large wp-image-9346\" src=\"https:\/\/www.musikzeitung.ch\/wp-content\/uploads\/2023\/01\/sonart_musikzeitung-1024x512.jpg\" alt=\"\" width=\"768\" height=\"384\" srcset=\"https:\/\/www.musikzeitung.ch\/wp-content\/uploads\/2023\/01\/sonart_musikzeitung-1024x512.jpg 1024w, https:\/\/www.musikzeitung.ch\/wp-content\/uploads\/2023\/01\/sonart_musikzeitung-300x150.jpg 300w, https:\/\/www.musikzeitung.ch\/wp-content\/uploads\/2023\/01\/sonart_musikzeitung-768x384.jpg 768w, https:\/\/www.musikzeitung.ch\/wp-content\/uploads\/2023\/01\/sonart_musikzeitung-350x175.jpg 350w, https:\/\/www.musikzeitung.ch\/wp-content\/uploads\/2023\/01\/sonart_musikzeitung-700x350.jpg 700w, https:\/\/www.musikzeitung.ch\/wp-content\/uploads\/2023\/01\/sonart_musikzeitung-920x460.jpg 920w, https:\/\/www.musikzeitung.ch\/wp-content\/uploads\/2023\/01\/sonart_musikzeitung.jpg 1200w\" sizes=\"auto, (max-width: 768px) 100vw, 768px\" \/><\/p>\n<p style=\"text-align: center;\"><a href=\"\/basis\/sonart\/\">SONART<\/a><\/p><\/div>\n<div class='content-column one_third'><p><img loading=\"lazy\" decoding=\"async\" class=\"aligncenter size-full wp-image-72511\" src=\"https:\/\/www.musikzeitung.ch\/wp-content\/uploads\/2026\/04\/LogoSUISA-quadratisch2025.jpg\" alt=\"\" width=\"370\" height=\"370\" srcset=\"https:\/\/www.musikzeitung.ch\/wp-content\/uploads\/2026\/04\/LogoSUISA-quadratisch2025.jpg 370w, https:\/\/www.musikzeitung.ch\/wp-content\/uploads\/2026\/04\/LogoSUISA-quadratisch2025-300x300.jpg 300w, https:\/\/www.musikzeitung.ch\/wp-content\/uploads\/2026\/04\/LogoSUISA-quadratisch2025-12x12.jpg 12w, https:\/\/www.musikzeitung.ch\/wp-content\/uploads\/2026\/04\/LogoSUISA-quadratisch2025-175x175.jpg 175w, https:\/\/www.musikzeitung.ch\/wp-content\/uploads\/2026\/04\/LogoSUISA-quadratisch2025-350x350.jpg 350w, https:\/\/www.musikzeitung.ch\/wp-content\/uploads\/2026\/04\/LogoSUISA-quadratisch2025-150x150.jpg 150w, https:\/\/www.musikzeitung.ch\/wp-content\/uploads\/2026\/04\/LogoSUISA-quadratisch2025-100x100.jpg 100w, https:\/\/www.musikzeitung.ch\/wp-content\/uploads\/2026\/04\/LogoSUISA-quadratisch2025-24x24.jpg 24w, https:\/\/www.musikzeitung.ch\/wp-content\/uploads\/2026\/04\/LogoSUISA-quadratisch2025-48x48.jpg 48w, https:\/\/www.musikzeitung.ch\/wp-content\/uploads\/2026\/04\/LogoSUISA-quadratisch2025-96x96.jpg 96w, https:\/\/www.musikzeitung.ch\/wp-content\/uploads\/2026\/04\/LogoSUISA-quadratisch2025-250x250.jpg 250w\" sizes=\"auto, (max-width: 370px) 100vw, 370px\" \/><\/p>\n<p>&nbsp;<\/p>\n<p style=\"text-align: center;\"><a href=\"\/basis\/suisa\/\">SUISA<\/a><\/p><\/div>\n<p>&nbsp;<\/p>\n<div class='content-column one_third'><p><img loading=\"lazy\" decoding=\"async\" class=\"aligncenter size-full wp-image-62256\" src=\"https:\/\/www.musikzeitung.ch\/wp-content\/uploads\/2025\/01\/VMS_Bildzeichen_RGB_SocialMedia_1200px-300x300quer3.jpg\" alt=\"\" width=\"992\" height=\"300\" srcset=\"https:\/\/www.musikzeitung.ch\/wp-content\/uploads\/2025\/01\/VMS_Bildzeichen_RGB_SocialMedia_1200px-300x300quer3.jpg 992w, https:\/\/www.musikzeitung.ch\/wp-content\/uploads\/2025\/01\/VMS_Bildzeichen_RGB_SocialMedia_1200px-300x300quer3-300x91.jpg 300w, https:\/\/www.musikzeitung.ch\/wp-content\/uploads\/2025\/01\/VMS_Bildzeichen_RGB_SocialMedia_1200px-300x300quer3-768x232.jpg 768w, https:\/\/www.musikzeitung.ch\/wp-content\/uploads\/2025\/01\/VMS_Bildzeichen_RGB_SocialMedia_1200px-300x300quer3-18x5.jpg 18w, https:\/\/www.musikzeitung.ch\/wp-content\/uploads\/2025\/01\/VMS_Bildzeichen_RGB_SocialMedia_1200px-300x300quer3-375x113.jpg 375w, https:\/\/www.musikzeitung.ch\/wp-content\/uploads\/2025\/01\/VMS_Bildzeichen_RGB_SocialMedia_1200px-300x300quer3-760x230.jpg 760w, https:\/\/www.musikzeitung.ch\/wp-content\/uploads\/2025\/01\/VMS_Bildzeichen_RGB_SocialMedia_1200px-300x300quer3-920x278.jpg 920w\" sizes=\"auto, (max-width: 992px) 100vw, 992px\" \/><\/p>\n<p>&nbsp;<\/p>\n<p style=\"text-align: center;\"><a href=\"\/basis\/vms\/\">VMS<\/a><\/p><\/div>\n<div class='content-column one_third'><p><img loading=\"lazy\" decoding=\"async\" class=\"alignnone size-large wp-image-9336\" src=\"https:\/\/www.musikzeitung.ch\/wp-content\/uploads\/2023\/01\/arosa_musikzeitung-1024x512.jpg\" alt=\"\" width=\"768\" height=\"384\" srcset=\"https:\/\/www.musikzeitung.ch\/wp-content\/uploads\/2023\/01\/arosa_musikzeitung-1024x512.jpg 1024w, https:\/\/www.musikzeitung.ch\/wp-content\/uploads\/2023\/01\/arosa_musikzeitung-300x150.jpg 300w, https:\/\/www.musikzeitung.ch\/wp-content\/uploads\/2023\/01\/arosa_musikzeitung-768x384.jpg 768w, https:\/\/www.musikzeitung.ch\/wp-content\/uploads\/2023\/01\/arosa_musikzeitung-350x175.jpg 350w, https:\/\/www.musikzeitung.ch\/wp-content\/uploads\/2023\/01\/arosa_musikzeitung-700x350.jpg 700w, https:\/\/www.musikzeitung.ch\/wp-content\/uploads\/2023\/01\/arosa_musikzeitung-920x460.jpg 920w, https:\/\/www.musikzeitung.ch\/wp-content\/uploads\/2023\/01\/arosa_musikzeitung.jpg 1200w\" sizes=\"auto, (max-width: 768px) 100vw, 768px\" \/><\/p>\n<p style=\"text-align: center;\"><a href=\"\/basis\/arosa-kultur\/\">Cultura di Arosa<\/a><\/p><\/div>","protected":false},"excerpt":{"rendered":"<p>Numerose organizzazioni e istituzioni hanno una propria pagina nella rivista musicale svizzera: &nbsp; &nbsp; &nbsp;<\/p>","protected":false},"author":1,"featured_media":0,"parent":0,"menu_order":0,"comment_status":"closed","ping_status":"closed","template":"","meta":{"_acf_changed":false,"_relevanssi_hide_post":"","_relevanssi_hide_content":"","_relevanssi_pin_for_all":"","_relevanssi_pin_keywords":"","_relevanssi_unpin_keywords":"","_relevanssi_related_keywords":"","_relevanssi_related_include_ids":"","_relevanssi_related_exclude_ids":"","_relevanssi_related_no_append":"","_relevanssi_related_not_related":"","_relevanssi_related_posts":"","_relevanssi_noindex_reason":"","pgc_sgb_lightbox_settings":"","footnotes":""},"class_list":["post-230","page","type-page","status-publish","hentry"],"acf":[],"yoast_head":"<!-- This site is optimized with the Yoast SEO plugin v27.4 - https:\/\/yoast.com\/product\/yoast-seo-wordpress\/ -->\n<title>Basis - Schweizer Musikzeitung<\/title>\n<meta name=\"robots\" content=\"index, follow, max-snippet:-1, max-image-preview:large, max-video-preview:-1\" \/>\n<link rel=\"canonical\" href=\"https:\/\/www.musikzeitung.ch\/it\/basis\/\" \/>\n<meta property=\"og:locale\" content=\"it_IT\" \/>\n<meta property=\"og:type\" content=\"article\" \/>\n<meta property=\"og:title\" content=\"Basis - Schweizer Musikzeitung\" \/>\n<meta property=\"og:description\" content=\"Zahlreiche Verb\u00e4nde und Institutionen sind in der Schweizer Musikzeitung mit ihren eigenen Seiten pr\u00e4sent: &nbsp; &nbsp; &nbsp;\" \/>\n<meta property=\"og:url\" content=\"https:\/\/www.musikzeitung.ch\/it\/basis\/\" \/>\n<meta property=\"og:site_name\" content=\"Schweizer Musikzeitung\" \/>\n<meta property=\"article:publisher\" content=\"https:\/\/www.facebook.com\/SchweizerMusikzeitung\/\" \/>\n<meta property=\"article:modified_time\" content=\"2026-04-09T14:15:48+00:00\" \/>\n<meta property=\"og:image\" content=\"https:\/\/www.musikzeitung.ch\/wp-content\/uploads\/2023\/01\/kmhs_musikzeitung.jpg\" \/>\n\t<meta property=\"og:image:width\" content=\"1200\" \/>\n\t<meta property=\"og:image:height\" content=\"600\" \/>\n\t<meta property=\"og:image:type\" content=\"image\/jpeg\" \/>\n<meta name=\"twitter:card\" content=\"summary_large_image\" \/>\n<meta name=\"twitter:site\" content=\"@smusikzeitung\" \/>\n<meta name=\"twitter:label1\" content=\"Tempo di lettura stimato\" \/>\n\t<meta name=\"twitter:data1\" content=\"3 minuti\" \/>\n<script type=\"application\/ld+json\" class=\"yoast-schema-graph\">{\"@context\":\"https:\\\/\\\/schema.org\",\"@graph\":[{\"@type\":\"WebPage\",\"@id\":\"https:\\\/\\\/www.musikzeitung.ch\\\/basis\",\"url\":\"https:\\\/\\\/www.musikzeitung.ch\\\/basis\",\"name\":\"Basis - Schweizer Musikzeitung\",\"isPartOf\":{\"@id\":\"https:\\\/\\\/www.musikzeitung.ch\\\/#website\"},\"primaryImageOfPage\":{\"@id\":\"https:\\\/\\\/www.musikzeitung.ch\\\/basis#primaryimage\"},\"image\":{\"@id\":\"https:\\\/\\\/www.musikzeitung.ch\\\/basis#primaryimage\"},\"thumbnailUrl\":\"https:\\\/\\\/www.musikzeitung.ch\\\/wp-content\\\/uploads\\\/2023\\\/01\\\/kmhs_musikzeitung-1024x512.jpg\",\"datePublished\":\"2023-01-11T13:07:52+00:00\",\"dateModified\":\"2026-04-09T14:15:48+00:00\",\"breadcrumb\":{\"@id\":\"https:\\\/\\\/www.musikzeitung.ch\\\/basis#breadcrumb\"},\"inLanguage\":\"it-IT\",\"potentialAction\":[{\"@type\":\"ReadAction\",\"target\":[\"https:\\\/\\\/www.musikzeitung.ch\\\/basis\"]}]},{\"@type\":\"ImageObject\",\"inLanguage\":\"it-IT\",\"@id\":\"https:\\\/\\\/www.musikzeitung.ch\\\/basis#primaryimage\",\"url\":\"https:\\\/\\\/www.musikzeitung.ch\\\/wp-content\\\/uploads\\\/2023\\\/01\\\/kmhs_musikzeitung-1024x512.jpg\",\"contentUrl\":\"https:\\\/\\\/www.musikzeitung.ch\\\/wp-content\\\/uploads\\\/2023\\\/01\\\/kmhs_musikzeitung-1024x512.jpg\"},{\"@type\":\"BreadcrumbList\",\"@id\":\"https:\\\/\\\/www.musikzeitung.ch\\\/basis#breadcrumb\",\"itemListElement\":[{\"@type\":\"ListItem\",\"position\":1,\"name\":\"Home\",\"item\":\"https:\\\/\\\/www.musikzeitung.ch\\\/\"},{\"@type\":\"ListItem\",\"position\":2,\"name\":\"Basis\"}]},{\"@type\":\"WebSite\",\"@id\":\"https:\\\/\\\/www.musikzeitung.ch\\\/#website\",\"url\":\"https:\\\/\\\/www.musikzeitung.ch\\\/\",\"name\":\"Schweizer Musikzeitung\",\"description\":\"Die f\u00fchrende sparten\u00fcbergreifende Monatszeitung in der Schweiz f\u00fcr musikalische Fragen.\",\"publisher\":{\"@id\":\"https:\\\/\\\/www.musikzeitung.ch\\\/#organization\"},\"potentialAction\":[{\"@type\":\"SearchAction\",\"target\":{\"@type\":\"EntryPoint\",\"urlTemplate\":\"https:\\\/\\\/www.musikzeitung.ch\\\/?s={search_term_string}\"},\"query-input\":{\"@type\":\"PropertyValueSpecification\",\"valueRequired\":true,\"valueName\":\"search_term_string\"}}],\"inLanguage\":\"it-IT\"},{\"@type\":\"Organization\",\"@id\":\"https:\\\/\\\/www.musikzeitung.ch\\\/#organization\",\"name\":\"Schweizer Musikzeitung\",\"url\":\"https:\\\/\\\/www.musikzeitung.ch\\\/\",\"logo\":{\"@type\":\"ImageObject\",\"inLanguage\":\"it-IT\",\"@id\":\"https:\\\/\\\/www.musikzeitung.ch\\\/#\\\/schema\\\/logo\\\/image\\\/\",\"url\":\"https:\\\/\\\/www.musikzeitung.ch\\\/wp-content\\\/uploads\\\/2023\\\/01\\\/SMZ_Schriftzug_Sprache.png\",\"contentUrl\":\"https:\\\/\\\/www.musikzeitung.ch\\\/wp-content\\\/uploads\\\/2023\\\/01\\\/SMZ_Schriftzug_Sprache.png\",\"width\":1400,\"height\":279,\"caption\":\"Schweizer Musikzeitung\"},\"image\":{\"@id\":\"https:\\\/\\\/www.musikzeitung.ch\\\/#\\\/schema\\\/logo\\\/image\\\/\"},\"sameAs\":[\"https:\\\/\\\/www.facebook.com\\\/SchweizerMusikzeitung\\\/\",\"https:\\\/\\\/x.com\\\/smusikzeitung\",\"https:\\\/\\\/www.instagram.com\\\/musikzeitung.ch\\\/\"]}]}<\/script>\n<!-- \/ Yoast SEO plugin. -->","yoast_head_json":{"title":"Base - Rivista musicale svizzera","robots":{"index":"index","follow":"follow","max-snippet":"max-snippet:-1","max-image-preview":"max-image-preview:large","max-video-preview":"max-video-preview:-1"},"canonical":"https:\/\/www.musikzeitung.ch\/it\/basis\/","og_locale":"it_IT","og_type":"article","og_title":"Basis - Schweizer Musikzeitung","og_description":"Zahlreiche Verb\u00e4nde und Institutionen sind in der Schweizer Musikzeitung mit ihren eigenen Seiten pr\u00e4sent: &nbsp; &nbsp; &nbsp;","og_url":"https:\/\/www.musikzeitung.ch\/it\/basis\/","og_site_name":"Schweizer Musikzeitung","article_publisher":"https:\/\/www.facebook.com\/SchweizerMusikzeitung\/","article_modified_time":"2026-04-09T14:15:48+00:00","og_image":[{"width":1200,"height":600,"url":"https:\/\/www.musikzeitung.ch\/wp-content\/uploads\/2023\/01\/kmhs_musikzeitung.jpg","type":"image\/jpeg"}],"twitter_card":"summary_large_image","twitter_site":"@smusikzeitung","twitter_misc":{"Tempo di lettura stimato":"3 minuti"},"schema":{"@context":"https:\/\/schema.org","@graph":[{"@type":"WebPage","@id":"https:\/\/www.musikzeitung.ch\/basis","url":"https:\/\/www.musikzeitung.ch\/basis","name":"Base - Rivista musicale svizzera","isPartOf":{"@id":"https:\/\/www.musikzeitung.ch\/#website"},"primaryImageOfPage":{"@id":"https:\/\/www.musikzeitung.ch\/basis#primaryimage"},"image":{"@id":"https:\/\/www.musikzeitung.ch\/basis#primaryimage"},"thumbnailUrl":"https:\/\/www.musikzeitung.ch\/wp-content\/uploads\/2023\/01\/kmhs_musikzeitung-1024x512.jpg","datePublished":"2023-01-11T13:07:52+00:00","dateModified":"2026-04-09T14:15:48+00:00","breadcrumb":{"@id":"https:\/\/www.musikzeitung.ch\/basis#breadcrumb"},"inLanguage":"it-IT","potentialAction":[{"@type":"ReadAction","target":["https:\/\/www.musikzeitung.ch\/basis"]}]},{"@type":"ImageObject","inLanguage":"it-IT","@id":"https:\/\/www.musikzeitung.ch\/basis#primaryimage","url":"https:\/\/www.musikzeitung.ch\/wp-content\/uploads\/2023\/01\/kmhs_musikzeitung-1024x512.jpg","contentUrl":"https:\/\/www.musikzeitung.ch\/wp-content\/uploads\/2023\/01\/kmhs_musikzeitung-1024x512.jpg"},{"@type":"BreadcrumbList","@id":"https:\/\/www.musikzeitung.ch\/basis#breadcrumb","itemListElement":[{"@type":"ListItem","position":1,"name":"Home","item":"https:\/\/www.musikzeitung.ch\/"},{"@type":"ListItem","position":2,"name":"Basis"}]},{"@type":"WebSite","@id":"https:\/\/www.musikzeitung.ch\/#website","url":"https:\/\/www.musikzeitung.ch\/","name":"Giornale musicale svizzero","description":"Il principale mensile interdisciplinare della Svizzera per le questioni musicali.","publisher":{"@id":"https:\/\/www.musikzeitung.ch\/#organization"},"potentialAction":[{"@type":"SearchAction","target":{"@type":"EntryPoint","urlTemplate":"https:\/\/www.musikzeitung.ch\/?s={search_term_string}"},"query-input":{"@type":"PropertyValueSpecification","valueRequired":true,"valueName":"search_term_string"}}],"inLanguage":"it-IT"},{"@type":"Organization","@id":"https:\/\/www.musikzeitung.ch\/#organization","name":"Giornale musicale svizzero","url":"https:\/\/www.musikzeitung.ch\/","logo":{"@type":"ImageObject","inLanguage":"it-IT","@id":"https:\/\/www.musikzeitung.ch\/#\/schema\/logo\/image\/","url":"https:\/\/www.musikzeitung.ch\/wp-content\/uploads\/2023\/01\/SMZ_Schriftzug_Sprache.png","contentUrl":"https:\/\/www.musikzeitung.ch\/wp-content\/uploads\/2023\/01\/SMZ_Schriftzug_Sprache.png","width":1400,"height":279,"caption":"Schweizer Musikzeitung"},"image":{"@id":"https:\/\/www.musikzeitung.ch\/#\/schema\/logo\/image\/"},"sameAs":["https:\/\/www.facebook.com\/SchweizerMusikzeitung\/","https:\/\/x.com\/smusikzeitung","https:\/\/www.instagram.com\/musikzeitung.ch\/"]}]}},"publishpress_future_workflow_manual_trigger":{"enabledWorkflows":[]},"_links":{"self":[{"href":"https:\/\/www.musikzeitung.ch\/it\/wp-json\/wp\/v2\/pages\/230","targetHints":{"allow":["GET"]}}],"collection":[{"href":"https:\/\/www.musikzeitung.ch\/it\/wp-json\/wp\/v2\/pages"}],"about":[{"href":"https:\/\/www.musikzeitung.ch\/it\/wp-json\/wp\/v2\/types\/page"}],"author":[{"embeddable":true,"href":"https:\/\/www.musikzeitung.ch\/it\/wp-json\/wp\/v2\/users\/1"}],"replies":[{"embeddable":true,"href":"https:\/\/www.musikzeitung.ch\/it\/wp-json\/wp\/v2\/comments?post=230"}],"version-history":[{"count":34,"href":"https:\/\/www.musikzeitung.ch\/it\/wp-json\/wp\/v2\/pages\/230\/revisions"}],"predecessor-version":[{"id":9270,"href":"https:\/\/www.musikzeitung.ch\/it\/wp-json\/wp\/v2\/pages\/230\/revisions\/9270"}],"wp:attachment":[{"href":"https:\/\/www.musikzeitung.ch\/it\/wp-json\/wp\/v2\/media?parent=230"}],"curies":[{"name":"wp","href":"https:\/\/api.w.org\/{rel}","templated":true}]}}