{"id":239,"date":"2023-01-11T16:20:46","date_gmt":"2023-01-11T15:20:46","guid":{"rendered":"https:\/\/www.musikzeitung.ch\/?page_id=239"},"modified":"2024-11-22T11:39:40","modified_gmt":"2024-11-22T10:39:40","slug":"kmhs","status":"publish","type":"page","link":"https:\/\/www.musikzeitung.ch\/it\/basis\/kmhs","title":{"rendered":"KMHS"},"content":{"rendered":"<p>Nel <strong>Conferenza svizzera delle universit\u00e0 di musica (KMHS)<\/strong> \u00e8 un'associazione di universit\u00e0 musicali riconosciute in Svizzera. Attualmente si tratta dell'Accademia di Musica della FHNW, dell'Universit\u00e0 delle Arti di Berna, dell'Alta Scuola di Musica di Ginevra, dell'Alta Scuola di Musica di Losanna, della Scuola Universitaria di Musica di Lugano, dell'Universit\u00e0 di Musica di Lucerna, dell'Universit\u00e0 delle Arti di Zurigo e dell'Universit\u00e0 di Musica Kalaidos.<\/p>\n<p>L'obiettivo del KMHS \u00e8 quello di promuovere la formazione musicale professionale e di coordinarla a livello nazionale. Inoltre, si impegna per un ampio riconoscimento dei diplomi universitari e definisce i relativi standard di qualit\u00e0. La KMHS mantiene i contatti con le organizzazioni musicali professionali in Svizzera, prende posizione su questioni di politica culturale ed educativa e promuove l'intera gamma stilistica della musica e dell'educazione musicale.<\/p>\n<p>Circa 3.500 studenti sono attualmente iscritti a corsi di laurea o master presso le universit\u00e0 musicali svizzere, e molti altri frequentano l'ampia gamma di corsi di formazione continua. I corsi di laurea e di master dei membri della KMHS coprono un ampio spettro stilistico (musica classica, jazz, musica popolare, opera, media art, teoria, musica per film, musica popolare, ecc.) e professionale (concerti, solisti, orchestre, pedagogia strumentale\/vocale, musica scolastica, formazione musicale di base, ritmica, direzione d'orchestra, musica da chiesa, tecnico del suono, ecc.) I membri della KMHS svolgono un'ampia attivit\u00e0 di ricerca artistica e scientifica, che si concentra principalmente su questioni pratiche di educazione musicale. La KMHS \u00e8 collegata in rete a livello nazionale e internazionale con diverse organizzazioni consorelle.<\/p>\n<p><a href=\"http:\/\/www.kmhs.ch\" target=\"_blank\" rel=\"noopener\"><strong>www.kmhs.ch<\/strong><\/a><\/p>\n<p>&nbsp;<\/p>\n<p><strong>Presidio<br \/>\n<\/strong>Valentin Gloor (HSLU), Presidente<br \/>\nRico Gubler (HKB), Vicepresidente<br \/>\nB\u00e9atrice Zawodnik (HEM), Vicepresidente<\/p>\n<p><strong>Amministrazione<br \/>\n<\/strong>Conferenza KMHS delle universit\u00e0 musicali svizzere<br \/>\nc\/o Universit\u00e0 di Scienze Applicate e Arti di Lucerna - Musica<br \/>\nArsenalstrasse 28a<br \/>\n6010 Lucerna-Kriens<br \/>\n<a href=\"mailto:info@kmhs.ch\">info@kmhs.ch<\/a><\/p>\n<p>Viviane Caprez-Bregy | Milena Bucher<\/p>\n<p>&nbsp;<\/p>\n<p><strong>Membri<\/strong><br \/>\nConservatorio della Svizzera italiana (CSI), Scuola Universitaria di Musica - Lugano<br \/>\nAlta Scuola di Musica di Ginevra (HEM)<br \/>\nHaute Ecole de Musique de Lausanne (HEMU)Accademia di musica di Basilea \/ Accademia di musica FHNW<br \/>\nUniversit\u00e0 delle Arti di Berna (HKB)<br \/>\nUniversit\u00e0 di Scienze Applicate e Arti di Lucerna - Musica (HSLU)<br \/>\nUniversit\u00e0 di musica Kalaidos<br \/>\nAccademia di musica di Basilea \/ Accademia di musica FHNW<br \/>\nUniversit\u00e0 delle Arti di Zurigo (ZHdK)<\/p>","protected":false},"excerpt":{"rendered":"<p>In der Konferenz Musikhochschulen Schweiz (KMHS) sind die anerkannten Musikhochschulen der Schweiz zusammengeschlossen. Aktuell sind das die Musikhochschulen FHNW, die Hochschule der K\u00fcnste Bern, die Haute \u00e9cole de Musique de Gen\u00e8ve, die Haute \u00e9cole de Musique de Lausanne, die Scuola Universitaria di Musica Lugano, die Hochschule Luzern Musik, die Z\u00fcrcher Hochschule der K\u00fcnste sowie die [&hellip;]<\/p>\n","protected":false},"author":43668,"featured_media":9340,"parent":230,"menu_order":0,"comment_status":"closed","ping_status":"closed","template":"page_partner.php","meta":{"_acf_changed":false,"_relevanssi_hide_post":"","_relevanssi_hide_content":"","_relevanssi_pin_for_all":"","_relevanssi_pin_keywords":"","_relevanssi_unpin_keywords":"","_relevanssi_related_keywords":"","_relevanssi_related_include_ids":"","_relevanssi_related_exclude_ids":"","_relevanssi_related_no_append":"","_relevanssi_related_not_related":"","_relevanssi_related_posts":"","_relevanssi_noindex_reason":"","pgc_sgb_lightbox_settings":"","footnotes":""},"class_list":["post-239","page","type-page","status-publish","has-post-thumbnail","hentry"],"acf":[],"yoast_head":"<!-- This site is optimized with the Yoast SEO plugin v27.4 - https:\/\/yoast.com\/product\/yoast-seo-wordpress\/ -->\n<title>KMHS - Schweizer Musikzeitung<\/title>\n<meta name=\"description\" content=\"In der Konferenz Musikhochschulen Schweiz (KMHS) sind die anerkannten Musikhochschulen der Schweiz zusammengeschlossen.\" \/>\n<meta name=\"robots\" content=\"index, follow, max-snippet:-1, max-image-preview:large, max-video-preview:-1\" \/>\n<link rel=\"canonical\" href=\"https:\/\/www.musikzeitung.ch\/it\/basis\/kmhs\/\" \/>\n<meta property=\"og:locale\" content=\"it_IT\" \/>\n<meta property=\"og:type\" content=\"article\" \/>\n<meta property=\"og:title\" content=\"KMHS - Schweizer Musikzeitung\" \/>\n<meta property=\"og:description\" content=\"In der Konferenz Musikhochschulen Schweiz (KMHS) sind die anerkannten Musikhochschulen der Schweiz zusammengeschlossen.\" \/>\n<meta property=\"og:url\" content=\"https:\/\/www.musikzeitung.ch\/it\/basis\/kmhs\/\" \/>\n<meta property=\"og:site_name\" content=\"Schweizer Musikzeitung\" \/>\n<meta property=\"article:publisher\" content=\"https:\/\/www.facebook.com\/SchweizerMusikzeitung\/\" \/>\n<meta property=\"article:modified_time\" content=\"2024-11-22T10:39:40+00:00\" \/>\n<meta property=\"og:image\" content=\"https:\/\/www.musikzeitung.ch\/wp-content\/uploads\/2023\/01\/kmhs_musikzeitung.jpg\" \/>\n\t<meta property=\"og:image:width\" content=\"1200\" \/>\n\t<meta property=\"og:image:height\" content=\"600\" \/>\n\t<meta property=\"og:image:type\" content=\"image\/jpeg\" \/>\n<meta name=\"twitter:card\" content=\"summary_large_image\" \/>\n<meta name=\"twitter:site\" content=\"@smusikzeitung\" \/>\n<meta name=\"twitter:label1\" content=\"Tempo di lettura stimato\" \/>\n\t<meta name=\"twitter:data1\" content=\"2 minuti\" \/>\n<script type=\"application\/ld+json\" class=\"yoast-schema-graph\">{\"@context\":\"https:\\\/\\\/schema.org\",\"@graph\":[{\"@type\":\"WebPage\",\"@id\":\"https:\\\/\\\/www.musikzeitung.ch\\\/basis\\\/kmhs\",\"url\":\"https:\\\/\\\/www.musikzeitung.ch\\\/basis\\\/kmhs\",\"name\":\"KMHS - Schweizer Musikzeitung\",\"isPartOf\":{\"@id\":\"https:\\\/\\\/www.musikzeitung.ch\\\/#website\"},\"primaryImageOfPage\":{\"@id\":\"https:\\\/\\\/www.musikzeitung.ch\\\/basis\\\/kmhs#primaryimage\"},\"image\":{\"@id\":\"https:\\\/\\\/www.musikzeitung.ch\\\/basis\\\/kmhs#primaryimage\"},\"thumbnailUrl\":\"https:\\\/\\\/www.musikzeitung.ch\\\/wp-content\\\/uploads\\\/2023\\\/01\\\/kmhs_musikzeitung.jpg\",\"datePublished\":\"2023-01-11T15:20:46+00:00\",\"dateModified\":\"2024-11-22T10:39:40+00:00\",\"description\":\"In der Konferenz Musikhochschulen Schweiz (KMHS) sind die anerkannten Musikhochschulen der Schweiz zusammengeschlossen.\",\"breadcrumb\":{\"@id\":\"https:\\\/\\\/www.musikzeitung.ch\\\/basis\\\/kmhs#breadcrumb\"},\"inLanguage\":\"it-IT\",\"potentialAction\":[{\"@type\":\"ReadAction\",\"target\":[\"https:\\\/\\\/www.musikzeitung.ch\\\/basis\\\/kmhs\"]}]},{\"@type\":\"ImageObject\",\"inLanguage\":\"it-IT\",\"@id\":\"https:\\\/\\\/www.musikzeitung.ch\\\/basis\\\/kmhs#primaryimage\",\"url\":\"https:\\\/\\\/www.musikzeitung.ch\\\/wp-content\\\/uploads\\\/2023\\\/01\\\/kmhs_musikzeitung.jpg\",\"contentUrl\":\"https:\\\/\\\/www.musikzeitung.ch\\\/wp-content\\\/uploads\\\/2023\\\/01\\\/kmhs_musikzeitung.jpg\",\"width\":1200,\"height\":600},{\"@type\":\"BreadcrumbList\",\"@id\":\"https:\\\/\\\/www.musikzeitung.ch\\\/basis\\\/kmhs#breadcrumb\",\"itemListElement\":[{\"@type\":\"ListItem\",\"position\":1,\"name\":\"Home\",\"item\":\"https:\\\/\\\/www.musikzeitung.ch\\\/\"},{\"@type\":\"ListItem\",\"position\":2,\"name\":\"Basis\",\"item\":\"https:\\\/\\\/www.musikzeitung.ch\\\/basis\"},{\"@type\":\"ListItem\",\"position\":3,\"name\":\"KMHS\"}]},{\"@type\":\"WebSite\",\"@id\":\"https:\\\/\\\/www.musikzeitung.ch\\\/#website\",\"url\":\"https:\\\/\\\/www.musikzeitung.ch\\\/\",\"name\":\"Schweizer Musikzeitung\",\"description\":\"Die f\u00fchrende sparten\u00fcbergreifende Monatszeitung in der Schweiz f\u00fcr musikalische Fragen.\",\"publisher\":{\"@id\":\"https:\\\/\\\/www.musikzeitung.ch\\\/#organization\"},\"potentialAction\":[{\"@type\":\"SearchAction\",\"target\":{\"@type\":\"EntryPoint\",\"urlTemplate\":\"https:\\\/\\\/www.musikzeitung.ch\\\/?s={search_term_string}\"},\"query-input\":{\"@type\":\"PropertyValueSpecification\",\"valueRequired\":true,\"valueName\":\"search_term_string\"}}],\"inLanguage\":\"it-IT\"},{\"@type\":\"Organization\",\"@id\":\"https:\\\/\\\/www.musikzeitung.ch\\\/#organization\",\"name\":\"Schweizer Musikzeitung\",\"url\":\"https:\\\/\\\/www.musikzeitung.ch\\\/\",\"logo\":{\"@type\":\"ImageObject\",\"inLanguage\":\"it-IT\",\"@id\":\"https:\\\/\\\/www.musikzeitung.ch\\\/#\\\/schema\\\/logo\\\/image\\\/\",\"url\":\"https:\\\/\\\/www.musikzeitung.ch\\\/wp-content\\\/uploads\\\/2023\\\/01\\\/SMZ_Schriftzug_Sprache.png\",\"contentUrl\":\"https:\\\/\\\/www.musikzeitung.ch\\\/wp-content\\\/uploads\\\/2023\\\/01\\\/SMZ_Schriftzug_Sprache.png\",\"width\":1400,\"height\":279,\"caption\":\"Schweizer Musikzeitung\"},\"image\":{\"@id\":\"https:\\\/\\\/www.musikzeitung.ch\\\/#\\\/schema\\\/logo\\\/image\\\/\"},\"sameAs\":[\"https:\\\/\\\/www.facebook.com\\\/SchweizerMusikzeitung\\\/\",\"https:\\\/\\\/x.com\\\/smusikzeitung\",\"https:\\\/\\\/www.instagram.com\\\/musikzeitung.ch\\\/\"]}]}<\/script>\n<!-- \/ Yoast SEO plugin. -->","yoast_head_json":{"title":"KMHS - Rivista musicale svizzera","description":"La Conferenza delle scuole superiori di musica della Svizzera (KMHS) riunisce le scuole superiori di musica riconosciute della Svizzera.","robots":{"index":"index","follow":"follow","max-snippet":"max-snippet:-1","max-image-preview":"max-image-preview:large","max-video-preview":"max-video-preview:-1"},"canonical":"https:\/\/www.musikzeitung.ch\/it\/basis\/kmhs\/","og_locale":"it_IT","og_type":"article","og_title":"KMHS - Schweizer Musikzeitung","og_description":"In der Konferenz Musikhochschulen Schweiz (KMHS) sind die anerkannten Musikhochschulen der Schweiz zusammengeschlossen.","og_url":"https:\/\/www.musikzeitung.ch\/it\/basis\/kmhs\/","og_site_name":"Schweizer Musikzeitung","article_publisher":"https:\/\/www.facebook.com\/SchweizerMusikzeitung\/","article_modified_time":"2024-11-22T10:39:40+00:00","og_image":[{"width":1200,"height":600,"url":"https:\/\/www.musikzeitung.ch\/wp-content\/uploads\/2023\/01\/kmhs_musikzeitung.jpg","type":"image\/jpeg"}],"twitter_card":"summary_large_image","twitter_site":"@smusikzeitung","twitter_misc":{"Tempo di lettura stimato":"2 minuti"},"schema":{"@context":"https:\/\/schema.org","@graph":[{"@type":"WebPage","@id":"https:\/\/www.musikzeitung.ch\/basis\/kmhs","url":"https:\/\/www.musikzeitung.ch\/basis\/kmhs","name":"KMHS - Rivista musicale svizzera","isPartOf":{"@id":"https:\/\/www.musikzeitung.ch\/#website"},"primaryImageOfPage":{"@id":"https:\/\/www.musikzeitung.ch\/basis\/kmhs#primaryimage"},"image":{"@id":"https:\/\/www.musikzeitung.ch\/basis\/kmhs#primaryimage"},"thumbnailUrl":"https:\/\/www.musikzeitung.ch\/wp-content\/uploads\/2023\/01\/kmhs_musikzeitung.jpg","datePublished":"2023-01-11T15:20:46+00:00","dateModified":"2024-11-22T10:39:40+00:00","description":"La Conferenza delle scuole superiori di musica della Svizzera (KMHS) riunisce le scuole superiori di musica riconosciute della Svizzera.","breadcrumb":{"@id":"https:\/\/www.musikzeitung.ch\/basis\/kmhs#breadcrumb"},"inLanguage":"it-IT","potentialAction":[{"@type":"ReadAction","target":["https:\/\/www.musikzeitung.ch\/basis\/kmhs"]}]},{"@type":"ImageObject","inLanguage":"it-IT","@id":"https:\/\/www.musikzeitung.ch\/basis\/kmhs#primaryimage","url":"https:\/\/www.musikzeitung.ch\/wp-content\/uploads\/2023\/01\/kmhs_musikzeitung.jpg","contentUrl":"https:\/\/www.musikzeitung.ch\/wp-content\/uploads\/2023\/01\/kmhs_musikzeitung.jpg","width":1200,"height":600},{"@type":"BreadcrumbList","@id":"https:\/\/www.musikzeitung.ch\/basis\/kmhs#breadcrumb","itemListElement":[{"@type":"ListItem","position":1,"name":"Home","item":"https:\/\/www.musikzeitung.ch\/"},{"@type":"ListItem","position":2,"name":"Basis","item":"https:\/\/www.musikzeitung.ch\/basis"},{"@type":"ListItem","position":3,"name":"KMHS"}]},{"@type":"WebSite","@id":"https:\/\/www.musikzeitung.ch\/#website","url":"https:\/\/www.musikzeitung.ch\/","name":"Giornale musicale svizzero","description":"Il principale mensile interdisciplinare della Svizzera per le questioni musicali.","publisher":{"@id":"https:\/\/www.musikzeitung.ch\/#organization"},"potentialAction":[{"@type":"SearchAction","target":{"@type":"EntryPoint","urlTemplate":"https:\/\/www.musikzeitung.ch\/?s={search_term_string}"},"query-input":{"@type":"PropertyValueSpecification","valueRequired":true,"valueName":"search_term_string"}}],"inLanguage":"it-IT"},{"@type":"Organization","@id":"https:\/\/www.musikzeitung.ch\/#organization","name":"Giornale musicale svizzero","url":"https:\/\/www.musikzeitung.ch\/","logo":{"@type":"ImageObject","inLanguage":"it-IT","@id":"https:\/\/www.musikzeitung.ch\/#\/schema\/logo\/image\/","url":"https:\/\/www.musikzeitung.ch\/wp-content\/uploads\/2023\/01\/SMZ_Schriftzug_Sprache.png","contentUrl":"https:\/\/www.musikzeitung.ch\/wp-content\/uploads\/2023\/01\/SMZ_Schriftzug_Sprache.png","width":1400,"height":279,"caption":"Schweizer Musikzeitung"},"image":{"@id":"https:\/\/www.musikzeitung.ch\/#\/schema\/logo\/image\/"},"sameAs":["https:\/\/www.facebook.com\/SchweizerMusikzeitung\/","https:\/\/x.com\/smusikzeitung","https:\/\/www.instagram.com\/musikzeitung.ch\/"]}]}},"publishpress_future_workflow_manual_trigger":{"enabledWorkflows":[]},"_links":{"self":[{"href":"https:\/\/www.musikzeitung.ch\/it\/wp-json\/wp\/v2\/pages\/239","targetHints":{"allow":["GET"]}}],"collection":[{"href":"https:\/\/www.musikzeitung.ch\/it\/wp-json\/wp\/v2\/pages"}],"about":[{"href":"https:\/\/www.musikzeitung.ch\/it\/wp-json\/wp\/v2\/types\/page"}],"author":[{"embeddable":true,"href":"https:\/\/www.musikzeitung.ch\/it\/wp-json\/wp\/v2\/users\/43668"}],"replies":[{"embeddable":true,"href":"https:\/\/www.musikzeitung.ch\/it\/wp-json\/wp\/v2\/comments?post=239"}],"version-history":[{"count":16,"href":"https:\/\/www.musikzeitung.ch\/it\/wp-json\/wp\/v2\/pages\/239\/revisions"}],"predecessor-version":[{"id":60660,"href":"https:\/\/www.musikzeitung.ch\/it\/wp-json\/wp\/v2\/pages\/239\/revisions\/60660"}],"up":[{"embeddable":true,"href":"https:\/\/www.musikzeitung.ch\/it\/wp-json\/wp\/v2\/pages\/230"}],"wp:featuredmedia":[{"embeddable":true,"href":"https:\/\/www.musikzeitung.ch\/it\/wp-json\/wp\/v2\/media\/9340"}],"wp:attachment":[{"href":"https:\/\/www.musikzeitung.ch\/it\/wp-json\/wp\/v2\/media?parent=239"}],"curies":[{"name":"wp","href":"https:\/\/api.w.org\/{rel}","templated":true}]}}