{"id":260,"date":"2023-01-13T08:53:55","date_gmt":"2023-01-13T07:53:55","guid":{"rendered":"https:\/\/www.musikzeitung.ch\/?page_id=260"},"modified":"2025-12-17T16:30:33","modified_gmt":"2025-12-17T15:30:33","slug":"online-werbung","status":"publish","type":"page","link":"https:\/\/www.musikzeitung.ch\/it\/inserate\/online-werbung","title":{"rendered":"Pubblicit\u00e0 online"},"content":{"rendered":"<h3>Banner pubblicitario<\/h3>\n<p><strong>Traffico<\/strong><\/p>\n<p>I dati indicano un valore medio mensile, misurato dal 1\u00b0 ottobre 2024 al 30 settembre 2025 (fonte: Google Analytics, 6 ottobre 2025).<br \/>\nVisualizzazioni della pagina: 82.000 \/ mese<br \/>\nUtenti attivi: 9000 \/ mese<br \/>\nTempo medio di interazione: 2 min. 09 sec.<\/p>\n<p><strong>Formati<\/strong><\/p>\n<p>A seconda del messaggio del vostro contenuto pubblicitario, la leaderboard \u00e8 adatta a testi e immagini pi\u00f9 lunghi e il rettangolo a immagini e testi brevi. I banner possono essere statici o animati. \u00c8 possibile anche il formato HTML5. I banner devono essere forniti come file JPG o GIF.<\/p>\n<p><strong>Tariffe<\/strong><\/p>\n<p><img loading=\"lazy\" decoding=\"async\" class=\"wp-image-58965 size-full aligncenter\" src=\"https:\/\/www.musikzeitung.ch\/wp-content\/uploads\/2024\/10\/Skizze_Banner_Mediadaten.jpg\" alt=\"\" width=\"640\" height=\"510\" srcset=\"https:\/\/www.musikzeitung.ch\/wp-content\/uploads\/2024\/10\/Skizze_Banner_Mediadaten.jpg 640w, https:\/\/www.musikzeitung.ch\/wp-content\/uploads\/2024\/10\/Skizze_Banner_Mediadaten-300x239.jpg 300w, https:\/\/www.musikzeitung.ch\/wp-content\/uploads\/2024\/10\/Skizze_Banner_Mediadaten-15x12.jpg 15w, https:\/\/www.musikzeitung.ch\/wp-content\/uploads\/2024\/10\/Skizze_Banner_Mediadaten-220x175.jpg 220w, https:\/\/www.musikzeitung.ch\/wp-content\/uploads\/2024\/10\/Skizze_Banner_Mediadaten-439x350.jpg 439w\" sizes=\"auto, (max-width: 640px) 100vw, 640px\" \/><\/p>\n<p>&nbsp;<\/p>\n<p><strong>Sconti<\/strong><\/p>\n<p>3 mesi 5 % sul prezzo del banner<br \/>\n6 mesi 10 % sul prezzo del banner<br \/>\n12 mesi 15 % sul prezzo del banner<\/p>\n<p><strong>ordine<\/strong><\/p>\n<p>Via e-mail <a href=\"mailto:inserate@musikzeitung.ch\">inserate@musikzeitung.ch<\/a><\/p>\n<p>&nbsp;<\/p>\n<h3>Annunci online<\/h3>\n<p><strong>Rubriche<\/strong><\/p>\n<p><a href=\"https:\/\/www.musikzeitung.ch\/stellen\" target=\"_blank\" rel=\"noopener\">Annunci di lavoro<\/a>\u00a0 \u00a0 \u00a0 \u00a0 \u00a0(<a href=\"https:\/\/www.musikzeitung.ch\/stelle-inserieren\">Collegamento al modulo<\/a>)<br \/>\n<a href=\"https:\/\/www.musikzeitung.ch\/kauf-und-verkauf\" target=\"_blank\" rel=\"noopener\">Acquisto e vendita<\/a><br \/>\n<a href=\"https:\/\/www.musikzeitung.ch\/veranstaltungen\" target=\"_blank\" rel=\"noopener\">Corsi ed eventi<\/a><br \/>\n<a href=\"https:\/\/www.musikzeitung.ch\/diversa\" target=\"_blank\" rel=\"noopener\">Diversa<\/a><\/p>\n<p><strong>Prezzi (IVA 8.1% esclusa)<\/strong><\/p>\n<p>Fino al formato 1\/8 di pagina (47,5 x 140 mm): stesso prezzo dell'inserzione stampata. Se l'inserzione viene successivamente stampata, verr\u00e0 addebitata una tassa di elaborazione di 50 franchi svizzeri.<br \/>\nPiccolo annuncio con link a un annuncio dettagliato su un sito esterno CHF 250.- \/ mese<br \/>\nA partire dal formato 1\/6 di pagina (100 x 92 mm), prezzo unitario 400 franchi al mese.<br \/>\nDal formato 1\/2 pagina (100 x 284 mm o 205 x 140 mm), prezzo unitario CHF 750.- \/ mese<br \/>\nDal formato 1\/1 pagina (205 x 284 mm), prezzo unitario CHF 950.- \/ mese<\/p>\n<p>Stampa successiva di inserzioni dal formato 1\/6 di pagina: costi da concordare.<\/p>\n<p><strong>Raccomandazioni online<\/strong><\/p>\n<p>Gara d'appalto su <a href=\"https:\/\/www.musikzeitung.ch\/linkempfehlungen\" target=\"_blank\" rel=\"noopener\">musikzeitung.ch\/linkrecommendations<\/a><br \/>\nDa 1 a 3 mesi CHF 100.-<br \/>\nDa 4 a 6 mesi CHF 175.-<br \/>\nDa 7 a 12 mesi CHF 330.-<\/p>\n<p><strong>Calendario dei corsi online<\/strong><\/p>\n<p>Annuncio fino alla scadenza delle iscrizioni \/ inizio del corso (max. 12 mesi) su <a href=\"https:\/\/www.musikzeitung.ch\/kurse\" target=\"_blank\" rel=\"noopener\">musicnewspaper.ch\/corsi<\/a><br \/>\nCHF 50.-<\/p>\n<p><strong>Agenda del concerto online<\/strong><\/p>\n<p>Gara d'appalto su <a href=\"https:\/\/www.musikzeitung.ch\/kalender\/\" target=\"_blank\" rel=\"noopener\">musikzeitung.ch\/concerti<\/a><br \/>\ngratuito<\/p>\n<p><strong>Rapporto pubblicitario online<br \/>\n<\/strong>Fino a circa 5000 caratteri e max. 4 immagini<br \/>\nCHF 1000.- incl. archiviazione permanente nell'archivio web CHF<\/p>\n<p>&nbsp;<\/p>","protected":false},"excerpt":{"rendered":"<p>Werbebanner Traffic Die Zahlen geben einen monatlichen Durchschnittswert an, gemessen vom 1. Oktober 2024 bis 30. September 2025 (Quelle: Google Analytics, 6. Oktober 2025). Seitenansichten: 82 000 \/ Monat Aktive Nutzer: 9000 \/ Monat Durchschnittliche Interaktionszeit: 2 Min. 09 Sek. Formate Je nach Aussage Ihres Werbeinhaltes eignet sich das Leaderboard f\u00fcr l\u00e4ngere Texte und Bilder [&hellip;]<\/p>\n","protected":false},"author":23,"featured_media":0,"parent":128,"menu_order":0,"comment_status":"closed","ping_status":"closed","template":"","meta":{"_acf_changed":false,"_relevanssi_hide_post":"","_relevanssi_hide_content":"","_relevanssi_pin_for_all":"","_relevanssi_pin_keywords":"","_relevanssi_unpin_keywords":"","_relevanssi_related_keywords":"","_relevanssi_related_include_ids":"","_relevanssi_related_exclude_ids":"","_relevanssi_related_no_append":"","_relevanssi_related_not_related":"","_relevanssi_related_posts":"","_relevanssi_noindex_reason":"","pgc_sgb_lightbox_settings":"","footnotes":""},"class_list":["post-260","page","type-page","status-publish","hentry"],"acf":[],"yoast_head":"<!-- This site is optimized with the Yoast SEO plugin v27.4 - https:\/\/yoast.com\/product\/yoast-seo-wordpress\/ -->\n<title>Online-Werbung - Schweizer Musikzeitung<\/title>\n<meta name=\"description\" content=\"Tarife f\u00fcr Banner, Inserate und weitere online-Werbeformen auf musikzeitung.ch\" \/>\n<meta name=\"robots\" content=\"index, follow, max-snippet:-1, max-image-preview:large, max-video-preview:-1\" \/>\n<link rel=\"canonical\" href=\"https:\/\/www.musikzeitung.ch\/it\/inserate\/online-werbung\/\" \/>\n<meta property=\"og:locale\" content=\"it_IT\" \/>\n<meta property=\"og:type\" content=\"article\" \/>\n<meta property=\"og:title\" content=\"Online-Werbung - Schweizer Musikzeitung\" \/>\n<meta property=\"og:description\" content=\"Tarife f\u00fcr Banner, Inserate und weitere online-Werbeformen auf musikzeitung.ch\" \/>\n<meta property=\"og:url\" content=\"https:\/\/www.musikzeitung.ch\/it\/inserate\/online-werbung\/\" \/>\n<meta property=\"og:site_name\" content=\"Schweizer Musikzeitung\" \/>\n<meta property=\"article:publisher\" content=\"https:\/\/www.facebook.com\/SchweizerMusikzeitung\/\" \/>\n<meta property=\"article:modified_time\" content=\"2025-12-17T15:30:33+00:00\" \/>\n<meta property=\"og:image\" content=\"https:\/\/www.musikzeitung.ch\/wp-content\/uploads\/2024\/10\/Skizze_Banner_Mediadaten.jpg\" \/>\n\t<meta property=\"og:image:width\" content=\"640\" \/>\n\t<meta property=\"og:image:height\" content=\"510\" \/>\n\t<meta property=\"og:image:type\" content=\"image\/jpeg\" \/>\n<meta name=\"twitter:card\" content=\"summary_large_image\" \/>\n<meta name=\"twitter:site\" content=\"@smusikzeitung\" \/>\n<meta name=\"twitter:label1\" content=\"Tempo di lettura stimato\" \/>\n\t<meta name=\"twitter:data1\" content=\"2 minuti\" \/>\n<script type=\"application\/ld+json\" class=\"yoast-schema-graph\">{\"@context\":\"https:\\\/\\\/schema.org\",\"@graph\":[{\"@type\":\"WebPage\",\"@id\":\"https:\\\/\\\/www.musikzeitung.ch\\\/inserate\\\/online-werbung\",\"url\":\"https:\\\/\\\/www.musikzeitung.ch\\\/inserate\\\/online-werbung\",\"name\":\"Online-Werbung - Schweizer Musikzeitung\",\"isPartOf\":{\"@id\":\"https:\\\/\\\/www.musikzeitung.ch\\\/#website\"},\"primaryImageOfPage\":{\"@id\":\"https:\\\/\\\/www.musikzeitung.ch\\\/inserate\\\/online-werbung#primaryimage\"},\"image\":{\"@id\":\"https:\\\/\\\/www.musikzeitung.ch\\\/inserate\\\/online-werbung#primaryimage\"},\"thumbnailUrl\":\"https:\\\/\\\/www.musikzeitung.ch\\\/wp-content\\\/uploads\\\/2024\\\/10\\\/Skizze_Banner_Mediadaten.jpg\",\"datePublished\":\"2023-01-13T07:53:55+00:00\",\"dateModified\":\"2025-12-17T15:30:33+00:00\",\"description\":\"Tarife f\u00fcr Banner, Inserate und weitere online-Werbeformen auf musikzeitung.ch\",\"breadcrumb\":{\"@id\":\"https:\\\/\\\/www.musikzeitung.ch\\\/inserate\\\/online-werbung#breadcrumb\"},\"inLanguage\":\"it-IT\",\"potentialAction\":[{\"@type\":\"ReadAction\",\"target\":[\"https:\\\/\\\/www.musikzeitung.ch\\\/inserate\\\/online-werbung\"]}]},{\"@type\":\"ImageObject\",\"inLanguage\":\"it-IT\",\"@id\":\"https:\\\/\\\/www.musikzeitung.ch\\\/inserate\\\/online-werbung#primaryimage\",\"url\":\"https:\\\/\\\/www.musikzeitung.ch\\\/wp-content\\\/uploads\\\/2024\\\/10\\\/Skizze_Banner_Mediadaten.jpg\",\"contentUrl\":\"https:\\\/\\\/www.musikzeitung.ch\\\/wp-content\\\/uploads\\\/2024\\\/10\\\/Skizze_Banner_Mediadaten.jpg\"},{\"@type\":\"BreadcrumbList\",\"@id\":\"https:\\\/\\\/www.musikzeitung.ch\\\/inserate\\\/online-werbung#breadcrumb\",\"itemListElement\":[{\"@type\":\"ListItem\",\"position\":1,\"name\":\"Home\",\"item\":\"https:\\\/\\\/www.musikzeitung.ch\\\/\"},{\"@type\":\"ListItem\",\"position\":2,\"name\":\"Inserate aufgeben\",\"item\":\"https:\\\/\\\/www.musikzeitung.ch\\\/inserate\"},{\"@type\":\"ListItem\",\"position\":3,\"name\":\"Online-Werbung\"}]},{\"@type\":\"WebSite\",\"@id\":\"https:\\\/\\\/www.musikzeitung.ch\\\/#website\",\"url\":\"https:\\\/\\\/www.musikzeitung.ch\\\/\",\"name\":\"Schweizer Musikzeitung\",\"description\":\"Die f\u00fchrende sparten\u00fcbergreifende Monatszeitung in der Schweiz f\u00fcr musikalische Fragen.\",\"publisher\":{\"@id\":\"https:\\\/\\\/www.musikzeitung.ch\\\/#organization\"},\"potentialAction\":[{\"@type\":\"SearchAction\",\"target\":{\"@type\":\"EntryPoint\",\"urlTemplate\":\"https:\\\/\\\/www.musikzeitung.ch\\\/?s={search_term_string}\"},\"query-input\":{\"@type\":\"PropertyValueSpecification\",\"valueRequired\":true,\"valueName\":\"search_term_string\"}}],\"inLanguage\":\"it-IT\"},{\"@type\":\"Organization\",\"@id\":\"https:\\\/\\\/www.musikzeitung.ch\\\/#organization\",\"name\":\"Schweizer Musikzeitung\",\"url\":\"https:\\\/\\\/www.musikzeitung.ch\\\/\",\"logo\":{\"@type\":\"ImageObject\",\"inLanguage\":\"it-IT\",\"@id\":\"https:\\\/\\\/www.musikzeitung.ch\\\/#\\\/schema\\\/logo\\\/image\\\/\",\"url\":\"https:\\\/\\\/www.musikzeitung.ch\\\/wp-content\\\/uploads\\\/2023\\\/01\\\/SMZ_Schriftzug_Sprache.png\",\"contentUrl\":\"https:\\\/\\\/www.musikzeitung.ch\\\/wp-content\\\/uploads\\\/2023\\\/01\\\/SMZ_Schriftzug_Sprache.png\",\"width\":1400,\"height\":279,\"caption\":\"Schweizer Musikzeitung\"},\"image\":{\"@id\":\"https:\\\/\\\/www.musikzeitung.ch\\\/#\\\/schema\\\/logo\\\/image\\\/\"},\"sameAs\":[\"https:\\\/\\\/www.facebook.com\\\/SchweizerMusikzeitung\\\/\",\"https:\\\/\\\/x.com\\\/smusikzeitung\",\"https:\\\/\\\/www.instagram.com\\\/musikzeitung.ch\\\/\"]}]}<\/script>\n<!-- \/ Yoast SEO plugin. -->","yoast_head_json":{"title":"Pubblicit\u00e0 online - Schweizer Musikzeitung","description":"Tariffe per banner, inserzioni e altre forme di pubblicit\u00e0 online su musikzeitung.ch","robots":{"index":"index","follow":"follow","max-snippet":"max-snippet:-1","max-image-preview":"max-image-preview:large","max-video-preview":"max-video-preview:-1"},"canonical":"https:\/\/www.musikzeitung.ch\/it\/inserate\/online-werbung\/","og_locale":"it_IT","og_type":"article","og_title":"Online-Werbung - Schweizer Musikzeitung","og_description":"Tarife f\u00fcr Banner, Inserate und weitere online-Werbeformen auf musikzeitung.ch","og_url":"https:\/\/www.musikzeitung.ch\/it\/inserate\/online-werbung\/","og_site_name":"Schweizer Musikzeitung","article_publisher":"https:\/\/www.facebook.com\/SchweizerMusikzeitung\/","article_modified_time":"2025-12-17T15:30:33+00:00","og_image":[{"width":640,"height":510,"url":"https:\/\/www.musikzeitung.ch\/wp-content\/uploads\/2024\/10\/Skizze_Banner_Mediadaten.jpg","type":"image\/jpeg"}],"twitter_card":"summary_large_image","twitter_site":"@smusikzeitung","twitter_misc":{"Tempo di lettura stimato":"2 minuti"},"schema":{"@context":"https:\/\/schema.org","@graph":[{"@type":"WebPage","@id":"https:\/\/www.musikzeitung.ch\/inserate\/online-werbung","url":"https:\/\/www.musikzeitung.ch\/inserate\/online-werbung","name":"Pubblicit\u00e0 online - Schweizer Musikzeitung","isPartOf":{"@id":"https:\/\/www.musikzeitung.ch\/#website"},"primaryImageOfPage":{"@id":"https:\/\/www.musikzeitung.ch\/inserate\/online-werbung#primaryimage"},"image":{"@id":"https:\/\/www.musikzeitung.ch\/inserate\/online-werbung#primaryimage"},"thumbnailUrl":"https:\/\/www.musikzeitung.ch\/wp-content\/uploads\/2024\/10\/Skizze_Banner_Mediadaten.jpg","datePublished":"2023-01-13T07:53:55+00:00","dateModified":"2025-12-17T15:30:33+00:00","description":"Tariffe per banner, inserzioni e altre forme di pubblicit\u00e0 online su musikzeitung.ch","breadcrumb":{"@id":"https:\/\/www.musikzeitung.ch\/inserate\/online-werbung#breadcrumb"},"inLanguage":"it-IT","potentialAction":[{"@type":"ReadAction","target":["https:\/\/www.musikzeitung.ch\/inserate\/online-werbung"]}]},{"@type":"ImageObject","inLanguage":"it-IT","@id":"https:\/\/www.musikzeitung.ch\/inserate\/online-werbung#primaryimage","url":"https:\/\/www.musikzeitung.ch\/wp-content\/uploads\/2024\/10\/Skizze_Banner_Mediadaten.jpg","contentUrl":"https:\/\/www.musikzeitung.ch\/wp-content\/uploads\/2024\/10\/Skizze_Banner_Mediadaten.jpg"},{"@type":"BreadcrumbList","@id":"https:\/\/www.musikzeitung.ch\/inserate\/online-werbung#breadcrumb","itemListElement":[{"@type":"ListItem","position":1,"name":"Home","item":"https:\/\/www.musikzeitung.ch\/"},{"@type":"ListItem","position":2,"name":"Inserate aufgeben","item":"https:\/\/www.musikzeitung.ch\/inserate"},{"@type":"ListItem","position":3,"name":"Online-Werbung"}]},{"@type":"WebSite","@id":"https:\/\/www.musikzeitung.ch\/#website","url":"https:\/\/www.musikzeitung.ch\/","name":"Giornale musicale svizzero","description":"Il principale mensile interdisciplinare della Svizzera per le questioni musicali.","publisher":{"@id":"https:\/\/www.musikzeitung.ch\/#organization"},"potentialAction":[{"@type":"SearchAction","target":{"@type":"EntryPoint","urlTemplate":"https:\/\/www.musikzeitung.ch\/?s={search_term_string}"},"query-input":{"@type":"PropertyValueSpecification","valueRequired":true,"valueName":"search_term_string"}}],"inLanguage":"it-IT"},{"@type":"Organization","@id":"https:\/\/www.musikzeitung.ch\/#organization","name":"Giornale musicale svizzero","url":"https:\/\/www.musikzeitung.ch\/","logo":{"@type":"ImageObject","inLanguage":"it-IT","@id":"https:\/\/www.musikzeitung.ch\/#\/schema\/logo\/image\/","url":"https:\/\/www.musikzeitung.ch\/wp-content\/uploads\/2023\/01\/SMZ_Schriftzug_Sprache.png","contentUrl":"https:\/\/www.musikzeitung.ch\/wp-content\/uploads\/2023\/01\/SMZ_Schriftzug_Sprache.png","width":1400,"height":279,"caption":"Schweizer Musikzeitung"},"image":{"@id":"https:\/\/www.musikzeitung.ch\/#\/schema\/logo\/image\/"},"sameAs":["https:\/\/www.facebook.com\/SchweizerMusikzeitung\/","https:\/\/x.com\/smusikzeitung","https:\/\/www.instagram.com\/musikzeitung.ch\/"]}]}},"publishpress_future_workflow_manual_trigger":{"enabledWorkflows":[]},"_links":{"self":[{"href":"https:\/\/www.musikzeitung.ch\/it\/wp-json\/wp\/v2\/pages\/260","targetHints":{"allow":["GET"]}}],"collection":[{"href":"https:\/\/www.musikzeitung.ch\/it\/wp-json\/wp\/v2\/pages"}],"about":[{"href":"https:\/\/www.musikzeitung.ch\/it\/wp-json\/wp\/v2\/types\/page"}],"author":[{"embeddable":true,"href":"https:\/\/www.musikzeitung.ch\/it\/wp-json\/wp\/v2\/users\/23"}],"replies":[{"embeddable":true,"href":"https:\/\/www.musikzeitung.ch\/it\/wp-json\/wp\/v2\/comments?post=260"}],"version-history":[{"count":14,"href":"https:\/\/www.musikzeitung.ch\/it\/wp-json\/wp\/v2\/pages\/260\/revisions"}],"predecessor-version":[{"id":69728,"href":"https:\/\/www.musikzeitung.ch\/it\/wp-json\/wp\/v2\/pages\/260\/revisions\/69728"}],"up":[{"embeddable":true,"href":"https:\/\/www.musikzeitung.ch\/it\/wp-json\/wp\/v2\/pages\/128"}],"wp:attachment":[{"href":"https:\/\/www.musikzeitung.ch\/it\/wp-json\/wp\/v2\/media?parent=260"}],"curies":[{"name":"wp","href":"https:\/\/api.w.org\/{rel}","templated":true}]}}