{"id":39,"date":"2022-05-18T12:30:26","date_gmt":"2022-05-18T11:30:26","guid":{"rendered":"https:\/\/www.musikzeitung.ch\/?page_id=39"},"modified":"2022-05-18T12:34:44","modified_gmt":"2022-05-18T11:34:44","slug":"agb-datenschutz","status":"publish","type":"page","link":"https:\/\/www.musikzeitung.ch\/it\/agb-datenschutz","title":{"rendered":"AGB\/Protezione dei dati"},"content":{"rendered":"<div>\n<h3 class=\"\">Condizioni generali di contratto di Schweizer Musikzeitung<\/h3>\n<\/div>\n<div>\n<h3 class=\"\">Condizioni d'uso e informativa sulla privacy<\/h3>\n<\/div>\n<div class=\"text-section\">\n<p><strong>1\u00b0 settore di applicazione<br \/>\n<\/strong>Oggetto delle presenti Condizioni d'uso e dell'Informativa sulla privacy \u00e8 il rapporto tra Schweizer Musikzeitung (di seguito denominata anche <strong>\"Fornitore\"<\/strong> di seguito indicato) e gli utenti (di seguito indicati come <strong>\"Utente\"<\/strong> di cui sotto) dei servizi e dei prodotti (in particolare il supporto cartaceo, il sito web e le eventuali applicazioni mobili) e\/o dei servizi e dei prodotti di terzi offerti dal Giornale Svizzero della Musica (di seguito denominati collettivamente \"Servizi\"). <strong>\"Prodotti\"<\/strong> chiamato).<\/p>\n<p>Le presenti Condizioni d'uso e l'Informativa sulla privacy sono vincolanti per tutti gli utenti di questi prodotti. Utilizzando i prodotti, gli utenti accettano le presenti Condizioni d'uso e l'Informativa sulla privacy. Esse diventano quindi parte integrante di ogni contratto stipulato tra gli utenti e Schweizer Musikzeitung, salvo diverso accordo tra le due parti contraenti. Eventuali disposizioni di un utente che si discostano dalle presenti Condizioni d'uso e dall'Informativa sulla privacy non sono applicabili. Eventuali deroghe richiedono l'esplicito consenso scritto del fornitore.<\/p>\n<p>&nbsp;<\/p>\n<p><strong>2. condizioni di utilizzo<br \/>\n<\/strong><em>a. Ambito di utilizzo<\/em><\/p>\n<p>I prodotti servono esclusivamente per lo scopo previsto. Qualsiasi utilizzo ulteriore o diverso, in particolare il reperimento automatico di informazioni e la loro diffusione in altri sistemi, \u00e8 consentito solo con il consenso esplicito del fornitore e pu\u00f2 essere revocato da quest'ultimo in qualsiasi momento. Si applicano inoltre le disposizioni della sezione 2\/e (diritti d'autore e altri diritti immateriali).<\/p>\n<p>La registrazione a determinate offerte richiede un nome e un indirizzo e-mail valido. Per l'utilizzo dei servizi a pagamento \u00e8 necessario indicare il nome e il cognome corretti. Non \u00e8 consentita la creazione automatica di account elettronici. L'utente si impegna a utilizzare i propri dati di accesso (in particolare la password) in conformit\u00e0 al contratto e a non renderli accessibili a terzi senza il consenso scritto dell'offerente. L'utente \u00e8 responsabile della protezione dei propri dati di accesso.<br \/>\nI prodotti a pagamento utilizzati dall'Utente saranno fatturati dal Fornitore alle tariffe in vigore al momento della stipula del contratto. Tutti i pagamenti devono essere effettuati senza detrazioni. In caso di acquisto contro fattura, si applica il termine di pagamento indicato nella fattura. Se l'Utente non \u00e8 in regola con i pagamenti, il Fornitore avr\u00e0 il diritto di interrompere la fornitura di singoli o di tutti i prodotti accessibili all'Utente in questione.<br \/>\nSchweizer Musikzeitung si riserva il diritto di far valere eventuali richieste di risarcimento danni nei confronti dell'utente.<\/p>\n<p><em>b. Servizi del fornitore<\/em><\/p>\n<p>Il contenuto e la portata dei prodotti messi a disposizione dell'utente sono determinati dalla rispettiva forma di utilizzo (utenti non registrati o registrati, prodotti gratuiti o a pagamento), da eventuali rapporti contrattuali esistenti e dalle presenti Condizioni d'uso e dall'Informativa sulla privacy.<\/p>\n<p>I servizi online sono generalmente disponibili 24 ore al giorno, 7 giorni alla settimana. Il fornitore si riserva il diritto di limitare e\/o sospendere temporaneamente questi orari di funzionamento per motivi tecnici e di modificare i prodotti in qualsiasi momento.<\/p>\n<p><em>c. Servizio abbonati<\/em><\/p>\n<p>Il servizio abbonati consente all'utente di gestire i prodotti che utilizza. L'utente deve inoltrare al Servizio abbonati le richieste di elaborazione (ad es. cambio di indirizzo) per iscritto, telefonicamente o tramite i relativi servizi online almeno 10 giorni prima della data di entrata in vigore desiderata.<\/p>\n<p>L'utente ha la possibilit\u00e0 di annullare la consegna dei prodotti a pagamento. Questo non vale per gli abbonamenti di prova di durata inferiore a sei mesi e per tutti gli abbonamenti a prodotti digitali. In caso di richiesta di interruzione della consegna, l'abbonamento per il prodotto corrispondente viene prolungato del periodo di interruzione della consegna.<\/p>\n<p><em>d. Responsabilit\u00e0<\/em><\/p>\n<p>Il fornitore \u00e8 responsabile per i ritardi e per l'errata o mancata consegna dei prodotti (in particolare dei supporti di stampa) solo se si pu\u00f2 dimostrare che ha agito con dolo o grave negligenza. In particolare, non \u00e8 responsabile per la cattiva condotta o la negligenza di terzi. L'utente deve informare immediatamente il fornitore di eventuali problemi di consegna.<\/p>\n<p>Il Fornitore sar\u00e0 responsabile per i danni subiti dall'Utente a causa dell'uso dei Prodotti solo nel caso in cui si possa dimostrare un comportamento gravemente negligente o intenzionale. Nella misura consentita dalla legge, la responsabilit\u00e0 del Fornitore sar\u00e0 in ogni caso limitata all'importo fatturato all'Utente per il prodotto corrispondente. In nessun caso il Fornitore sar\u00e0 responsabile per danni conseguenti o perdita di profitto.<\/p>\n<p>Il Fornitore non \u00e8 responsabile per la tecnologia difettosa o per i danni causati da virus informatici, spyware e\/o altri programmi informatici dannosi (malware, spyware). Non \u00e8 inoltre responsabile delle conseguenze delle interruzioni operative causate da malfunzionamenti di qualsiasi tipo o che servono a correggere malfunzionamenti, manutenzione e introduzione di nuove tecnologie.<\/p>\n<p>I contenuti pubblicati dal provider sono stati redatti con grande cura. Tuttavia, l'accuratezza, la completezza e l'attualit\u00e0 dei prodotti non possono essere garantite. L'offerente declina ogni responsabilit\u00e0 in merito. L'utilizzo di tali informazioni e dati deve avvenire nel rispetto dei diritti di propriet\u00e0 e di copyright del fornitore ed \u00e8 a rischio dell'utente. I contenuti pubblicati nei prodotti possono provenire anche da terzi. L'offerente e i suoi fornitori di dati non garantiscono n\u00e9 l'accuratezza, n\u00e9 la completezza, n\u00e9 l'attualit\u00e0 di tali contenuti. L'offerente declina ogni responsabilit\u00e0 in merito. Le stesse limitazioni di responsabilit\u00e0 valgono per i dipendenti, i rappresentanti e gli agenti ausiliari del fornitore.<\/p>\n<p><em>e. Diritti d'autore e altri diritti immateriali<\/em><\/p>\n<p>Schweizer Musikzeitung si riserva tutti i diritti d'autore e gli altri diritti di propriet\u00e0 industriale relativi ai prodotti, compresi il layout, il software e il loro contenuto. In particolare, la pubblicazione, la modifica, l'offerta, la vendita, la riproduzione, la distribuzione, la diffusione, l'invio, il noleggio e la concessione in licenza dei contenuti editoriali e di altro tipo dell'offerente (testi, tabelle, immagini, video, grafici, programmi e altre offerte di servizi e media) \u00e8 consentita solo con il consenso esplicito dell'offerente. Inoltre, non \u00e8 consentita la produzione, la cessione e\/o la vendita di opere di seconda mano. \u00c8 vietata la visualizzazione totale o parziale del sito web dell'offerente o dei suoi contenuti mediante ausili tecnici (ad es. \"framing\"). \u00c8 vietato l'utilizzo totale o parziale di annunci pubblicitari (compresa la loro immissione nei servizi online). Il collegamento e l'inoltro\/condivisione di contenuti a terzi sono consentiti nell'ambito delle funzioni previste dai prodotti e nell'ambito di utilizzo autorizzato ai sensi del punto 2\/a.<\/p>\n<p><em>f. Linee guida per i contenuti creati dagli utenti stessi<\/em><\/p>\n<p>Gli autori di contenuti generati dagli utenti (come i commenti dei lettori e gli annunci online sull'agenda dei concerti) devono garantire che siano compatibili con l'ordinamento giuridico svizzero vigente e che rispettino i diritti di terzi. In particolare, non sono consentiti contenuti con contenuti illegali e immorali, ovvero insulti, diffamazioni, dichiarazioni diffamatorie e dannose per l'azienda, pornografiche o razziste, nonch\u00e9 incitamenti alla violenza e ad altri reati penali.<\/p>\n<p>In caso di cattiva condotta, le conseguenze legali sono a carico del solo autore. L'autore si impegna a tenere indenne il provider da qualsiasi rivendicazione da parte di terzi sulla base dei suoi contributi. Il provider si riserva il diritto di intraprendere azioni legali contro l'autore in caso di palese violazione delle presenti linee guida. Il provider si riserva il diritto di cancellare i contributi che violano le suddette linee guida senza indicarne i motivi.<\/p>\n<p>L'autore concede al fornitore il diritto gratuito, temporalmente e spazialmente illimitato, di utilizzare i suoi contenuti in tutto o in parte per i prodotti del fornitore. Ci\u00f2 include il diritto di incorporare tali contenuti in altre pubblicazioni, media o libri e di memorizzarli a scopo di archiviazione. Con la creazione del contenuto, l'utente acconsente alla memorizzazione e all'utilizzo dei dati corrispondenti da parte del fornitore.<\/p>\n<p>Il provider declina ogni responsabilit\u00e0 per i contenuti creati dagli utenti stessi. Le relative dichiarazioni, informazioni, opinioni, raccomandazioni, ecc. non provengono dal provider. Nel caso in cui tali contenuti violino le linee guida sopra citate, Schweizer Musikzeitung invita gli utenti a segnalarli di conseguenza.<br \/>\nVedi anche Netiquette.<\/p>\n<p><em>g. Conclusione, durata e risoluzione del contratto<\/em><\/p>\n<p>Il contratto tra il Fornitore e l'Utente si conclude quando il Fornitore conferma l'ordine. La conferma per i prodotti a pagamento avviene tramite conferma elettronica (e-mail) e tramite conferma di pagamento (carta di credito o altri metodi di pagamento elettronico), tramite consegna della fattura o tramite prima consegna. L'utente non ha diritto alla stipula di un contratto. La consegna dei prodotti ordinati inizier\u00e0 alla data indicata dall'Utente, a condizione che l'ordine sia ricevuto dal Fornitore in tempo utile (almeno 10 giorni prima della data di consegna desiderata). Se non viene specificata alcuna data di consegna, la successiva data di consegna possibile sar\u00e0 considerata l'inizio concordato della consegna.<\/p>\n<p>Il contratto per i prodotti a pagamento termina alla fine del periodo contrattuale concordato. Per i prodotti con rinnovo automatico dell'abbonamento, il contratto termina con la cancellazione legalmente valida dell'abbonamento. L'annullamento anticipato del contratto da parte dell'utente \u00e8 possibile solo se l'utente esce dall'area di distribuzione del prodotto in questione o in caso di decesso dell'utente. Con la cancellazione del contratto, il diritto dell'utente di utilizzare il prodotto corrispondente decade.<\/p>\n<p>&nbsp;<\/p>\n<p><strong>3. informativa sulla privacy<br \/>\n<\/strong><a href=\"https:\/\/www.galledia.ch\/datenschutz\" target=\"_blank\" rel=\"noopener\">Si applica l'informativa sulla privacy di Galledia, consultabile qui:<\/a><a href=\"https:\/\/www.galledia.ch\/datenschutz\" target=\"_blank\" rel=\"noopener\"><br \/>\n<strong>https:\/\/www.galledia.ch\/datenschutz<\/strong><\/a><\/p>\n<p>&nbsp;<\/p>\n<p><strong>4. disposizioni finali comuni<br \/>\n<\/strong><em>a. Aggiustamenti<\/em><\/p>\n<p>Il Giornale Svizzero della Musica si riserva espressamente il diritto di modificare in qualsiasi momento le presenti Condizioni d'uso e l'Informativa sulla privacy. In caso di modifiche, l'offerente le pubblicher\u00e0 sui rispettivi siti web. L'utente deve informarsi sulla versione attualmente in vigore delle condizioni d'uso e della dichiarazione sulla protezione dei dati sul sito web dell'offerente.<\/p>\n<p><em>b. Applicazione della legge e foro competente<\/em><\/p>\n<p>Si applica esclusivamente il diritto svizzero. Nel caso in cui una o pi\u00f9 delle presenti Condizioni d'uso sia o diventi invalida in tutto o in parte a causa di disposizioni di legge, regolamenti o modifiche di legge, tutte le altre Condizioni d'uso rimarranno in vigore e si applicher\u00e0 la disposizione valida che pi\u00f9 si avvicina allo scopo previsto dalla disposizione invalida. Il foro competente esclusivo \u00e8 Lucerna.<\/p>\n<p>Lucerna, 01 gennaio 2015 \/ 25 maggio 2018 \/ 01 gennaio 2020 \/ 01 ottobre 2020<br \/>\nGalledia Fachmedien AG<br \/>\nGiornale musicale svizzero<br \/>\nMaihofstrasse 76<br \/>\n6006 Lucerna<\/p>\n<p>www.musikzeitung.ch<\/p>\n<\/div>","protected":false},"excerpt":{"rendered":"<p>Allgemeine Gesch\u00e4ftsbedingungen der Schweizer Musikzeitung Nutzungsbedingungen und Datenschutzerkl\u00e4rung 1. Anwendungsbereich Gegenstand der vorliegenden Nutzungsbedingungen und der Datenschutzerkl\u00e4rung bilden die Beziehungen der Schweizer Musikzeitung (nachfolgend auch \u00abAnbieterin\u00bb genannt) und den Nutzerinnen und Nutzern (nachfolgend \u00abNutzer\u00bb genannt) von Dienstleistungen und Produkten (insbesondere des Printmediums, Webauftritts und allenfalls mobilen Applikationen) und\/oder Dienstleistungen und Produkten Dritter, welche von der [&hellip;]<\/p>\n","protected":false},"author":1,"featured_media":0,"parent":0,"menu_order":0,"comment_status":"closed","ping_status":"closed","template":"","meta":{"_acf_changed":false,"_relevanssi_hide_post":"","_relevanssi_hide_content":"","_relevanssi_pin_for_all":"","_relevanssi_pin_keywords":"","_relevanssi_unpin_keywords":"","_relevanssi_related_keywords":"","_relevanssi_related_include_ids":"","_relevanssi_related_exclude_ids":"","_relevanssi_related_no_append":"","_relevanssi_related_not_related":"","_relevanssi_related_posts":"","_relevanssi_noindex_reason":"","pgc_sgb_lightbox_settings":"","footnotes":""},"class_list":["post-39","page","type-page","status-publish","hentry"],"acf":[],"yoast_head":"<!-- This site is optimized with the Yoast SEO plugin v27.4 - https:\/\/yoast.com\/product\/yoast-seo-wordpress\/ -->\n<title>AGB\/Datenschutz - Schweizer Musikzeitung<\/title>\n<meta name=\"robots\" content=\"index, follow, max-snippet:-1, max-image-preview:large, max-video-preview:-1\" \/>\n<link rel=\"canonical\" href=\"https:\/\/www.musikzeitung.ch\/it\/agb-datenschutz\/\" \/>\n<meta property=\"og:locale\" content=\"it_IT\" \/>\n<meta property=\"og:type\" content=\"article\" \/>\n<meta property=\"og:title\" content=\"AGB\/Datenschutz - Schweizer Musikzeitung\" \/>\n<meta property=\"og:description\" content=\"Allgemeine Gesch\u00e4ftsbedingungen der Schweizer Musikzeitung Nutzungsbedingungen und Datenschutzerkl\u00e4rung 1. Anwendungsbereich Gegenstand der vorliegenden Nutzungsbedingungen und der Datenschutzerkl\u00e4rung bilden die Beziehungen der Schweizer Musikzeitung (nachfolgend auch \u00abAnbieterin\u00bb genannt) und den Nutzerinnen und Nutzern (nachfolgend \u00abNutzer\u00bb genannt) von Dienstleistungen und Produkten (insbesondere des Printmediums, Webauftritts und allenfalls mobilen Applikationen) und\/oder Dienstleistungen und Produkten Dritter, welche von der [&hellip;]\" \/>\n<meta property=\"og:url\" content=\"https:\/\/www.musikzeitung.ch\/it\/agb-datenschutz\/\" \/>\n<meta property=\"og:site_name\" content=\"Schweizer Musikzeitung\" \/>\n<meta property=\"article:publisher\" content=\"https:\/\/www.facebook.com\/SchweizerMusikzeitung\/\" \/>\n<meta property=\"article:modified_time\" content=\"2022-05-18T11:34:44+00:00\" \/>\n<meta name=\"twitter:card\" content=\"summary_large_image\" \/>\n<meta name=\"twitter:site\" content=\"@smusikzeitung\" \/>\n<meta name=\"twitter:label1\" content=\"Tempo di lettura stimato\" \/>\n\t<meta name=\"twitter:data1\" content=\"8 minuti\" \/>\n<script type=\"application\/ld+json\" class=\"yoast-schema-graph\">{\"@context\":\"https:\\\/\\\/schema.org\",\"@graph\":[{\"@type\":\"WebPage\",\"@id\":\"https:\\\/\\\/www.musikzeitung.ch\\\/agb-datenschutz\",\"url\":\"https:\\\/\\\/www.musikzeitung.ch\\\/agb-datenschutz\",\"name\":\"AGB\\\/Datenschutz - Schweizer Musikzeitung\",\"isPartOf\":{\"@id\":\"https:\\\/\\\/www.musikzeitung.ch\\\/#website\"},\"datePublished\":\"2022-05-18T11:30:26+00:00\",\"dateModified\":\"2022-05-18T11:34:44+00:00\",\"breadcrumb\":{\"@id\":\"https:\\\/\\\/www.musikzeitung.ch\\\/agb-datenschutz#breadcrumb\"},\"inLanguage\":\"it-IT\",\"potentialAction\":[{\"@type\":\"ReadAction\",\"target\":[\"https:\\\/\\\/www.musikzeitung.ch\\\/agb-datenschutz\"]}]},{\"@type\":\"BreadcrumbList\",\"@id\":\"https:\\\/\\\/www.musikzeitung.ch\\\/agb-datenschutz#breadcrumb\",\"itemListElement\":[{\"@type\":\"ListItem\",\"position\":1,\"name\":\"Home\",\"item\":\"https:\\\/\\\/www.musikzeitung.ch\\\/\"},{\"@type\":\"ListItem\",\"position\":2,\"name\":\"AGB\\\/Datenschutz\"}]},{\"@type\":\"WebSite\",\"@id\":\"https:\\\/\\\/www.musikzeitung.ch\\\/#website\",\"url\":\"https:\\\/\\\/www.musikzeitung.ch\\\/\",\"name\":\"Schweizer Musikzeitung\",\"description\":\"Die f\u00fchrende sparten\u00fcbergreifende Monatszeitung in der Schweiz f\u00fcr musikalische Fragen.\",\"publisher\":{\"@id\":\"https:\\\/\\\/www.musikzeitung.ch\\\/#organization\"},\"potentialAction\":[{\"@type\":\"SearchAction\",\"target\":{\"@type\":\"EntryPoint\",\"urlTemplate\":\"https:\\\/\\\/www.musikzeitung.ch\\\/?s={search_term_string}\"},\"query-input\":{\"@type\":\"PropertyValueSpecification\",\"valueRequired\":true,\"valueName\":\"search_term_string\"}}],\"inLanguage\":\"it-IT\"},{\"@type\":\"Organization\",\"@id\":\"https:\\\/\\\/www.musikzeitung.ch\\\/#organization\",\"name\":\"Schweizer Musikzeitung\",\"url\":\"https:\\\/\\\/www.musikzeitung.ch\\\/\",\"logo\":{\"@type\":\"ImageObject\",\"inLanguage\":\"it-IT\",\"@id\":\"https:\\\/\\\/www.musikzeitung.ch\\\/#\\\/schema\\\/logo\\\/image\\\/\",\"url\":\"https:\\\/\\\/www.musikzeitung.ch\\\/wp-content\\\/uploads\\\/2023\\\/01\\\/SMZ_Schriftzug_Sprache.png\",\"contentUrl\":\"https:\\\/\\\/www.musikzeitung.ch\\\/wp-content\\\/uploads\\\/2023\\\/01\\\/SMZ_Schriftzug_Sprache.png\",\"width\":1400,\"height\":279,\"caption\":\"Schweizer Musikzeitung\"},\"image\":{\"@id\":\"https:\\\/\\\/www.musikzeitung.ch\\\/#\\\/schema\\\/logo\\\/image\\\/\"},\"sameAs\":[\"https:\\\/\\\/www.facebook.com\\\/SchweizerMusikzeitung\\\/\",\"https:\\\/\\\/x.com\\\/smusikzeitung\",\"https:\\\/\\\/www.instagram.com\\\/musikzeitung.ch\\\/\"]}]}<\/script>\n<!-- \/ Yoast SEO plugin. -->","yoast_head_json":{"title":"AGB\/Protezione dei dati - Schweizer Musikzeitung","robots":{"index":"index","follow":"follow","max-snippet":"max-snippet:-1","max-image-preview":"max-image-preview:large","max-video-preview":"max-video-preview:-1"},"canonical":"https:\/\/www.musikzeitung.ch\/it\/agb-datenschutz\/","og_locale":"it_IT","og_type":"article","og_title":"AGB\/Datenschutz - Schweizer Musikzeitung","og_description":"Allgemeine Gesch\u00e4ftsbedingungen der Schweizer Musikzeitung Nutzungsbedingungen und Datenschutzerkl\u00e4rung 1. Anwendungsbereich Gegenstand der vorliegenden Nutzungsbedingungen und der Datenschutzerkl\u00e4rung bilden die Beziehungen der Schweizer Musikzeitung (nachfolgend auch \u00abAnbieterin\u00bb genannt) und den Nutzerinnen und Nutzern (nachfolgend \u00abNutzer\u00bb genannt) von Dienstleistungen und Produkten (insbesondere des Printmediums, Webauftritts und allenfalls mobilen Applikationen) und\/oder Dienstleistungen und Produkten Dritter, welche von der [&hellip;]","og_url":"https:\/\/www.musikzeitung.ch\/it\/agb-datenschutz\/","og_site_name":"Schweizer Musikzeitung","article_publisher":"https:\/\/www.facebook.com\/SchweizerMusikzeitung\/","article_modified_time":"2022-05-18T11:34:44+00:00","twitter_card":"summary_large_image","twitter_site":"@smusikzeitung","twitter_misc":{"Tempo di lettura stimato":"8 minuti"},"schema":{"@context":"https:\/\/schema.org","@graph":[{"@type":"WebPage","@id":"https:\/\/www.musikzeitung.ch\/agb-datenschutz","url":"https:\/\/www.musikzeitung.ch\/agb-datenschutz","name":"AGB\/Protezione dei dati - Schweizer Musikzeitung","isPartOf":{"@id":"https:\/\/www.musikzeitung.ch\/#website"},"datePublished":"2022-05-18T11:30:26+00:00","dateModified":"2022-05-18T11:34:44+00:00","breadcrumb":{"@id":"https:\/\/www.musikzeitung.ch\/agb-datenschutz#breadcrumb"},"inLanguage":"it-IT","potentialAction":[{"@type":"ReadAction","target":["https:\/\/www.musikzeitung.ch\/agb-datenschutz"]}]},{"@type":"BreadcrumbList","@id":"https:\/\/www.musikzeitung.ch\/agb-datenschutz#breadcrumb","itemListElement":[{"@type":"ListItem","position":1,"name":"Home","item":"https:\/\/www.musikzeitung.ch\/"},{"@type":"ListItem","position":2,"name":"AGB\/Datenschutz"}]},{"@type":"WebSite","@id":"https:\/\/www.musikzeitung.ch\/#website","url":"https:\/\/www.musikzeitung.ch\/","name":"Giornale musicale svizzero","description":"Il principale mensile interdisciplinare della Svizzera per le questioni musicali.","publisher":{"@id":"https:\/\/www.musikzeitung.ch\/#organization"},"potentialAction":[{"@type":"SearchAction","target":{"@type":"EntryPoint","urlTemplate":"https:\/\/www.musikzeitung.ch\/?s={search_term_string}"},"query-input":{"@type":"PropertyValueSpecification","valueRequired":true,"valueName":"search_term_string"}}],"inLanguage":"it-IT"},{"@type":"Organization","@id":"https:\/\/www.musikzeitung.ch\/#organization","name":"Giornale musicale svizzero","url":"https:\/\/www.musikzeitung.ch\/","logo":{"@type":"ImageObject","inLanguage":"it-IT","@id":"https:\/\/www.musikzeitung.ch\/#\/schema\/logo\/image\/","url":"https:\/\/www.musikzeitung.ch\/wp-content\/uploads\/2023\/01\/SMZ_Schriftzug_Sprache.png","contentUrl":"https:\/\/www.musikzeitung.ch\/wp-content\/uploads\/2023\/01\/SMZ_Schriftzug_Sprache.png","width":1400,"height":279,"caption":"Schweizer Musikzeitung"},"image":{"@id":"https:\/\/www.musikzeitung.ch\/#\/schema\/logo\/image\/"},"sameAs":["https:\/\/www.facebook.com\/SchweizerMusikzeitung\/","https:\/\/x.com\/smusikzeitung","https:\/\/www.instagram.com\/musikzeitung.ch\/"]}]}},"publishpress_future_workflow_manual_trigger":{"enabledWorkflows":[]},"_links":{"self":[{"href":"https:\/\/www.musikzeitung.ch\/it\/wp-json\/wp\/v2\/pages\/39","targetHints":{"allow":["GET"]}}],"collection":[{"href":"https:\/\/www.musikzeitung.ch\/it\/wp-json\/wp\/v2\/pages"}],"about":[{"href":"https:\/\/www.musikzeitung.ch\/it\/wp-json\/wp\/v2\/types\/page"}],"author":[{"embeddable":true,"href":"https:\/\/www.musikzeitung.ch\/it\/wp-json\/wp\/v2\/users\/1"}],"replies":[{"embeddable":true,"href":"https:\/\/www.musikzeitung.ch\/it\/wp-json\/wp\/v2\/comments?post=39"}],"version-history":[{"count":4,"href":"https:\/\/www.musikzeitung.ch\/it\/wp-json\/wp\/v2\/pages\/39\/revisions"}],"predecessor-version":[{"id":48,"href":"https:\/\/www.musikzeitung.ch\/it\/wp-json\/wp\/v2\/pages\/39\/revisions\/48"}],"wp:attachment":[{"href":"https:\/\/www.musikzeitung.ch\/it\/wp-json\/wp\/v2\/media?parent=39"}],"curies":[{"name":"wp","href":"https:\/\/api.w.org\/{rel}","templated":true}]}}