{"id":47507,"date":"2023-09-14T15:04:39","date_gmt":"2023-09-14T13:04:39","guid":{"rendered":"https:\/\/www.musikzeitung.ch\/?page_id=47507"},"modified":"2023-09-14T15:08:47","modified_gmt":"2023-09-14T13:08:47","slug":"publizistische-leitlinien","status":"publish","type":"page","link":"https:\/\/www.musikzeitung.ch\/it\/impressum\/publizistische-leitlinien","title":{"rendered":"Linee guida giornalistiche"},"content":{"rendered":"<p>La Schweizer Musikzeitung \u00e8 il principale giornale specializzato interdisciplinare del Paese per le questioni di politica musicale, culturale ed educativa. Si rivolge a tutte le persone attive e interessate alla musica e, come organo di pubblicazione ufficiale o informale di associazioni e organizzazioni musicali, ai loro membri. A differenza di altri media, che si concentrano su alcuni aspetti della vita musicale, il giornale la presenta in tutta la sua ampiezza.<\/p>\n<h3>Postura<\/h3>\n<p>Il Giornale Svizzero della Musica fornisce al suo pubblico informazioni e servizi rilevanti. \u00c8 indipendente da gruppi di interesse politici, economici, ideologici, religiosi o di altro tipo.<\/p>\n<h3>Redazione<\/h3>\n<p>La responsabilit\u00e0 dei contenuti \u00e8 affidata a diversi team editoriali, a un team editoriale principale indipendente e ai team editoriali delle varie associazioni.<\/p>\n<p>Le redazioni delle associazioni musicali lavorano indipendentemente dalla redazione principale e tengono conto delle preoccupazioni delle loro organizzazioni. Sono alle dipendenze delle rispettive organizzazioni. Le associazioni stipulano un contratto con l'editore\/redattore della Schweizer Musikzeitung che regola la collaborazione.<\/p>\n<p>Il team editoriale principale riferisce in modo indipendente e basa il proprio lavoro sulla <em>Dichiarazione dei doveri e dei diritti dei giornalisti <\/em>e la Carta <em>Qualit\u00e0 nel giornalismo<\/em>.<\/p>\n<p>I membri del team editoriale principale sono impiegati dall'editore\/redattore della Schweizer Musikzeitung.<\/p>\n<h3>Commissione editoriale<\/h3>\n<p>Il comitato editoriale \u00e8 un organo consultivo informale. Ogni associazione con cui esiste un accordo di cooperazione ha il diritto di delegare una persona al comitato editoriale. La redazione principale o l'editore\/redattore possono nominare persone indipendenti nel comitato editoriale.<\/p>\n<h3>Canali di pubblicazione<\/h3>\n<p>La Schweizer Musikzeitung pubblica i suoi contenuti in forma cartacea e su Internet.<\/p>\n<h3>Le lingue<\/h3>\n<p>La Schweizer Musikzeitung pubblica in tedesco, francese e italiano. La ponderazione delle lingue si basa grosso modo sulla regione linguistica di provenienza dei lettori.<\/p>\n<h3>Risorse finanziarie<\/h3>\n<p>La Schweizer Musikzeitung \u00e8 finanziata da pubblicit\u00e0, abbonamenti, servizi e contributi di patrocinio.<\/p>\n<p><em>2 luglio 2018<\/em><\/p>","protected":false},"excerpt":{"rendered":"<p>Die Schweizer Musikzeitung ist die landesweit tonangebende sparten\u00fcbergreifende Fachzeitung f\u00fcr musikalische, kultur- und bildungspolitische Fragen. Sie richtet sich an alle musikalisch Aktiven und Interessierten sowie als offizielles oder informelles Publikationsorgan musikalischer Verb\u00e4nde und Organisationen an deren Mitglieder. In Abgrenzung zu andern Medien, die sich auf bestimmte Aspekte des Musiklebens konzentrieren, bildet sie dieses in seiner [&hellip;]<\/p>\n","protected":false},"author":23,"featured_media":0,"parent":44,"menu_order":0,"comment_status":"closed","ping_status":"closed","template":"","meta":{"_acf_changed":false,"_relevanssi_hide_post":"","_relevanssi_hide_content":"","_relevanssi_pin_for_all":"","_relevanssi_pin_keywords":"","_relevanssi_unpin_keywords":"","_relevanssi_related_keywords":"","_relevanssi_related_include_ids":"","_relevanssi_related_exclude_ids":"","_relevanssi_related_no_append":"","_relevanssi_related_not_related":"","_relevanssi_related_posts":"","_relevanssi_noindex_reason":"","pgc_sgb_lightbox_settings":"","footnotes":""},"class_list":["post-47507","page","type-page","status-publish","hentry"],"acf":[],"yoast_head":"<!-- This site is optimized with the Yoast SEO plugin v27.5 - https:\/\/yoast.com\/product\/yoast-seo-wordpress\/ -->\n<title>Publizistische Leitlinien - Schweizer Musikzeitung<\/title>\n<meta name=\"description\" content=\"Publizistische Leitlinien\" \/>\n<meta name=\"robots\" content=\"index, follow, max-snippet:-1, max-image-preview:large, max-video-preview:-1\" \/>\n<link rel=\"canonical\" href=\"https:\/\/www.musikzeitung.ch\/it\/impressum\/publizistische-leitlinien\/\" \/>\n<meta property=\"og:locale\" content=\"it_IT\" \/>\n<meta property=\"og:type\" content=\"article\" \/>\n<meta property=\"og:title\" content=\"Publizistische Leitlinien - Schweizer Musikzeitung\" \/>\n<meta property=\"og:description\" content=\"Publizistische Leitlinien\" \/>\n<meta property=\"og:url\" content=\"https:\/\/www.musikzeitung.ch\/it\/impressum\/publizistische-leitlinien\/\" \/>\n<meta property=\"og:site_name\" content=\"Schweizer Musikzeitung\" \/>\n<meta property=\"article:publisher\" content=\"https:\/\/www.facebook.com\/SchweizerMusikzeitung\/\" \/>\n<meta property=\"article:modified_time\" content=\"2023-09-14T13:08:47+00:00\" \/>\n<meta name=\"twitter:card\" content=\"summary_large_image\" \/>\n<meta name=\"twitter:site\" content=\"@smusikzeitung\" \/>\n<meta name=\"twitter:label1\" content=\"Tempo di lettura stimato\" \/>\n\t<meta name=\"twitter:data1\" content=\"2 minuti\" \/>\n<script type=\"application\/ld+json\" class=\"yoast-schema-graph\">{\"@context\":\"https:\\\/\\\/schema.org\",\"@graph\":[{\"@type\":\"WebPage\",\"@id\":\"https:\\\/\\\/www.musikzeitung.ch\\\/impressum\\\/publizistische-leitlinien\",\"url\":\"https:\\\/\\\/www.musikzeitung.ch\\\/impressum\\\/publizistische-leitlinien\",\"name\":\"Publizistische Leitlinien - Schweizer Musikzeitung\",\"isPartOf\":{\"@id\":\"https:\\\/\\\/www.musikzeitung.ch\\\/#website\"},\"datePublished\":\"2023-09-14T13:04:39+00:00\",\"dateModified\":\"2023-09-14T13:08:47+00:00\",\"description\":\"Publizistische Leitlinien\",\"breadcrumb\":{\"@id\":\"https:\\\/\\\/www.musikzeitung.ch\\\/impressum\\\/publizistische-leitlinien#breadcrumb\"},\"inLanguage\":\"it-IT\",\"potentialAction\":[{\"@type\":\"ReadAction\",\"target\":[\"https:\\\/\\\/www.musikzeitung.ch\\\/impressum\\\/publizistische-leitlinien\"]}]},{\"@type\":\"BreadcrumbList\",\"@id\":\"https:\\\/\\\/www.musikzeitung.ch\\\/impressum\\\/publizistische-leitlinien#breadcrumb\",\"itemListElement\":[{\"@type\":\"ListItem\",\"position\":1,\"name\":\"Home\",\"item\":\"https:\\\/\\\/www.musikzeitung.ch\\\/\"},{\"@type\":\"ListItem\",\"position\":2,\"name\":\"Impressum\",\"item\":\"https:\\\/\\\/www.musikzeitung.ch\\\/impressum\"},{\"@type\":\"ListItem\",\"position\":3,\"name\":\"Publizistische Leitlinien\"}]},{\"@type\":\"WebSite\",\"@id\":\"https:\\\/\\\/www.musikzeitung.ch\\\/#website\",\"url\":\"https:\\\/\\\/www.musikzeitung.ch\\\/\",\"name\":\"Schweizer Musikzeitung\",\"description\":\"Die f\u00fchrende sparten\u00fcbergreifende Monatszeitung in der Schweiz f\u00fcr musikalische Fragen.\",\"publisher\":{\"@id\":\"https:\\\/\\\/www.musikzeitung.ch\\\/#organization\"},\"potentialAction\":[{\"@type\":\"SearchAction\",\"target\":{\"@type\":\"EntryPoint\",\"urlTemplate\":\"https:\\\/\\\/www.musikzeitung.ch\\\/?s={search_term_string}\"},\"query-input\":{\"@type\":\"PropertyValueSpecification\",\"valueRequired\":true,\"valueName\":\"search_term_string\"}}],\"inLanguage\":\"it-IT\"},{\"@type\":\"Organization\",\"@id\":\"https:\\\/\\\/www.musikzeitung.ch\\\/#organization\",\"name\":\"Schweizer Musikzeitung\",\"url\":\"https:\\\/\\\/www.musikzeitung.ch\\\/\",\"logo\":{\"@type\":\"ImageObject\",\"inLanguage\":\"it-IT\",\"@id\":\"https:\\\/\\\/www.musikzeitung.ch\\\/#\\\/schema\\\/logo\\\/image\\\/\",\"url\":\"https:\\\/\\\/www.musikzeitung.ch\\\/wp-content\\\/uploads\\\/2023\\\/01\\\/SMZ_Schriftzug_Sprache.png\",\"contentUrl\":\"https:\\\/\\\/www.musikzeitung.ch\\\/wp-content\\\/uploads\\\/2023\\\/01\\\/SMZ_Schriftzug_Sprache.png\",\"width\":1400,\"height\":279,\"caption\":\"Schweizer Musikzeitung\"},\"image\":{\"@id\":\"https:\\\/\\\/www.musikzeitung.ch\\\/#\\\/schema\\\/logo\\\/image\\\/\"},\"sameAs\":[\"https:\\\/\\\/www.facebook.com\\\/SchweizerMusikzeitung\\\/\",\"https:\\\/\\\/x.com\\\/smusikzeitung\",\"https:\\\/\\\/www.instagram.com\\\/musikzeitung.ch\\\/\"]}]}<\/script>\n<!-- \/ Yoast SEO plugin. -->","yoast_head_json":{"title":"Publizistische Leitlinien - Schweizer Musikzeitung","description":"Linee guida giornalistiche","robots":{"index":"index","follow":"follow","max-snippet":"max-snippet:-1","max-image-preview":"max-image-preview:large","max-video-preview":"max-video-preview:-1"},"canonical":"https:\/\/www.musikzeitung.ch\/it\/impressum\/publizistische-leitlinien\/","og_locale":"it_IT","og_type":"article","og_title":"Publizistische Leitlinien - Schweizer Musikzeitung","og_description":"Publizistische Leitlinien","og_url":"https:\/\/www.musikzeitung.ch\/it\/impressum\/publizistische-leitlinien\/","og_site_name":"Schweizer Musikzeitung","article_publisher":"https:\/\/www.facebook.com\/SchweizerMusikzeitung\/","article_modified_time":"2023-09-14T13:08:47+00:00","twitter_card":"summary_large_image","twitter_site":"@smusikzeitung","twitter_misc":{"Tempo di lettura stimato":"2 minuti"},"schema":{"@context":"https:\/\/schema.org","@graph":[{"@type":"WebPage","@id":"https:\/\/www.musikzeitung.ch\/impressum\/publizistische-leitlinien","url":"https:\/\/www.musikzeitung.ch\/impressum\/publizistische-leitlinien","name":"Publizistische Leitlinien - Schweizer Musikzeitung","isPartOf":{"@id":"https:\/\/www.musikzeitung.ch\/#website"},"datePublished":"2023-09-14T13:04:39+00:00","dateModified":"2023-09-14T13:08:47+00:00","description":"Linee guida giornalistiche","breadcrumb":{"@id":"https:\/\/www.musikzeitung.ch\/impressum\/publizistische-leitlinien#breadcrumb"},"inLanguage":"it-IT","potentialAction":[{"@type":"ReadAction","target":["https:\/\/www.musikzeitung.ch\/impressum\/publizistische-leitlinien"]}]},{"@type":"BreadcrumbList","@id":"https:\/\/www.musikzeitung.ch\/impressum\/publizistische-leitlinien#breadcrumb","itemListElement":[{"@type":"ListItem","position":1,"name":"Home","item":"https:\/\/www.musikzeitung.ch\/"},{"@type":"ListItem","position":2,"name":"Impressum","item":"https:\/\/www.musikzeitung.ch\/impressum"},{"@type":"ListItem","position":3,"name":"Publizistische Leitlinien"}]},{"@type":"WebSite","@id":"https:\/\/www.musikzeitung.ch\/#website","url":"https:\/\/www.musikzeitung.ch\/","name":"Giornale musicale svizzero","description":"Il principale mensile interdisciplinare della Svizzera per le questioni musicali.","publisher":{"@id":"https:\/\/www.musikzeitung.ch\/#organization"},"potentialAction":[{"@type":"SearchAction","target":{"@type":"EntryPoint","urlTemplate":"https:\/\/www.musikzeitung.ch\/?s={search_term_string}"},"query-input":{"@type":"PropertyValueSpecification","valueRequired":true,"valueName":"search_term_string"}}],"inLanguage":"it-IT"},{"@type":"Organization","@id":"https:\/\/www.musikzeitung.ch\/#organization","name":"Giornale musicale svizzero","url":"https:\/\/www.musikzeitung.ch\/","logo":{"@type":"ImageObject","inLanguage":"it-IT","@id":"https:\/\/www.musikzeitung.ch\/#\/schema\/logo\/image\/","url":"https:\/\/www.musikzeitung.ch\/wp-content\/uploads\/2023\/01\/SMZ_Schriftzug_Sprache.png","contentUrl":"https:\/\/www.musikzeitung.ch\/wp-content\/uploads\/2023\/01\/SMZ_Schriftzug_Sprache.png","width":1400,"height":279,"caption":"Schweizer Musikzeitung"},"image":{"@id":"https:\/\/www.musikzeitung.ch\/#\/schema\/logo\/image\/"},"sameAs":["https:\/\/www.facebook.com\/SchweizerMusikzeitung\/","https:\/\/x.com\/smusikzeitung","https:\/\/www.instagram.com\/musikzeitung.ch\/"]}]}},"publishpress_future_workflow_manual_trigger":{"enabledWorkflows":[]},"_links":{"self":[{"href":"https:\/\/www.musikzeitung.ch\/it\/wp-json\/wp\/v2\/pages\/47507","targetHints":{"allow":["GET"]}}],"collection":[{"href":"https:\/\/www.musikzeitung.ch\/it\/wp-json\/wp\/v2\/pages"}],"about":[{"href":"https:\/\/www.musikzeitung.ch\/it\/wp-json\/wp\/v2\/types\/page"}],"author":[{"embeddable":true,"href":"https:\/\/www.musikzeitung.ch\/it\/wp-json\/wp\/v2\/users\/23"}],"replies":[{"embeddable":true,"href":"https:\/\/www.musikzeitung.ch\/it\/wp-json\/wp\/v2\/comments?post=47507"}],"version-history":[{"count":3,"href":"https:\/\/www.musikzeitung.ch\/it\/wp-json\/wp\/v2\/pages\/47507\/revisions"}],"predecessor-version":[{"id":47511,"href":"https:\/\/www.musikzeitung.ch\/it\/wp-json\/wp\/v2\/pages\/47507\/revisions\/47511"}],"up":[{"embeddable":true,"href":"https:\/\/www.musikzeitung.ch\/it\/wp-json\/wp\/v2\/pages\/44"}],"wp:attachment":[{"href":"https:\/\/www.musikzeitung.ch\/it\/wp-json\/wp\/v2\/media?parent=47507"}],"curies":[{"name":"wp","href":"https:\/\/api.w.org\/{rel}","templated":true}]}}