{"id":9248,"date":"2023-01-13T09:19:10","date_gmt":"2023-01-13T08:19:10","guid":{"rendered":"https:\/\/www.musikzeitung.ch\/?page_id=9248"},"modified":"2026-02-10T15:24:58","modified_gmt":"2026-02-10T14:24:58","slug":"prospektbeilagen-und-sticky-notes","status":"publish","type":"page","link":"https:\/\/www.musikzeitung.ch\/it\/inserate\/print-werbung\/prospektbeilagen-und-sticky-notes","title":{"rendered":"Inserti per brochure"},"content":{"rendered":"<h3>Inserti per brochure<\/h3>\n<p>Prezzo base fino a 50g e 8 pagine, per 1000 copie a partire da (spese di spedizione incluse) 300 CHF.<\/p>\n<p>Vi preghiamo di discutere per tempo con noi la natura (formato, peso, numero di pagine) del vostro inserto e la consegna. \u00c8 possibile una tiratura parziale, minimo 5000 copie.<\/p>\n<p>Consulenza: <a href=\"mailto:contact@musikzeitung.ch\">contact@musikzeitung.ch<\/a> o telefono 058 344 97 83<\/p>\n<p>&nbsp;<\/p>","protected":false},"excerpt":{"rendered":"<p>Inserti di brochure Prezzo base fino a 50g e 8 pagine, per 1000 copie a partire da (spese di spedizione incluse) CHF 300.- Vi preghiamo di discutere per tempo con noi la natura (formato, peso, numero di pagine) del vostro inserto e la consegna. \u00c8 possibile una tiratura parziale, minimo 5000 copie. Consulenza: contact@musikzeitung.ch o telefono 058 344 97 83 &nbsp;<\/p>","protected":false},"author":23,"featured_media":0,"parent":232,"menu_order":0,"comment_status":"closed","ping_status":"closed","template":"","meta":{"_acf_changed":false,"_relevanssi_hide_post":"","_relevanssi_hide_content":"","_relevanssi_pin_for_all":"","_relevanssi_pin_keywords":"","_relevanssi_unpin_keywords":"","_relevanssi_related_keywords":"","_relevanssi_related_include_ids":"","_relevanssi_related_exclude_ids":"","_relevanssi_related_no_append":"","_relevanssi_related_not_related":"","_relevanssi_related_posts":"","_relevanssi_noindex_reason":"","pgc_sgb_lightbox_settings":"","footnotes":""},"class_list":["post-9248","page","type-page","status-publish","hentry"],"acf":[],"yoast_head":"<!-- This site is optimized with the Yoast SEO plugin v27.4 - https:\/\/yoast.com\/product\/yoast-seo-wordpress\/ -->\n<title>Prospektbeilagen - Schweizer Musikzeitung<\/title>\n<meta name=\"description\" content=\"Prospektbeilagen und Sticky Notes in der Schweizer Musikzeitung bestellen.\" \/>\n<meta name=\"robots\" content=\"index, follow, max-snippet:-1, max-image-preview:large, max-video-preview:-1\" \/>\n<link rel=\"canonical\" href=\"https:\/\/www.musikzeitung.ch\/it\/inserate\/print-werbung\/prospektbeilagen-und-sticky-notes\/\" \/>\n<meta property=\"og:locale\" content=\"it_IT\" \/>\n<meta property=\"og:type\" content=\"article\" \/>\n<meta property=\"og:title\" content=\"Prospektbeilagen - Schweizer Musikzeitung\" \/>\n<meta property=\"og:description\" content=\"Prospektbeilagen und Sticky Notes in der Schweizer Musikzeitung bestellen.\" \/>\n<meta property=\"og:url\" content=\"https:\/\/www.musikzeitung.ch\/it\/inserate\/print-werbung\/prospektbeilagen-und-sticky-notes\/\" \/>\n<meta property=\"og:site_name\" content=\"Schweizer Musikzeitung\" \/>\n<meta property=\"article:publisher\" content=\"https:\/\/www.facebook.com\/SchweizerMusikzeitung\/\" \/>\n<meta property=\"article:modified_time\" content=\"2026-02-10T14:24:58+00:00\" \/>\n<meta name=\"twitter:card\" content=\"summary_large_image\" \/>\n<meta name=\"twitter:site\" content=\"@smusikzeitung\" \/>\n<meta name=\"twitter:label1\" content=\"Tempo di lettura stimato\" \/>\n\t<meta name=\"twitter:data1\" content=\"1 minuto\" \/>\n<script type=\"application\/ld+json\" class=\"yoast-schema-graph\">{\"@context\":\"https:\\\/\\\/schema.org\",\"@graph\":[{\"@type\":\"WebPage\",\"@id\":\"https:\\\/\\\/www.musikzeitung.ch\\\/inserate\\\/print-werbung\\\/prospektbeilagen-und-sticky-notes\",\"url\":\"https:\\\/\\\/www.musikzeitung.ch\\\/inserate\\\/print-werbung\\\/prospektbeilagen-und-sticky-notes\",\"name\":\"Prospektbeilagen - Schweizer Musikzeitung\",\"isPartOf\":{\"@id\":\"https:\\\/\\\/www.musikzeitung.ch\\\/#website\"},\"datePublished\":\"2023-01-13T08:19:10+00:00\",\"dateModified\":\"2026-02-10T14:24:58+00:00\",\"description\":\"Prospektbeilagen und Sticky Notes in der Schweizer Musikzeitung bestellen.\",\"breadcrumb\":{\"@id\":\"https:\\\/\\\/www.musikzeitung.ch\\\/inserate\\\/print-werbung\\\/prospektbeilagen-und-sticky-notes#breadcrumb\"},\"inLanguage\":\"it-IT\",\"potentialAction\":[{\"@type\":\"ReadAction\",\"target\":[\"https:\\\/\\\/www.musikzeitung.ch\\\/inserate\\\/print-werbung\\\/prospektbeilagen-und-sticky-notes\"]}]},{\"@type\":\"BreadcrumbList\",\"@id\":\"https:\\\/\\\/www.musikzeitung.ch\\\/inserate\\\/print-werbung\\\/prospektbeilagen-und-sticky-notes#breadcrumb\",\"itemListElement\":[{\"@type\":\"ListItem\",\"position\":1,\"name\":\"Home\",\"item\":\"https:\\\/\\\/www.musikzeitung.ch\\\/\"},{\"@type\":\"ListItem\",\"position\":2,\"name\":\"Inserate aufgeben\",\"item\":\"https:\\\/\\\/www.musikzeitung.ch\\\/inserate\"},{\"@type\":\"ListItem\",\"position\":3,\"name\":\"Print-Werbung\",\"item\":\"https:\\\/\\\/www.musikzeitung.ch\\\/inserate\\\/print-werbung\"},{\"@type\":\"ListItem\",\"position\":4,\"name\":\"Prospektbeilagen\"}]},{\"@type\":\"WebSite\",\"@id\":\"https:\\\/\\\/www.musikzeitung.ch\\\/#website\",\"url\":\"https:\\\/\\\/www.musikzeitung.ch\\\/\",\"name\":\"Schweizer Musikzeitung\",\"description\":\"Die f\u00fchrende sparten\u00fcbergreifende Monatszeitung in der Schweiz f\u00fcr musikalische Fragen.\",\"publisher\":{\"@id\":\"https:\\\/\\\/www.musikzeitung.ch\\\/#organization\"},\"potentialAction\":[{\"@type\":\"SearchAction\",\"target\":{\"@type\":\"EntryPoint\",\"urlTemplate\":\"https:\\\/\\\/www.musikzeitung.ch\\\/?s={search_term_string}\"},\"query-input\":{\"@type\":\"PropertyValueSpecification\",\"valueRequired\":true,\"valueName\":\"search_term_string\"}}],\"inLanguage\":\"it-IT\"},{\"@type\":\"Organization\",\"@id\":\"https:\\\/\\\/www.musikzeitung.ch\\\/#organization\",\"name\":\"Schweizer Musikzeitung\",\"url\":\"https:\\\/\\\/www.musikzeitung.ch\\\/\",\"logo\":{\"@type\":\"ImageObject\",\"inLanguage\":\"it-IT\",\"@id\":\"https:\\\/\\\/www.musikzeitung.ch\\\/#\\\/schema\\\/logo\\\/image\\\/\",\"url\":\"https:\\\/\\\/www.musikzeitung.ch\\\/wp-content\\\/uploads\\\/2023\\\/01\\\/SMZ_Schriftzug_Sprache.png\",\"contentUrl\":\"https:\\\/\\\/www.musikzeitung.ch\\\/wp-content\\\/uploads\\\/2023\\\/01\\\/SMZ_Schriftzug_Sprache.png\",\"width\":1400,\"height\":279,\"caption\":\"Schweizer Musikzeitung\"},\"image\":{\"@id\":\"https:\\\/\\\/www.musikzeitung.ch\\\/#\\\/schema\\\/logo\\\/image\\\/\"},\"sameAs\":[\"https:\\\/\\\/www.facebook.com\\\/SchweizerMusikzeitung\\\/\",\"https:\\\/\\\/x.com\\\/smusikzeitung\",\"https:\\\/\\\/www.instagram.com\\\/musikzeitung.ch\\\/\"]}]}<\/script>\n<!-- \/ Yoast SEO plugin. -->","yoast_head_json":{"title":"Inserti di brochure - Schweizer Musikzeitung","description":"Ordinate inserti di brochure e note adesive nella Schweizer Musikzeitung.","robots":{"index":"index","follow":"follow","max-snippet":"max-snippet:-1","max-image-preview":"max-image-preview:large","max-video-preview":"max-video-preview:-1"},"canonical":"https:\/\/www.musikzeitung.ch\/it\/inserate\/print-werbung\/prospektbeilagen-und-sticky-notes\/","og_locale":"it_IT","og_type":"article","og_title":"Prospektbeilagen - Schweizer Musikzeitung","og_description":"Prospektbeilagen und Sticky Notes in der Schweizer Musikzeitung bestellen.","og_url":"https:\/\/www.musikzeitung.ch\/it\/inserate\/print-werbung\/prospektbeilagen-und-sticky-notes\/","og_site_name":"Schweizer Musikzeitung","article_publisher":"https:\/\/www.facebook.com\/SchweizerMusikzeitung\/","article_modified_time":"2026-02-10T14:24:58+00:00","twitter_card":"summary_large_image","twitter_site":"@smusikzeitung","twitter_misc":{"Tempo di lettura stimato":"1 minuto"},"schema":{"@context":"https:\/\/schema.org","@graph":[{"@type":"WebPage","@id":"https:\/\/www.musikzeitung.ch\/inserate\/print-werbung\/prospektbeilagen-und-sticky-notes","url":"https:\/\/www.musikzeitung.ch\/inserate\/print-werbung\/prospektbeilagen-und-sticky-notes","name":"Inserti di brochure - Schweizer Musikzeitung","isPartOf":{"@id":"https:\/\/www.musikzeitung.ch\/#website"},"datePublished":"2023-01-13T08:19:10+00:00","dateModified":"2026-02-10T14:24:58+00:00","description":"Ordinate inserti di brochure e note adesive nella Schweizer Musikzeitung.","breadcrumb":{"@id":"https:\/\/www.musikzeitung.ch\/inserate\/print-werbung\/prospektbeilagen-und-sticky-notes#breadcrumb"},"inLanguage":"it-IT","potentialAction":[{"@type":"ReadAction","target":["https:\/\/www.musikzeitung.ch\/inserate\/print-werbung\/prospektbeilagen-und-sticky-notes"]}]},{"@type":"BreadcrumbList","@id":"https:\/\/www.musikzeitung.ch\/inserate\/print-werbung\/prospektbeilagen-und-sticky-notes#breadcrumb","itemListElement":[{"@type":"ListItem","position":1,"name":"Home","item":"https:\/\/www.musikzeitung.ch\/"},{"@type":"ListItem","position":2,"name":"Inserate aufgeben","item":"https:\/\/www.musikzeitung.ch\/inserate"},{"@type":"ListItem","position":3,"name":"Print-Werbung","item":"https:\/\/www.musikzeitung.ch\/inserate\/print-werbung"},{"@type":"ListItem","position":4,"name":"Prospektbeilagen"}]},{"@type":"WebSite","@id":"https:\/\/www.musikzeitung.ch\/#website","url":"https:\/\/www.musikzeitung.ch\/","name":"Giornale musicale svizzero","description":"Il principale mensile interdisciplinare della Svizzera per le questioni musicali.","publisher":{"@id":"https:\/\/www.musikzeitung.ch\/#organization"},"potentialAction":[{"@type":"SearchAction","target":{"@type":"EntryPoint","urlTemplate":"https:\/\/www.musikzeitung.ch\/?s={search_term_string}"},"query-input":{"@type":"PropertyValueSpecification","valueRequired":true,"valueName":"search_term_string"}}],"inLanguage":"it-IT"},{"@type":"Organization","@id":"https:\/\/www.musikzeitung.ch\/#organization","name":"Giornale musicale svizzero","url":"https:\/\/www.musikzeitung.ch\/","logo":{"@type":"ImageObject","inLanguage":"it-IT","@id":"https:\/\/www.musikzeitung.ch\/#\/schema\/logo\/image\/","url":"https:\/\/www.musikzeitung.ch\/wp-content\/uploads\/2023\/01\/SMZ_Schriftzug_Sprache.png","contentUrl":"https:\/\/www.musikzeitung.ch\/wp-content\/uploads\/2023\/01\/SMZ_Schriftzug_Sprache.png","width":1400,"height":279,"caption":"Schweizer Musikzeitung"},"image":{"@id":"https:\/\/www.musikzeitung.ch\/#\/schema\/logo\/image\/"},"sameAs":["https:\/\/www.facebook.com\/SchweizerMusikzeitung\/","https:\/\/x.com\/smusikzeitung","https:\/\/www.instagram.com\/musikzeitung.ch\/"]}]}},"publishpress_future_workflow_manual_trigger":{"enabledWorkflows":[]},"_links":{"self":[{"href":"https:\/\/www.musikzeitung.ch\/it\/wp-json\/wp\/v2\/pages\/9248","targetHints":{"allow":["GET"]}}],"collection":[{"href":"https:\/\/www.musikzeitung.ch\/it\/wp-json\/wp\/v2\/pages"}],"about":[{"href":"https:\/\/www.musikzeitung.ch\/it\/wp-json\/wp\/v2\/types\/page"}],"author":[{"embeddable":true,"href":"https:\/\/www.musikzeitung.ch\/it\/wp-json\/wp\/v2\/users\/23"}],"replies":[{"embeddable":true,"href":"https:\/\/www.musikzeitung.ch\/it\/wp-json\/wp\/v2\/comments?post=9248"}],"version-history":[{"count":6,"href":"https:\/\/www.musikzeitung.ch\/it\/wp-json\/wp\/v2\/pages\/9248\/revisions"}],"predecessor-version":[{"id":71014,"href":"https:\/\/www.musikzeitung.ch\/it\/wp-json\/wp\/v2\/pages\/9248\/revisions\/71014"}],"up":[{"embeddable":true,"href":"https:\/\/www.musikzeitung.ch\/it\/wp-json\/wp\/v2\/pages\/232"}],"wp:attachment":[{"href":"https:\/\/www.musikzeitung.ch\/it\/wp-json\/wp\/v2\/media?parent=9248"}],"curies":[{"name":"wp","href":"https:\/\/api.w.org\/{rel}","templated":true}]}}