{"id":9298,"date":"2023-01-13T14:23:30","date_gmt":"2023-01-13T13:23:30","guid":{"rendered":"https:\/\/www.musikzeitung.ch\/?page_id=9298"},"modified":"2025-04-03T08:12:39","modified_gmt":"2025-04-03T06:12:39","slug":"sjmw","status":"publish","type":"page","link":"https:\/\/www.musikzeitung.ch\/it\/basis\/sjmw","title":{"rendered":"SJMW"},"content":{"rendered":"<p>Il<strong> Concorso svizzero di musica per la giovent\u00f9 (SJMW)<\/strong> \u00e8 diventato negli ultimi anni il pi\u00f9 importante evento nazionale nel settore della ricerca di talenti e della promozione di massa. Si rivolge a giovani dilettanti di et\u00e0 compresa tra gli 8 e i 20 anni (o 22 per i cantanti). Nella sezione di musica classica, i singoli strumenti sono presi in considerazione in un ciclo di due anni in concorsi per solisti, duo o ensemble. I concorsi Entrada si svolgono ogni marzo in nove-dieci localit\u00e0 diverse della Svizzera. Tutti i primi classificati dell'Entrada sono ammessi alla finale, che si svolge nella prima met\u00e0 di maggio in localit\u00e0 diverse ogni anno. Le band interessate alla categoria jazz, rock e pop si registrano attraverso il portale Mx3. Sulla base dei demo, le band saranno invitate alle selezioni dal vivo. <em>Venite insieme<\/em> ammessi. I gruppi che si sono aggiudicati il 1\u00b0 premio nella selezione live avranno l'opportunit\u00e0 di esibirsi nuovamente sul palco nella sessione di premiazione.<\/p>\n<p>&nbsp;<\/p>\n<p><strong>Presidente<\/strong><br \/>\nAndreas Wegelin<\/p>\n<p><strong>Responsabile della Commissione di esperti di Classica<\/strong><br \/>\nMaurice Steger<\/p>\n<p><strong>Responsabile di Composizione e Spazio Libero<\/strong><br \/>\nMatthias Arter, Antoine Fran\u00e7oise<\/p>\n<p><strong>Responsabile della Commissione di esperti Jazz&amp;Pop<\/strong><br \/>\nLukas Hering<\/p>\n<p><strong>Direttore generale<\/strong><br \/>\nStefan Escher<\/p>\n<p><strong>Redazione<\/strong><br \/>\nTalete Pelloni<\/p>\n<p><strong>Collaborazione editoriale<\/strong><br \/>\nDina Mayer<\/p>\n<p>Fondazione Concorso svizzero di musica per la giovent\u00f9 (SJMW)<br \/>\nUfficio<br \/>\nKanzleistrasse 56<br \/>\n8004 Zurigo<br \/>\nT 071 245 15 00<br \/>\n<a href=\"mailto:info@sjmw.ch\">info@sjmw.ch<\/a><br \/>\n<a href=\"http:\/\/www.sjmw.ch\" target=\"_blank\" rel=\"noopener\">www.sjmw.ch<\/a><\/p>","protected":false},"excerpt":{"rendered":"<p>Der Schweizerische Jugendmusikwettbewerb (SJMW) hat sich in den letzten Jahren zum bedeutendsten nationalen Anlass im Bereich Talentsuche und Breitenf\u00f6rderung entwickelt. Er richtet sich an jugendliche Amateure im Alter von 8 bis 20 Jahre alt (bzw. 22 Jahre f\u00fcr S\u00e4ngerinnen und S\u00e4nger). Im Bereich Klassik werden die einzelnen Instrumente in einem zweij\u00e4hrigen Turnus im Solo- bzw. [&hellip;]<\/p>\n","protected":false},"author":43672,"featured_media":9342,"parent":230,"menu_order":0,"comment_status":"closed","ping_status":"closed","template":"page_partner.php","meta":{"_acf_changed":false,"_relevanssi_hide_post":"","_relevanssi_hide_content":"","_relevanssi_pin_for_all":"","_relevanssi_pin_keywords":"","_relevanssi_unpin_keywords":"","_relevanssi_related_keywords":"","_relevanssi_related_include_ids":"","_relevanssi_related_exclude_ids":"","_relevanssi_related_no_append":"","_relevanssi_related_not_related":"","_relevanssi_related_posts":"","_relevanssi_noindex_reason":"","pgc_sgb_lightbox_settings":"","footnotes":""},"class_list":["post-9298","page","type-page","status-publish","has-post-thumbnail","hentry"],"acf":[],"yoast_head":"<!-- This site is optimized with the Yoast SEO plugin v27.4 - https:\/\/yoast.com\/product\/yoast-seo-wordpress\/ -->\n<title>SJMW - Schweizer Musikzeitung<\/title>\n<meta name=\"robots\" content=\"index, follow, max-snippet:-1, max-image-preview:large, max-video-preview:-1\" \/>\n<link rel=\"canonical\" href=\"https:\/\/www.musikzeitung.ch\/it\/basis\/sjmw\/\" \/>\n<meta property=\"og:locale\" content=\"it_IT\" \/>\n<meta property=\"og:type\" content=\"article\" \/>\n<meta property=\"og:title\" content=\"SJMW - Schweizer Musikzeitung\" \/>\n<meta property=\"og:description\" content=\"Der Schweizerische Jugendmusikwettbewerb (SJMW) hat sich in den letzten Jahren zum bedeutendsten nationalen Anlass im Bereich Talentsuche und Breitenf\u00f6rderung entwickelt. Er richtet sich an jugendliche Amateure im Alter von 8 bis 20 Jahre alt (bzw. 22 Jahre f\u00fcr S\u00e4ngerinnen und S\u00e4nger). Im Bereich Klassik werden die einzelnen Instrumente in einem zweij\u00e4hrigen Turnus im Solo- bzw. [&hellip;]\" \/>\n<meta property=\"og:url\" content=\"https:\/\/www.musikzeitung.ch\/it\/basis\/sjmw\/\" \/>\n<meta property=\"og:site_name\" content=\"Schweizer Musikzeitung\" \/>\n<meta property=\"article:publisher\" content=\"https:\/\/www.facebook.com\/SchweizerMusikzeitung\/\" \/>\n<meta property=\"article:modified_time\" content=\"2025-04-03T06:12:39+00:00\" \/>\n<meta property=\"og:image\" content=\"https:\/\/www.musikzeitung.ch\/wp-content\/uploads\/2023\/01\/sjmw_musikzeitung.jpg\" \/>\n\t<meta property=\"og:image:width\" content=\"1200\" \/>\n\t<meta property=\"og:image:height\" content=\"600\" \/>\n\t<meta property=\"og:image:type\" content=\"image\/jpeg\" \/>\n<meta name=\"twitter:card\" content=\"summary_large_image\" \/>\n<meta name=\"twitter:site\" content=\"@smusikzeitung\" \/>\n<meta name=\"twitter:label1\" content=\"Tempo di lettura stimato\" \/>\n\t<meta name=\"twitter:data1\" content=\"2 minuti\" \/>\n<script type=\"application\/ld+json\" class=\"yoast-schema-graph\">{\"@context\":\"https:\\\/\\\/schema.org\",\"@graph\":[{\"@type\":\"WebPage\",\"@id\":\"https:\\\/\\\/www.musikzeitung.ch\\\/basis\\\/sjmw\",\"url\":\"https:\\\/\\\/www.musikzeitung.ch\\\/basis\\\/sjmw\",\"name\":\"SJMW - Schweizer Musikzeitung\",\"isPartOf\":{\"@id\":\"https:\\\/\\\/www.musikzeitung.ch\\\/#website\"},\"primaryImageOfPage\":{\"@id\":\"https:\\\/\\\/www.musikzeitung.ch\\\/basis\\\/sjmw#primaryimage\"},\"image\":{\"@id\":\"https:\\\/\\\/www.musikzeitung.ch\\\/basis\\\/sjmw#primaryimage\"},\"thumbnailUrl\":\"https:\\\/\\\/www.musikzeitung.ch\\\/wp-content\\\/uploads\\\/2023\\\/01\\\/sjmw_musikzeitung.jpg\",\"datePublished\":\"2023-01-13T13:23:30+00:00\",\"dateModified\":\"2025-04-03T06:12:39+00:00\",\"breadcrumb\":{\"@id\":\"https:\\\/\\\/www.musikzeitung.ch\\\/basis\\\/sjmw#breadcrumb\"},\"inLanguage\":\"it-IT\",\"potentialAction\":[{\"@type\":\"ReadAction\",\"target\":[\"https:\\\/\\\/www.musikzeitung.ch\\\/basis\\\/sjmw\"]}]},{\"@type\":\"ImageObject\",\"inLanguage\":\"it-IT\",\"@id\":\"https:\\\/\\\/www.musikzeitung.ch\\\/basis\\\/sjmw#primaryimage\",\"url\":\"https:\\\/\\\/www.musikzeitung.ch\\\/wp-content\\\/uploads\\\/2023\\\/01\\\/sjmw_musikzeitung.jpg\",\"contentUrl\":\"https:\\\/\\\/www.musikzeitung.ch\\\/wp-content\\\/uploads\\\/2023\\\/01\\\/sjmw_musikzeitung.jpg\",\"width\":1200,\"height\":600},{\"@type\":\"BreadcrumbList\",\"@id\":\"https:\\\/\\\/www.musikzeitung.ch\\\/basis\\\/sjmw#breadcrumb\",\"itemListElement\":[{\"@type\":\"ListItem\",\"position\":1,\"name\":\"Home\",\"item\":\"https:\\\/\\\/www.musikzeitung.ch\\\/\"},{\"@type\":\"ListItem\",\"position\":2,\"name\":\"Basis\",\"item\":\"https:\\\/\\\/www.musikzeitung.ch\\\/basis\"},{\"@type\":\"ListItem\",\"position\":3,\"name\":\"SJMW\"}]},{\"@type\":\"WebSite\",\"@id\":\"https:\\\/\\\/www.musikzeitung.ch\\\/#website\",\"url\":\"https:\\\/\\\/www.musikzeitung.ch\\\/\",\"name\":\"Schweizer Musikzeitung\",\"description\":\"Die f\u00fchrende sparten\u00fcbergreifende Monatszeitung in der Schweiz f\u00fcr musikalische Fragen.\",\"publisher\":{\"@id\":\"https:\\\/\\\/www.musikzeitung.ch\\\/#organization\"},\"potentialAction\":[{\"@type\":\"SearchAction\",\"target\":{\"@type\":\"EntryPoint\",\"urlTemplate\":\"https:\\\/\\\/www.musikzeitung.ch\\\/?s={search_term_string}\"},\"query-input\":{\"@type\":\"PropertyValueSpecification\",\"valueRequired\":true,\"valueName\":\"search_term_string\"}}],\"inLanguage\":\"it-IT\"},{\"@type\":\"Organization\",\"@id\":\"https:\\\/\\\/www.musikzeitung.ch\\\/#organization\",\"name\":\"Schweizer Musikzeitung\",\"url\":\"https:\\\/\\\/www.musikzeitung.ch\\\/\",\"logo\":{\"@type\":\"ImageObject\",\"inLanguage\":\"it-IT\",\"@id\":\"https:\\\/\\\/www.musikzeitung.ch\\\/#\\\/schema\\\/logo\\\/image\\\/\",\"url\":\"https:\\\/\\\/www.musikzeitung.ch\\\/wp-content\\\/uploads\\\/2023\\\/01\\\/SMZ_Schriftzug_Sprache.png\",\"contentUrl\":\"https:\\\/\\\/www.musikzeitung.ch\\\/wp-content\\\/uploads\\\/2023\\\/01\\\/SMZ_Schriftzug_Sprache.png\",\"width\":1400,\"height\":279,\"caption\":\"Schweizer Musikzeitung\"},\"image\":{\"@id\":\"https:\\\/\\\/www.musikzeitung.ch\\\/#\\\/schema\\\/logo\\\/image\\\/\"},\"sameAs\":[\"https:\\\/\\\/www.facebook.com\\\/SchweizerMusikzeitung\\\/\",\"https:\\\/\\\/x.com\\\/smusikzeitung\",\"https:\\\/\\\/www.instagram.com\\\/musikzeitung.ch\\\/\"]}]}<\/script>\n<!-- \/ Yoast SEO plugin. -->","yoast_head_json":{"title":"SJMW - Rivista musicale svizzera","robots":{"index":"index","follow":"follow","max-snippet":"max-snippet:-1","max-image-preview":"max-image-preview:large","max-video-preview":"max-video-preview:-1"},"canonical":"https:\/\/www.musikzeitung.ch\/it\/basis\/sjmw\/","og_locale":"it_IT","og_type":"article","og_title":"SJMW - Schweizer Musikzeitung","og_description":"Der Schweizerische Jugendmusikwettbewerb (SJMW) hat sich in den letzten Jahren zum bedeutendsten nationalen Anlass im Bereich Talentsuche und Breitenf\u00f6rderung entwickelt. Er richtet sich an jugendliche Amateure im Alter von 8 bis 20 Jahre alt (bzw. 22 Jahre f\u00fcr S\u00e4ngerinnen und S\u00e4nger). Im Bereich Klassik werden die einzelnen Instrumente in einem zweij\u00e4hrigen Turnus im Solo- bzw. [&hellip;]","og_url":"https:\/\/www.musikzeitung.ch\/it\/basis\/sjmw\/","og_site_name":"Schweizer Musikzeitung","article_publisher":"https:\/\/www.facebook.com\/SchweizerMusikzeitung\/","article_modified_time":"2025-04-03T06:12:39+00:00","og_image":[{"width":1200,"height":600,"url":"https:\/\/www.musikzeitung.ch\/wp-content\/uploads\/2023\/01\/sjmw_musikzeitung.jpg","type":"image\/jpeg"}],"twitter_card":"summary_large_image","twitter_site":"@smusikzeitung","twitter_misc":{"Tempo di lettura stimato":"2 minuti"},"schema":{"@context":"https:\/\/schema.org","@graph":[{"@type":"WebPage","@id":"https:\/\/www.musikzeitung.ch\/basis\/sjmw","url":"https:\/\/www.musikzeitung.ch\/basis\/sjmw","name":"SJMW - Rivista musicale svizzera","isPartOf":{"@id":"https:\/\/www.musikzeitung.ch\/#website"},"primaryImageOfPage":{"@id":"https:\/\/www.musikzeitung.ch\/basis\/sjmw#primaryimage"},"image":{"@id":"https:\/\/www.musikzeitung.ch\/basis\/sjmw#primaryimage"},"thumbnailUrl":"https:\/\/www.musikzeitung.ch\/wp-content\/uploads\/2023\/01\/sjmw_musikzeitung.jpg","datePublished":"2023-01-13T13:23:30+00:00","dateModified":"2025-04-03T06:12:39+00:00","breadcrumb":{"@id":"https:\/\/www.musikzeitung.ch\/basis\/sjmw#breadcrumb"},"inLanguage":"it-IT","potentialAction":[{"@type":"ReadAction","target":["https:\/\/www.musikzeitung.ch\/basis\/sjmw"]}]},{"@type":"ImageObject","inLanguage":"it-IT","@id":"https:\/\/www.musikzeitung.ch\/basis\/sjmw#primaryimage","url":"https:\/\/www.musikzeitung.ch\/wp-content\/uploads\/2023\/01\/sjmw_musikzeitung.jpg","contentUrl":"https:\/\/www.musikzeitung.ch\/wp-content\/uploads\/2023\/01\/sjmw_musikzeitung.jpg","width":1200,"height":600},{"@type":"BreadcrumbList","@id":"https:\/\/www.musikzeitung.ch\/basis\/sjmw#breadcrumb","itemListElement":[{"@type":"ListItem","position":1,"name":"Home","item":"https:\/\/www.musikzeitung.ch\/"},{"@type":"ListItem","position":2,"name":"Basis","item":"https:\/\/www.musikzeitung.ch\/basis"},{"@type":"ListItem","position":3,"name":"SJMW"}]},{"@type":"WebSite","@id":"https:\/\/www.musikzeitung.ch\/#website","url":"https:\/\/www.musikzeitung.ch\/","name":"Giornale musicale svizzero","description":"Il principale mensile interdisciplinare della Svizzera per le questioni musicali.","publisher":{"@id":"https:\/\/www.musikzeitung.ch\/#organization"},"potentialAction":[{"@type":"SearchAction","target":{"@type":"EntryPoint","urlTemplate":"https:\/\/www.musikzeitung.ch\/?s={search_term_string}"},"query-input":{"@type":"PropertyValueSpecification","valueRequired":true,"valueName":"search_term_string"}}],"inLanguage":"it-IT"},{"@type":"Organization","@id":"https:\/\/www.musikzeitung.ch\/#organization","name":"Giornale musicale svizzero","url":"https:\/\/www.musikzeitung.ch\/","logo":{"@type":"ImageObject","inLanguage":"it-IT","@id":"https:\/\/www.musikzeitung.ch\/#\/schema\/logo\/image\/","url":"https:\/\/www.musikzeitung.ch\/wp-content\/uploads\/2023\/01\/SMZ_Schriftzug_Sprache.png","contentUrl":"https:\/\/www.musikzeitung.ch\/wp-content\/uploads\/2023\/01\/SMZ_Schriftzug_Sprache.png","width":1400,"height":279,"caption":"Schweizer Musikzeitung"},"image":{"@id":"https:\/\/www.musikzeitung.ch\/#\/schema\/logo\/image\/"},"sameAs":["https:\/\/www.facebook.com\/SchweizerMusikzeitung\/","https:\/\/x.com\/smusikzeitung","https:\/\/www.instagram.com\/musikzeitung.ch\/"]}]}},"publishpress_future_workflow_manual_trigger":{"enabledWorkflows":[]},"_links":{"self":[{"href":"https:\/\/www.musikzeitung.ch\/it\/wp-json\/wp\/v2\/pages\/9298","targetHints":{"allow":["GET"]}}],"collection":[{"href":"https:\/\/www.musikzeitung.ch\/it\/wp-json\/wp\/v2\/pages"}],"about":[{"href":"https:\/\/www.musikzeitung.ch\/it\/wp-json\/wp\/v2\/types\/page"}],"author":[{"embeddable":true,"href":"https:\/\/www.musikzeitung.ch\/it\/wp-json\/wp\/v2\/users\/43672"}],"replies":[{"embeddable":true,"href":"https:\/\/www.musikzeitung.ch\/it\/wp-json\/wp\/v2\/comments?post=9298"}],"version-history":[{"count":11,"href":"https:\/\/www.musikzeitung.ch\/it\/wp-json\/wp\/v2\/pages\/9298\/revisions"}],"predecessor-version":[{"id":64213,"href":"https:\/\/www.musikzeitung.ch\/it\/wp-json\/wp\/v2\/pages\/9298\/revisions\/64213"}],"up":[{"embeddable":true,"href":"https:\/\/www.musikzeitung.ch\/it\/wp-json\/wp\/v2\/pages\/230"}],"wp:featuredmedia":[{"embeddable":true,"href":"https:\/\/www.musikzeitung.ch\/it\/wp-json\/wp\/v2\/media\/9342"}],"wp:attachment":[{"href":"https:\/\/www.musikzeitung.ch\/it\/wp-json\/wp\/v2\/media?parent=9298"}],"curies":[{"name":"wp","href":"https:\/\/api.w.org\/{rel}","templated":true}]}}