{"id":9308,"date":"2023-01-13T14:47:15","date_gmt":"2023-01-13T13:47:15","guid":{"rendered":"https:\/\/www.musikzeitung.ch\/?page_id=9308"},"modified":"2026-01-29T09:10:39","modified_gmt":"2026-01-29T08:10:39","slug":"arosa-kultur","status":"publish","type":"page","link":"https:\/\/www.musikzeitung.ch\/it\/basis\/arosa-kultur","title":{"rendered":"Cultura di Arosa"},"content":{"rendered":"<p><strong>Cultura di Arosa<\/strong> \u00e8 un'associazione senza scopo di lucro e politicamente neutrale che organizza eventi culturali ad Arosa (Cantone dei Grigioni), tra cui le Settimane dei corsi di musica di Arosa (promozione ad ampio raggio) e l'Accademia musicale di Arosa (promozione di alto livello). L'associazione conta oltre 600 membri, di cui circa due terzi sono locali e un terzo sono turisti e altri appassionati di cultura provenienti dalla Svizzera e dall'estero.<br \/>\nLe Settimane dei corsi di musica di Arosa si svolgono dal 1986. Il programma \u00e8 rivolto a dilettanti, studenti e musicisti professionisti di tutte le et\u00e0. In totale, vengono organizzati oltre 100 corsi per una vasta gamma di strumenti, oltre a settimane di canto e danza. Inoltre, nel 2011 \u00e8 stata istituita l'Accademia musicale di Arosa. Si tratta di masterclass in cui i giovani talenti sono fortemente incoraggiati non solo per quanto riguarda il loro strumento, ma anche per la musica da camera.<br \/>\nArosa Cultura lavora a stretto contatto con la SJMW per le Settimane musicali di Arosa, l'Accademia musicale di Arosa e un progetto orchestrale con giovani solisti. I diplomati della SJMW ricevono uno sconto sostanziale sui corsi ad Arosa o, in alcuni casi, una borsa di studio. Nel progetto orchestrale con giovani solisti, due o tre vincitori del SJMW possono provare con un'orchestra professionale di Arosa Kultur e tenere diversi concerti all'anno.<\/p>\n<p><strong><a href=\"http:\/\/www.arosakultur.ch\">arosacultura.ch<\/a><\/strong><\/p>\n<p>&nbsp;<\/p>\n<p><strong>Contattateci<br \/>\n<\/strong>CULTURA AROSA<br \/>\n7050 Arosa<br \/>\nT +41 81 353 87 47<br \/>\nF +41 81 353 87 50<br \/>\n<a href=\"mailto:info@arosakultur.ch\">info@arosakultur.ch<\/a><\/p>\n<p>&nbsp;<\/p>\n<p><strong>Ufficio<\/strong><br \/>\nAngela Buxhofer, direttore generale<br \/>\nAndri Probst, vicedirettore generale<br \/>\nFranco Mettler, direttore artistico<\/p>","protected":false},"excerpt":{"rendered":"<p>Arosa Kultur ist ein gemeinn\u00fctziger und politisch neutraler Verein, der in Arosa (Kanton Graub\u00fcnden) kulturelle Veranstaltungen, darunter die Musik-Kurswochen Arosa (Breitenf\u00f6rderung) und die Arosa Music Academy (Spitzenf\u00f6rderung) durchf\u00fchrt. Dem Verein geh\u00f6ren \u00fcber 600 Mitglieder an, etwa zwei Drittel Einheimische und ein Drittel Ferieng\u00e4ste und weitere kulturinteressierte Personen aus dem In- und Ausland. Die Musik-Kurswochen Arosa [&hellip;]<\/p>\n","protected":false},"author":43672,"featured_media":9336,"parent":230,"menu_order":0,"comment_status":"closed","ping_status":"closed","template":"page_partner.php","meta":{"_acf_changed":false,"_relevanssi_hide_post":"","_relevanssi_hide_content":"","_relevanssi_pin_for_all":"","_relevanssi_pin_keywords":"","_relevanssi_unpin_keywords":"","_relevanssi_related_keywords":"","_relevanssi_related_include_ids":"","_relevanssi_related_exclude_ids":"","_relevanssi_related_no_append":"","_relevanssi_related_not_related":"","_relevanssi_related_posts":"","_relevanssi_noindex_reason":"","pgc_sgb_lightbox_settings":"","footnotes":""},"class_list":["post-9308","page","type-page","status-publish","has-post-thumbnail","hentry"],"acf":[],"yoast_head":"<!-- This site is optimized with the Yoast SEO plugin v27.4 - https:\/\/yoast.com\/product\/yoast-seo-wordpress\/ -->\n<title>Arosa Kultur - Schweizer Musikzeitung<\/title>\n<meta name=\"robots\" content=\"index, follow, max-snippet:-1, max-image-preview:large, max-video-preview:-1\" \/>\n<link rel=\"canonical\" href=\"https:\/\/www.musikzeitung.ch\/it\/basis\/arosa-kultur\/\" \/>\n<meta property=\"og:locale\" content=\"it_IT\" \/>\n<meta property=\"og:type\" content=\"article\" \/>\n<meta property=\"og:title\" content=\"Arosa Kultur - Schweizer Musikzeitung\" \/>\n<meta property=\"og:description\" content=\"Arosa Kultur ist ein gemeinn\u00fctziger und politisch neutraler Verein, der in Arosa (Kanton Graub\u00fcnden) kulturelle Veranstaltungen, darunter die Musik-Kurswochen Arosa (Breitenf\u00f6rderung) und die Arosa Music Academy (Spitzenf\u00f6rderung) durchf\u00fchrt. Dem Verein geh\u00f6ren \u00fcber 600 Mitglieder an, etwa zwei Drittel Einheimische und ein Drittel Ferieng\u00e4ste und weitere kulturinteressierte Personen aus dem In- und Ausland. Die Musik-Kurswochen Arosa [&hellip;]\" \/>\n<meta property=\"og:url\" content=\"https:\/\/www.musikzeitung.ch\/it\/basis\/arosa-kultur\/\" \/>\n<meta property=\"og:site_name\" content=\"Schweizer Musikzeitung\" \/>\n<meta property=\"article:publisher\" content=\"https:\/\/www.facebook.com\/SchweizerMusikzeitung\/\" \/>\n<meta property=\"article:modified_time\" content=\"2026-01-29T08:10:39+00:00\" \/>\n<meta property=\"og:image\" content=\"https:\/\/www.musikzeitung.ch\/wp-content\/uploads\/2023\/01\/arosa_musikzeitung.jpg\" \/>\n\t<meta property=\"og:image:width\" content=\"1200\" \/>\n\t<meta property=\"og:image:height\" content=\"600\" \/>\n\t<meta property=\"og:image:type\" content=\"image\/jpeg\" \/>\n<meta name=\"twitter:card\" content=\"summary_large_image\" \/>\n<meta name=\"twitter:site\" content=\"@smusikzeitung\" \/>\n<meta name=\"twitter:label1\" content=\"Tempo di lettura stimato\" \/>\n\t<meta name=\"twitter:data1\" content=\"2 minuti\" \/>\n<script type=\"application\/ld+json\" class=\"yoast-schema-graph\">{\"@context\":\"https:\\\/\\\/schema.org\",\"@graph\":[{\"@type\":\"WebPage\",\"@id\":\"https:\\\/\\\/www.musikzeitung.ch\\\/basis\\\/arosa-kultur\",\"url\":\"https:\\\/\\\/www.musikzeitung.ch\\\/basis\\\/arosa-kultur\",\"name\":\"Arosa Kultur - Schweizer Musikzeitung\",\"isPartOf\":{\"@id\":\"https:\\\/\\\/www.musikzeitung.ch\\\/#website\"},\"primaryImageOfPage\":{\"@id\":\"https:\\\/\\\/www.musikzeitung.ch\\\/basis\\\/arosa-kultur#primaryimage\"},\"image\":{\"@id\":\"https:\\\/\\\/www.musikzeitung.ch\\\/basis\\\/arosa-kultur#primaryimage\"},\"thumbnailUrl\":\"https:\\\/\\\/www.musikzeitung.ch\\\/wp-content\\\/uploads\\\/2023\\\/01\\\/arosa_musikzeitung.jpg\",\"datePublished\":\"2023-01-13T13:47:15+00:00\",\"dateModified\":\"2026-01-29T08:10:39+00:00\",\"breadcrumb\":{\"@id\":\"https:\\\/\\\/www.musikzeitung.ch\\\/basis\\\/arosa-kultur#breadcrumb\"},\"inLanguage\":\"it-IT\",\"potentialAction\":[{\"@type\":\"ReadAction\",\"target\":[\"https:\\\/\\\/www.musikzeitung.ch\\\/basis\\\/arosa-kultur\"]}]},{\"@type\":\"ImageObject\",\"inLanguage\":\"it-IT\",\"@id\":\"https:\\\/\\\/www.musikzeitung.ch\\\/basis\\\/arosa-kultur#primaryimage\",\"url\":\"https:\\\/\\\/www.musikzeitung.ch\\\/wp-content\\\/uploads\\\/2023\\\/01\\\/arosa_musikzeitung.jpg\",\"contentUrl\":\"https:\\\/\\\/www.musikzeitung.ch\\\/wp-content\\\/uploads\\\/2023\\\/01\\\/arosa_musikzeitung.jpg\",\"width\":1200,\"height\":600},{\"@type\":\"BreadcrumbList\",\"@id\":\"https:\\\/\\\/www.musikzeitung.ch\\\/basis\\\/arosa-kultur#breadcrumb\",\"itemListElement\":[{\"@type\":\"ListItem\",\"position\":1,\"name\":\"Home\",\"item\":\"https:\\\/\\\/www.musikzeitung.ch\\\/\"},{\"@type\":\"ListItem\",\"position\":2,\"name\":\"Basis\",\"item\":\"https:\\\/\\\/www.musikzeitung.ch\\\/basis\"},{\"@type\":\"ListItem\",\"position\":3,\"name\":\"Arosa Kultur\"}]},{\"@type\":\"WebSite\",\"@id\":\"https:\\\/\\\/www.musikzeitung.ch\\\/#website\",\"url\":\"https:\\\/\\\/www.musikzeitung.ch\\\/\",\"name\":\"Schweizer Musikzeitung\",\"description\":\"Die f\u00fchrende sparten\u00fcbergreifende Monatszeitung in der Schweiz f\u00fcr musikalische Fragen.\",\"publisher\":{\"@id\":\"https:\\\/\\\/www.musikzeitung.ch\\\/#organization\"},\"potentialAction\":[{\"@type\":\"SearchAction\",\"target\":{\"@type\":\"EntryPoint\",\"urlTemplate\":\"https:\\\/\\\/www.musikzeitung.ch\\\/?s={search_term_string}\"},\"query-input\":{\"@type\":\"PropertyValueSpecification\",\"valueRequired\":true,\"valueName\":\"search_term_string\"}}],\"inLanguage\":\"it-IT\"},{\"@type\":\"Organization\",\"@id\":\"https:\\\/\\\/www.musikzeitung.ch\\\/#organization\",\"name\":\"Schweizer Musikzeitung\",\"url\":\"https:\\\/\\\/www.musikzeitung.ch\\\/\",\"logo\":{\"@type\":\"ImageObject\",\"inLanguage\":\"it-IT\",\"@id\":\"https:\\\/\\\/www.musikzeitung.ch\\\/#\\\/schema\\\/logo\\\/image\\\/\",\"url\":\"https:\\\/\\\/www.musikzeitung.ch\\\/wp-content\\\/uploads\\\/2023\\\/01\\\/SMZ_Schriftzug_Sprache.png\",\"contentUrl\":\"https:\\\/\\\/www.musikzeitung.ch\\\/wp-content\\\/uploads\\\/2023\\\/01\\\/SMZ_Schriftzug_Sprache.png\",\"width\":1400,\"height\":279,\"caption\":\"Schweizer Musikzeitung\"},\"image\":{\"@id\":\"https:\\\/\\\/www.musikzeitung.ch\\\/#\\\/schema\\\/logo\\\/image\\\/\"},\"sameAs\":[\"https:\\\/\\\/www.facebook.com\\\/SchweizerMusikzeitung\\\/\",\"https:\\\/\\\/x.com\\\/smusikzeitung\",\"https:\\\/\\\/www.instagram.com\\\/musikzeitung.ch\\\/\"]}]}<\/script>\n<!-- \/ Yoast SEO plugin. -->","yoast_head_json":{"title":"Cultura ad Arosa - Rivista musicale svizzera","robots":{"index":"index","follow":"follow","max-snippet":"max-snippet:-1","max-image-preview":"max-image-preview:large","max-video-preview":"max-video-preview:-1"},"canonical":"https:\/\/www.musikzeitung.ch\/it\/basis\/arosa-kultur\/","og_locale":"it_IT","og_type":"article","og_title":"Arosa Kultur - Schweizer Musikzeitung","og_description":"Arosa Kultur ist ein gemeinn\u00fctziger und politisch neutraler Verein, der in Arosa (Kanton Graub\u00fcnden) kulturelle Veranstaltungen, darunter die Musik-Kurswochen Arosa (Breitenf\u00f6rderung) und die Arosa Music Academy (Spitzenf\u00f6rderung) durchf\u00fchrt. Dem Verein geh\u00f6ren \u00fcber 600 Mitglieder an, etwa zwei Drittel Einheimische und ein Drittel Ferieng\u00e4ste und weitere kulturinteressierte Personen aus dem In- und Ausland. Die Musik-Kurswochen Arosa [&hellip;]","og_url":"https:\/\/www.musikzeitung.ch\/it\/basis\/arosa-kultur\/","og_site_name":"Schweizer Musikzeitung","article_publisher":"https:\/\/www.facebook.com\/SchweizerMusikzeitung\/","article_modified_time":"2026-01-29T08:10:39+00:00","og_image":[{"width":1200,"height":600,"url":"https:\/\/www.musikzeitung.ch\/wp-content\/uploads\/2023\/01\/arosa_musikzeitung.jpg","type":"image\/jpeg"}],"twitter_card":"summary_large_image","twitter_site":"@smusikzeitung","twitter_misc":{"Tempo di lettura stimato":"2 minuti"},"schema":{"@context":"https:\/\/schema.org","@graph":[{"@type":"WebPage","@id":"https:\/\/www.musikzeitung.ch\/basis\/arosa-kultur","url":"https:\/\/www.musikzeitung.ch\/basis\/arosa-kultur","name":"Cultura ad Arosa - Rivista musicale svizzera","isPartOf":{"@id":"https:\/\/www.musikzeitung.ch\/#website"},"primaryImageOfPage":{"@id":"https:\/\/www.musikzeitung.ch\/basis\/arosa-kultur#primaryimage"},"image":{"@id":"https:\/\/www.musikzeitung.ch\/basis\/arosa-kultur#primaryimage"},"thumbnailUrl":"https:\/\/www.musikzeitung.ch\/wp-content\/uploads\/2023\/01\/arosa_musikzeitung.jpg","datePublished":"2023-01-13T13:47:15+00:00","dateModified":"2026-01-29T08:10:39+00:00","breadcrumb":{"@id":"https:\/\/www.musikzeitung.ch\/basis\/arosa-kultur#breadcrumb"},"inLanguage":"it-IT","potentialAction":[{"@type":"ReadAction","target":["https:\/\/www.musikzeitung.ch\/basis\/arosa-kultur"]}]},{"@type":"ImageObject","inLanguage":"it-IT","@id":"https:\/\/www.musikzeitung.ch\/basis\/arosa-kultur#primaryimage","url":"https:\/\/www.musikzeitung.ch\/wp-content\/uploads\/2023\/01\/arosa_musikzeitung.jpg","contentUrl":"https:\/\/www.musikzeitung.ch\/wp-content\/uploads\/2023\/01\/arosa_musikzeitung.jpg","width":1200,"height":600},{"@type":"BreadcrumbList","@id":"https:\/\/www.musikzeitung.ch\/basis\/arosa-kultur#breadcrumb","itemListElement":[{"@type":"ListItem","position":1,"name":"Home","item":"https:\/\/www.musikzeitung.ch\/"},{"@type":"ListItem","position":2,"name":"Basis","item":"https:\/\/www.musikzeitung.ch\/basis"},{"@type":"ListItem","position":3,"name":"Arosa Kultur"}]},{"@type":"WebSite","@id":"https:\/\/www.musikzeitung.ch\/#website","url":"https:\/\/www.musikzeitung.ch\/","name":"Giornale musicale svizzero","description":"Il principale mensile interdisciplinare della Svizzera per le questioni musicali.","publisher":{"@id":"https:\/\/www.musikzeitung.ch\/#organization"},"potentialAction":[{"@type":"SearchAction","target":{"@type":"EntryPoint","urlTemplate":"https:\/\/www.musikzeitung.ch\/?s={search_term_string}"},"query-input":{"@type":"PropertyValueSpecification","valueRequired":true,"valueName":"search_term_string"}}],"inLanguage":"it-IT"},{"@type":"Organization","@id":"https:\/\/www.musikzeitung.ch\/#organization","name":"Giornale musicale svizzero","url":"https:\/\/www.musikzeitung.ch\/","logo":{"@type":"ImageObject","inLanguage":"it-IT","@id":"https:\/\/www.musikzeitung.ch\/#\/schema\/logo\/image\/","url":"https:\/\/www.musikzeitung.ch\/wp-content\/uploads\/2023\/01\/SMZ_Schriftzug_Sprache.png","contentUrl":"https:\/\/www.musikzeitung.ch\/wp-content\/uploads\/2023\/01\/SMZ_Schriftzug_Sprache.png","width":1400,"height":279,"caption":"Schweizer Musikzeitung"},"image":{"@id":"https:\/\/www.musikzeitung.ch\/#\/schema\/logo\/image\/"},"sameAs":["https:\/\/www.facebook.com\/SchweizerMusikzeitung\/","https:\/\/x.com\/smusikzeitung","https:\/\/www.instagram.com\/musikzeitung.ch\/"]}]}},"publishpress_future_workflow_manual_trigger":{"enabledWorkflows":[]},"_links":{"self":[{"href":"https:\/\/www.musikzeitung.ch\/it\/wp-json\/wp\/v2\/pages\/9308","targetHints":{"allow":["GET"]}}],"collection":[{"href":"https:\/\/www.musikzeitung.ch\/it\/wp-json\/wp\/v2\/pages"}],"about":[{"href":"https:\/\/www.musikzeitung.ch\/it\/wp-json\/wp\/v2\/types\/page"}],"author":[{"embeddable":true,"href":"https:\/\/www.musikzeitung.ch\/it\/wp-json\/wp\/v2\/users\/43672"}],"replies":[{"embeddable":true,"href":"https:\/\/www.musikzeitung.ch\/it\/wp-json\/wp\/v2\/comments?post=9308"}],"version-history":[{"count":8,"href":"https:\/\/www.musikzeitung.ch\/it\/wp-json\/wp\/v2\/pages\/9308\/revisions"}],"predecessor-version":[{"id":67260,"href":"https:\/\/www.musikzeitung.ch\/it\/wp-json\/wp\/v2\/pages\/9308\/revisions\/67260"}],"up":[{"embeddable":true,"href":"https:\/\/www.musikzeitung.ch\/it\/wp-json\/wp\/v2\/pages\/230"}],"wp:featuredmedia":[{"embeddable":true,"href":"https:\/\/www.musikzeitung.ch\/it\/wp-json\/wp\/v2\/media\/9336"}],"wp:attachment":[{"href":"https:\/\/www.musikzeitung.ch\/it\/wp-json\/wp\/v2\/media?parent=9308"}],"curies":[{"name":"wp","href":"https:\/\/api.w.org\/{rel}","templated":true}]}}