{"id":9315,"date":"2023-01-13T15:07:42","date_gmt":"2023-01-13T14:07:42","guid":{"rendered":"https:\/\/www.musikzeitung.ch\/?page_id=9315"},"modified":"2024-06-21T08:12:07","modified_gmt":"2024-06-21T06:12:07","slug":"smpv","status":"publish","type":"page","link":"https:\/\/www.musikzeitung.ch\/it\/basis\/smpv","title":{"rendered":"SSPM"},"content":{"rendered":"<p>L'Associazione Pedagogica Svizzera (SMPV) \u00e8 la pi\u00f9 grande organizzazione professionale svizzera nel campo della musica e dell'educazione. \u00c8 composta da un'organizzazione centrale e da 15 sezioni regionali. Offre ai suoi membri un'ampia gamma di servizi e campagne per i loro interessi professionali.<\/p>\n<div class=\"text-section\">\n<p><a href=\"http:\/\/www.smpv.ch\"><strong>www.smpv.ch<\/strong><\/a><\/p>\n<p><strong>Co-Presidenza<\/strong><br \/>\nAnnette Dannecker<br \/>\nPaola De Luca<\/p>\n<p><strong>Segreteria centrale<\/strong><br \/>\nBernstrasse 118, 3066 Stettlen<br \/>\nT 031 352 22 66<br \/>\n<a href=\"mailto:zentralsekretariat@smpv.ch\">zentralsekretariat@smpv.ch<\/a><\/p>\n<p><strong>Redazione<\/strong><br \/>\nMarianne W\u00e4lchli<br \/>\n<a href=\"mailto:marianne.waelchli@smpv.ch\">marianne.waelchli@smpv.ch<\/a><br \/>\nT 077 495 75 20<\/p>\n<p>&nbsp;<\/p>\n<\/div>\n<div class=\"text-section\">\n<p><a href=\"https:\/\/mein-musikunterricht.ch\" target=\"_blank\" rel=\"noopener\"><strong>my-music-lessons.ch<\/strong><\/a><\/p>\n<p><a href=\"http:\/\/www.rent-a-musician.ch\" target=\"_blank\" rel=\"noopener\"><strong>rent-a-musician.ch<\/strong><\/a><\/p>\n<\/div>","protected":false},"excerpt":{"rendered":"<p>Der Schweizerische Musikp\u00e4dagogische Verband (SMPV) ist der gr\u00f6sste schweizerische Be\u00adrufs\u00adverband im Bereich Mu\u00adsik und Bildung. Er be\u00adsteht aus einem Zentral\u00adverband und 15 re\u00adgio\u00adnalen Sektionen. Er bie\u00adtet seinen Mit\u00adgliedern ein breites Spektrum an Dienstleistungen an und setzt sich f\u00fcr ihre be\u00adruf\u00adlichen Interessen ein. www.smpv.ch Co-Pr\u00e4sidium Annette Dannecker Paola De Luca Zentralsekretariat Bernstrasse 118, 3066 Stettlen T [&hellip;]<\/p>\n","protected":false},"author":43674,"featured_media":9347,"parent":230,"menu_order":0,"comment_status":"closed","ping_status":"closed","template":"page_partner.php","meta":{"_acf_changed":false,"_relevanssi_hide_post":"","_relevanssi_hide_content":"","_relevanssi_pin_for_all":"","_relevanssi_pin_keywords":"","_relevanssi_unpin_keywords":"","_relevanssi_related_keywords":"","_relevanssi_related_include_ids":"","_relevanssi_related_exclude_ids":"","_relevanssi_related_no_append":"","_relevanssi_related_not_related":"","_relevanssi_related_posts":"","_relevanssi_noindex_reason":"","pgc_sgb_lightbox_settings":"","footnotes":""},"class_list":["post-9315","page","type-page","status-publish","has-post-thumbnail","hentry"],"acf":[],"yoast_head":"<!-- This site is optimized with the Yoast SEO plugin v27.4 - https:\/\/yoast.com\/product\/yoast-seo-wordpress\/ -->\n<title>SMPV - Schweizer Musikzeitung<\/title>\n<meta name=\"robots\" content=\"index, follow, max-snippet:-1, max-image-preview:large, max-video-preview:-1\" \/>\n<link rel=\"canonical\" href=\"https:\/\/www.musikzeitung.ch\/it\/basis\/smpv\/\" \/>\n<meta property=\"og:locale\" content=\"it_IT\" \/>\n<meta property=\"og:type\" content=\"article\" \/>\n<meta property=\"og:title\" content=\"SMPV - Schweizer Musikzeitung\" \/>\n<meta property=\"og:description\" content=\"Der Schweizerische Musikp\u00e4dagogische Verband (SMPV) ist der gr\u00f6sste schweizerische Be\u00adrufs\u00adverband im Bereich Mu\u00adsik und Bildung. Er be\u00adsteht aus einem Zentral\u00adverband und 15 re\u00adgio\u00adnalen Sektionen. Er bie\u00adtet seinen Mit\u00adgliedern ein breites Spektrum an Dienstleistungen an und setzt sich f\u00fcr ihre be\u00adruf\u00adlichen Interessen ein. www.smpv.ch Co-Pr\u00e4sidium Annette Dannecker Paola De Luca Zentralsekretariat Bernstrasse 118, 3066 Stettlen T [&hellip;]\" \/>\n<meta property=\"og:url\" content=\"https:\/\/www.musikzeitung.ch\/it\/basis\/smpv\/\" \/>\n<meta property=\"og:site_name\" content=\"Schweizer Musikzeitung\" \/>\n<meta property=\"article:publisher\" content=\"https:\/\/www.facebook.com\/SchweizerMusikzeitung\/\" \/>\n<meta property=\"article:modified_time\" content=\"2024-06-21T06:12:07+00:00\" \/>\n<meta property=\"og:image\" content=\"https:\/\/www.musikzeitung.ch\/wp-content\/uploads\/2023\/01\/sspm_musikzeitung.jpg\" \/>\n\t<meta property=\"og:image:width\" content=\"1200\" \/>\n\t<meta property=\"og:image:height\" content=\"600\" \/>\n\t<meta property=\"og:image:type\" content=\"image\/jpeg\" \/>\n<meta name=\"twitter:card\" content=\"summary_large_image\" \/>\n<meta name=\"twitter:site\" content=\"@smusikzeitung\" \/>\n<meta name=\"twitter:label1\" content=\"Tempo di lettura stimato\" \/>\n\t<meta name=\"twitter:data1\" content=\"1 minuto\" \/>\n<script type=\"application\/ld+json\" class=\"yoast-schema-graph\">{\"@context\":\"https:\\\/\\\/schema.org\",\"@graph\":[{\"@type\":\"WebPage\",\"@id\":\"https:\\\/\\\/www.musikzeitung.ch\\\/basis\\\/smpv\",\"url\":\"https:\\\/\\\/www.musikzeitung.ch\\\/basis\\\/smpv\",\"name\":\"SMPV - Schweizer Musikzeitung\",\"isPartOf\":{\"@id\":\"https:\\\/\\\/www.musikzeitung.ch\\\/#website\"},\"primaryImageOfPage\":{\"@id\":\"https:\\\/\\\/www.musikzeitung.ch\\\/basis\\\/smpv#primaryimage\"},\"image\":{\"@id\":\"https:\\\/\\\/www.musikzeitung.ch\\\/basis\\\/smpv#primaryimage\"},\"thumbnailUrl\":\"https:\\\/\\\/www.musikzeitung.ch\\\/wp-content\\\/uploads\\\/2023\\\/01\\\/sspm_musikzeitung.jpg\",\"datePublished\":\"2023-01-13T14:07:42+00:00\",\"dateModified\":\"2024-06-21T06:12:07+00:00\",\"breadcrumb\":{\"@id\":\"https:\\\/\\\/www.musikzeitung.ch\\\/basis\\\/smpv#breadcrumb\"},\"inLanguage\":\"it-IT\",\"potentialAction\":[{\"@type\":\"ReadAction\",\"target\":[\"https:\\\/\\\/www.musikzeitung.ch\\\/basis\\\/smpv\"]}]},{\"@type\":\"ImageObject\",\"inLanguage\":\"it-IT\",\"@id\":\"https:\\\/\\\/www.musikzeitung.ch\\\/basis\\\/smpv#primaryimage\",\"url\":\"https:\\\/\\\/www.musikzeitung.ch\\\/wp-content\\\/uploads\\\/2023\\\/01\\\/sspm_musikzeitung.jpg\",\"contentUrl\":\"https:\\\/\\\/www.musikzeitung.ch\\\/wp-content\\\/uploads\\\/2023\\\/01\\\/sspm_musikzeitung.jpg\",\"width\":1200,\"height\":600},{\"@type\":\"BreadcrumbList\",\"@id\":\"https:\\\/\\\/www.musikzeitung.ch\\\/basis\\\/smpv#breadcrumb\",\"itemListElement\":[{\"@type\":\"ListItem\",\"position\":1,\"name\":\"Home\",\"item\":\"https:\\\/\\\/www.musikzeitung.ch\\\/\"},{\"@type\":\"ListItem\",\"position\":2,\"name\":\"Basis\",\"item\":\"https:\\\/\\\/www.musikzeitung.ch\\\/basis\"},{\"@type\":\"ListItem\",\"position\":3,\"name\":\"SMPV\"}]},{\"@type\":\"WebSite\",\"@id\":\"https:\\\/\\\/www.musikzeitung.ch\\\/#website\",\"url\":\"https:\\\/\\\/www.musikzeitung.ch\\\/\",\"name\":\"Schweizer Musikzeitung\",\"description\":\"Die f\u00fchrende sparten\u00fcbergreifende Monatszeitung in der Schweiz f\u00fcr musikalische Fragen.\",\"publisher\":{\"@id\":\"https:\\\/\\\/www.musikzeitung.ch\\\/#organization\"},\"potentialAction\":[{\"@type\":\"SearchAction\",\"target\":{\"@type\":\"EntryPoint\",\"urlTemplate\":\"https:\\\/\\\/www.musikzeitung.ch\\\/?s={search_term_string}\"},\"query-input\":{\"@type\":\"PropertyValueSpecification\",\"valueRequired\":true,\"valueName\":\"search_term_string\"}}],\"inLanguage\":\"it-IT\"},{\"@type\":\"Organization\",\"@id\":\"https:\\\/\\\/www.musikzeitung.ch\\\/#organization\",\"name\":\"Schweizer Musikzeitung\",\"url\":\"https:\\\/\\\/www.musikzeitung.ch\\\/\",\"logo\":{\"@type\":\"ImageObject\",\"inLanguage\":\"it-IT\",\"@id\":\"https:\\\/\\\/www.musikzeitung.ch\\\/#\\\/schema\\\/logo\\\/image\\\/\",\"url\":\"https:\\\/\\\/www.musikzeitung.ch\\\/wp-content\\\/uploads\\\/2023\\\/01\\\/SMZ_Schriftzug_Sprache.png\",\"contentUrl\":\"https:\\\/\\\/www.musikzeitung.ch\\\/wp-content\\\/uploads\\\/2023\\\/01\\\/SMZ_Schriftzug_Sprache.png\",\"width\":1400,\"height\":279,\"caption\":\"Schweizer Musikzeitung\"},\"image\":{\"@id\":\"https:\\\/\\\/www.musikzeitung.ch\\\/#\\\/schema\\\/logo\\\/image\\\/\"},\"sameAs\":[\"https:\\\/\\\/www.facebook.com\\\/SchweizerMusikzeitung\\\/\",\"https:\\\/\\\/x.com\\\/smusikzeitung\",\"https:\\\/\\\/www.instagram.com\\\/musikzeitung.ch\\\/\"]}]}<\/script>\n<!-- \/ Yoast SEO plugin. -->","yoast_head_json":{"title":"SMPV - Rivista musicale svizzera","robots":{"index":"index","follow":"follow","max-snippet":"max-snippet:-1","max-image-preview":"max-image-preview:large","max-video-preview":"max-video-preview:-1"},"canonical":"https:\/\/www.musikzeitung.ch\/it\/basis\/smpv\/","og_locale":"it_IT","og_type":"article","og_title":"SMPV - Schweizer Musikzeitung","og_description":"Der Schweizerische Musikp\u00e4dagogische Verband (SMPV) ist der gr\u00f6sste schweizerische Be\u00adrufs\u00adverband im Bereich Mu\u00adsik und Bildung. Er be\u00adsteht aus einem Zentral\u00adverband und 15 re\u00adgio\u00adnalen Sektionen. Er bie\u00adtet seinen Mit\u00adgliedern ein breites Spektrum an Dienstleistungen an und setzt sich f\u00fcr ihre be\u00adruf\u00adlichen Interessen ein. www.smpv.ch Co-Pr\u00e4sidium Annette Dannecker Paola De Luca Zentralsekretariat Bernstrasse 118, 3066 Stettlen T [&hellip;]","og_url":"https:\/\/www.musikzeitung.ch\/it\/basis\/smpv\/","og_site_name":"Schweizer Musikzeitung","article_publisher":"https:\/\/www.facebook.com\/SchweizerMusikzeitung\/","article_modified_time":"2024-06-21T06:12:07+00:00","og_image":[{"width":1200,"height":600,"url":"https:\/\/www.musikzeitung.ch\/wp-content\/uploads\/2023\/01\/sspm_musikzeitung.jpg","type":"image\/jpeg"}],"twitter_card":"summary_large_image","twitter_site":"@smusikzeitung","twitter_misc":{"Tempo di lettura stimato":"1 minuto"},"schema":{"@context":"https:\/\/schema.org","@graph":[{"@type":"WebPage","@id":"https:\/\/www.musikzeitung.ch\/basis\/smpv","url":"https:\/\/www.musikzeitung.ch\/basis\/smpv","name":"SMPV - Rivista musicale svizzera","isPartOf":{"@id":"https:\/\/www.musikzeitung.ch\/#website"},"primaryImageOfPage":{"@id":"https:\/\/www.musikzeitung.ch\/basis\/smpv#primaryimage"},"image":{"@id":"https:\/\/www.musikzeitung.ch\/basis\/smpv#primaryimage"},"thumbnailUrl":"https:\/\/www.musikzeitung.ch\/wp-content\/uploads\/2023\/01\/sspm_musikzeitung.jpg","datePublished":"2023-01-13T14:07:42+00:00","dateModified":"2024-06-21T06:12:07+00:00","breadcrumb":{"@id":"https:\/\/www.musikzeitung.ch\/basis\/smpv#breadcrumb"},"inLanguage":"it-IT","potentialAction":[{"@type":"ReadAction","target":["https:\/\/www.musikzeitung.ch\/basis\/smpv"]}]},{"@type":"ImageObject","inLanguage":"it-IT","@id":"https:\/\/www.musikzeitung.ch\/basis\/smpv#primaryimage","url":"https:\/\/www.musikzeitung.ch\/wp-content\/uploads\/2023\/01\/sspm_musikzeitung.jpg","contentUrl":"https:\/\/www.musikzeitung.ch\/wp-content\/uploads\/2023\/01\/sspm_musikzeitung.jpg","width":1200,"height":600},{"@type":"BreadcrumbList","@id":"https:\/\/www.musikzeitung.ch\/basis\/smpv#breadcrumb","itemListElement":[{"@type":"ListItem","position":1,"name":"Home","item":"https:\/\/www.musikzeitung.ch\/"},{"@type":"ListItem","position":2,"name":"Basis","item":"https:\/\/www.musikzeitung.ch\/basis"},{"@type":"ListItem","position":3,"name":"SMPV"}]},{"@type":"WebSite","@id":"https:\/\/www.musikzeitung.ch\/#website","url":"https:\/\/www.musikzeitung.ch\/","name":"Giornale musicale svizzero","description":"Il principale mensile interdisciplinare della Svizzera per le questioni musicali.","publisher":{"@id":"https:\/\/www.musikzeitung.ch\/#organization"},"potentialAction":[{"@type":"SearchAction","target":{"@type":"EntryPoint","urlTemplate":"https:\/\/www.musikzeitung.ch\/?s={search_term_string}"},"query-input":{"@type":"PropertyValueSpecification","valueRequired":true,"valueName":"search_term_string"}}],"inLanguage":"it-IT"},{"@type":"Organization","@id":"https:\/\/www.musikzeitung.ch\/#organization","name":"Giornale musicale svizzero","url":"https:\/\/www.musikzeitung.ch\/","logo":{"@type":"ImageObject","inLanguage":"it-IT","@id":"https:\/\/www.musikzeitung.ch\/#\/schema\/logo\/image\/","url":"https:\/\/www.musikzeitung.ch\/wp-content\/uploads\/2023\/01\/SMZ_Schriftzug_Sprache.png","contentUrl":"https:\/\/www.musikzeitung.ch\/wp-content\/uploads\/2023\/01\/SMZ_Schriftzug_Sprache.png","width":1400,"height":279,"caption":"Schweizer Musikzeitung"},"image":{"@id":"https:\/\/www.musikzeitung.ch\/#\/schema\/logo\/image\/"},"sameAs":["https:\/\/www.facebook.com\/SchweizerMusikzeitung\/","https:\/\/x.com\/smusikzeitung","https:\/\/www.instagram.com\/musikzeitung.ch\/"]}]}},"publishpress_future_workflow_manual_trigger":{"enabledWorkflows":[]},"_links":{"self":[{"href":"https:\/\/www.musikzeitung.ch\/it\/wp-json\/wp\/v2\/pages\/9315","targetHints":{"allow":["GET"]}}],"collection":[{"href":"https:\/\/www.musikzeitung.ch\/it\/wp-json\/wp\/v2\/pages"}],"about":[{"href":"https:\/\/www.musikzeitung.ch\/it\/wp-json\/wp\/v2\/types\/page"}],"author":[{"embeddable":true,"href":"https:\/\/www.musikzeitung.ch\/it\/wp-json\/wp\/v2\/users\/43674"}],"replies":[{"embeddable":true,"href":"https:\/\/www.musikzeitung.ch\/it\/wp-json\/wp\/v2\/comments?post=9315"}],"version-history":[{"count":7,"href":"https:\/\/www.musikzeitung.ch\/it\/wp-json\/wp\/v2\/pages\/9315\/revisions"}],"predecessor-version":[{"id":55418,"href":"https:\/\/www.musikzeitung.ch\/it\/wp-json\/wp\/v2\/pages\/9315\/revisions\/55418"}],"up":[{"embeddable":true,"href":"https:\/\/www.musikzeitung.ch\/it\/wp-json\/wp\/v2\/pages\/230"}],"wp:featuredmedia":[{"embeddable":true,"href":"https:\/\/www.musikzeitung.ch\/it\/wp-json\/wp\/v2\/media\/9347"}],"wp:attachment":[{"href":"https:\/\/www.musikzeitung.ch\/it\/wp-json\/wp\/v2\/media?parent=9315"}],"curies":[{"name":"wp","href":"https:\/\/api.w.org\/{rel}","templated":true}]}}