{"id":9329,"date":"2023-01-13T15:43:56","date_gmt":"2023-01-13T14:43:56","guid":{"rendered":"https:\/\/www.musikzeitung.ch\/?page_id=9329"},"modified":"2026-03-30T10:01:56","modified_gmt":"2026-03-30T08:01:56","slug":"sonart","status":"publish","type":"page","link":"https:\/\/www.musikzeitung.ch\/it\/basis\/sonart","title":{"rendered":"SONART"},"content":{"rendered":"<p><strong>SONART - Musicisti Svizzera <\/strong>\u00e8 l'organizzazione professionale dei musicisti freelance in Svizzera. Rappresenta i loro interessi nell'industria culturale e musicale e promuove la consapevolezza e l'apprezzamento del lavoro artistico di compositori, cantautori, interpreti e produttori artistici.<\/p>\n<p><a href=\"http:\/\/www.sonart.swiss\"><strong>www.sonart.swiss<\/strong><\/a><\/p>\n<p><strong><br \/>\nPresidente<\/strong><br \/>\nMichael Kaufmann<\/p>\n<p><strong>Consiglio di amministrazione<\/strong><br \/>\nCamille Sublet, Christoph Trummer, Fabio Besomi, Katrin Frauchiger, Lukas Frei, Ursina Giger, Nicolas Rabaeus, Mathias Steinauer, Christophe Studer<\/p>\n<p><strong>Ufficio<\/strong><br \/>\nC\u00e9cile Drexel, Gestione, Politica<br \/>\nNick Werren, Team Leader Assistenza e Servizi ai Soci, Progetti Pop\/Rock<br \/>\nDavid Burger, Consulente membro, Musica per film e media<br \/>\nPhilip Kluge, Gestione ufficio<br \/>\nDominic Iseli, Comunicazione e PR<br \/>\nMicha\u00ebl Roelli, Amministrazione Romandia<br \/>\nJocelyne Rudasigwa, Musica contemporanea, Amministrazione della Fondazione<br \/>\nFabio Pinto, Amministrazione Svizzera Italiana<\/p>\n<p><a href=\"mailto:info@sonart.swiss\">info@sonart.swiss<\/a><br \/>\nTelefono: 031 511 52 60<\/p>\n<p><strong>Indirizzo postale<\/strong><br \/>\nSONART<br \/>\nKonradstrasse 61<br \/>\n8005 Zurigo<\/p>","protected":false},"excerpt":{"rendered":"<p>SONART &#8211; Musikschaffende Schweiz ist der Berufsverband der freischaffenden Musiker*innen in der Schweiz. Er vertritt deren Interessen in der Kultur- und Musikbranche, f\u00f6rdert die Wahrnehmung und Wertsch\u00e4tzung der ku\u0308nstlerischen T\u00e4tigkeit von Komponist*innen, Songwriter*innen, Interpret*innen und ku\u0308nstlerischen Produzent*innen. www.sonart.swiss Pr\u00e4sident Michael Kaufmann Vorstand Camille Sublet, Christoph Trummer, Fabio Besomi, Katrin Frauchiger, Lukas Frei, Ursina Giger, Nicolas [&hellip;]<\/p>\n","protected":false},"author":43689,"featured_media":9346,"parent":230,"menu_order":0,"comment_status":"closed","ping_status":"closed","template":"page_partner.php","meta":{"_acf_changed":false,"_relevanssi_hide_post":"","_relevanssi_hide_content":"","_relevanssi_pin_for_all":"","_relevanssi_pin_keywords":"","_relevanssi_unpin_keywords":"","_relevanssi_related_keywords":"","_relevanssi_related_include_ids":"","_relevanssi_related_exclude_ids":"","_relevanssi_related_no_append":"","_relevanssi_related_not_related":"","_relevanssi_related_posts":"","_relevanssi_noindex_reason":"","pgc_sgb_lightbox_settings":"","footnotes":""},"class_list":["post-9329","page","type-page","status-publish","has-post-thumbnail","hentry"],"acf":[],"yoast_head":"<!-- This site is optimized with the Yoast SEO plugin v27.4 - https:\/\/yoast.com\/product\/yoast-seo-wordpress\/ -->\n<title>SONART - Schweizer Musikzeitung<\/title>\n<meta name=\"robots\" content=\"index, follow, max-snippet:-1, max-image-preview:large, max-video-preview:-1\" \/>\n<link rel=\"canonical\" href=\"https:\/\/www.musikzeitung.ch\/it\/basis\/sonart\/\" \/>\n<meta property=\"og:locale\" content=\"it_IT\" \/>\n<meta property=\"og:type\" content=\"article\" \/>\n<meta property=\"og:title\" content=\"SONART - Schweizer Musikzeitung\" \/>\n<meta property=\"og:description\" content=\"SONART &#8211; Musikschaffende Schweiz ist der Berufsverband der freischaffenden Musiker*innen in der Schweiz. Er vertritt deren Interessen in der Kultur- und Musikbranche, f\u00f6rdert die Wahrnehmung und Wertsch\u00e4tzung der ku\u0308nstlerischen T\u00e4tigkeit von Komponist*innen, Songwriter*innen, Interpret*innen und ku\u0308nstlerischen Produzent*innen. www.sonart.swiss Pr\u00e4sident Michael Kaufmann Vorstand Camille Sublet, Christoph Trummer, Fabio Besomi, Katrin Frauchiger, Lukas Frei, Ursina Giger, Nicolas [&hellip;]\" \/>\n<meta property=\"og:url\" content=\"https:\/\/www.musikzeitung.ch\/it\/basis\/sonart\/\" \/>\n<meta property=\"og:site_name\" content=\"Schweizer Musikzeitung\" \/>\n<meta property=\"article:publisher\" content=\"https:\/\/www.facebook.com\/SchweizerMusikzeitung\/\" \/>\n<meta property=\"article:modified_time\" content=\"2026-03-30T08:01:56+00:00\" \/>\n<meta property=\"og:image\" content=\"https:\/\/www.musikzeitung.ch\/wp-content\/uploads\/2023\/01\/sonart_musikzeitung.jpg\" \/>\n\t<meta property=\"og:image:width\" content=\"1200\" \/>\n\t<meta property=\"og:image:height\" content=\"600\" \/>\n\t<meta property=\"og:image:type\" content=\"image\/jpeg\" \/>\n<meta name=\"twitter:card\" content=\"summary_large_image\" \/>\n<meta name=\"twitter:site\" content=\"@smusikzeitung\" \/>\n<meta name=\"twitter:label1\" content=\"Tempo di lettura stimato\" \/>\n\t<meta name=\"twitter:data1\" content=\"1 minuto\" \/>\n<script type=\"application\/ld+json\" class=\"yoast-schema-graph\">{\"@context\":\"https:\\\/\\\/schema.org\",\"@graph\":[{\"@type\":\"WebPage\",\"@id\":\"https:\\\/\\\/www.musikzeitung.ch\\\/basis\\\/sonart\",\"url\":\"https:\\\/\\\/www.musikzeitung.ch\\\/basis\\\/sonart\",\"name\":\"SONART - Schweizer Musikzeitung\",\"isPartOf\":{\"@id\":\"https:\\\/\\\/www.musikzeitung.ch\\\/#website\"},\"primaryImageOfPage\":{\"@id\":\"https:\\\/\\\/www.musikzeitung.ch\\\/basis\\\/sonart#primaryimage\"},\"image\":{\"@id\":\"https:\\\/\\\/www.musikzeitung.ch\\\/basis\\\/sonart#primaryimage\"},\"thumbnailUrl\":\"https:\\\/\\\/www.musikzeitung.ch\\\/wp-content\\\/uploads\\\/2023\\\/01\\\/sonart_musikzeitung.jpg\",\"datePublished\":\"2023-01-13T14:43:56+00:00\",\"dateModified\":\"2026-03-30T08:01:56+00:00\",\"breadcrumb\":{\"@id\":\"https:\\\/\\\/www.musikzeitung.ch\\\/basis\\\/sonart#breadcrumb\"},\"inLanguage\":\"it-IT\",\"potentialAction\":[{\"@type\":\"ReadAction\",\"target\":[\"https:\\\/\\\/www.musikzeitung.ch\\\/basis\\\/sonart\"]}]},{\"@type\":\"ImageObject\",\"inLanguage\":\"it-IT\",\"@id\":\"https:\\\/\\\/www.musikzeitung.ch\\\/basis\\\/sonart#primaryimage\",\"url\":\"https:\\\/\\\/www.musikzeitung.ch\\\/wp-content\\\/uploads\\\/2023\\\/01\\\/sonart_musikzeitung.jpg\",\"contentUrl\":\"https:\\\/\\\/www.musikzeitung.ch\\\/wp-content\\\/uploads\\\/2023\\\/01\\\/sonart_musikzeitung.jpg\",\"width\":1200,\"height\":600},{\"@type\":\"BreadcrumbList\",\"@id\":\"https:\\\/\\\/www.musikzeitung.ch\\\/basis\\\/sonart#breadcrumb\",\"itemListElement\":[{\"@type\":\"ListItem\",\"position\":1,\"name\":\"Home\",\"item\":\"https:\\\/\\\/www.musikzeitung.ch\\\/\"},{\"@type\":\"ListItem\",\"position\":2,\"name\":\"Basis\",\"item\":\"https:\\\/\\\/www.musikzeitung.ch\\\/basis\"},{\"@type\":\"ListItem\",\"position\":3,\"name\":\"SONART\"}]},{\"@type\":\"WebSite\",\"@id\":\"https:\\\/\\\/www.musikzeitung.ch\\\/#website\",\"url\":\"https:\\\/\\\/www.musikzeitung.ch\\\/\",\"name\":\"Schweizer Musikzeitung\",\"description\":\"Die f\u00fchrende sparten\u00fcbergreifende Monatszeitung in der Schweiz f\u00fcr musikalische Fragen.\",\"publisher\":{\"@id\":\"https:\\\/\\\/www.musikzeitung.ch\\\/#organization\"},\"potentialAction\":[{\"@type\":\"SearchAction\",\"target\":{\"@type\":\"EntryPoint\",\"urlTemplate\":\"https:\\\/\\\/www.musikzeitung.ch\\\/?s={search_term_string}\"},\"query-input\":{\"@type\":\"PropertyValueSpecification\",\"valueRequired\":true,\"valueName\":\"search_term_string\"}}],\"inLanguage\":\"it-IT\"},{\"@type\":\"Organization\",\"@id\":\"https:\\\/\\\/www.musikzeitung.ch\\\/#organization\",\"name\":\"Schweizer Musikzeitung\",\"url\":\"https:\\\/\\\/www.musikzeitung.ch\\\/\",\"logo\":{\"@type\":\"ImageObject\",\"inLanguage\":\"it-IT\",\"@id\":\"https:\\\/\\\/www.musikzeitung.ch\\\/#\\\/schema\\\/logo\\\/image\\\/\",\"url\":\"https:\\\/\\\/www.musikzeitung.ch\\\/wp-content\\\/uploads\\\/2023\\\/01\\\/SMZ_Schriftzug_Sprache.png\",\"contentUrl\":\"https:\\\/\\\/www.musikzeitung.ch\\\/wp-content\\\/uploads\\\/2023\\\/01\\\/SMZ_Schriftzug_Sprache.png\",\"width\":1400,\"height\":279,\"caption\":\"Schweizer Musikzeitung\"},\"image\":{\"@id\":\"https:\\\/\\\/www.musikzeitung.ch\\\/#\\\/schema\\\/logo\\\/image\\\/\"},\"sameAs\":[\"https:\\\/\\\/www.facebook.com\\\/SchweizerMusikzeitung\\\/\",\"https:\\\/\\\/x.com\\\/smusikzeitung\",\"https:\\\/\\\/www.instagram.com\\\/musikzeitung.ch\\\/\"]}]}<\/script>\n<!-- \/ Yoast SEO plugin. -->","yoast_head_json":{"title":"SONART - Giornale musicale svizzero","robots":{"index":"index","follow":"follow","max-snippet":"max-snippet:-1","max-image-preview":"max-image-preview:large","max-video-preview":"max-video-preview:-1"},"canonical":"https:\/\/www.musikzeitung.ch\/it\/basis\/sonart\/","og_locale":"it_IT","og_type":"article","og_title":"SONART - Schweizer Musikzeitung","og_description":"SONART &#8211; Musikschaffende Schweiz ist der Berufsverband der freischaffenden Musiker*innen in der Schweiz. Er vertritt deren Interessen in der Kultur- und Musikbranche, f\u00f6rdert die Wahrnehmung und Wertsch\u00e4tzung der ku\u0308nstlerischen T\u00e4tigkeit von Komponist*innen, Songwriter*innen, Interpret*innen und ku\u0308nstlerischen Produzent*innen. www.sonart.swiss Pr\u00e4sident Michael Kaufmann Vorstand Camille Sublet, Christoph Trummer, Fabio Besomi, Katrin Frauchiger, Lukas Frei, Ursina Giger, Nicolas [&hellip;]","og_url":"https:\/\/www.musikzeitung.ch\/it\/basis\/sonart\/","og_site_name":"Schweizer Musikzeitung","article_publisher":"https:\/\/www.facebook.com\/SchweizerMusikzeitung\/","article_modified_time":"2026-03-30T08:01:56+00:00","og_image":[{"width":1200,"height":600,"url":"https:\/\/www.musikzeitung.ch\/wp-content\/uploads\/2023\/01\/sonart_musikzeitung.jpg","type":"image\/jpeg"}],"twitter_card":"summary_large_image","twitter_site":"@smusikzeitung","twitter_misc":{"Tempo di lettura stimato":"1 minuto"},"schema":{"@context":"https:\/\/schema.org","@graph":[{"@type":"WebPage","@id":"https:\/\/www.musikzeitung.ch\/basis\/sonart","url":"https:\/\/www.musikzeitung.ch\/basis\/sonart","name":"SONART - Giornale musicale svizzero","isPartOf":{"@id":"https:\/\/www.musikzeitung.ch\/#website"},"primaryImageOfPage":{"@id":"https:\/\/www.musikzeitung.ch\/basis\/sonart#primaryimage"},"image":{"@id":"https:\/\/www.musikzeitung.ch\/basis\/sonart#primaryimage"},"thumbnailUrl":"https:\/\/www.musikzeitung.ch\/wp-content\/uploads\/2023\/01\/sonart_musikzeitung.jpg","datePublished":"2023-01-13T14:43:56+00:00","dateModified":"2026-03-30T08:01:56+00:00","breadcrumb":{"@id":"https:\/\/www.musikzeitung.ch\/basis\/sonart#breadcrumb"},"inLanguage":"it-IT","potentialAction":[{"@type":"ReadAction","target":["https:\/\/www.musikzeitung.ch\/basis\/sonart"]}]},{"@type":"ImageObject","inLanguage":"it-IT","@id":"https:\/\/www.musikzeitung.ch\/basis\/sonart#primaryimage","url":"https:\/\/www.musikzeitung.ch\/wp-content\/uploads\/2023\/01\/sonart_musikzeitung.jpg","contentUrl":"https:\/\/www.musikzeitung.ch\/wp-content\/uploads\/2023\/01\/sonart_musikzeitung.jpg","width":1200,"height":600},{"@type":"BreadcrumbList","@id":"https:\/\/www.musikzeitung.ch\/basis\/sonart#breadcrumb","itemListElement":[{"@type":"ListItem","position":1,"name":"Home","item":"https:\/\/www.musikzeitung.ch\/"},{"@type":"ListItem","position":2,"name":"Basis","item":"https:\/\/www.musikzeitung.ch\/basis"},{"@type":"ListItem","position":3,"name":"SONART"}]},{"@type":"WebSite","@id":"https:\/\/www.musikzeitung.ch\/#website","url":"https:\/\/www.musikzeitung.ch\/","name":"Giornale musicale svizzero","description":"Il principale mensile interdisciplinare della Svizzera per le questioni musicali.","publisher":{"@id":"https:\/\/www.musikzeitung.ch\/#organization"},"potentialAction":[{"@type":"SearchAction","target":{"@type":"EntryPoint","urlTemplate":"https:\/\/www.musikzeitung.ch\/?s={search_term_string}"},"query-input":{"@type":"PropertyValueSpecification","valueRequired":true,"valueName":"search_term_string"}}],"inLanguage":"it-IT"},{"@type":"Organization","@id":"https:\/\/www.musikzeitung.ch\/#organization","name":"Giornale musicale svizzero","url":"https:\/\/www.musikzeitung.ch\/","logo":{"@type":"ImageObject","inLanguage":"it-IT","@id":"https:\/\/www.musikzeitung.ch\/#\/schema\/logo\/image\/","url":"https:\/\/www.musikzeitung.ch\/wp-content\/uploads\/2023\/01\/SMZ_Schriftzug_Sprache.png","contentUrl":"https:\/\/www.musikzeitung.ch\/wp-content\/uploads\/2023\/01\/SMZ_Schriftzug_Sprache.png","width":1400,"height":279,"caption":"Schweizer Musikzeitung"},"image":{"@id":"https:\/\/www.musikzeitung.ch\/#\/schema\/logo\/image\/"},"sameAs":["https:\/\/www.facebook.com\/SchweizerMusikzeitung\/","https:\/\/x.com\/smusikzeitung","https:\/\/www.instagram.com\/musikzeitung.ch\/"]}]}},"publishpress_future_workflow_manual_trigger":{"enabledWorkflows":[]},"_links":{"self":[{"href":"https:\/\/www.musikzeitung.ch\/it\/wp-json\/wp\/v2\/pages\/9329","targetHints":{"allow":["GET"]}}],"collection":[{"href":"https:\/\/www.musikzeitung.ch\/it\/wp-json\/wp\/v2\/pages"}],"about":[{"href":"https:\/\/www.musikzeitung.ch\/it\/wp-json\/wp\/v2\/types\/page"}],"author":[{"embeddable":true,"href":"https:\/\/www.musikzeitung.ch\/it\/wp-json\/wp\/v2\/users\/43689"}],"replies":[{"embeddable":true,"href":"https:\/\/www.musikzeitung.ch\/it\/wp-json\/wp\/v2\/comments?post=9329"}],"version-history":[{"count":12,"href":"https:\/\/www.musikzeitung.ch\/it\/wp-json\/wp\/v2\/pages\/9329\/revisions"}],"predecessor-version":[{"id":72245,"href":"https:\/\/www.musikzeitung.ch\/it\/wp-json\/wp\/v2\/pages\/9329\/revisions\/72245"}],"up":[{"embeddable":true,"href":"https:\/\/www.musikzeitung.ch\/it\/wp-json\/wp\/v2\/pages\/230"}],"wp:featuredmedia":[{"embeddable":true,"href":"https:\/\/www.musikzeitung.ch\/it\/wp-json\/wp\/v2\/media\/9346"}],"wp:attachment":[{"href":"https:\/\/www.musikzeitung.ch\/it\/wp-json\/wp\/v2\/media?parent=9329"}],"curies":[{"name":"wp","href":"https:\/\/api.w.org\/{rel}","templated":true}]}}